{"id":838,"date":"2025-04-10T08:49:50","date_gmt":"2025-04-10T08:49:50","guid":{"rendered":"https:\/\/anteriores.premiosdelaindustria.es\/2025\/?page_id=838"},"modified":"2025-04-10T08:50:47","modified_gmt":"2025-04-10T08:50:47","slug":"francisco-arranz-guinea","status":"publish","type":"page","link":"https:\/\/anteriores.premiosdelaindustria.es\/2025\/jurado\/francisco-arranz-guinea\/","title":{"rendered":"Francisco Arranz Guinea"},"content":{"rendered":"\t\t<div data-elementor-type=\"wp-page\" data-elementor-id=\"838\" class=\"elementor elementor-838\" data-elementor-post-type=\"page\">\n\t\t\t\t<div class=\"elementor-element elementor-element-38f5eb5 e-flex e-con-boxed e-con e-parent\" data-id=\"38f5eb5\" data-element_type=\"container\" data-settings=\"{&quot;background_background&quot;:&quot;gradient&quot;}\">\n\t\t\t\t\t<div class=\"e-con-inner\">\n\t\t<div class=\"elementor-element elementor-element-4f234303 e-con-full e-flex e-con e-child\" data-id=\"4f234303\" data-element_type=\"container\">\n\t\t\t\t<div class=\"elementor-element elementor-element-6a5a0b7b elementor-invisible elementor-widget elementor-widget-heading\" data-id=\"6a5a0b7b\" data-element_type=\"widget\" data-settings=\"{&quot;_animation&quot;:&quot;fadeInUp&quot;,&quot;_animation_delay&quot;:200}\" data-widget_type=\"heading.default\">\n\t\t\t\t<div class=\"elementor-widget-container\">\n\t\t\t\t\t<h1 class=\"elementor-heading-title elementor-size-default\">Francisco Arranz Guinea<\/h1>\t\t\t\t<\/div>\n\t\t\t\t<\/div>\n\t\t\t\t<div class=\"elementor-element elementor-element-a7550c1 elementor-align-center elementor-widget elementor-widget-button\" data-id=\"a7550c1\" data-element_type=\"widget\" data-widget_type=\"button.default\">\n\t\t\t\t<div class=\"elementor-widget-container\">\n\t\t\t\t\t\t\t\t\t<div class=\"elementor-button-wrapper\">\n\t\t\t\t\t<a class=\"elementor-button elementor-button-link elementor-size-sm\" href=\"https:\/\/anteriores.premiosdelaindustria.es\/2025\/#02\">\n\t\t\t\t\t\t<span class=\"elementor-button-content-wrapper\">\n\t\t\t\t\t\t\t\t\t<span class=\"elementor-button-text\">Volver al jurado<\/span>\n\t\t\t\t\t<\/span>\n\t\t\t\t\t<\/a>\n\t\t\t\t<\/div>\n\t\t\t\t\t\t\t\t<\/div>\n\t\t\t\t<\/div>\n\t\t\t\t<\/div>\n\t\t\t\t\t<\/div>\n\t\t\t\t<\/div>\n\t\t<div class=\"elementor-element elementor-element-e511d49 e-flex e-con-boxed e-con e-parent\" data-id=\"e511d49\" data-element_type=\"container\">\n\t\t\t\t\t<div class=\"e-con-inner\">\n\t\t<div class=\"elementor-element elementor-element-337eef3 e-con-full e-flex e-con e-child\" data-id=\"337eef3\" data-element_type=\"container\">\n\t\t\t\t<div class=\"elementor-element elementor-element-c90ffbb elementor-widget elementor-widget-image\" data-id=\"c90ffbb\" data-element_type=\"widget\" data-widget_type=\"image.default\">\n\t\t\t\t<div class=\"elementor-widget-container\">\n\t\t\t\t\t\t\t\t\t\t\t\t\t\t\t<img fetchpriority=\"high\" decoding=\"async\" width=\"399\" height=\"510\" src=\"https:\/\/anteriores.premiosdelaindustria.es\/2025\/wp-content\/uploads\/FranArranz.jpg\" class=\"attachment-full size-full wp-image-840\" alt=\"\" \/>\t\t\t\t\t\t\t\t\t\t\t\t\t\t\t<\/div>\n\t\t\t\t<\/div>\n\t\t\t\t<\/div>\n\t\t<div class=\"elementor-element elementor-element-9f7fea5 e-con-full e-flex e-con e-child\" data-id=\"9f7fea5\" data-element_type=\"container\">\n\t\t\t\t<div class=\"elementor-element elementor-element-1d55a64 elementor-widget elementor-widget-text-editor\" data-id=\"1d55a64\" data-element_type=\"widget\" data-widget_type=\"text-editor.default\">\n\t\t\t\t<div class=\"elementor-widget-container\">\n\t\t\t\t\t\t\t\t\t<p>Director de Recursos Humanos Europa y Director Global de Relaciones Laborales en Horse Powertrain.<\/p><p>Su trayectoria profesional comienza en 2002 con el ejercicio profesional de la abogac\u00eda tanto en el Bufete Nogu\u00e9s de Valladolid como posteriormente en un despacho propio. En 2006 se incorpora a Grupo Norte en el \u00e1rea Jur\u00eddica y de Relaciones Laborales, dependiendo de la Direcci\u00f3n de RR. HH. y siendo el responsable jur\u00eddico de la divisi\u00f3n de limpieza. En 2008 se une a Renault Espa\u00f1a, como Responsable de Relaciones Sindicales, hasta 2013 que es nombrado Responsable de RR. HH. de la Factor\u00eda de Sevilla. En 2017 es nombrado Responsable de RR. HH. y Comunicaci\u00f3n de la Factor\u00eda Renault de Palencia. Permanece en ese puesto hasta mediados de 2020, en el que pasa a ser Responsable de Relaciones Laborales de Renault Espa\u00f1a.<\/p><p>En 2023 pasa a HORSE como Director de RR. HH. para Iberia (Espa\u00f1a y Portugal), cargo que mantiene hasta noviembre de 2024, en el que toma la responsabilidad de los RR. HH. Europa para Horse (Espa\u00f1a, Portugal, Turqu\u00eda y Ruman\u00eda), asumiendo tambi\u00e9n la Direcci\u00f3n de las Relaciones Laborales globales de Horse, no solo para Europa sino tambi\u00e9n para Latinoam\u00e9rica (Brasil, Chile y Argentina).<\/p><p>Es Licenciado en Derecho por la Universidad de Valladolid y M\u00e1ster en Sistemas Integrados de Gesti\u00f3n.<\/p>\t\t\t\t\t\t\t\t<\/div>\n\t\t\t\t<\/div>\n\t\t\t\t<\/div>\n\t\t\t\t\t<\/div>\n\t\t\t\t<\/div>\n\t\t\t\t<\/div>\n\t\t","protected":false},"excerpt":{"rendered":"<p>Volver al jurado Director de Recursos Humanos Europa y Director Global de Relaciones Laborales en Horse Powertrain. Su trayectoria profesional comienza en 2002 con el ejercicio profesional de la abogac\u00eda tanto en el Bufete Nogu\u00e9s de Valladolid como posteriormente en un despacho propio. En 2006 se incorpora a Grupo Norte en el \u00e1rea Jur\u00eddica y [&hellip;]<\/p>\n","protected":false},"author":1,"featured_media":0,"parent":327,"menu_order":0,"comment_status":"closed","ping_status":"closed","template":"","meta":{"footnotes":""},"class_list":["post-838","page","type-page","status-publish","hentry"],"yoast_head":"<!-- This site is optimized with the Yoast SEO plugin v24.9 - https:\/\/yoast.com\/wordpress\/plugins\/seo\/ -->\n<title>Francisco Arranz Guinea - Premios de la Industria en Espa\u00f1a<\/title>\n<meta name=\"robots\" content=\"index, follow, max-snippet:-1, max-image-preview:large, max-video-preview:-1\" \/>\n<link rel=\"canonical\" href=\"https:\/\/anteriores.premiosdelaindustria.es\/2025\/jurado\/francisco-arranz-guinea\/\" \/>\n<meta property=\"og:locale\" content=\"es_ES\" \/>\n<meta property=\"og:type\" content=\"article\" \/>\n<meta property=\"og:title\" content=\"Francisco Arranz Guinea - Premios de la Industria en Espa\u00f1a\" \/>\n<meta property=\"og:description\" content=\"Volver al jurado Director de Recursos Humanos Europa y Director Global de Relaciones Laborales en Horse Powertrain. Su trayectoria profesional comienza en 2002 con el ejercicio profesional de la abogac\u00eda tanto en el Bufete Nogu\u00e9s de Valladolid como posteriormente en un despacho propio. En 2006 se incorpora a Grupo Norte en el \u00e1rea Jur\u00eddica y [&hellip;]\" \/>\n<meta property=\"og:url\" content=\"https:\/\/anteriores.premiosdelaindustria.es\/2025\/jurado\/francisco-arranz-guinea\/\" \/>\n<meta property=\"og:site_name\" content=\"Premios de la Industria en Espa\u00f1a\" \/>\n<meta property=\"article:modified_time\" content=\"2025-04-10T08:50:47+00:00\" \/>\n<meta property=\"og:image\" content=\"https:\/\/anteriores.premiosdelaindustria.es\/2025\/wp-content\/uploads\/FranArranz.jpg\" \/>\n\t<meta property=\"og:image:width\" content=\"399\" \/>\n\t<meta property=\"og:image:height\" content=\"510\" \/>\n\t<meta property=\"og:image:type\" content=\"image\/jpeg\" \/>\n<meta name=\"twitter:card\" content=\"summary_large_image\" \/>\n<meta name=\"twitter:label1\" content=\"Tiempo de lectura\" \/>\n\t<meta name=\"twitter:data1\" content=\"1 minuto\" \/>\n<script type=\"application\/ld+json\" class=\"yoast-schema-graph\">{\"@context\":\"https:\/\/schema.org\",\"@graph\":[{\"@type\":\"WebPage\",\"@id\":\"https:\/\/anteriores.premiosdelaindustria.es\/2025\/jurado\/francisco-arranz-guinea\/\",\"url\":\"https:\/\/anteriores.premiosdelaindustria.es\/2025\/jurado\/francisco-arranz-guinea\/\",\"name\":\"Francisco Arranz Guinea - Premios de la Industria en Espa\u00f1a\",\"isPartOf\":{\"@id\":\"https:\/\/anteriores.premiosdelaindustria.es\/2025\/#website\"},\"primaryImageOfPage\":{\"@id\":\"https:\/\/anteriores.premiosdelaindustria.es\/2025\/jurado\/francisco-arranz-guinea\/#primaryimage\"},\"image\":{\"@id\":\"https:\/\/anteriores.premiosdelaindustria.es\/2025\/jurado\/francisco-arranz-guinea\/#primaryimage\"},\"thumbnailUrl\":\"https:\/\/anteriores.premiosdelaindustria.es\/2025\/wp-content\/uploads\/FranArranz.jpg\",\"datePublished\":\"2025-04-10T08:49:50+00:00\",\"dateModified\":\"2025-04-10T08:50:47+00:00\",\"breadcrumb\":{\"@id\":\"https:\/\/anteriores.premiosdelaindustria.es\/2025\/jurado\/francisco-arranz-guinea\/#breadcrumb\"},\"inLanguage\":\"es\",\"potentialAction\":[{\"@type\":\"ReadAction\",\"target\":[\"https:\/\/anteriores.premiosdelaindustria.es\/2025\/jurado\/francisco-arranz-guinea\/\"]}]},{\"@type\":\"ImageObject\",\"inLanguage\":\"es\",\"@id\":\"https:\/\/anteriores.premiosdelaindustria.es\/2025\/jurado\/francisco-arranz-guinea\/#primaryimage\",\"url\":\"https:\/\/anteriores.premiosdelaindustria.es\/2025\/wp-content\/uploads\/FranArranz.jpg\",\"contentUrl\":\"https:\/\/anteriores.premiosdelaindustria.es\/2025\/wp-content\/uploads\/FranArranz.jpg\",\"width\":399,\"height\":510},{\"@type\":\"BreadcrumbList\",\"@id\":\"https:\/\/anteriores.premiosdelaindustria.es\/2025\/jurado\/francisco-arranz-guinea\/#breadcrumb\",\"itemListElement\":[{\"@type\":\"ListItem\",\"position\":1,\"name\":\"Portada\",\"item\":\"https:\/\/anteriores.premiosdelaindustria.es\/2025\/\"},{\"@type\":\"ListItem\",\"position\":2,\"name\":\"Jurado\",\"item\":\"https:\/\/anteriores.premiosdelaindustria.es\/2025\/jurado\/\"},{\"@type\":\"ListItem\",\"position\":3,\"name\":\"Francisco Arranz Guinea\"}]},{\"@type\":\"WebSite\",\"@id\":\"https:\/\/anteriores.premiosdelaindustria.es\/2025\/#website\",\"url\":\"https:\/\/anteriores.premiosdelaindustria.es\/2025\/\",\"name\":\"Premios de la Industria en Espa\u00f1a\",\"description\":\"Desde 2017 se promueven los Premios de la Industria en Espa&ntilde;a, que tratan de dar visibilidad a todas aquellas personas, f&iacute;sicas o jur&iacute;dicas, que en las diferentes categor&iacute;as que se detallar&aacute;n a continuaci&oacute;n, han destacado por su aportaci&oacute;n. Creemos que es muy importante la difusi&oacute;n y el reconocimiento del aporte de la industria y sus beneficios para las personas. Lo mismo sucede con el aporte de la industria moderna para la sociedad y el entorno.\",\"publisher\":{\"@id\":\"https:\/\/anteriores.premiosdelaindustria.es\/2025\/#organization\"},\"potentialAction\":[{\"@type\":\"SearchAction\",\"target\":{\"@type\":\"EntryPoint\",\"urlTemplate\":\"https:\/\/anteriores.premiosdelaindustria.es\/2025\/?s={search_term_string}\"},\"query-input\":{\"@type\":\"PropertyValueSpecification\",\"valueRequired\":true,\"valueName\":\"search_term_string\"}}],\"inLanguage\":\"es\"},{\"@type\":\"Organization\",\"@id\":\"https:\/\/anteriores.premiosdelaindustria.es\/2025\/#organization\",\"name\":\"Premios de la Industria en Espa\u00f1a\",\"url\":\"https:\/\/anteriores.premiosdelaindustria.es\/2025\/\",\"logo\":{\"@type\":\"ImageObject\",\"inLanguage\":\"es\",\"@id\":\"https:\/\/anteriores.premiosdelaindustria.es\/2025\/#\/schema\/logo\/image\/\",\"url\":\"https:\/\/anteriores.premiosdelaindustria.es\/2025\/wp-content\/uploads\/logotipo-premios-blanco.png\",\"contentUrl\":\"https:\/\/anteriores.premiosdelaindustria.es\/2025\/wp-content\/uploads\/logotipo-premios-blanco.png\",\"width\":687,\"height\":216,\"caption\":\"Premios de la Industria en Espa\u00f1a\"},\"image\":{\"@id\":\"https:\/\/anteriores.premiosdelaindustria.es\/2025\/#\/schema\/logo\/image\/\"}}]}<\/script>\n<!-- \/ Yoast SEO plugin. -->","yoast_head_json":{"title":"Francisco Arranz Guinea - Premios de la Industria en Espa\u00f1a","robots":{"index":"index","follow":"follow","max-snippet":"max-snippet:-1","max-image-preview":"max-image-preview:large","max-video-preview":"max-video-preview:-1"},"canonical":"https:\/\/anteriores.premiosdelaindustria.es\/2025\/jurado\/francisco-arranz-guinea\/","og_locale":"es_ES","og_type":"article","og_title":"Francisco Arranz Guinea - Premios de la Industria en Espa\u00f1a","og_description":"Volver al jurado Director de Recursos Humanos Europa y Director Global de Relaciones Laborales en Horse Powertrain. Su trayectoria profesional comienza en 2002 con el ejercicio profesional de la abogac\u00eda tanto en el Bufete Nogu\u00e9s de Valladolid como posteriormente en un despacho propio. En 2006 se incorpora a Grupo Norte en el \u00e1rea Jur\u00eddica y [&hellip;]","og_url":"https:\/\/anteriores.premiosdelaindustria.es\/2025\/jurado\/francisco-arranz-guinea\/","og_site_name":"Premios de la Industria en Espa\u00f1a","article_modified_time":"2025-04-10T08:50:47+00:00","og_image":[{"width":399,"height":510,"url":"https:\/\/anteriores.premiosdelaindustria.es\/2025\/wp-content\/uploads\/FranArranz.jpg","type":"image\/jpeg"}],"twitter_card":"summary_large_image","twitter_misc":{"Tiempo de lectura":"1 minuto"},"schema":{"@context":"https:\/\/schema.org","@graph":[{"@type":"WebPage","@id":"https:\/\/anteriores.premiosdelaindustria.es\/2025\/jurado\/francisco-arranz-guinea\/","url":"https:\/\/anteriores.premiosdelaindustria.es\/2025\/jurado\/francisco-arranz-guinea\/","name":"Francisco Arranz Guinea - Premios de la Industria en Espa\u00f1a","isPartOf":{"@id":"https:\/\/anteriores.premiosdelaindustria.es\/2025\/#website"},"primaryImageOfPage":{"@id":"https:\/\/anteriores.premiosdelaindustria.es\/2025\/jurado\/francisco-arranz-guinea\/#primaryimage"},"image":{"@id":"https:\/\/anteriores.premiosdelaindustria.es\/2025\/jurado\/francisco-arranz-guinea\/#primaryimage"},"thumbnailUrl":"https:\/\/anteriores.premiosdelaindustria.es\/2025\/wp-content\/uploads\/FranArranz.jpg","datePublished":"2025-04-10T08:49:50+00:00","dateModified":"2025-04-10T08:50:47+00:00","breadcrumb":{"@id":"https:\/\/anteriores.premiosdelaindustria.es\/2025\/jurado\/francisco-arranz-guinea\/#breadcrumb"},"inLanguage":"es","potentialAction":[{"@type":"ReadAction","target":["https:\/\/anteriores.premiosdelaindustria.es\/2025\/jurado\/francisco-arranz-guinea\/"]}]},{"@type":"ImageObject","inLanguage":"es","@id":"https:\/\/anteriores.premiosdelaindustria.es\/2025\/jurado\/francisco-arranz-guinea\/#primaryimage","url":"https:\/\/anteriores.premiosdelaindustria.es\/2025\/wp-content\/uploads\/FranArranz.jpg","contentUrl":"https:\/\/anteriores.premiosdelaindustria.es\/2025\/wp-content\/uploads\/FranArranz.jpg","width":399,"height":510},{"@type":"BreadcrumbList","@id":"https:\/\/anteriores.premiosdelaindustria.es\/2025\/jurado\/francisco-arranz-guinea\/#breadcrumb","itemListElement":[{"@type":"ListItem","position":1,"name":"Portada","item":"https:\/\/anteriores.premiosdelaindustria.es\/2025\/"},{"@type":"ListItem","position":2,"name":"Jurado","item":"https:\/\/anteriores.premiosdelaindustria.es\/2025\/jurado\/"},{"@type":"ListItem","position":3,"name":"Francisco Arranz Guinea"}]},{"@type":"WebSite","@id":"https:\/\/anteriores.premiosdelaindustria.es\/2025\/#website","url":"https:\/\/anteriores.premiosdelaindustria.es\/2025\/","name":"Premios de la Industria en Espa\u00f1a","description":"Desde 2017 se promueven los Premios de la Industria en Espa&ntilde;a, que tratan de dar visibilidad a todas aquellas personas, f&iacute;sicas o jur&iacute;dicas, que en las diferentes categor&iacute;as que se detallar&aacute;n a continuaci&oacute;n, han destacado por su aportaci&oacute;n. Creemos que es muy importante la difusi&oacute;n y el reconocimiento del aporte de la industria y sus beneficios para las personas. Lo mismo sucede con el aporte de la industria moderna para la sociedad y el entorno.","publisher":{"@id":"https:\/\/anteriores.premiosdelaindustria.es\/2025\/#organization"},"potentialAction":[{"@type":"SearchAction","target":{"@type":"EntryPoint","urlTemplate":"https:\/\/anteriores.premiosdelaindustria.es\/2025\/?s={search_term_string}"},"query-input":{"@type":"PropertyValueSpecification","valueRequired":true,"valueName":"search_term_string"}}],"inLanguage":"es"},{"@type":"Organization","@id":"https:\/\/anteriores.premiosdelaindustria.es\/2025\/#organization","name":"Premios de la Industria en Espa\u00f1a","url":"https:\/\/anteriores.premiosdelaindustria.es\/2025\/","logo":{"@type":"ImageObject","inLanguage":"es","@id":"https:\/\/anteriores.premiosdelaindustria.es\/2025\/#\/schema\/logo\/image\/","url":"https:\/\/anteriores.premiosdelaindustria.es\/2025\/wp-content\/uploads\/logotipo-premios-blanco.png","contentUrl":"https:\/\/anteriores.premiosdelaindustria.es\/2025\/wp-content\/uploads\/logotipo-premios-blanco.png","width":687,"height":216,"caption":"Premios de la Industria en Espa\u00f1a"},"image":{"@id":"https:\/\/anteriores.premiosdelaindustria.es\/2025\/#\/schema\/logo\/image\/"}}]}},"_links":{"self":[{"href":"https:\/\/anteriores.premiosdelaindustria.es\/2025\/wp-json\/wp\/v2\/pages\/838","targetHints":{"allow":["GET"]}}],"collection":[{"href":"https:\/\/anteriores.premiosdelaindustria.es\/2025\/wp-json\/wp\/v2\/pages"}],"about":[{"href":"https:\/\/anteriores.premiosdelaindustria.es\/2025\/wp-json\/wp\/v2\/types\/page"}],"author":[{"embeddable":true,"href":"https:\/\/anteriores.premiosdelaindustria.es\/2025\/wp-json\/wp\/v2\/users\/1"}],"replies":[{"embeddable":true,"href":"https:\/\/anteriores.premiosdelaindustria.es\/2025\/wp-json\/wp\/v2\/comments?post=838"}],"version-history":[{"count":4,"href":"https:\/\/anteriores.premiosdelaindustria.es\/2025\/wp-json\/wp\/v2\/pages\/838\/revisions"}],"predecessor-version":[{"id":843,"href":"https:\/\/anteriores.premiosdelaindustria.es\/2025\/wp-json\/wp\/v2\/pages\/838\/revisions\/843"}],"up":[{"embeddable":true,"href":"https:\/\/anteriores.premiosdelaindustria.es\/2025\/wp-json\/wp\/v2\/pages\/327"}],"wp:attachment":[{"href":"https:\/\/anteriores.premiosdelaindustria.es\/2025\/wp-json\/wp\/v2\/media?parent=838"}],"curies":[{"name":"wp","href":"https:\/\/api.w.org\/{rel}","templated":true}]}}