{"id":449,"date":"2025-03-25T09:51:59","date_gmt":"2025-03-25T09:51:59","guid":{"rendered":"https:\/\/anteriores.premiosdelaindustria.es\/2025\/?page_id=449"},"modified":"2025-03-28T11:33:12","modified_gmt":"2025-03-28T11:33:12","slug":"javier-escribano-cordoves","status":"publish","type":"page","link":"https:\/\/anteriores.premiosdelaindustria.es\/2025\/jurado\/javier-escribano-cordoves\/","title":{"rendered":"Javier Escribano Cordov\u00e9s"},"content":{"rendered":"\t\t<div data-elementor-type=\"wp-page\" data-elementor-id=\"449\" class=\"elementor elementor-449\" data-elementor-post-type=\"page\">\n\t\t\t\t<div class=\"elementor-element elementor-element-38f5eb5 e-flex e-con-boxed e-con e-parent\" data-id=\"38f5eb5\" data-element_type=\"container\" data-settings=\"{&quot;background_background&quot;:&quot;gradient&quot;}\">\n\t\t\t\t\t<div class=\"e-con-inner\">\n\t\t<div class=\"elementor-element elementor-element-4f234303 e-con-full e-flex e-con e-child\" data-id=\"4f234303\" data-element_type=\"container\">\n\t\t\t\t<div class=\"elementor-element elementor-element-6a5a0b7b elementor-invisible elementor-widget elementor-widget-heading\" data-id=\"6a5a0b7b\" data-element_type=\"widget\" data-settings=\"{&quot;_animation&quot;:&quot;fadeInUp&quot;,&quot;_animation_delay&quot;:200}\" data-widget_type=\"heading.default\">\n\t\t\t\t<div class=\"elementor-widget-container\">\n\t\t\t\t\t<h1 class=\"elementor-heading-title elementor-size-default\">Javier Escribano Cordov\u00e9s<\/h1>\t\t\t\t<\/div>\n\t\t\t\t<\/div>\n\t\t\t\t<div class=\"elementor-element elementor-element-a7550c1 elementor-align-center elementor-widget elementor-widget-button\" data-id=\"a7550c1\" data-element_type=\"widget\" data-widget_type=\"button.default\">\n\t\t\t\t<div class=\"elementor-widget-container\">\n\t\t\t\t\t\t\t\t\t<div class=\"elementor-button-wrapper\">\n\t\t\t\t\t<a class=\"elementor-button elementor-button-link elementor-size-sm\" href=\"https:\/\/anteriores.premiosdelaindustria.es\/2025\/#02\">\n\t\t\t\t\t\t<span class=\"elementor-button-content-wrapper\">\n\t\t\t\t\t\t\t\t\t<span class=\"elementor-button-text\">Volver al jurado<\/span>\n\t\t\t\t\t<\/span>\n\t\t\t\t\t<\/a>\n\t\t\t\t<\/div>\n\t\t\t\t\t\t\t\t<\/div>\n\t\t\t\t<\/div>\n\t\t\t\t<\/div>\n\t\t\t\t\t<\/div>\n\t\t\t\t<\/div>\n\t\t<div class=\"elementor-element elementor-element-e511d49 e-flex e-con-boxed e-con e-parent\" data-id=\"e511d49\" data-element_type=\"container\">\n\t\t\t\t\t<div class=\"e-con-inner\">\n\t\t<div class=\"elementor-element elementor-element-337eef3 e-con-full e-flex e-con e-child\" data-id=\"337eef3\" data-element_type=\"container\">\n\t\t\t\t<div class=\"elementor-element elementor-element-c90ffbb elementor-widget elementor-widget-image\" data-id=\"c90ffbb\" data-element_type=\"widget\" data-widget_type=\"image.default\">\n\t\t\t\t<div class=\"elementor-widget-container\">\n\t\t\t\t\t\t\t\t\t\t\t\t\t\t\t<img fetchpriority=\"high\" decoding=\"async\" width=\"399\" height=\"510\" src=\"https:\/\/anteriores.premiosdelaindustria.es\/2025\/wp-content\/uploads\/7-1.png\" class=\"attachment-full size-full wp-image-239\" alt=\"\" \/>\t\t\t\t\t\t\t\t\t\t\t\t\t\t\t<\/div>\n\t\t\t\t<\/div>\n\t\t\t\t<\/div>\n\t\t<div class=\"elementor-element elementor-element-9f7fea5 e-con-full e-flex e-con e-child\" data-id=\"9f7fea5\" data-element_type=\"container\">\n\t\t\t\t<div class=\"elementor-element elementor-element-1d55a64 elementor-widget elementor-widget-text-editor\" data-id=\"1d55a64\" data-element_type=\"widget\" data-widget_type=\"text-editor.default\">\n\t\t\t\t<div class=\"elementor-widget-container\">\n\t\t\t\t\t\t\t\t\t<div id=\"lipsum\">\n<div class=\"elementor-element elementor-element-7faf99d elementor-widget__width-initial ob-harakiri-inherit ob-has-background-overlay elementor-widget elementor-widget-text-editor ob-harakiri\" data-id=\"7faf99d\" data-element_type=\"widget\" data-settings=\"{&quot;_ob_use_harakiri&quot;:&quot;yes&quot;,&quot;_ob_harakiri_writing_mode&quot;:&quot;inherit&quot;,&quot;_ob_postman_use&quot;:&quot;no&quot;,&quot;_ob_perspektive_use&quot;:&quot;no&quot;,&quot;_ob_poopart_use&quot;:&quot;yes&quot;,&quot;_ob_shadough_use&quot;:&quot;no&quot;,&quot;_ob_allow_hoveranimator&quot;:&quot;no&quot;,&quot;_ob_widget_stalker_use&quot;:&quot;no&quot;}\" data-widget_type=\"text-editor.default\">\n<div class=\"elementor-widget-container\">\n<div class=\"elementor-element elementor-element-2c9e62c5 ob-harakiri-inherit ob-has-background-overlay elementor-widget elementor-widget-text-editor ob-harakiri\" data-id=\"2c9e62c5\" data-element_type=\"widget\" data-settings=\"{&quot;_ob_use_harakiri&quot;:&quot;yes&quot;,&quot;_ob_harakiri_writing_mode&quot;:&quot;inherit&quot;,&quot;_ob_postman_use&quot;:&quot;no&quot;,&quot;_ob_perspektive_use&quot;:&quot;no&quot;,&quot;_ob_poopart_use&quot;:&quot;yes&quot;,&quot;_ob_shadough_use&quot;:&quot;no&quot;,&quot;_ob_allow_hoveranimator&quot;:&quot;no&quot;,&quot;_ob_widget_stalker_use&quot;:&quot;no&quot;}\" data-widget_type=\"text-editor.default\">\n<div class=\"elementor-widget-container\">\n<div class=\"elementor-element elementor-element-bcfd24e ob-harakiri-inherit ob-has-background-overlay elementor-widget elementor-widget-text-editor ob-harakiri\" data-id=\"bcfd24e\" data-element_type=\"widget\" data-settings=\"{&quot;_ob_use_harakiri&quot;:&quot;yes&quot;,&quot;_ob_harakiri_writing_mode&quot;:&quot;inherit&quot;,&quot;_ob_postman_use&quot;:&quot;no&quot;,&quot;_ob_perspektive_use&quot;:&quot;no&quot;,&quot;_ob_poopart_use&quot;:&quot;yes&quot;,&quot;_ob_shadough_use&quot;:&quot;no&quot;,&quot;_ob_allow_hoveranimator&quot;:&quot;no&quot;,&quot;_ob_widget_stalker_use&quot;:&quot;no&quot;}\" data-widget_type=\"text-editor.default\">\n<div class=\"elementor-widget-container\">\n<div class=\"elementor-element elementor-element-4bccd458 ob-harakiri-inherit ob-has-background-overlay elementor-widget elementor-widget-text-editor ob-harakiri\" data-id=\"4bccd458\" data-element_type=\"widget\" data-settings=\"{&quot;_ob_use_harakiri&quot;:&quot;yes&quot;,&quot;_ob_harakiri_writing_mode&quot;:&quot;inherit&quot;,&quot;_ob_postman_use&quot;:&quot;no&quot;,&quot;_ob_perspektive_use&quot;:&quot;no&quot;,&quot;_ob_poopart_use&quot;:&quot;yes&quot;,&quot;_ob_shadough_use&quot;:&quot;no&quot;,&quot;_ob_allow_hoveranimator&quot;:&quot;no&quot;,&quot;_ob_widget_stalker_use&quot;:&quot;no&quot;}\" data-widget_type=\"text-editor.default\">\n<div class=\"elementor-widget-container\">\n<p>ES DIRECTOR GENERAL DE FUNDACI\u00d3N TECNOVITAE<\/p>\n<\/div>\n<\/div>\n<div class=\"elementor-element elementor-element-419a199d elementor-widget__width-initial ob-harakiri-inherit ob-has-background-overlay elementor-widget elementor-widget-text-editor ob-harakiri\" data-id=\"419a199d\" data-element_type=\"widget\" data-settings=\"{&quot;_ob_use_harakiri&quot;:&quot;yes&quot;,&quot;_ob_harakiri_writing_mode&quot;:&quot;inherit&quot;,&quot;_ob_postman_use&quot;:&quot;no&quot;,&quot;_ob_perspektive_use&quot;:&quot;no&quot;,&quot;_ob_poopart_use&quot;:&quot;yes&quot;,&quot;_ob_shadough_use&quot;:&quot;no&quot;,&quot;_ob_allow_hoveranimator&quot;:&quot;no&quot;,&quot;_ob_widget_stalker_use&quot;:&quot;no&quot;}\" data-widget_type=\"text-editor.default\">\n<div class=\"elementor-widget-container\">\n<p class=\"p1\">Actualmente es Director General de la Fundaci\u00f3n TecnoVitae y Director Ejecutivo de ingenierosVA, el Colegio de Graduados e Ingenieros T\u00e9cnicos Industriales de Valladolid. En su carrera profesional ha ocupado diferentes posiciones directivas, como: Director General de la C\u00e1mara de Comercio e Industria de Valladolid; Director de Medios, BPO (Business Process Outsourcing) e Innovaci\u00f3n de Qipert, sociedad que presta servicios de externalizaci\u00f3n de procesos de negocio para el mundo financiero y asegurador en varios pa\u00edses; o Director de Desarrollo de Negocio y Estrategia de Retecal Interactiva, spin-off de Retecal (Sociedad Operadora de Telecomunicaciones por fibra \u00f3ptica). Durante 11 a\u00f1os fue parte del comit\u00e9 de direcci\u00f3n de El Norte de Castilla (diario decano de la prensa espa\u00f1ola) siendo all\u00ed su \u00faltima responsabilidad la Direcci\u00f3n de Innovaci\u00f3n, Operaciones y Desarrollo de Negocio Digital, desde donde impuls\u00f3 la difusi\u00f3n de la Transformaci\u00f3n Digital en Castilla y Le\u00f3n. Fue tambi\u00e9n decano del Colegio Oficial de Graduados e Ingenieros T\u00e9cnicos Industriales de Valladolid.<\/p>\n<\/div>\n<\/div>\n<div class=\"elementor-element elementor-element-6042d6f9 ob-harakiri-inherit ob-has-background-overlay elementor-widget elementor-widget-text-editor ob-harakiri\" data-id=\"6042d6f9\" data-element_type=\"widget\" data-settings=\"{&quot;_ob_use_harakiri&quot;:&quot;yes&quot;,&quot;_ob_harakiri_writing_mode&quot;:&quot;inherit&quot;,&quot;_ob_postman_use&quot;:&quot;no&quot;,&quot;_ob_perspektive_use&quot;:&quot;no&quot;,&quot;_ob_poopart_use&quot;:&quot;yes&quot;,&quot;_ob_shadough_use&quot;:&quot;no&quot;,&quot;_ob_allow_hoveranimator&quot;:&quot;no&quot;,&quot;_ob_widget_stalker_use&quot;:&quot;no&quot;}\" data-widget_type=\"text-editor.default\">\n<div class=\"elementor-widget-container\">\n<p>Es M\u00e1ster Universitario en Direcci\u00f3n y Administraci\u00f3n de Empresas (MBA), Graduado en<br \/>Ingenier\u00eda en Electr\u00f3nica I. y Autom\u00e1tica e Ingeniero T\u00e9cnico Industrial. Certificado<br \/>como Ingeniero Europeo (EUR ING) por la FEANI (Bruselas)<\/p>\n<\/div>\n<\/div>\n<\/div>\n<\/div>\n<\/div>\n<\/div>\n<\/div>\n<\/div>\n<\/div>\t\t\t\t\t\t\t\t<\/div>\n\t\t\t\t<\/div>\n\t\t\t\t<\/div>\n\t\t\t\t\t<\/div>\n\t\t\t\t<\/div>\n\t\t\t\t<\/div>\n\t\t","protected":false},"excerpt":{"rendered":"<p>Volver al jurado ES DIRECTOR GENERAL DE FUNDACI\u00d3N TECNOVITAE Actualmente es Director General de la Fundaci\u00f3n TecnoVitae y Director Ejecutivo de ingenierosVA, el Colegio de Graduados e Ingenieros T\u00e9cnicos Industriales de Valladolid. En su carrera profesional ha ocupado diferentes posiciones directivas, como: Director General de la C\u00e1mara de Comercio e Industria de Valladolid; Director de [&hellip;]<\/p>\n","protected":false},"author":2,"featured_media":0,"parent":327,"menu_order":0,"comment_status":"closed","ping_status":"closed","template":"","meta":{"footnotes":""},"class_list":["post-449","page","type-page","status-publish","hentry"],"yoast_head":"<!-- This site is optimized with the Yoast SEO plugin v24.9 - https:\/\/yoast.com\/wordpress\/plugins\/seo\/ -->\n<title>Javier Escribano Cordov\u00e9s - Premios de la Industria en Espa\u00f1a<\/title>\n<meta name=\"robots\" content=\"index, follow, max-snippet:-1, max-image-preview:large, max-video-preview:-1\" \/>\n<link rel=\"canonical\" href=\"https:\/\/anteriores.premiosdelaindustria.es\/2025\/jurado\/javier-escribano-cordoves\/\" \/>\n<meta property=\"og:locale\" content=\"es_ES\" \/>\n<meta property=\"og:type\" content=\"article\" \/>\n<meta property=\"og:title\" content=\"Javier Escribano Cordov\u00e9s - Premios de la Industria en Espa\u00f1a\" \/>\n<meta property=\"og:description\" content=\"Volver al jurado ES DIRECTOR GENERAL DE FUNDACI\u00d3N TECNOVITAE Actualmente es Director General de la Fundaci\u00f3n TecnoVitae y Director Ejecutivo de ingenierosVA, el Colegio de Graduados e Ingenieros T\u00e9cnicos Industriales de Valladolid. En su carrera profesional ha ocupado diferentes posiciones directivas, como: Director General de la C\u00e1mara de Comercio e Industria de Valladolid; Director de [&hellip;]\" \/>\n<meta property=\"og:url\" content=\"https:\/\/anteriores.premiosdelaindustria.es\/2025\/jurado\/javier-escribano-cordoves\/\" \/>\n<meta property=\"og:site_name\" content=\"Premios de la Industria en Espa\u00f1a\" \/>\n<meta property=\"article:modified_time\" content=\"2025-03-28T11:33:12+00:00\" \/>\n<meta property=\"og:image\" content=\"https:\/\/anteriores.premiosdelaindustria.es\/2025\/wp-content\/uploads\/7-1.png\" \/>\n\t<meta property=\"og:image:width\" content=\"399\" \/>\n\t<meta property=\"og:image:height\" content=\"510\" \/>\n\t<meta property=\"og:image:type\" content=\"image\/png\" \/>\n<meta name=\"twitter:card\" content=\"summary_large_image\" \/>\n<meta name=\"twitter:label1\" content=\"Tiempo de lectura\" \/>\n\t<meta name=\"twitter:data1\" content=\"1 minuto\" \/>\n<script type=\"application\/ld+json\" class=\"yoast-schema-graph\">{\"@context\":\"https:\/\/schema.org\",\"@graph\":[{\"@type\":\"WebPage\",\"@id\":\"https:\/\/anteriores.premiosdelaindustria.es\/2025\/jurado\/javier-escribano-cordoves\/\",\"url\":\"https:\/\/anteriores.premiosdelaindustria.es\/2025\/jurado\/javier-escribano-cordoves\/\",\"name\":\"Javier Escribano Cordov\u00e9s - Premios de la Industria en Espa\u00f1a\",\"isPartOf\":{\"@id\":\"https:\/\/anteriores.premiosdelaindustria.es\/2025\/#website\"},\"primaryImageOfPage\":{\"@id\":\"https:\/\/anteriores.premiosdelaindustria.es\/2025\/jurado\/javier-escribano-cordoves\/#primaryimage\"},\"image\":{\"@id\":\"https:\/\/anteriores.premiosdelaindustria.es\/2025\/jurado\/javier-escribano-cordoves\/#primaryimage\"},\"thumbnailUrl\":\"https:\/\/anteriores.premiosdelaindustria.es\/2025\/wp-content\/uploads\/7-1.png\",\"datePublished\":\"2025-03-25T09:51:59+00:00\",\"dateModified\":\"2025-03-28T11:33:12+00:00\",\"breadcrumb\":{\"@id\":\"https:\/\/anteriores.premiosdelaindustria.es\/2025\/jurado\/javier-escribano-cordoves\/#breadcrumb\"},\"inLanguage\":\"es\",\"potentialAction\":[{\"@type\":\"ReadAction\",\"target\":[\"https:\/\/anteriores.premiosdelaindustria.es\/2025\/jurado\/javier-escribano-cordoves\/\"]}]},{\"@type\":\"ImageObject\",\"inLanguage\":\"es\",\"@id\":\"https:\/\/anteriores.premiosdelaindustria.es\/2025\/jurado\/javier-escribano-cordoves\/#primaryimage\",\"url\":\"https:\/\/anteriores.premiosdelaindustria.es\/2025\/wp-content\/uploads\/7-1.png\",\"contentUrl\":\"https:\/\/anteriores.premiosdelaindustria.es\/2025\/wp-content\/uploads\/7-1.png\",\"width\":399,\"height\":510},{\"@type\":\"BreadcrumbList\",\"@id\":\"https:\/\/anteriores.premiosdelaindustria.es\/2025\/jurado\/javier-escribano-cordoves\/#breadcrumb\",\"itemListElement\":[{\"@type\":\"ListItem\",\"position\":1,\"name\":\"Portada\",\"item\":\"https:\/\/anteriores.premiosdelaindustria.es\/2025\/\"},{\"@type\":\"ListItem\",\"position\":2,\"name\":\"Jurado\",\"item\":\"https:\/\/anteriores.premiosdelaindustria.es\/2025\/jurado\/\"},{\"@type\":\"ListItem\",\"position\":3,\"name\":\"Javier Escribano Cordov\u00e9s\"}]},{\"@type\":\"WebSite\",\"@id\":\"https:\/\/anteriores.premiosdelaindustria.es\/2025\/#website\",\"url\":\"https:\/\/anteriores.premiosdelaindustria.es\/2025\/\",\"name\":\"Premios de la Industria en Espa\u00f1a\",\"description\":\"Desde 2017 se promueven los Premios de la Industria en Espa&ntilde;a, que tratan de dar visibilidad a todas aquellas personas, f&iacute;sicas o jur&iacute;dicas, que en las diferentes categor&iacute;as que se detallar&aacute;n a continuaci&oacute;n, han destacado por su aportaci&oacute;n. Creemos que es muy importante la difusi&oacute;n y el reconocimiento del aporte de la industria y sus beneficios para las personas. Lo mismo sucede con el aporte de la industria moderna para la sociedad y el entorno.\",\"publisher\":{\"@id\":\"https:\/\/anteriores.premiosdelaindustria.es\/2025\/#organization\"},\"potentialAction\":[{\"@type\":\"SearchAction\",\"target\":{\"@type\":\"EntryPoint\",\"urlTemplate\":\"https:\/\/anteriores.premiosdelaindustria.es\/2025\/?s={search_term_string}\"},\"query-input\":{\"@type\":\"PropertyValueSpecification\",\"valueRequired\":true,\"valueName\":\"search_term_string\"}}],\"inLanguage\":\"es\"},{\"@type\":\"Organization\",\"@id\":\"https:\/\/anteriores.premiosdelaindustria.es\/2025\/#organization\",\"name\":\"Premios de la Industria en Espa\u00f1a\",\"url\":\"https:\/\/anteriores.premiosdelaindustria.es\/2025\/\",\"logo\":{\"@type\":\"ImageObject\",\"inLanguage\":\"es\",\"@id\":\"https:\/\/anteriores.premiosdelaindustria.es\/2025\/#\/schema\/logo\/image\/\",\"url\":\"https:\/\/anteriores.premiosdelaindustria.es\/2025\/wp-content\/uploads\/logotipo-premios-blanco.png\",\"contentUrl\":\"https:\/\/anteriores.premiosdelaindustria.es\/2025\/wp-content\/uploads\/logotipo-premios-blanco.png\",\"width\":687,\"height\":216,\"caption\":\"Premios de la Industria en Espa\u00f1a\"},\"image\":{\"@id\":\"https:\/\/anteriores.premiosdelaindustria.es\/2025\/#\/schema\/logo\/image\/\"}}]}<\/script>\n<!-- \/ Yoast SEO plugin. -->","yoast_head_json":{"title":"Javier Escribano Cordov\u00e9s - Premios de la Industria en Espa\u00f1a","robots":{"index":"index","follow":"follow","max-snippet":"max-snippet:-1","max-image-preview":"max-image-preview:large","max-video-preview":"max-video-preview:-1"},"canonical":"https:\/\/anteriores.premiosdelaindustria.es\/2025\/jurado\/javier-escribano-cordoves\/","og_locale":"es_ES","og_type":"article","og_title":"Javier Escribano Cordov\u00e9s - Premios de la Industria en Espa\u00f1a","og_description":"Volver al jurado ES DIRECTOR GENERAL DE FUNDACI\u00d3N TECNOVITAE Actualmente es Director General de la Fundaci\u00f3n TecnoVitae y Director Ejecutivo de ingenierosVA, el Colegio de Graduados e Ingenieros T\u00e9cnicos Industriales de Valladolid. En su carrera profesional ha ocupado diferentes posiciones directivas, como: Director General de la C\u00e1mara de Comercio e Industria de Valladolid; Director de [&hellip;]","og_url":"https:\/\/anteriores.premiosdelaindustria.es\/2025\/jurado\/javier-escribano-cordoves\/","og_site_name":"Premios de la Industria en Espa\u00f1a","article_modified_time":"2025-03-28T11:33:12+00:00","og_image":[{"width":399,"height":510,"url":"https:\/\/anteriores.premiosdelaindustria.es\/2025\/wp-content\/uploads\/7-1.png","type":"image\/png"}],"twitter_card":"summary_large_image","twitter_misc":{"Tiempo de lectura":"1 minuto"},"schema":{"@context":"https:\/\/schema.org","@graph":[{"@type":"WebPage","@id":"https:\/\/anteriores.premiosdelaindustria.es\/2025\/jurado\/javier-escribano-cordoves\/","url":"https:\/\/anteriores.premiosdelaindustria.es\/2025\/jurado\/javier-escribano-cordoves\/","name":"Javier Escribano Cordov\u00e9s - Premios de la Industria en Espa\u00f1a","isPartOf":{"@id":"https:\/\/anteriores.premiosdelaindustria.es\/2025\/#website"},"primaryImageOfPage":{"@id":"https:\/\/anteriores.premiosdelaindustria.es\/2025\/jurado\/javier-escribano-cordoves\/#primaryimage"},"image":{"@id":"https:\/\/anteriores.premiosdelaindustria.es\/2025\/jurado\/javier-escribano-cordoves\/#primaryimage"},"thumbnailUrl":"https:\/\/anteriores.premiosdelaindustria.es\/2025\/wp-content\/uploads\/7-1.png","datePublished":"2025-03-25T09:51:59+00:00","dateModified":"2025-03-28T11:33:12+00:00","breadcrumb":{"@id":"https:\/\/anteriores.premiosdelaindustria.es\/2025\/jurado\/javier-escribano-cordoves\/#breadcrumb"},"inLanguage":"es","potentialAction":[{"@type":"ReadAction","target":["https:\/\/anteriores.premiosdelaindustria.es\/2025\/jurado\/javier-escribano-cordoves\/"]}]},{"@type":"ImageObject","inLanguage":"es","@id":"https:\/\/anteriores.premiosdelaindustria.es\/2025\/jurado\/javier-escribano-cordoves\/#primaryimage","url":"https:\/\/anteriores.premiosdelaindustria.es\/2025\/wp-content\/uploads\/7-1.png","contentUrl":"https:\/\/anteriores.premiosdelaindustria.es\/2025\/wp-content\/uploads\/7-1.png","width":399,"height":510},{"@type":"BreadcrumbList","@id":"https:\/\/anteriores.premiosdelaindustria.es\/2025\/jurado\/javier-escribano-cordoves\/#breadcrumb","itemListElement":[{"@type":"ListItem","position":1,"name":"Portada","item":"https:\/\/anteriores.premiosdelaindustria.es\/2025\/"},{"@type":"ListItem","position":2,"name":"Jurado","item":"https:\/\/anteriores.premiosdelaindustria.es\/2025\/jurado\/"},{"@type":"ListItem","position":3,"name":"Javier Escribano Cordov\u00e9s"}]},{"@type":"WebSite","@id":"https:\/\/anteriores.premiosdelaindustria.es\/2025\/#website","url":"https:\/\/anteriores.premiosdelaindustria.es\/2025\/","name":"Premios de la Industria en Espa\u00f1a","description":"Desde 2017 se promueven los Premios de la Industria en Espa&ntilde;a, que tratan de dar visibilidad a todas aquellas personas, f&iacute;sicas o jur&iacute;dicas, que en las diferentes categor&iacute;as que se detallar&aacute;n a continuaci&oacute;n, han destacado por su aportaci&oacute;n. Creemos que es muy importante la difusi&oacute;n y el reconocimiento del aporte de la industria y sus beneficios para las personas. Lo mismo sucede con el aporte de la industria moderna para la sociedad y el entorno.","publisher":{"@id":"https:\/\/anteriores.premiosdelaindustria.es\/2025\/#organization"},"potentialAction":[{"@type":"SearchAction","target":{"@type":"EntryPoint","urlTemplate":"https:\/\/anteriores.premiosdelaindustria.es\/2025\/?s={search_term_string}"},"query-input":{"@type":"PropertyValueSpecification","valueRequired":true,"valueName":"search_term_string"}}],"inLanguage":"es"},{"@type":"Organization","@id":"https:\/\/anteriores.premiosdelaindustria.es\/2025\/#organization","name":"Premios de la Industria en Espa\u00f1a","url":"https:\/\/anteriores.premiosdelaindustria.es\/2025\/","logo":{"@type":"ImageObject","inLanguage":"es","@id":"https:\/\/anteriores.premiosdelaindustria.es\/2025\/#\/schema\/logo\/image\/","url":"https:\/\/anteriores.premiosdelaindustria.es\/2025\/wp-content\/uploads\/logotipo-premios-blanco.png","contentUrl":"https:\/\/anteriores.premiosdelaindustria.es\/2025\/wp-content\/uploads\/logotipo-premios-blanco.png","width":687,"height":216,"caption":"Premios de la Industria en Espa\u00f1a"},"image":{"@id":"https:\/\/anteriores.premiosdelaindustria.es\/2025\/#\/schema\/logo\/image\/"}}]}},"_links":{"self":[{"href":"https:\/\/anteriores.premiosdelaindustria.es\/2025\/wp-json\/wp\/v2\/pages\/449","targetHints":{"allow":["GET"]}}],"collection":[{"href":"https:\/\/anteriores.premiosdelaindustria.es\/2025\/wp-json\/wp\/v2\/pages"}],"about":[{"href":"https:\/\/anteriores.premiosdelaindustria.es\/2025\/wp-json\/wp\/v2\/types\/page"}],"author":[{"embeddable":true,"href":"https:\/\/anteriores.premiosdelaindustria.es\/2025\/wp-json\/wp\/v2\/users\/2"}],"replies":[{"embeddable":true,"href":"https:\/\/anteriores.premiosdelaindustria.es\/2025\/wp-json\/wp\/v2\/comments?post=449"}],"version-history":[{"count":7,"href":"https:\/\/anteriores.premiosdelaindustria.es\/2025\/wp-json\/wp\/v2\/pages\/449\/revisions"}],"predecessor-version":[{"id":572,"href":"https:\/\/anteriores.premiosdelaindustria.es\/2025\/wp-json\/wp\/v2\/pages\/449\/revisions\/572"}],"up":[{"embeddable":true,"href":"https:\/\/anteriores.premiosdelaindustria.es\/2025\/wp-json\/wp\/v2\/pages\/327"}],"wp:attachment":[{"href":"https:\/\/anteriores.premiosdelaindustria.es\/2025\/wp-json\/wp\/v2\/media?parent=449"}],"curies":[{"name":"wp","href":"https:\/\/api.w.org\/{rel}","templated":true}]}}