{"id":408,"date":"2025-03-25T09:40:15","date_gmt":"2025-03-25T09:40:15","guid":{"rendered":"https:\/\/anteriores.premiosdelaindustria.es\/2025\/?page_id=408"},"modified":"2025-04-02T10:51:46","modified_gmt":"2025-04-02T10:51:46","slug":"jose-antonio-galdon-ruiz","status":"publish","type":"page","link":"https:\/\/anteriores.premiosdelaindustria.es\/2025\/jurado\/jose-antonio-galdon-ruiz\/","title":{"rendered":"Jos\u00e9 Antonio Gald\u00f3n Ruiz"},"content":{"rendered":"\t\t<div data-elementor-type=\"wp-page\" data-elementor-id=\"408\" class=\"elementor elementor-408\" data-elementor-post-type=\"page\">\n\t\t\t\t<div class=\"elementor-element elementor-element-38f5eb5 e-flex e-con-boxed e-con e-parent\" data-id=\"38f5eb5\" data-element_type=\"container\" data-settings=\"{&quot;background_background&quot;:&quot;gradient&quot;}\">\n\t\t\t\t\t<div class=\"e-con-inner\">\n\t\t<div class=\"elementor-element elementor-element-4f234303 e-con-full e-flex e-con e-child\" data-id=\"4f234303\" data-element_type=\"container\">\n\t\t\t\t<div class=\"elementor-element elementor-element-6a5a0b7b elementor-invisible elementor-widget elementor-widget-heading\" data-id=\"6a5a0b7b\" data-element_type=\"widget\" data-settings=\"{&quot;_animation&quot;:&quot;fadeInUp&quot;,&quot;_animation_delay&quot;:200}\" data-widget_type=\"heading.default\">\n\t\t\t\t<div class=\"elementor-widget-container\">\n\t\t\t\t\t<h1 class=\"elementor-heading-title elementor-size-default\">Jos\u00e9 Antonio Gald\u00f3n Ruiz<\/h1>\t\t\t\t<\/div>\n\t\t\t\t<\/div>\n\t\t\t\t<div class=\"elementor-element elementor-element-a7550c1 elementor-align-center elementor-widget elementor-widget-button\" data-id=\"a7550c1\" data-element_type=\"widget\" data-widget_type=\"button.default\">\n\t\t\t\t<div class=\"elementor-widget-container\">\n\t\t\t\t\t\t\t\t\t<div class=\"elementor-button-wrapper\">\n\t\t\t\t\t<a class=\"elementor-button elementor-button-link elementor-size-sm\" href=\"https:\/\/anteriores.premiosdelaindustria.es\/2025\/#02\">\n\t\t\t\t\t\t<span class=\"elementor-button-content-wrapper\">\n\t\t\t\t\t\t\t\t\t<span class=\"elementor-button-text\">Volver al jurado<\/span>\n\t\t\t\t\t<\/span>\n\t\t\t\t\t<\/a>\n\t\t\t\t<\/div>\n\t\t\t\t\t\t\t\t<\/div>\n\t\t\t\t<\/div>\n\t\t\t\t<\/div>\n\t\t\t\t\t<\/div>\n\t\t\t\t<\/div>\n\t\t<div class=\"elementor-element elementor-element-e511d49 e-flex e-con-boxed e-con e-parent\" data-id=\"e511d49\" data-element_type=\"container\">\n\t\t\t\t\t<div class=\"e-con-inner\">\n\t\t<div class=\"elementor-element elementor-element-337eef3 e-con-full e-flex e-con e-child\" data-id=\"337eef3\" data-element_type=\"container\">\n\t\t\t\t<div class=\"elementor-element elementor-element-c90ffbb elementor-widget elementor-widget-image\" data-id=\"c90ffbb\" data-element_type=\"widget\" data-widget_type=\"image.default\">\n\t\t\t\t<div class=\"elementor-widget-container\">\n\t\t\t\t\t\t\t\t\t\t\t\t\t\t\t<img fetchpriority=\"high\" decoding=\"async\" width=\"399\" height=\"510\" src=\"https:\/\/anteriores.premiosdelaindustria.es\/2025\/wp-content\/uploads\/8-1.png\" class=\"attachment-full size-full wp-image-247\" alt=\"\" \/>\t\t\t\t\t\t\t\t\t\t\t\t\t\t\t<\/div>\n\t\t\t\t<\/div>\n\t\t\t\t<\/div>\n\t\t<div class=\"elementor-element elementor-element-9f7fea5 e-con-full e-flex e-con e-child\" data-id=\"9f7fea5\" data-element_type=\"container\">\n\t\t\t\t<div class=\"elementor-element elementor-element-1d55a64 elementor-widget elementor-widget-text-editor\" data-id=\"1d55a64\" data-element_type=\"widget\" data-widget_type=\"text-editor.default\">\n\t\t\t\t<div class=\"elementor-widget-container\">\n\t\t\t\t\t\t\t\t\t<div id=\"lipsum\"><div class=\"elementor-element elementor-element-7faf99d elementor-widget__width-initial ob-harakiri-inherit ob-has-background-overlay elementor-widget elementor-widget-text-editor ob-harakiri\" data-id=\"7faf99d\" data-element_type=\"widget\" data-settings=\"{&quot;_ob_use_harakiri&quot;:&quot;yes&quot;,&quot;_ob_harakiri_writing_mode&quot;:&quot;inherit&quot;,&quot;_ob_postman_use&quot;:&quot;no&quot;,&quot;_ob_perspektive_use&quot;:&quot;no&quot;,&quot;_ob_poopart_use&quot;:&quot;yes&quot;,&quot;_ob_shadough_use&quot;:&quot;no&quot;,&quot;_ob_allow_hoveranimator&quot;:&quot;no&quot;,&quot;_ob_widget_stalker_use&quot;:&quot;no&quot;}\" data-widget_type=\"text-editor.default\"><div class=\"elementor-widget-container\"><div class=\"elementor-element elementor-element-2c9e62c5 ob-harakiri-inherit ob-has-background-overlay elementor-widget elementor-widget-text-editor ob-harakiri\" data-id=\"2c9e62c5\" data-element_type=\"widget\" data-settings=\"{&quot;_ob_use_harakiri&quot;:&quot;yes&quot;,&quot;_ob_harakiri_writing_mode&quot;:&quot;inherit&quot;,&quot;_ob_postman_use&quot;:&quot;no&quot;,&quot;_ob_perspektive_use&quot;:&quot;no&quot;,&quot;_ob_poopart_use&quot;:&quot;yes&quot;,&quot;_ob_shadough_use&quot;:&quot;no&quot;,&quot;_ob_allow_hoveranimator&quot;:&quot;no&quot;,&quot;_ob_widget_stalker_use&quot;:&quot;no&quot;}\" data-widget_type=\"text-editor.default\"><div class=\"elementor-widget-container\"><div class=\"elementor-element elementor-element-bcfd24e ob-harakiri-inherit ob-has-background-overlay elementor-widget elementor-widget-text-editor ob-harakiri\" data-id=\"bcfd24e\" data-element_type=\"widget\" data-settings=\"{&quot;_ob_use_harakiri&quot;:&quot;yes&quot;,&quot;_ob_harakiri_writing_mode&quot;:&quot;inherit&quot;,&quot;_ob_postman_use&quot;:&quot;no&quot;,&quot;_ob_perspektive_use&quot;:&quot;no&quot;,&quot;_ob_poopart_use&quot;:&quot;yes&quot;,&quot;_ob_shadough_use&quot;:&quot;no&quot;,&quot;_ob_allow_hoveranimator&quot;:&quot;no&quot;,&quot;_ob_widget_stalker_use&quot;:&quot;no&quot;}\" data-widget_type=\"text-editor.default\"><div class=\"elementor-widget-container\"><div class=\"elementor-element elementor-element-64649545 ob-harakiri-inherit ob-has-background-overlay elementor-widget elementor-widget-text-editor ob-harakiri\" data-id=\"64649545\" data-element_type=\"widget\" data-settings=\"{&quot;_ob_use_harakiri&quot;:&quot;yes&quot;,&quot;_ob_harakiri_writing_mode&quot;:&quot;inherit&quot;,&quot;_ob_postman_use&quot;:&quot;no&quot;,&quot;_ob_perspektive_use&quot;:&quot;no&quot;,&quot;_ob_poopart_use&quot;:&quot;yes&quot;,&quot;_ob_shadough_use&quot;:&quot;no&quot;,&quot;_ob_allow_hoveranimator&quot;:&quot;no&quot;,&quot;_ob_widget_stalker_use&quot;:&quot;no&quot;}\" data-widget_type=\"text-editor.default\"><div class=\"elementor-widget-container\"><p>ES PRESIDENTE DEL INSTITUTO DE GRADUADOS EN INGENIER\u00cdA E INGENIEROS T\u00c9CNICOS DE ESPA\u00d1A (INGITE)<\/p><\/div><\/div><div class=\"elementor-element elementor-element-3a4dc8f7 elementor-widget__width-initial ob-harakiri-inherit ob-has-background-overlay elementor-widget elementor-widget-text-editor ob-harakiri\" data-id=\"3a4dc8f7\" data-element_type=\"widget\" data-settings=\"{&quot;_ob_use_harakiri&quot;:&quot;yes&quot;,&quot;_ob_harakiri_writing_mode&quot;:&quot;inherit&quot;,&quot;_ob_postman_use&quot;:&quot;no&quot;,&quot;_ob_perspektive_use&quot;:&quot;no&quot;,&quot;_ob_poopart_use&quot;:&quot;yes&quot;,&quot;_ob_shadough_use&quot;:&quot;no&quot;,&quot;_ob_allow_hoveranimator&quot;:&quot;no&quot;,&quot;_ob_widget_stalker_use&quot;:&quot;no&quot;}\" data-widget_type=\"text-editor.default\"><div class=\"elementor-widget-container\"><p class=\"p1\">Jos\u00e9 Antonio Gald\u00f3n Ruiz es Presidente del Consejo General de la Ingenier\u00eda T\u00e9cnica Industrial de Espa\u00f1a desde el a\u00f1o 2011. Profesional aut\u00f3nomo desde el 1998 a 2002 con empresas de Ingenier\u00eda, continu\u00f3 siendo funcionario (2002-2011) en excedencia del Ayuntamiento de Yecla (Murcia) y Decano del Colegio de Ingenieros T\u00e9cnicos Industriales de la Regi\u00f3n de Murcia. (2006- 2016).<\/p><p class=\"p1\">En la actualidad ocupa tambi\u00e9n los siguientes cargos:<\/p><p class=\"p1\">\u2013 Presidente del INGITE<\/p><p class=\"p1\">\u2013 Vicepresidente de Uni\u00f3n Profesional<\/p><p class=\"p1\">\u2013 Presidente de la Uni\u00f3n de Asociaciones de Ingenieros T\u00e9cnicos Industriales de Espa\u00f1a.<\/p><p class=\"p1\">\u2013 Presidente de la Fundaci\u00f3n T\u00e9cnica Industrial<\/p><p class=\"p1\">\u2013 Patrono de la Fundaci\u00f3n Caja de Ingenieros.<\/p><p class=\"p1\">\u2013 Catedr\u00e1tico extraordinario y Director de la C\u00e1tedra Internacional de Ingenier\u00eda y<\/p><p class=\"p1\">Pol\u00edtica Industrial COGITI, de la UCAM.<\/p><\/div><\/div><div class=\"elementor-element elementor-element-571e82c6 ob-harakiri-inherit ob-has-background-overlay elementor-widget elementor-widget-text-editor ob-harakiri\" data-id=\"571e82c6\" data-element_type=\"widget\" data-settings=\"{&quot;_ob_use_harakiri&quot;:&quot;yes&quot;,&quot;_ob_harakiri_writing_mode&quot;:&quot;inherit&quot;,&quot;_ob_postman_use&quot;:&quot;no&quot;,&quot;_ob_perspektive_use&quot;:&quot;no&quot;,&quot;_ob_poopart_use&quot;:&quot;yes&quot;,&quot;_ob_shadough_use&quot;:&quot;no&quot;,&quot;_ob_allow_hoveranimator&quot;:&quot;no&quot;,&quot;_ob_widget_stalker_use&quot;:&quot;no&quot;}\" data-widget_type=\"text-editor.default\"><div class=\"elementor-widget-container\"><p>Es Doctor Ingeniero por la Universidad Polit\u00e9cnica de Valencia, Master en Prevenci\u00f3n de riesgos Laborales, Graduado en Ingenier\u00eda El\u00e9ctrica e Ingeniero T\u00e9cnico Industrial.<\/p><\/div><\/div><\/div><\/div><\/div><\/div><\/div><\/div><\/div>\t\t\t\t\t\t\t\t<\/div>\n\t\t\t\t<\/div>\n\t\t\t\t<\/div>\n\t\t\t\t\t<\/div>\n\t\t\t\t<\/div>\n\t\t\t\t<\/div>\n\t\t","protected":false},"excerpt":{"rendered":"<p>Volver al jurado ES PRESIDENTE DEL INSTITUTO DE GRADUADOS EN INGENIER\u00cdA E INGENIEROS T\u00c9CNICOS DE ESPA\u00d1A (INGITE) Jos\u00e9 Antonio Gald\u00f3n Ruiz es Presidente del Consejo General de la Ingenier\u00eda T\u00e9cnica Industrial de Espa\u00f1a desde el a\u00f1o 2011. Profesional aut\u00f3nomo desde el 1998 a 2002 con empresas de Ingenier\u00eda, continu\u00f3 siendo funcionario (2002-2011) en excedencia del [&hellip;]<\/p>\n","protected":false},"author":2,"featured_media":0,"parent":327,"menu_order":0,"comment_status":"closed","ping_status":"closed","template":"","meta":{"footnotes":""},"class_list":["post-408","page","type-page","status-publish","hentry"],"yoast_head":"<!-- This site is optimized with the Yoast SEO plugin v24.9 - https:\/\/yoast.com\/wordpress\/plugins\/seo\/ -->\n<title>Jos\u00e9 Antonio Gald\u00f3n Ruiz - Premios de la Industria en Espa\u00f1a<\/title>\n<meta name=\"robots\" content=\"index, follow, max-snippet:-1, max-image-preview:large, max-video-preview:-1\" \/>\n<link rel=\"canonical\" href=\"https:\/\/anteriores.premiosdelaindustria.es\/2025\/jurado\/jose-antonio-galdon-ruiz\/\" \/>\n<meta property=\"og:locale\" content=\"es_ES\" \/>\n<meta property=\"og:type\" content=\"article\" \/>\n<meta property=\"og:title\" content=\"Jos\u00e9 Antonio Gald\u00f3n Ruiz - Premios de la Industria en Espa\u00f1a\" \/>\n<meta property=\"og:description\" content=\"Volver al jurado ES PRESIDENTE DEL INSTITUTO DE GRADUADOS EN INGENIER\u00cdA E INGENIEROS T\u00c9CNICOS DE ESPA\u00d1A (INGITE) Jos\u00e9 Antonio Gald\u00f3n Ruiz es Presidente del Consejo General de la Ingenier\u00eda T\u00e9cnica Industrial de Espa\u00f1a desde el a\u00f1o 2011. Profesional aut\u00f3nomo desde el 1998 a 2002 con empresas de Ingenier\u00eda, continu\u00f3 siendo funcionario (2002-2011) en excedencia del [&hellip;]\" \/>\n<meta property=\"og:url\" content=\"https:\/\/anteriores.premiosdelaindustria.es\/2025\/jurado\/jose-antonio-galdon-ruiz\/\" \/>\n<meta property=\"og:site_name\" content=\"Premios de la Industria en Espa\u00f1a\" \/>\n<meta property=\"article:modified_time\" content=\"2025-04-02T10:51:46+00:00\" \/>\n<meta property=\"og:image\" content=\"https:\/\/anteriores.premiosdelaindustria.es\/2025\/wp-content\/uploads\/8-1.png\" \/>\n\t<meta property=\"og:image:width\" content=\"399\" \/>\n\t<meta property=\"og:image:height\" content=\"510\" \/>\n\t<meta property=\"og:image:type\" content=\"image\/png\" \/>\n<meta name=\"twitter:card\" content=\"summary_large_image\" \/>\n<meta name=\"twitter:label1\" content=\"Tiempo de lectura\" \/>\n\t<meta name=\"twitter:data1\" content=\"1 minuto\" \/>\n<script type=\"application\/ld+json\" class=\"yoast-schema-graph\">{\"@context\":\"https:\/\/schema.org\",\"@graph\":[{\"@type\":\"WebPage\",\"@id\":\"https:\/\/anteriores.premiosdelaindustria.es\/2025\/jurado\/jose-antonio-galdon-ruiz\/\",\"url\":\"https:\/\/anteriores.premiosdelaindustria.es\/2025\/jurado\/jose-antonio-galdon-ruiz\/\",\"name\":\"Jos\u00e9 Antonio Gald\u00f3n Ruiz - Premios de la Industria en Espa\u00f1a\",\"isPartOf\":{\"@id\":\"https:\/\/anteriores.premiosdelaindustria.es\/2025\/#website\"},\"primaryImageOfPage\":{\"@id\":\"https:\/\/anteriores.premiosdelaindustria.es\/2025\/jurado\/jose-antonio-galdon-ruiz\/#primaryimage\"},\"image\":{\"@id\":\"https:\/\/anteriores.premiosdelaindustria.es\/2025\/jurado\/jose-antonio-galdon-ruiz\/#primaryimage\"},\"thumbnailUrl\":\"https:\/\/anteriores.premiosdelaindustria.es\/2025\/wp-content\/uploads\/8-1.png\",\"datePublished\":\"2025-03-25T09:40:15+00:00\",\"dateModified\":\"2025-04-02T10:51:46+00:00\",\"breadcrumb\":{\"@id\":\"https:\/\/anteriores.premiosdelaindustria.es\/2025\/jurado\/jose-antonio-galdon-ruiz\/#breadcrumb\"},\"inLanguage\":\"es\",\"potentialAction\":[{\"@type\":\"ReadAction\",\"target\":[\"https:\/\/anteriores.premiosdelaindustria.es\/2025\/jurado\/jose-antonio-galdon-ruiz\/\"]}]},{\"@type\":\"ImageObject\",\"inLanguage\":\"es\",\"@id\":\"https:\/\/anteriores.premiosdelaindustria.es\/2025\/jurado\/jose-antonio-galdon-ruiz\/#primaryimage\",\"url\":\"https:\/\/anteriores.premiosdelaindustria.es\/2025\/wp-content\/uploads\/8-1.png\",\"contentUrl\":\"https:\/\/anteriores.premiosdelaindustria.es\/2025\/wp-content\/uploads\/8-1.png\",\"width\":399,\"height\":510},{\"@type\":\"BreadcrumbList\",\"@id\":\"https:\/\/anteriores.premiosdelaindustria.es\/2025\/jurado\/jose-antonio-galdon-ruiz\/#breadcrumb\",\"itemListElement\":[{\"@type\":\"ListItem\",\"position\":1,\"name\":\"Portada\",\"item\":\"https:\/\/anteriores.premiosdelaindustria.es\/2025\/\"},{\"@type\":\"ListItem\",\"position\":2,\"name\":\"Jurado\",\"item\":\"https:\/\/anteriores.premiosdelaindustria.es\/2025\/jurado\/\"},{\"@type\":\"ListItem\",\"position\":3,\"name\":\"Jos\u00e9 Antonio Gald\u00f3n Ruiz\"}]},{\"@type\":\"WebSite\",\"@id\":\"https:\/\/anteriores.premiosdelaindustria.es\/2025\/#website\",\"url\":\"https:\/\/anteriores.premiosdelaindustria.es\/2025\/\",\"name\":\"Premios de la Industria en Espa\u00f1a\",\"description\":\"Desde 2017 se promueven los Premios de la Industria en Espa&ntilde;a, que tratan de dar visibilidad a todas aquellas personas, f&iacute;sicas o jur&iacute;dicas, que en las diferentes categor&iacute;as que se detallar&aacute;n a continuaci&oacute;n, han destacado por su aportaci&oacute;n. Creemos que es muy importante la difusi&oacute;n y el reconocimiento del aporte de la industria y sus beneficios para las personas. Lo mismo sucede con el aporte de la industria moderna para la sociedad y el entorno.\",\"publisher\":{\"@id\":\"https:\/\/anteriores.premiosdelaindustria.es\/2025\/#organization\"},\"potentialAction\":[{\"@type\":\"SearchAction\",\"target\":{\"@type\":\"EntryPoint\",\"urlTemplate\":\"https:\/\/anteriores.premiosdelaindustria.es\/2025\/?s={search_term_string}\"},\"query-input\":{\"@type\":\"PropertyValueSpecification\",\"valueRequired\":true,\"valueName\":\"search_term_string\"}}],\"inLanguage\":\"es\"},{\"@type\":\"Organization\",\"@id\":\"https:\/\/anteriores.premiosdelaindustria.es\/2025\/#organization\",\"name\":\"Premios de la Industria en Espa\u00f1a\",\"url\":\"https:\/\/anteriores.premiosdelaindustria.es\/2025\/\",\"logo\":{\"@type\":\"ImageObject\",\"inLanguage\":\"es\",\"@id\":\"https:\/\/anteriores.premiosdelaindustria.es\/2025\/#\/schema\/logo\/image\/\",\"url\":\"https:\/\/anteriores.premiosdelaindustria.es\/2025\/wp-content\/uploads\/logotipo-premios-blanco.png\",\"contentUrl\":\"https:\/\/anteriores.premiosdelaindustria.es\/2025\/wp-content\/uploads\/logotipo-premios-blanco.png\",\"width\":687,\"height\":216,\"caption\":\"Premios de la Industria en Espa\u00f1a\"},\"image\":{\"@id\":\"https:\/\/anteriores.premiosdelaindustria.es\/2025\/#\/schema\/logo\/image\/\"}}]}<\/script>\n<!-- \/ Yoast SEO plugin. -->","yoast_head_json":{"title":"Jos\u00e9 Antonio Gald\u00f3n Ruiz - Premios de la Industria en Espa\u00f1a","robots":{"index":"index","follow":"follow","max-snippet":"max-snippet:-1","max-image-preview":"max-image-preview:large","max-video-preview":"max-video-preview:-1"},"canonical":"https:\/\/anteriores.premiosdelaindustria.es\/2025\/jurado\/jose-antonio-galdon-ruiz\/","og_locale":"es_ES","og_type":"article","og_title":"Jos\u00e9 Antonio Gald\u00f3n Ruiz - Premios de la Industria en Espa\u00f1a","og_description":"Volver al jurado ES PRESIDENTE DEL INSTITUTO DE GRADUADOS EN INGENIER\u00cdA E INGENIEROS T\u00c9CNICOS DE ESPA\u00d1A (INGITE) Jos\u00e9 Antonio Gald\u00f3n Ruiz es Presidente del Consejo General de la Ingenier\u00eda T\u00e9cnica Industrial de Espa\u00f1a desde el a\u00f1o 2011. Profesional aut\u00f3nomo desde el 1998 a 2002 con empresas de Ingenier\u00eda, continu\u00f3 siendo funcionario (2002-2011) en excedencia del [&hellip;]","og_url":"https:\/\/anteriores.premiosdelaindustria.es\/2025\/jurado\/jose-antonio-galdon-ruiz\/","og_site_name":"Premios de la Industria en Espa\u00f1a","article_modified_time":"2025-04-02T10:51:46+00:00","og_image":[{"width":399,"height":510,"url":"https:\/\/anteriores.premiosdelaindustria.es\/2025\/wp-content\/uploads\/8-1.png","type":"image\/png"}],"twitter_card":"summary_large_image","twitter_misc":{"Tiempo de lectura":"1 minuto"},"schema":{"@context":"https:\/\/schema.org","@graph":[{"@type":"WebPage","@id":"https:\/\/anteriores.premiosdelaindustria.es\/2025\/jurado\/jose-antonio-galdon-ruiz\/","url":"https:\/\/anteriores.premiosdelaindustria.es\/2025\/jurado\/jose-antonio-galdon-ruiz\/","name":"Jos\u00e9 Antonio Gald\u00f3n Ruiz - Premios de la Industria en Espa\u00f1a","isPartOf":{"@id":"https:\/\/anteriores.premiosdelaindustria.es\/2025\/#website"},"primaryImageOfPage":{"@id":"https:\/\/anteriores.premiosdelaindustria.es\/2025\/jurado\/jose-antonio-galdon-ruiz\/#primaryimage"},"image":{"@id":"https:\/\/anteriores.premiosdelaindustria.es\/2025\/jurado\/jose-antonio-galdon-ruiz\/#primaryimage"},"thumbnailUrl":"https:\/\/anteriores.premiosdelaindustria.es\/2025\/wp-content\/uploads\/8-1.png","datePublished":"2025-03-25T09:40:15+00:00","dateModified":"2025-04-02T10:51:46+00:00","breadcrumb":{"@id":"https:\/\/anteriores.premiosdelaindustria.es\/2025\/jurado\/jose-antonio-galdon-ruiz\/#breadcrumb"},"inLanguage":"es","potentialAction":[{"@type":"ReadAction","target":["https:\/\/anteriores.premiosdelaindustria.es\/2025\/jurado\/jose-antonio-galdon-ruiz\/"]}]},{"@type":"ImageObject","inLanguage":"es","@id":"https:\/\/anteriores.premiosdelaindustria.es\/2025\/jurado\/jose-antonio-galdon-ruiz\/#primaryimage","url":"https:\/\/anteriores.premiosdelaindustria.es\/2025\/wp-content\/uploads\/8-1.png","contentUrl":"https:\/\/anteriores.premiosdelaindustria.es\/2025\/wp-content\/uploads\/8-1.png","width":399,"height":510},{"@type":"BreadcrumbList","@id":"https:\/\/anteriores.premiosdelaindustria.es\/2025\/jurado\/jose-antonio-galdon-ruiz\/#breadcrumb","itemListElement":[{"@type":"ListItem","position":1,"name":"Portada","item":"https:\/\/anteriores.premiosdelaindustria.es\/2025\/"},{"@type":"ListItem","position":2,"name":"Jurado","item":"https:\/\/anteriores.premiosdelaindustria.es\/2025\/jurado\/"},{"@type":"ListItem","position":3,"name":"Jos\u00e9 Antonio Gald\u00f3n Ruiz"}]},{"@type":"WebSite","@id":"https:\/\/anteriores.premiosdelaindustria.es\/2025\/#website","url":"https:\/\/anteriores.premiosdelaindustria.es\/2025\/","name":"Premios de la Industria en Espa\u00f1a","description":"Desde 2017 se promueven los Premios de la Industria en Espa&ntilde;a, que tratan de dar visibilidad a todas aquellas personas, f&iacute;sicas o jur&iacute;dicas, que en las diferentes categor&iacute;as que se detallar&aacute;n a continuaci&oacute;n, han destacado por su aportaci&oacute;n. Creemos que es muy importante la difusi&oacute;n y el reconocimiento del aporte de la industria y sus beneficios para las personas. Lo mismo sucede con el aporte de la industria moderna para la sociedad y el entorno.","publisher":{"@id":"https:\/\/anteriores.premiosdelaindustria.es\/2025\/#organization"},"potentialAction":[{"@type":"SearchAction","target":{"@type":"EntryPoint","urlTemplate":"https:\/\/anteriores.premiosdelaindustria.es\/2025\/?s={search_term_string}"},"query-input":{"@type":"PropertyValueSpecification","valueRequired":true,"valueName":"search_term_string"}}],"inLanguage":"es"},{"@type":"Organization","@id":"https:\/\/anteriores.premiosdelaindustria.es\/2025\/#organization","name":"Premios de la Industria en Espa\u00f1a","url":"https:\/\/anteriores.premiosdelaindustria.es\/2025\/","logo":{"@type":"ImageObject","inLanguage":"es","@id":"https:\/\/anteriores.premiosdelaindustria.es\/2025\/#\/schema\/logo\/image\/","url":"https:\/\/anteriores.premiosdelaindustria.es\/2025\/wp-content\/uploads\/logotipo-premios-blanco.png","contentUrl":"https:\/\/anteriores.premiosdelaindustria.es\/2025\/wp-content\/uploads\/logotipo-premios-blanco.png","width":687,"height":216,"caption":"Premios de la Industria en Espa\u00f1a"},"image":{"@id":"https:\/\/anteriores.premiosdelaindustria.es\/2025\/#\/schema\/logo\/image\/"}}]}},"_links":{"self":[{"href":"https:\/\/anteriores.premiosdelaindustria.es\/2025\/wp-json\/wp\/v2\/pages\/408","targetHints":{"allow":["GET"]}}],"collection":[{"href":"https:\/\/anteriores.premiosdelaindustria.es\/2025\/wp-json\/wp\/v2\/pages"}],"about":[{"href":"https:\/\/anteriores.premiosdelaindustria.es\/2025\/wp-json\/wp\/v2\/types\/page"}],"author":[{"embeddable":true,"href":"https:\/\/anteriores.premiosdelaindustria.es\/2025\/wp-json\/wp\/v2\/users\/2"}],"replies":[{"embeddable":true,"href":"https:\/\/anteriores.premiosdelaindustria.es\/2025\/wp-json\/wp\/v2\/comments?post=408"}],"version-history":[{"count":10,"href":"https:\/\/anteriores.premiosdelaindustria.es\/2025\/wp-json\/wp\/v2\/pages\/408\/revisions"}],"predecessor-version":[{"id":699,"href":"https:\/\/anteriores.premiosdelaindustria.es\/2025\/wp-json\/wp\/v2\/pages\/408\/revisions\/699"}],"up":[{"embeddable":true,"href":"https:\/\/anteriores.premiosdelaindustria.es\/2025\/wp-json\/wp\/v2\/pages\/327"}],"wp:attachment":[{"href":"https:\/\/anteriores.premiosdelaindustria.es\/2025\/wp-json\/wp\/v2\/media?parent=408"}],"curies":[{"name":"wp","href":"https:\/\/api.w.org\/{rel}","templated":true}]}}