{"id":393,"date":"2025-03-25T09:35:50","date_gmt":"2025-03-25T09:35:50","guid":{"rendered":"https:\/\/anteriores.premiosdelaindustria.es\/2025\/?page_id=393"},"modified":"2025-03-31T07:39:26","modified_gmt":"2025-03-31T07:39:26","slug":"angel-rodriguez-lagunilla","status":"publish","type":"page","link":"https:\/\/anteriores.premiosdelaindustria.es\/2025\/jurado\/angel-rodriguez-lagunilla\/","title":{"rendered":"\u00c1ngel Rodr\u00edguez Lagunilla"},"content":{"rendered":"\t\t<div data-elementor-type=\"wp-page\" data-elementor-id=\"393\" class=\"elementor elementor-393\" data-elementor-post-type=\"page\">\n\t\t\t\t<div class=\"elementor-element elementor-element-38f5eb5 e-flex e-con-boxed e-con e-parent\" data-id=\"38f5eb5\" data-element_type=\"container\" data-settings=\"{&quot;background_background&quot;:&quot;gradient&quot;}\">\n\t\t\t\t\t<div class=\"e-con-inner\">\n\t\t<div class=\"elementor-element elementor-element-4f234303 e-con-full e-flex e-con e-child\" data-id=\"4f234303\" data-element_type=\"container\">\n\t\t\t\t<div class=\"elementor-element elementor-element-6a5a0b7b elementor-invisible elementor-widget elementor-widget-heading\" data-id=\"6a5a0b7b\" data-element_type=\"widget\" data-settings=\"{&quot;_animation&quot;:&quot;fadeInUp&quot;,&quot;_animation_delay&quot;:200}\" data-widget_type=\"heading.default\">\n\t\t\t\t<div class=\"elementor-widget-container\">\n\t\t\t\t\t<h1 class=\"elementor-heading-title elementor-size-default\">\u00c1ngel Rodr\u00edguez Lagunilla<\/h1>\t\t\t\t<\/div>\n\t\t\t\t<\/div>\n\t\t\t\t<div class=\"elementor-element elementor-element-a7550c1 elementor-align-center elementor-widget elementor-widget-button\" data-id=\"a7550c1\" data-element_type=\"widget\" data-widget_type=\"button.default\">\n\t\t\t\t<div class=\"elementor-widget-container\">\n\t\t\t\t\t\t\t\t\t<div class=\"elementor-button-wrapper\">\n\t\t\t\t\t<a class=\"elementor-button elementor-button-link elementor-size-sm\" href=\"https:\/\/anteriores.premiosdelaindustria.es\/2025\/#02\">\n\t\t\t\t\t\t<span class=\"elementor-button-content-wrapper\">\n\t\t\t\t\t\t\t\t\t<span class=\"elementor-button-text\">Volver al jurado<\/span>\n\t\t\t\t\t<\/span>\n\t\t\t\t\t<\/a>\n\t\t\t\t<\/div>\n\t\t\t\t\t\t\t\t<\/div>\n\t\t\t\t<\/div>\n\t\t\t\t<\/div>\n\t\t\t\t\t<\/div>\n\t\t\t\t<\/div>\n\t\t<div class=\"elementor-element elementor-element-e511d49 e-flex e-con-boxed e-con e-parent\" data-id=\"e511d49\" data-element_type=\"container\">\n\t\t\t\t\t<div class=\"e-con-inner\">\n\t\t<div class=\"elementor-element elementor-element-337eef3 e-con-full e-flex e-con e-child\" data-id=\"337eef3\" data-element_type=\"container\">\n\t\t\t\t<div class=\"elementor-element elementor-element-c90ffbb elementor-widget elementor-widget-image\" data-id=\"c90ffbb\" data-element_type=\"widget\" data-widget_type=\"image.default\">\n\t\t\t\t<div class=\"elementor-widget-container\">\n\t\t\t\t\t\t\t\t\t\t\t\t\t\t\t<img fetchpriority=\"high\" decoding=\"async\" width=\"399\" height=\"510\" src=\"https:\/\/anteriores.premiosdelaindustria.es\/2025\/wp-content\/uploads\/6-1.png\" class=\"attachment-full size-full wp-image-233\" alt=\"\" \/>\t\t\t\t\t\t\t\t\t\t\t\t\t\t\t<\/div>\n\t\t\t\t<\/div>\n\t\t\t\t<\/div>\n\t\t<div class=\"elementor-element elementor-element-9f7fea5 e-con-full e-flex e-con e-child\" data-id=\"9f7fea5\" data-element_type=\"container\">\n\t\t\t\t<div class=\"elementor-element elementor-element-1d55a64 elementor-widget elementor-widget-text-editor\" data-id=\"1d55a64\" data-element_type=\"widget\" data-widget_type=\"text-editor.default\">\n\t\t\t\t<div class=\"elementor-widget-container\">\n\t\t\t\t\t\t\t\t\t<div id=\"lipsum\">\n<div class=\"elementor-element elementor-element-7faf99d elementor-widget__width-initial ob-harakiri-inherit ob-has-background-overlay elementor-widget elementor-widget-text-editor ob-harakiri\" data-id=\"7faf99d\" data-element_type=\"widget\" data-settings=\"{&quot;_ob_use_harakiri&quot;:&quot;yes&quot;,&quot;_ob_harakiri_writing_mode&quot;:&quot;inherit&quot;,&quot;_ob_postman_use&quot;:&quot;no&quot;,&quot;_ob_perspektive_use&quot;:&quot;no&quot;,&quot;_ob_poopart_use&quot;:&quot;yes&quot;,&quot;_ob_shadough_use&quot;:&quot;no&quot;,&quot;_ob_allow_hoveranimator&quot;:&quot;no&quot;,&quot;_ob_widget_stalker_use&quot;:&quot;no&quot;}\" data-widget_type=\"text-editor.default\">\n<div class=\"elementor-widget-container\">\n<div class=\"elementor-element elementor-element-2c9e62c5 ob-harakiri-inherit ob-has-background-overlay elementor-widget elementor-widget-text-editor ob-harakiri\" data-id=\"2c9e62c5\" data-element_type=\"widget\" data-settings=\"{&quot;_ob_use_harakiri&quot;:&quot;yes&quot;,&quot;_ob_harakiri_writing_mode&quot;:&quot;inherit&quot;,&quot;_ob_postman_use&quot;:&quot;no&quot;,&quot;_ob_perspektive_use&quot;:&quot;no&quot;,&quot;_ob_poopart_use&quot;:&quot;yes&quot;,&quot;_ob_shadough_use&quot;:&quot;no&quot;,&quot;_ob_allow_hoveranimator&quot;:&quot;no&quot;,&quot;_ob_widget_stalker_use&quot;:&quot;no&quot;}\" data-widget_type=\"text-editor.default\">\n<div class=\"elementor-widget-container\">\n<p>ES PRESIDENTE DE IVECO ESPA\u00d1A \u2013 DIRECTOR GLOBAL MANUFACTURING \u2013 COLEGIADO DE HONOR INGENIEROSVA<\/p>\n<\/div>\n<\/div>\n<div class=\"elementor-element elementor-element-584ca9e6 elementor-widget__width-initial ob-harakiri-inherit ob-has-background-overlay elementor-widget elementor-widget-text-editor ob-harakiri\" data-id=\"584ca9e6\" data-element_type=\"widget\" data-settings=\"{&quot;_ob_use_harakiri&quot;:&quot;yes&quot;,&quot;_ob_harakiri_writing_mode&quot;:&quot;inherit&quot;,&quot;_ob_postman_use&quot;:&quot;no&quot;,&quot;_ob_perspektive_use&quot;:&quot;no&quot;,&quot;_ob_poopart_use&quot;:&quot;yes&quot;,&quot;_ob_shadough_use&quot;:&quot;no&quot;,&quot;_ob_allow_hoveranimator&quot;:&quot;no&quot;,&quot;_ob_widget_stalker_use&quot;:&quot;no&quot;}\" data-widget_type=\"text-editor.default\">\n<div class=\"elementor-widget-container\">\n<p class=\"p1\">\u00c1ngel Rodr\u00edguez Lagunilla es Presidente de Iveco Espa\u00f1a y Director Global de manufacturing de la compa\u00f1\u00eda. Previamente ha sido Director de las plantas espa\u00f1olas de la marca en Valladolid y Madrid y posteriormente nombrado Responsable de Producci\u00f3n de veh\u00edculos industriales y autobuses para la regi\u00f3n EMEA (Europa, Oriente Medio y \u00c1frica). De su gesti\u00f3n depende una empresa que en Espa\u00f1a alcanza una facturaci\u00f3n de 2.067 millones de euros, de los que el 77,5% procede de las exportaciones, con una plantilla de 3.697 empleados y f\u00e1bricas en Madrid y Valladolid. Destaca su apuesta por hacer frente a la evoluci\u00f3n que van a tener los productos, los procesos, los retos de la descarbonizaci\u00f3n, digitalizaci\u00f3n, aportando la sostenibilidad que hay que dar dentro del sector y rode\u00e1ndose de un buen equipo para hacer frente a la globalizaci\u00f3n y a la tecnificaci\u00f3n.<span class=\"Apple-converted-space\">&nbsp;<\/span><\/p>\n<\/div>\n<\/div>\n<div class=\"elementor-element elementor-element-32d62a28 ob-harakiri-inherit ob-has-background-overlay elementor-widget elementor-widget-text-editor ob-harakiri\" data-id=\"32d62a28\" data-element_type=\"widget\" data-settings=\"{&quot;_ob_use_harakiri&quot;:&quot;yes&quot;,&quot;_ob_harakiri_writing_mode&quot;:&quot;inherit&quot;,&quot;_ob_postman_use&quot;:&quot;no&quot;,&quot;_ob_perspektive_use&quot;:&quot;no&quot;,&quot;_ob_poopart_use&quot;:&quot;yes&quot;,&quot;_ob_shadough_use&quot;:&quot;no&quot;,&quot;_ob_allow_hoveranimator&quot;:&quot;no&quot;,&quot;_ob_widget_stalker_use&quot;:&quot;no&quot;}\" data-widget_type=\"text-editor.default\">\n<div class=\"elementor-widget-container\">\n<p>Es Ingeniero T\u00e9cnico Industrial especialidad electricidad por la Universidad Valladolid.<\/p>\n<\/div>\n<\/div>\n<\/div>\n<\/div>\n<\/div>\t\t\t\t\t\t\t\t<\/div>\n\t\t\t\t<\/div>\n\t\t\t\t<\/div>\n\t\t\t\t\t<\/div>\n\t\t\t\t<\/div>\n\t\t\t\t<\/div>\n\t\t","protected":false},"excerpt":{"rendered":"<p>Volver al jurado ES PRESIDENTE DE IVECO ESPA\u00d1A \u2013 DIRECTOR GLOBAL MANUFACTURING \u2013 COLEGIADO DE HONOR INGENIEROSVA \u00c1ngel Rodr\u00edguez Lagunilla es Presidente de Iveco Espa\u00f1a y Director Global de manufacturing de la compa\u00f1\u00eda. Previamente ha sido Director de las plantas espa\u00f1olas de la marca en Valladolid y Madrid y posteriormente nombrado Responsable de Producci\u00f3n de [&hellip;]<\/p>\n","protected":false},"author":2,"featured_media":0,"parent":327,"menu_order":0,"comment_status":"closed","ping_status":"closed","template":"","meta":{"footnotes":""},"class_list":["post-393","page","type-page","status-publish","hentry"],"yoast_head":"<!-- This site is optimized with the Yoast SEO plugin v24.9 - https:\/\/yoast.com\/wordpress\/plugins\/seo\/ -->\n<title>\u00c1ngel Rodr\u00edguez Lagunilla - Premios de la Industria en Espa\u00f1a<\/title>\n<meta name=\"robots\" content=\"index, follow, max-snippet:-1, max-image-preview:large, max-video-preview:-1\" \/>\n<link rel=\"canonical\" href=\"https:\/\/anteriores.premiosdelaindustria.es\/2025\/jurado\/angel-rodriguez-lagunilla\/\" \/>\n<meta property=\"og:locale\" content=\"es_ES\" \/>\n<meta property=\"og:type\" content=\"article\" \/>\n<meta property=\"og:title\" content=\"\u00c1ngel Rodr\u00edguez Lagunilla - Premios de la Industria en Espa\u00f1a\" \/>\n<meta property=\"og:description\" content=\"Volver al jurado ES PRESIDENTE DE IVECO ESPA\u00d1A \u2013 DIRECTOR GLOBAL MANUFACTURING \u2013 COLEGIADO DE HONOR INGENIEROSVA \u00c1ngel Rodr\u00edguez Lagunilla es Presidente de Iveco Espa\u00f1a y Director Global de manufacturing de la compa\u00f1\u00eda. Previamente ha sido Director de las plantas espa\u00f1olas de la marca en Valladolid y Madrid y posteriormente nombrado Responsable de Producci\u00f3n de [&hellip;]\" \/>\n<meta property=\"og:url\" content=\"https:\/\/anteriores.premiosdelaindustria.es\/2025\/jurado\/angel-rodriguez-lagunilla\/\" \/>\n<meta property=\"og:site_name\" content=\"Premios de la Industria en Espa\u00f1a\" \/>\n<meta property=\"article:modified_time\" content=\"2025-03-31T07:39:26+00:00\" \/>\n<meta property=\"og:image\" content=\"https:\/\/anteriores.premiosdelaindustria.es\/2025\/wp-content\/uploads\/6-1.png\" \/>\n\t<meta property=\"og:image:width\" content=\"399\" \/>\n\t<meta property=\"og:image:height\" content=\"510\" \/>\n\t<meta property=\"og:image:type\" content=\"image\/png\" \/>\n<meta name=\"twitter:card\" content=\"summary_large_image\" \/>\n<meta name=\"twitter:label1\" content=\"Tiempo de lectura\" \/>\n\t<meta name=\"twitter:data1\" content=\"1 minuto\" \/>\n<script type=\"application\/ld+json\" class=\"yoast-schema-graph\">{\"@context\":\"https:\/\/schema.org\",\"@graph\":[{\"@type\":\"WebPage\",\"@id\":\"https:\/\/anteriores.premiosdelaindustria.es\/2025\/jurado\/angel-rodriguez-lagunilla\/\",\"url\":\"https:\/\/anteriores.premiosdelaindustria.es\/2025\/jurado\/angel-rodriguez-lagunilla\/\",\"name\":\"\u00c1ngel Rodr\u00edguez Lagunilla - Premios de la Industria en Espa\u00f1a\",\"isPartOf\":{\"@id\":\"https:\/\/anteriores.premiosdelaindustria.es\/2025\/#website\"},\"primaryImageOfPage\":{\"@id\":\"https:\/\/anteriores.premiosdelaindustria.es\/2025\/jurado\/angel-rodriguez-lagunilla\/#primaryimage\"},\"image\":{\"@id\":\"https:\/\/anteriores.premiosdelaindustria.es\/2025\/jurado\/angel-rodriguez-lagunilla\/#primaryimage\"},\"thumbnailUrl\":\"https:\/\/anteriores.premiosdelaindustria.es\/2025\/wp-content\/uploads\/6-1.png\",\"datePublished\":\"2025-03-25T09:35:50+00:00\",\"dateModified\":\"2025-03-31T07:39:26+00:00\",\"breadcrumb\":{\"@id\":\"https:\/\/anteriores.premiosdelaindustria.es\/2025\/jurado\/angel-rodriguez-lagunilla\/#breadcrumb\"},\"inLanguage\":\"es\",\"potentialAction\":[{\"@type\":\"ReadAction\",\"target\":[\"https:\/\/anteriores.premiosdelaindustria.es\/2025\/jurado\/angel-rodriguez-lagunilla\/\"]}]},{\"@type\":\"ImageObject\",\"inLanguage\":\"es\",\"@id\":\"https:\/\/anteriores.premiosdelaindustria.es\/2025\/jurado\/angel-rodriguez-lagunilla\/#primaryimage\",\"url\":\"https:\/\/anteriores.premiosdelaindustria.es\/2025\/wp-content\/uploads\/6-1.png\",\"contentUrl\":\"https:\/\/anteriores.premiosdelaindustria.es\/2025\/wp-content\/uploads\/6-1.png\",\"width\":399,\"height\":510},{\"@type\":\"BreadcrumbList\",\"@id\":\"https:\/\/anteriores.premiosdelaindustria.es\/2025\/jurado\/angel-rodriguez-lagunilla\/#breadcrumb\",\"itemListElement\":[{\"@type\":\"ListItem\",\"position\":1,\"name\":\"Portada\",\"item\":\"https:\/\/anteriores.premiosdelaindustria.es\/2025\/\"},{\"@type\":\"ListItem\",\"position\":2,\"name\":\"Jurado\",\"item\":\"https:\/\/anteriores.premiosdelaindustria.es\/2025\/jurado\/\"},{\"@type\":\"ListItem\",\"position\":3,\"name\":\"\u00c1ngel Rodr\u00edguez Lagunilla\"}]},{\"@type\":\"WebSite\",\"@id\":\"https:\/\/anteriores.premiosdelaindustria.es\/2025\/#website\",\"url\":\"https:\/\/anteriores.premiosdelaindustria.es\/2025\/\",\"name\":\"Premios de la Industria en Espa\u00f1a\",\"description\":\"Desde 2017 se promueven los Premios de la Industria en Espa&ntilde;a, que tratan de dar visibilidad a todas aquellas personas, f&iacute;sicas o jur&iacute;dicas, que en las diferentes categor&iacute;as que se detallar&aacute;n a continuaci&oacute;n, han destacado por su aportaci&oacute;n. Creemos que es muy importante la difusi&oacute;n y el reconocimiento del aporte de la industria y sus beneficios para las personas. Lo mismo sucede con el aporte de la industria moderna para la sociedad y el entorno.\",\"publisher\":{\"@id\":\"https:\/\/anteriores.premiosdelaindustria.es\/2025\/#organization\"},\"potentialAction\":[{\"@type\":\"SearchAction\",\"target\":{\"@type\":\"EntryPoint\",\"urlTemplate\":\"https:\/\/anteriores.premiosdelaindustria.es\/2025\/?s={search_term_string}\"},\"query-input\":{\"@type\":\"PropertyValueSpecification\",\"valueRequired\":true,\"valueName\":\"search_term_string\"}}],\"inLanguage\":\"es\"},{\"@type\":\"Organization\",\"@id\":\"https:\/\/anteriores.premiosdelaindustria.es\/2025\/#organization\",\"name\":\"Premios de la Industria en Espa\u00f1a\",\"url\":\"https:\/\/anteriores.premiosdelaindustria.es\/2025\/\",\"logo\":{\"@type\":\"ImageObject\",\"inLanguage\":\"es\",\"@id\":\"https:\/\/anteriores.premiosdelaindustria.es\/2025\/#\/schema\/logo\/image\/\",\"url\":\"https:\/\/anteriores.premiosdelaindustria.es\/2025\/wp-content\/uploads\/logotipo-premios-blanco.png\",\"contentUrl\":\"https:\/\/anteriores.premiosdelaindustria.es\/2025\/wp-content\/uploads\/logotipo-premios-blanco.png\",\"width\":687,\"height\":216,\"caption\":\"Premios de la Industria en Espa\u00f1a\"},\"image\":{\"@id\":\"https:\/\/anteriores.premiosdelaindustria.es\/2025\/#\/schema\/logo\/image\/\"}}]}<\/script>\n<!-- \/ Yoast SEO plugin. -->","yoast_head_json":{"title":"\u00c1ngel Rodr\u00edguez Lagunilla - Premios de la Industria en Espa\u00f1a","robots":{"index":"index","follow":"follow","max-snippet":"max-snippet:-1","max-image-preview":"max-image-preview:large","max-video-preview":"max-video-preview:-1"},"canonical":"https:\/\/anteriores.premiosdelaindustria.es\/2025\/jurado\/angel-rodriguez-lagunilla\/","og_locale":"es_ES","og_type":"article","og_title":"\u00c1ngel Rodr\u00edguez Lagunilla - Premios de la Industria en Espa\u00f1a","og_description":"Volver al jurado ES PRESIDENTE DE IVECO ESPA\u00d1A \u2013 DIRECTOR GLOBAL MANUFACTURING \u2013 COLEGIADO DE HONOR INGENIEROSVA \u00c1ngel Rodr\u00edguez Lagunilla es Presidente de Iveco Espa\u00f1a y Director Global de manufacturing de la compa\u00f1\u00eda. Previamente ha sido Director de las plantas espa\u00f1olas de la marca en Valladolid y Madrid y posteriormente nombrado Responsable de Producci\u00f3n de [&hellip;]","og_url":"https:\/\/anteriores.premiosdelaindustria.es\/2025\/jurado\/angel-rodriguez-lagunilla\/","og_site_name":"Premios de la Industria en Espa\u00f1a","article_modified_time":"2025-03-31T07:39:26+00:00","og_image":[{"width":399,"height":510,"url":"https:\/\/anteriores.premiosdelaindustria.es\/2025\/wp-content\/uploads\/6-1.png","type":"image\/png"}],"twitter_card":"summary_large_image","twitter_misc":{"Tiempo de lectura":"1 minuto"},"schema":{"@context":"https:\/\/schema.org","@graph":[{"@type":"WebPage","@id":"https:\/\/anteriores.premiosdelaindustria.es\/2025\/jurado\/angel-rodriguez-lagunilla\/","url":"https:\/\/anteriores.premiosdelaindustria.es\/2025\/jurado\/angel-rodriguez-lagunilla\/","name":"\u00c1ngel Rodr\u00edguez Lagunilla - Premios de la Industria en Espa\u00f1a","isPartOf":{"@id":"https:\/\/anteriores.premiosdelaindustria.es\/2025\/#website"},"primaryImageOfPage":{"@id":"https:\/\/anteriores.premiosdelaindustria.es\/2025\/jurado\/angel-rodriguez-lagunilla\/#primaryimage"},"image":{"@id":"https:\/\/anteriores.premiosdelaindustria.es\/2025\/jurado\/angel-rodriguez-lagunilla\/#primaryimage"},"thumbnailUrl":"https:\/\/anteriores.premiosdelaindustria.es\/2025\/wp-content\/uploads\/6-1.png","datePublished":"2025-03-25T09:35:50+00:00","dateModified":"2025-03-31T07:39:26+00:00","breadcrumb":{"@id":"https:\/\/anteriores.premiosdelaindustria.es\/2025\/jurado\/angel-rodriguez-lagunilla\/#breadcrumb"},"inLanguage":"es","potentialAction":[{"@type":"ReadAction","target":["https:\/\/anteriores.premiosdelaindustria.es\/2025\/jurado\/angel-rodriguez-lagunilla\/"]}]},{"@type":"ImageObject","inLanguage":"es","@id":"https:\/\/anteriores.premiosdelaindustria.es\/2025\/jurado\/angel-rodriguez-lagunilla\/#primaryimage","url":"https:\/\/anteriores.premiosdelaindustria.es\/2025\/wp-content\/uploads\/6-1.png","contentUrl":"https:\/\/anteriores.premiosdelaindustria.es\/2025\/wp-content\/uploads\/6-1.png","width":399,"height":510},{"@type":"BreadcrumbList","@id":"https:\/\/anteriores.premiosdelaindustria.es\/2025\/jurado\/angel-rodriguez-lagunilla\/#breadcrumb","itemListElement":[{"@type":"ListItem","position":1,"name":"Portada","item":"https:\/\/anteriores.premiosdelaindustria.es\/2025\/"},{"@type":"ListItem","position":2,"name":"Jurado","item":"https:\/\/anteriores.premiosdelaindustria.es\/2025\/jurado\/"},{"@type":"ListItem","position":3,"name":"\u00c1ngel Rodr\u00edguez Lagunilla"}]},{"@type":"WebSite","@id":"https:\/\/anteriores.premiosdelaindustria.es\/2025\/#website","url":"https:\/\/anteriores.premiosdelaindustria.es\/2025\/","name":"Premios de la Industria en Espa\u00f1a","description":"Desde 2017 se promueven los Premios de la Industria en Espa&ntilde;a, que tratan de dar visibilidad a todas aquellas personas, f&iacute;sicas o jur&iacute;dicas, que en las diferentes categor&iacute;as que se detallar&aacute;n a continuaci&oacute;n, han destacado por su aportaci&oacute;n. Creemos que es muy importante la difusi&oacute;n y el reconocimiento del aporte de la industria y sus beneficios para las personas. Lo mismo sucede con el aporte de la industria moderna para la sociedad y el entorno.","publisher":{"@id":"https:\/\/anteriores.premiosdelaindustria.es\/2025\/#organization"},"potentialAction":[{"@type":"SearchAction","target":{"@type":"EntryPoint","urlTemplate":"https:\/\/anteriores.premiosdelaindustria.es\/2025\/?s={search_term_string}"},"query-input":{"@type":"PropertyValueSpecification","valueRequired":true,"valueName":"search_term_string"}}],"inLanguage":"es"},{"@type":"Organization","@id":"https:\/\/anteriores.premiosdelaindustria.es\/2025\/#organization","name":"Premios de la Industria en Espa\u00f1a","url":"https:\/\/anteriores.premiosdelaindustria.es\/2025\/","logo":{"@type":"ImageObject","inLanguage":"es","@id":"https:\/\/anteriores.premiosdelaindustria.es\/2025\/#\/schema\/logo\/image\/","url":"https:\/\/anteriores.premiosdelaindustria.es\/2025\/wp-content\/uploads\/logotipo-premios-blanco.png","contentUrl":"https:\/\/anteriores.premiosdelaindustria.es\/2025\/wp-content\/uploads\/logotipo-premios-blanco.png","width":687,"height":216,"caption":"Premios de la Industria en Espa\u00f1a"},"image":{"@id":"https:\/\/anteriores.premiosdelaindustria.es\/2025\/#\/schema\/logo\/image\/"}}]}},"_links":{"self":[{"href":"https:\/\/anteriores.premiosdelaindustria.es\/2025\/wp-json\/wp\/v2\/pages\/393","targetHints":{"allow":["GET"]}}],"collection":[{"href":"https:\/\/anteriores.premiosdelaindustria.es\/2025\/wp-json\/wp\/v2\/pages"}],"about":[{"href":"https:\/\/anteriores.premiosdelaindustria.es\/2025\/wp-json\/wp\/v2\/types\/page"}],"author":[{"embeddable":true,"href":"https:\/\/anteriores.premiosdelaindustria.es\/2025\/wp-json\/wp\/v2\/users\/2"}],"replies":[{"embeddable":true,"href":"https:\/\/anteriores.premiosdelaindustria.es\/2025\/wp-json\/wp\/v2\/comments?post=393"}],"version-history":[{"count":11,"href":"https:\/\/anteriores.premiosdelaindustria.es\/2025\/wp-json\/wp\/v2\/pages\/393\/revisions"}],"predecessor-version":[{"id":619,"href":"https:\/\/anteriores.premiosdelaindustria.es\/2025\/wp-json\/wp\/v2\/pages\/393\/revisions\/619"}],"up":[{"embeddable":true,"href":"https:\/\/anteriores.premiosdelaindustria.es\/2025\/wp-json\/wp\/v2\/pages\/327"}],"wp:attachment":[{"href":"https:\/\/anteriores.premiosdelaindustria.es\/2025\/wp-json\/wp\/v2\/media?parent=393"}],"curies":[{"name":"wp","href":"https:\/\/api.w.org\/{rel}","templated":true}]}}