{"id":338,"date":"2025-03-24T17:22:28","date_gmt":"2025-03-24T17:22:28","guid":{"rendered":"https:\/\/anteriores.premiosdelaindustria.es\/2025\/?page_id=338"},"modified":"2025-04-07T08:45:23","modified_gmt":"2025-04-07T08:45:23","slug":"bases","status":"publish","type":"page","link":"https:\/\/anteriores.premiosdelaindustria.es\/2025\/bases\/","title":{"rendered":"Bases"},"content":{"rendered":"\t\t<div data-elementor-type=\"wp-page\" data-elementor-id=\"338\" class=\"elementor elementor-338\" data-elementor-post-type=\"page\">\n\t\t\t\t<div class=\"elementor-element elementor-element-38f5eb5 e-flex e-con-boxed e-con e-parent\" data-id=\"38f5eb5\" data-element_type=\"container\" data-settings=\"{&quot;background_background&quot;:&quot;gradient&quot;}\">\n\t\t\t\t\t<div class=\"e-con-inner\">\n\t\t<div class=\"elementor-element elementor-element-4f234303 e-con-full e-flex e-con e-child\" data-id=\"4f234303\" data-element_type=\"container\">\n\t\t\t\t<div class=\"elementor-element elementor-element-6a5a0b7b elementor-invisible elementor-widget elementor-widget-heading\" data-id=\"6a5a0b7b\" data-element_type=\"widget\" data-settings=\"{&quot;_animation&quot;:&quot;fadeInUp&quot;,&quot;_animation_delay&quot;:200}\" data-widget_type=\"heading.default\">\n\t\t\t\t<div class=\"elementor-widget-container\">\n\t\t\t\t\t<h1 class=\"elementor-heading-title elementor-size-default\">Bases<\/h1>\t\t\t\t<\/div>\n\t\t\t\t<\/div>\n\t\t\t\t<\/div>\n\t\t\t\t\t<\/div>\n\t\t\t\t<\/div>\n\t\t<div class=\"elementor-element elementor-element-710e31cb e-con-full e-flex e-con e-parent\" data-id=\"710e31cb\" data-element_type=\"container\" data-settings=\"{&quot;background_background&quot;:&quot;classic&quot;}\">\n\t\t<div class=\"elementor-element elementor-element-596f3da1 e-flex e-con-boxed elementor-invisible e-con e-child\" data-id=\"596f3da1\" data-element_type=\"container\" data-settings=\"{&quot;animation&quot;:&quot;fadeInLeft&quot;}\">\n\t\t\t\t\t<div class=\"e-con-inner\">\n\t\t\t\t<div class=\"elementor-element elementor-element-3785315 elementor-widget__width-auto elementor-widget elementor-widget-text-editor\" data-id=\"3785315\" data-element_type=\"widget\" data-widget_type=\"text-editor.default\">\n\t\t\t\t<div class=\"elementor-widget-container\">\n\t\t\t\t\t\t\t\t\t<div id=\"lipsum\"><p><strong>Consulta las bases y presenta tu candidatura a los VIII Premios de la Industria en Espa\u00f1a<\/strong><\/p><p>La industria es el motor del progreso, impulsando la innovaci\u00f3n, el desarrollo tecnol\u00f3gico y el crecimiento econ\u00f3mico. Desde 2017, los <strong>Premios de la Industria en Espa\u00f1a<\/strong> han reconocido a las empresas y profesionales que destacan en diferentes \u00e1mbitos industriales, premiando su esfuerzo, creatividad y compromiso con la excelencia.<\/p><p>En esta octava edici\u00f3n, el certamen vuelve a poner en valor el talento y la capacidad transformadora del sector, ofreciendo una plataforma de prestigio para aquellas organizaciones y personas que est\u00e1n liderando el cambio.<\/p><p><strong>\u00bfQui\u00e9n puede participar?<\/strong><\/p><p>Los premios est\u00e1n abiertos a <strong>empresas, profesionales e instituciones<\/strong> que hayan desarrollado proyectos innovadores, mejorado procesos industriales o contribuido de forma significativa al avance del sector. Se podr\u00e1 participar en una o varias categor\u00edas, siempre que se cumplan los requisitos establecidos en las bases.<\/p><p><strong>Categor\u00edas en las que puedes inscribirte<\/strong><\/p><p>Los VIII Premios de la Industria en Espa\u00f1a cuentan con diversas categor\u00edas que reflejan la diversidad del sector y su impacto en la sociedad:<br \/>\ud83d\udd39 <strong>Innovaci\u00f3n industrial<\/strong>: Proyectos que incorporan IoT, IA, automatizaci\u00f3n y otros avances de la industria 5.0., construcci\u00f3n, h\u00e1bitat, etc.\u00a0<br \/>\ud83d\udd39 <strong>Industria solidaria<\/strong>: Iniciativas empresariales con un fuerte compromiso social y ambiental.<br \/>\ud83d\udd39 <strong>Industria agroalimentaria<\/strong>: Propuestas que contribuyan a la mejora del sector agroalimentario.<br \/>\ud83d\udd39 <strong>Industria de la movilidad<\/strong>: Proyectos innovadores en automoci\u00f3n y transporte.<br \/>\ud83d\udd39 <strong>Industria TIC<\/strong>: Empresas destacadas en tecnolog\u00eda y comunicaci\u00f3n digital.<br \/>\ud83d\udd39 <strong>Iniciativa emergente<\/strong>: Startups y nuevas iniciativas industriales con alto impacto.<\/p><p>Adem\u00e1s, se otorgar\u00e1n dos <strong>premios especiales<\/strong>:<br \/>\ud83c\udfc6 <strong>Premio a la Comunicaci\u00f3n<\/strong>: Para quienes han contribuido a mejorar la percepci\u00f3n p\u00fablica de la industria.<br \/>\ud83c\udfc6 <strong>Premio a la Trayectoria Profesional<\/strong>: Reconocimiento a una carrera destacada en el \u00e1mbito industrial y tecnol\u00f3gico.<\/p><p><strong>Beneficios de participar<\/strong><\/p><p>Ser finalista o ganador en los <strong>Premios de la Industria en Espa\u00f1a<\/strong> supone un importante impulso empresarial, ofreciendo:<br \/>\u2714 <strong>Repercusi\u00f3n medi\u00e1tica<\/strong> y visibilidad en el sector.<br \/>\u2714 <strong>Oportunidades de networking<\/strong> con l\u00edderes industriales.<br \/>\u2714 <strong>Prestigio y reconocimiento<\/strong> para tu empresa o proyecto.<br \/>\u2714 <strong>Posibilidad de colaborar con la Agencia de Innovaci\u00f3n y Desarrollo Econ\u00f3mico de Valladolid<\/strong> en pruebas piloto de proyectos de innovaci\u00f3n empresarial.<\/p><p><strong>Plazos y proceso de inscripci\u00f3n<\/strong><\/p><p>\ud83d\udcc5 <strong>Env\u00edo de candidaturas<\/strong>: Desde el 1 de abril hasta el 13 de mayo de 2025.<br \/>\ud83d\udcc5 <strong>Gala de entrega de premios<\/strong>: 19 de junio de 2025 en el Auditorio del Centro Cultural Miguel Delibes.<\/p><p>Si quieres ser parte de esta edici\u00f3n y optar a un reconocimiento que impulse tu empresa, consulta las bases completas del certamen y <strong>presenta tu candidatura<\/strong>.<\/p><\/div>\t\t\t\t\t\t\t\t<\/div>\n\t\t\t\t<\/div>\n\t\t\t\t<div class=\"elementor-element elementor-element-f9b8695 elementor-align-center elementor-invisible elementor-widget elementor-widget-button\" data-id=\"f9b8695\" data-element_type=\"widget\" data-settings=\"{&quot;_animation&quot;:&quot;fadeInUp&quot;,&quot;_animation_delay&quot;:350}\" data-widget_type=\"button.default\">\n\t\t\t\t<div class=\"elementor-widget-container\">\n\t\t\t\t\t\t\t\t\t<div class=\"elementor-button-wrapper\">\n\t\t\t\t\t<a class=\"elementor-button elementor-button-link elementor-size-sm\" href=\"https:\/\/anteriores.premiosdelaindustria.es\/2025\/wp-content\/uploads\/Bases-Premios-de-la-Industria-en-Espana-2025.pdf\" target=\"_blank\">\n\t\t\t\t\t\t<span class=\"elementor-button-content-wrapper\">\n\t\t\t\t\t\t<span class=\"elementor-button-icon\">\n\t\t\t\t<i aria-hidden=\"true\" class=\"icons icon-arrow-right\"><\/i>\t\t\t<\/span>\n\t\t\t\t\t\t\t\t\t<span class=\"elementor-button-text\">DESCARGA AQU\u00cd LAS BASES<\/span>\n\t\t\t\t\t<\/span>\n\t\t\t\t\t<\/a>\n\t\t\t\t<\/div>\n\t\t\t\t\t\t\t\t<\/div>\n\t\t\t\t<\/div>\n\t\t\t\t\t<\/div>\n\t\t\t\t<\/div>\n\t\t\t\t<\/div>\n\t\t\t\t<\/div>\n\t\t","protected":false},"excerpt":{"rendered":"<p>Lorem ipsum dolor sit amet, consectetur adipiscing elit. Sed et commodo purus, quis rutrum dolor. Curabitur placerat nisi in quam lobortis commodo. Aliquam maximus lectus a tincidunt viverra. Suspendisse ut quam a risus dignissim ullamcorper sed in erat. Integer tristique facilisis neque, nec placerat ante volutpat at. Nam eget libero non mi aliquam egestas. Ut [&hellip;]<\/p>\n","protected":false},"author":1,"featured_media":0,"parent":0,"menu_order":0,"comment_status":"closed","ping_status":"closed","template":"","meta":{"footnotes":""},"class_list":["post-338","page","type-page","status-publish","hentry"],"yoast_head":"<!-- This site is optimized with the Yoast SEO plugin v24.9 - https:\/\/yoast.com\/wordpress\/plugins\/seo\/ -->\n<title>Bases - Premios de la Industria en Espa\u00f1a<\/title>\n<meta name=\"robots\" content=\"index, follow, max-snippet:-1, max-image-preview:large, max-video-preview:-1\" \/>\n<link rel=\"canonical\" href=\"https:\/\/anteriores.premiosdelaindustria.es\/2025\/bases\/\" \/>\n<meta property=\"og:locale\" content=\"es_ES\" \/>\n<meta property=\"og:type\" content=\"article\" \/>\n<meta property=\"og:title\" content=\"Bases - Premios de la Industria en Espa\u00f1a\" \/>\n<meta property=\"og:description\" content=\"Lorem ipsum dolor sit amet, consectetur adipiscing elit. Sed et commodo purus, quis rutrum dolor. Curabitur placerat nisi in quam lobortis commodo. Aliquam maximus lectus a tincidunt viverra. Suspendisse ut quam a risus dignissim ullamcorper sed in erat. Integer tristique facilisis neque, nec placerat ante volutpat at. Nam eget libero non mi aliquam egestas. Ut [&hellip;]\" \/>\n<meta property=\"og:url\" content=\"https:\/\/anteriores.premiosdelaindustria.es\/2025\/bases\/\" \/>\n<meta property=\"og:site_name\" content=\"Premios de la Industria en Espa\u00f1a\" \/>\n<meta property=\"article:modified_time\" content=\"2025-04-07T08:45:23+00:00\" \/>\n<meta name=\"twitter:card\" content=\"summary_large_image\" \/>\n<meta name=\"twitter:label1\" content=\"Tiempo de lectura\" \/>\n\t<meta name=\"twitter:data1\" content=\"2 minutos\" \/>\n<script type=\"application\/ld+json\" class=\"yoast-schema-graph\">{\"@context\":\"https:\/\/schema.org\",\"@graph\":[{\"@type\":\"WebPage\",\"@id\":\"https:\/\/anteriores.premiosdelaindustria.es\/2025\/bases\/\",\"url\":\"https:\/\/anteriores.premiosdelaindustria.es\/2025\/bases\/\",\"name\":\"Bases - Premios de la Industria en Espa\u00f1a\",\"isPartOf\":{\"@id\":\"https:\/\/anteriores.premiosdelaindustria.es\/2025\/#website\"},\"datePublished\":\"2025-03-24T17:22:28+00:00\",\"dateModified\":\"2025-04-07T08:45:23+00:00\",\"breadcrumb\":{\"@id\":\"https:\/\/anteriores.premiosdelaindustria.es\/2025\/bases\/#breadcrumb\"},\"inLanguage\":\"es\",\"potentialAction\":[{\"@type\":\"ReadAction\",\"target\":[\"https:\/\/anteriores.premiosdelaindustria.es\/2025\/bases\/\"]}]},{\"@type\":\"BreadcrumbList\",\"@id\":\"https:\/\/anteriores.premiosdelaindustria.es\/2025\/bases\/#breadcrumb\",\"itemListElement\":[{\"@type\":\"ListItem\",\"position\":1,\"name\":\"Portada\",\"item\":\"https:\/\/anteriores.premiosdelaindustria.es\/2025\/\"},{\"@type\":\"ListItem\",\"position\":2,\"name\":\"Bases\"}]},{\"@type\":\"WebSite\",\"@id\":\"https:\/\/anteriores.premiosdelaindustria.es\/2025\/#website\",\"url\":\"https:\/\/anteriores.premiosdelaindustria.es\/2025\/\",\"name\":\"Premios de la Industria en Espa\u00f1a\",\"description\":\"Desde 2017 se promueven los Premios de la Industria en Espa&ntilde;a, que tratan de dar visibilidad a todas aquellas personas, f&iacute;sicas o jur&iacute;dicas, que en las diferentes categor&iacute;as que se detallar&aacute;n a continuaci&oacute;n, han destacado por su aportaci&oacute;n. Creemos que es muy importante la difusi&oacute;n y el reconocimiento del aporte de la industria y sus beneficios para las personas. Lo mismo sucede con el aporte de la industria moderna para la sociedad y el entorno.\",\"publisher\":{\"@id\":\"https:\/\/anteriores.premiosdelaindustria.es\/2025\/#organization\"},\"potentialAction\":[{\"@type\":\"SearchAction\",\"target\":{\"@type\":\"EntryPoint\",\"urlTemplate\":\"https:\/\/anteriores.premiosdelaindustria.es\/2025\/?s={search_term_string}\"},\"query-input\":{\"@type\":\"PropertyValueSpecification\",\"valueRequired\":true,\"valueName\":\"search_term_string\"}}],\"inLanguage\":\"es\"},{\"@type\":\"Organization\",\"@id\":\"https:\/\/anteriores.premiosdelaindustria.es\/2025\/#organization\",\"name\":\"Premios de la Industria en Espa\u00f1a\",\"url\":\"https:\/\/anteriores.premiosdelaindustria.es\/2025\/\",\"logo\":{\"@type\":\"ImageObject\",\"inLanguage\":\"es\",\"@id\":\"https:\/\/anteriores.premiosdelaindustria.es\/2025\/#\/schema\/logo\/image\/\",\"url\":\"https:\/\/anteriores.premiosdelaindustria.es\/2025\/wp-content\/uploads\/logotipo-premios-blanco.png\",\"contentUrl\":\"https:\/\/anteriores.premiosdelaindustria.es\/2025\/wp-content\/uploads\/logotipo-premios-blanco.png\",\"width\":687,\"height\":216,\"caption\":\"Premios de la Industria en Espa\u00f1a\"},\"image\":{\"@id\":\"https:\/\/anteriores.premiosdelaindustria.es\/2025\/#\/schema\/logo\/image\/\"}}]}<\/script>\n<!-- \/ Yoast SEO plugin. -->","yoast_head_json":{"title":"Bases - Premios de la Industria en Espa\u00f1a","robots":{"index":"index","follow":"follow","max-snippet":"max-snippet:-1","max-image-preview":"max-image-preview:large","max-video-preview":"max-video-preview:-1"},"canonical":"https:\/\/anteriores.premiosdelaindustria.es\/2025\/bases\/","og_locale":"es_ES","og_type":"article","og_title":"Bases - Premios de la Industria en Espa\u00f1a","og_description":"Lorem ipsum dolor sit amet, consectetur adipiscing elit. Sed et commodo purus, quis rutrum dolor. Curabitur placerat nisi in quam lobortis commodo. Aliquam maximus lectus a tincidunt viverra. Suspendisse ut quam a risus dignissim ullamcorper sed in erat. Integer tristique facilisis neque, nec placerat ante volutpat at. Nam eget libero non mi aliquam egestas. Ut [&hellip;]","og_url":"https:\/\/anteriores.premiosdelaindustria.es\/2025\/bases\/","og_site_name":"Premios de la Industria en Espa\u00f1a","article_modified_time":"2025-04-07T08:45:23+00:00","twitter_card":"summary_large_image","twitter_misc":{"Tiempo de lectura":"2 minutos"},"schema":{"@context":"https:\/\/schema.org","@graph":[{"@type":"WebPage","@id":"https:\/\/anteriores.premiosdelaindustria.es\/2025\/bases\/","url":"https:\/\/anteriores.premiosdelaindustria.es\/2025\/bases\/","name":"Bases - Premios de la Industria en Espa\u00f1a","isPartOf":{"@id":"https:\/\/anteriores.premiosdelaindustria.es\/2025\/#website"},"datePublished":"2025-03-24T17:22:28+00:00","dateModified":"2025-04-07T08:45:23+00:00","breadcrumb":{"@id":"https:\/\/anteriores.premiosdelaindustria.es\/2025\/bases\/#breadcrumb"},"inLanguage":"es","potentialAction":[{"@type":"ReadAction","target":["https:\/\/anteriores.premiosdelaindustria.es\/2025\/bases\/"]}]},{"@type":"BreadcrumbList","@id":"https:\/\/anteriores.premiosdelaindustria.es\/2025\/bases\/#breadcrumb","itemListElement":[{"@type":"ListItem","position":1,"name":"Portada","item":"https:\/\/anteriores.premiosdelaindustria.es\/2025\/"},{"@type":"ListItem","position":2,"name":"Bases"}]},{"@type":"WebSite","@id":"https:\/\/anteriores.premiosdelaindustria.es\/2025\/#website","url":"https:\/\/anteriores.premiosdelaindustria.es\/2025\/","name":"Premios de la Industria en Espa\u00f1a","description":"Desde 2017 se promueven los Premios de la Industria en Espa&ntilde;a, que tratan de dar visibilidad a todas aquellas personas, f&iacute;sicas o jur&iacute;dicas, que en las diferentes categor&iacute;as que se detallar&aacute;n a continuaci&oacute;n, han destacado por su aportaci&oacute;n. Creemos que es muy importante la difusi&oacute;n y el reconocimiento del aporte de la industria y sus beneficios para las personas. Lo mismo sucede con el aporte de la industria moderna para la sociedad y el entorno.","publisher":{"@id":"https:\/\/anteriores.premiosdelaindustria.es\/2025\/#organization"},"potentialAction":[{"@type":"SearchAction","target":{"@type":"EntryPoint","urlTemplate":"https:\/\/anteriores.premiosdelaindustria.es\/2025\/?s={search_term_string}"},"query-input":{"@type":"PropertyValueSpecification","valueRequired":true,"valueName":"search_term_string"}}],"inLanguage":"es"},{"@type":"Organization","@id":"https:\/\/anteriores.premiosdelaindustria.es\/2025\/#organization","name":"Premios de la Industria en Espa\u00f1a","url":"https:\/\/anteriores.premiosdelaindustria.es\/2025\/","logo":{"@type":"ImageObject","inLanguage":"es","@id":"https:\/\/anteriores.premiosdelaindustria.es\/2025\/#\/schema\/logo\/image\/","url":"https:\/\/anteriores.premiosdelaindustria.es\/2025\/wp-content\/uploads\/logotipo-premios-blanco.png","contentUrl":"https:\/\/anteriores.premiosdelaindustria.es\/2025\/wp-content\/uploads\/logotipo-premios-blanco.png","width":687,"height":216,"caption":"Premios de la Industria en Espa\u00f1a"},"image":{"@id":"https:\/\/anteriores.premiosdelaindustria.es\/2025\/#\/schema\/logo\/image\/"}}]}},"_links":{"self":[{"href":"https:\/\/anteriores.premiosdelaindustria.es\/2025\/wp-json\/wp\/v2\/pages\/338","targetHints":{"allow":["GET"]}}],"collection":[{"href":"https:\/\/anteriores.premiosdelaindustria.es\/2025\/wp-json\/wp\/v2\/pages"}],"about":[{"href":"https:\/\/anteriores.premiosdelaindustria.es\/2025\/wp-json\/wp\/v2\/types\/page"}],"author":[{"embeddable":true,"href":"https:\/\/anteriores.premiosdelaindustria.es\/2025\/wp-json\/wp\/v2\/users\/1"}],"replies":[{"embeddable":true,"href":"https:\/\/anteriores.premiosdelaindustria.es\/2025\/wp-json\/wp\/v2\/comments?post=338"}],"version-history":[{"count":17,"href":"https:\/\/anteriores.premiosdelaindustria.es\/2025\/wp-json\/wp\/v2\/pages\/338\/revisions"}],"predecessor-version":[{"id":772,"href":"https:\/\/anteriores.premiosdelaindustria.es\/2025\/wp-json\/wp\/v2\/pages\/338\/revisions\/772"}],"wp:attachment":[{"href":"https:\/\/anteriores.premiosdelaindustria.es\/2025\/wp-json\/wp\/v2\/media?parent=338"}],"curies":[{"name":"wp","href":"https:\/\/api.w.org\/{rel}","templated":true}]}}