{"id":1166,"date":"2025-06-19T09:10:18","date_gmt":"2025-06-19T09:10:18","guid":{"rendered":"https:\/\/anteriores.premiosdelaindustria.es\/2025\/?page_id=1166"},"modified":"2025-06-19T19:30:31","modified_gmt":"2025-06-19T19:30:31","slug":"clemente-gonzalez-soler","status":"publish","type":"page","link":"https:\/\/anteriores.premiosdelaindustria.es\/2025\/ganadores-2025\/clemente-gonzalez-soler\/","title":{"rendered":"Clemente Gonz\u00e1lez Soler"},"content":{"rendered":"\t\t<div data-elementor-type=\"wp-page\" data-elementor-id=\"1166\" class=\"elementor elementor-1166\" data-elementor-post-type=\"page\">\n\t\t\t\t<div class=\"elementor-element elementor-element-38f5eb5 e-flex e-con-boxed e-con e-parent\" data-id=\"38f5eb5\" data-element_type=\"container\" data-settings=\"{&quot;background_background&quot;:&quot;gradient&quot;}\">\n\t\t\t\t\t<div class=\"e-con-inner\">\n\t\t<div class=\"elementor-element elementor-element-4f234303 e-con-full e-flex e-con e-child\" data-id=\"4f234303\" data-element_type=\"container\">\n\t\t\t\t<div class=\"elementor-element elementor-element-6a5a0b7b elementor-invisible elementor-widget elementor-widget-heading\" data-id=\"6a5a0b7b\" data-element_type=\"widget\" data-settings=\"{&quot;_animation&quot;:&quot;fadeInUp&quot;,&quot;_animation_delay&quot;:200}\" data-widget_type=\"heading.default\">\n\t\t\t\t<div class=\"elementor-widget-container\">\n\t\t\t\t\t<h1 class=\"elementor-heading-title elementor-size-default\">Clemente Gonz\u00e1lez Soler<\/h1>\t\t\t\t<\/div>\n\t\t\t\t<\/div>\n\t\t\t\t<div class=\"elementor-element elementor-element-a7550c1 elementor-align-center elementor-widget elementor-widget-button\" data-id=\"a7550c1\" data-element_type=\"widget\" data-widget_type=\"button.default\">\n\t\t\t\t<div class=\"elementor-widget-container\">\n\t\t\t\t\t\t\t\t\t<div class=\"elementor-button-wrapper\">\n\t\t\t\t\t<a class=\"elementor-button elementor-button-link elementor-size-sm\" href=\"https:\/\/anteriores.premiosdelaindustria.es\/2025\/ganadores-2025\/\">\n\t\t\t\t\t\t<span class=\"elementor-button-content-wrapper\">\n\t\t\t\t\t\t\t\t\t<span class=\"elementor-button-text\">Volver a ganadores 2025<\/span>\n\t\t\t\t\t<\/span>\n\t\t\t\t\t<\/a>\n\t\t\t\t<\/div>\n\t\t\t\t\t\t\t\t<\/div>\n\t\t\t\t<\/div>\n\t\t\t\t<\/div>\n\t\t\t\t\t<\/div>\n\t\t\t\t<\/div>\n\t\t<div class=\"elementor-element elementor-element-88ec6f2 e-flex e-con-boxed e-con e-parent\" data-id=\"88ec6f2\" data-element_type=\"container\">\n\t\t\t\t\t<div class=\"e-con-inner\">\n\t\t\t\t<div class=\"elementor-element elementor-element-d45b6b8 elementor-widget elementor-widget-image\" data-id=\"d45b6b8\" data-element_type=\"widget\" data-widget_type=\"image.default\">\n\t\t\t\t<div class=\"elementor-widget-container\">\n\t\t\t\t\t\t\t\t\t\t\t\t\t\t\t<img decoding=\"async\" width=\"128\" height=\"132\" src=\"https:\/\/anteriores.premiosdelaindustria.es\/2025\/wp-content\/uploads\/favicon.png\" class=\"attachment-large size-large wp-image-18\" alt=\"\" \/>\t\t\t\t\t\t\t\t\t\t\t\t\t\t\t<\/div>\n\t\t\t\t<\/div>\n\t\t\t\t<div class=\"elementor-element elementor-element-502606b elementor-invisible elementor-widget elementor-widget-heading\" data-id=\"502606b\" data-element_type=\"widget\" data-settings=\"{&quot;_animation&quot;:&quot;fadeInUp&quot;,&quot;_animation_delay&quot;:200}\" data-widget_type=\"heading.default\">\n\t\t\t\t<div class=\"elementor-widget-container\">\n\t\t\t\t\t<h2 class=\"elementor-heading-title elementor-size-default\">Premio a la <span style=\"color:#FCC201;\">Trayectoria Profesional<\/span><\/h2>\t\t\t\t<\/div>\n\t\t\t\t<\/div>\n\t\t\t\t\t<\/div>\n\t\t\t\t<\/div>\n\t\t<div class=\"elementor-element elementor-element-e511d49 e-flex e-con-boxed e-con e-parent\" data-id=\"e511d49\" data-element_type=\"container\">\n\t\t\t\t\t<div class=\"e-con-inner\">\n\t\t<div class=\"elementor-element elementor-element-337eef3 e-con-full e-flex e-con e-child\" data-id=\"337eef3\" data-element_type=\"container\">\n\t\t\t\t<div class=\"elementor-element elementor-element-c90ffbb elementor-widget elementor-widget-image\" data-id=\"c90ffbb\" data-element_type=\"widget\" data-widget_type=\"image.default\">\n\t\t\t\t<div class=\"elementor-widget-container\">\n\t\t\t\t\t\t\t\t\t\t\t\t\t\t\t<img fetchpriority=\"high\" decoding=\"async\" width=\"1920\" height=\"1080\" src=\"https:\/\/anteriores.premiosdelaindustria.es\/2025\/wp-content\/uploads\/Clemente-Gonzalez-Soler-web.jpg\" class=\"attachment-full size-full wp-image-1168\" alt=\"\" srcset=\"https:\/\/anteriores.premiosdelaindustria.es\/2025\/wp-content\/uploads\/Clemente-Gonzalez-Soler-web.jpg 1920w, https:\/\/anteriores.premiosdelaindustria.es\/2025\/wp-content\/uploads\/Clemente-Gonzalez-Soler-web-768x432.jpg 768w, https:\/\/anteriores.premiosdelaindustria.es\/2025\/wp-content\/uploads\/Clemente-Gonzalez-Soler-web-1536x864.jpg 1536w\" sizes=\"(max-width: 1920px) 100vw, 1920px\" \/>\t\t\t\t\t\t\t\t\t\t\t\t\t\t\t<\/div>\n\t\t\t\t<\/div>\n\t\t\t\t<\/div>\n\t\t<div class=\"elementor-element elementor-element-9f7fea5 e-con-full e-flex e-con e-child\" data-id=\"9f7fea5\" data-element_type=\"container\">\n\t\t\t\t<div class=\"elementor-element elementor-element-1d55a64 elementor-widget elementor-widget-text-editor\" data-id=\"1d55a64\" data-element_type=\"widget\" data-widget_type=\"text-editor.default\">\n\t\t\t\t<div class=\"elementor-widget-container\">\n\t\t\t\t\t\t\t\t\t<p>El Premio \u2018Trayectoria Profesional\u2019 de los Premios de la Industria en Espa\u00f1a busca reconocer el galard\u00f3n a a personas cuya influencia y legado han contribuido de forma decisiva al desarrollo del sector industrial. En su decisi\u00f3n, el jurado ha valorado el \u00e9xito empresarial de <strong>Clemente Gonz\u00e1lez<\/strong>, pero tambi\u00e9n su compromiso con la innovaci\u00f3n, la sostenibilidad y la formaci\u00f3n. Este galard\u00f3n ha honrado a grandes profesionales cuya labor ha marcado un antes y un despu\u00e9s en la industria.&nbsp;<\/p>\t\t\t\t\t\t\t\t<\/div>\n\t\t\t\t<\/div>\n\t\t\t\t<\/div>\n\t\t\t\t\t<\/div>\n\t\t\t\t<\/div>\n\t\t<div class=\"elementor-element elementor-element-85edf18 e-flex e-con-boxed e-con e-parent\" data-id=\"85edf18\" data-element_type=\"container\" data-settings=\"{&quot;background_background&quot;:&quot;classic&quot;}\">\n\t\t\t\t\t<div class=\"e-con-inner\">\n\t\t<div class=\"elementor-element elementor-element-0abd2b8 e-con-full e-flex e-con e-child\" data-id=\"0abd2b8\" data-element_type=\"container\">\n\t\t\t\t<div class=\"elementor-element elementor-element-fae36bc elementor-widget__width-initial elementor-widget elementor-widget-text-editor\" data-id=\"fae36bc\" data-element_type=\"widget\" data-widget_type=\"text-editor.default\">\n\t\t\t\t<div class=\"elementor-widget-container\">\n\t\t\t\t\t\t\t\t\t<p>El fundador, propietario y presidente ejecutivo del <strong>Grupo Alib\u00e9rico, Clemente Gonz\u00e1lez<\/strong> Soler, ha sido reconocido como el ganador del <strong>\u2018Premio a la Trayectoria\u2019<\/strong>. Este premio distingue a Clemente por sus logros, relevancia y dedicaci\u00f3n relacionados con la industria y tecnolog\u00eda especializada en la fabricaci\u00f3n de materiales avanzados de <strong>aluminio.<\/strong><\/p><p>Una de las iniciativas destacadas de Gonz\u00e1lez\u202fSoler ha sido la creaci\u00f3n de una <strong>planta de reciclaje que cierra el c\u00edrculo de econom\u00eda circular del aluminio<\/strong> y que abarca desde el reciclaje de chatarra hasta la producci\u00f3n de bobinas autosuficientes. Este compromiso con la <strong>innovaci\u00f3n sostenible<\/strong> ha sido elogiado en numerosas ocasiones, incluido el\u00a0Premio a la Trayectoria Empresarial del Congreso Advanced\u202fFactories\u00a0celebrado en Barcelona en 2022.<\/p><p>Pero su labor ha sido distinguida con <strong>otros muchos galardones<\/strong>, entre ellos el\u00a0Premio a la Personalidad M\u00e1s Relevante del A\u00f1o en Econom\u00eda y Finanzas\u00a0por El Economista, el\u00a0Premio de Honor de Castilla y Le\u00f3n Econ\u00f3mica, y varias condecoraciones de la Comunidad y del Ayuntamiento de Madrid; adem\u00e1s, es\u00a0presidente de ASELAM, asociaci\u00f3n que integra a todas las empresas laminadoras de aluminio en Espa\u00f1a.<\/p><p>El grupo Alib\u00e9rico ha logrado convertirse en <strong>referente a nivel mundial<\/strong> dentro del sector por su amplia gama de productos y su capacidad industrial. Tanto, que ha conseguido una presencia comercial en <strong>m\u00e1s de 90 pa\u00edses a lo largo de los 5 continentes<\/strong> gracias a su apuesta\u00a0 por la innovaci\u00f3n a trav\u00e9s de marcas propias, reconocidas a nivel mundial en los sectores del envase y el embalaje.<\/p><p><strong>Tecnolog\u00eda propia, liderazgo, sostenibilidad y control<\/strong> son algunas de las palabras que han acompa\u00f1ado a Clemente Gonz\u00e1lez Soler hasta la gala de los VIII Premios de la Industria en Espa\u00f1a que organiza la Fundaci\u00f3n TenoVitae.<\/p>\t\t\t\t\t\t\t\t<\/div>\n\t\t\t\t<\/div>\n\t\t\t\t<\/div>\n\t\t<div class=\"elementor-element elementor-element-361b4e9 e-con-full e-flex e-con e-child\" data-id=\"361b4e9\" data-element_type=\"container\">\n\t\t\t\t<div class=\"elementor-element elementor-element-107b2ae elementor-widget elementor-widget-image\" data-id=\"107b2ae\" data-element_type=\"widget\" data-widget_type=\"image.default\">\n\t\t\t\t<div class=\"elementor-widget-container\">\n\t\t\t\t\t\t\t\t\t\t\t\t\t\t\t<img decoding=\"async\" width=\"1500\" height=\"1092\" src=\"https:\/\/anteriores.premiosdelaindustria.es\/2025\/wp-content\/uploads\/VIII-Premios-Trayectoria.webp\" class=\"attachment-large size-large wp-image-1260\" alt=\"\" srcset=\"https:\/\/anteriores.premiosdelaindustria.es\/2025\/wp-content\/uploads\/VIII-Premios-Trayectoria.webp 1500w, https:\/\/anteriores.premiosdelaindustria.es\/2025\/wp-content\/uploads\/VIII-Premios-Trayectoria-768x559.webp 768w\" sizes=\"(max-width: 1500px) 100vw, 1500px\" \/>\t\t\t\t\t\t\t\t\t\t\t\t\t\t\t<\/div>\n\t\t\t\t<\/div>\n\t\t\t\t<\/div>\n\t\t\t\t\t<\/div>\n\t\t\t\t<\/div>\n\t\t<div class=\"elementor-element elementor-element-26064fd elementor-hidden-desktop elementor-hidden-tablet elementor-hidden-mobile e-flex e-con-boxed e-con e-parent\" data-id=\"26064fd\" data-element_type=\"container\">\n\t\t\t\t\t<div class=\"e-con-inner\">\n\t\t\t\t<div class=\"elementor-element elementor-element-661b4b2 elementor-widget elementor-widget-video\" data-id=\"661b4b2\" data-element_type=\"widget\" data-settings=\"{&quot;youtube_url&quot;:&quot;https:\\\/\\\/www.youtube.com\\\/watch?v=rey7qUvJBtM&quot;,&quot;video_type&quot;:&quot;youtube&quot;,&quot;controls&quot;:&quot;yes&quot;}\" data-widget_type=\"video.default\">\n\t\t\t\t<div class=\"elementor-widget-container\">\n\t\t\t\t\t\t\t<div class=\"elementor-wrapper elementor-open-inline\">\n\t\t\t<div class=\"elementor-video\"><\/div>\t\t<\/div>\n\t\t\t\t\t\t<\/div>\n\t\t\t\t<\/div>\n\t\t\t\t\t<\/div>\n\t\t\t\t<\/div>\n\t\t\t\t<\/div>\n\t\t","protected":false},"excerpt":{"rendered":"<p>Volver a ganadores 2025 Premio a la Trayectoria Profesional El Premio \u2018Trayectoria Profesional\u2019 de los Premios de la Industria en Espa\u00f1a busca reconocer el galard\u00f3n a a personas cuya influencia y legado han contribuido de forma decisiva al desarrollo del sector industrial. En su decisi\u00f3n, el jurado ha valorado el \u00e9xito empresarial de Clemente Gonz\u00e1lez, [&hellip;]<\/p>\n","protected":false},"author":1,"featured_media":0,"parent":1053,"menu_order":0,"comment_status":"closed","ping_status":"closed","template":"","meta":{"footnotes":""},"class_list":["post-1166","page","type-page","status-publish","hentry"],"yoast_head":"<!-- This site is optimized with the Yoast SEO plugin v24.9 - https:\/\/yoast.com\/wordpress\/plugins\/seo\/ -->\n<title>Clemente Gonz\u00e1lez Soler - Premios de la Industria en Espa\u00f1a<\/title>\n<meta name=\"robots\" content=\"index, follow, max-snippet:-1, max-image-preview:large, max-video-preview:-1\" \/>\n<link rel=\"canonical\" href=\"https:\/\/anteriores.premiosdelaindustria.es\/2025\/ganadores-2025\/clemente-gonzalez-soler\/\" \/>\n<meta property=\"og:locale\" content=\"es_ES\" \/>\n<meta property=\"og:type\" content=\"article\" \/>\n<meta property=\"og:title\" content=\"Clemente Gonz\u00e1lez Soler - Premios de la Industria en Espa\u00f1a\" \/>\n<meta property=\"og:description\" content=\"Volver a ganadores 2025 Premio a la Trayectoria Profesional El Premio \u2018Trayectoria Profesional\u2019 de los Premios de la Industria en Espa\u00f1a busca reconocer el galard\u00f3n a a personas cuya influencia y legado han contribuido de forma decisiva al desarrollo del sector industrial. En su decisi\u00f3n, el jurado ha valorado el \u00e9xito empresarial de Clemente Gonz\u00e1lez, [&hellip;]\" \/>\n<meta property=\"og:url\" content=\"https:\/\/anteriores.premiosdelaindustria.es\/2025\/ganadores-2025\/clemente-gonzalez-soler\/\" \/>\n<meta property=\"og:site_name\" content=\"Premios de la Industria en Espa\u00f1a\" \/>\n<meta property=\"article:modified_time\" content=\"2025-06-19T19:30:31+00:00\" \/>\n<meta property=\"og:image\" content=\"https:\/\/anteriores.premiosdelaindustria.es\/2025\/wp-content\/uploads\/favicon.png\" \/>\n\t<meta property=\"og:image:width\" content=\"128\" \/>\n\t<meta property=\"og:image:height\" content=\"132\" \/>\n\t<meta property=\"og:image:type\" content=\"image\/png\" \/>\n<meta name=\"twitter:card\" content=\"summary_large_image\" \/>\n<meta name=\"twitter:label1\" content=\"Tiempo de lectura\" \/>\n\t<meta name=\"twitter:data1\" content=\"3 minutos\" \/>\n<script type=\"application\/ld+json\" class=\"yoast-schema-graph\">{\"@context\":\"https:\/\/schema.org\",\"@graph\":[{\"@type\":\"WebPage\",\"@id\":\"https:\/\/anteriores.premiosdelaindustria.es\/2025\/ganadores-2025\/clemente-gonzalez-soler\/\",\"url\":\"https:\/\/anteriores.premiosdelaindustria.es\/2025\/ganadores-2025\/clemente-gonzalez-soler\/\",\"name\":\"Clemente Gonz\u00e1lez Soler - Premios de la Industria en Espa\u00f1a\",\"isPartOf\":{\"@id\":\"https:\/\/anteriores.premiosdelaindustria.es\/2025\/#website\"},\"primaryImageOfPage\":{\"@id\":\"https:\/\/anteriores.premiosdelaindustria.es\/2025\/ganadores-2025\/clemente-gonzalez-soler\/#primaryimage\"},\"image\":{\"@id\":\"https:\/\/anteriores.premiosdelaindustria.es\/2025\/ganadores-2025\/clemente-gonzalez-soler\/#primaryimage\"},\"thumbnailUrl\":\"https:\/\/anteriores.premiosdelaindustria.es\/2025\/wp-content\/uploads\/favicon.png\",\"datePublished\":\"2025-06-19T09:10:18+00:00\",\"dateModified\":\"2025-06-19T19:30:31+00:00\",\"breadcrumb\":{\"@id\":\"https:\/\/anteriores.premiosdelaindustria.es\/2025\/ganadores-2025\/clemente-gonzalez-soler\/#breadcrumb\"},\"inLanguage\":\"es\",\"potentialAction\":[{\"@type\":\"ReadAction\",\"target\":[\"https:\/\/anteriores.premiosdelaindustria.es\/2025\/ganadores-2025\/clemente-gonzalez-soler\/\"]}]},{\"@type\":\"ImageObject\",\"inLanguage\":\"es\",\"@id\":\"https:\/\/anteriores.premiosdelaindustria.es\/2025\/ganadores-2025\/clemente-gonzalez-soler\/#primaryimage\",\"url\":\"https:\/\/anteriores.premiosdelaindustria.es\/2025\/wp-content\/uploads\/favicon.png\",\"contentUrl\":\"https:\/\/anteriores.premiosdelaindustria.es\/2025\/wp-content\/uploads\/favicon.png\",\"width\":128,\"height\":132},{\"@type\":\"BreadcrumbList\",\"@id\":\"https:\/\/anteriores.premiosdelaindustria.es\/2025\/ganadores-2025\/clemente-gonzalez-soler\/#breadcrumb\",\"itemListElement\":[{\"@type\":\"ListItem\",\"position\":1,\"name\":\"Portada\",\"item\":\"https:\/\/anteriores.premiosdelaindustria.es\/2025\/\"},{\"@type\":\"ListItem\",\"position\":2,\"name\":\"Ganadores 2025\",\"item\":\"https:\/\/anteriores.premiosdelaindustria.es\/2025\/ganadores-2025\/\"},{\"@type\":\"ListItem\",\"position\":3,\"name\":\"Clemente Gonz\u00e1lez Soler\"}]},{\"@type\":\"WebSite\",\"@id\":\"https:\/\/anteriores.premiosdelaindustria.es\/2025\/#website\",\"url\":\"https:\/\/anteriores.premiosdelaindustria.es\/2025\/\",\"name\":\"Premios de la Industria en Espa\u00f1a\",\"description\":\"Desde 2017 se promueven los Premios de la Industria en Espa&ntilde;a, que tratan de dar visibilidad a todas aquellas personas, f&iacute;sicas o jur&iacute;dicas, que en las diferentes categor&iacute;as que se detallar&aacute;n a continuaci&oacute;n, han destacado por su aportaci&oacute;n. Creemos que es muy importante la difusi&oacute;n y el reconocimiento del aporte de la industria y sus beneficios para las personas. Lo mismo sucede con el aporte de la industria moderna para la sociedad y el entorno.\",\"publisher\":{\"@id\":\"https:\/\/anteriores.premiosdelaindustria.es\/2025\/#organization\"},\"potentialAction\":[{\"@type\":\"SearchAction\",\"target\":{\"@type\":\"EntryPoint\",\"urlTemplate\":\"https:\/\/anteriores.premiosdelaindustria.es\/2025\/?s={search_term_string}\"},\"query-input\":{\"@type\":\"PropertyValueSpecification\",\"valueRequired\":true,\"valueName\":\"search_term_string\"}}],\"inLanguage\":\"es\"},{\"@type\":\"Organization\",\"@id\":\"https:\/\/anteriores.premiosdelaindustria.es\/2025\/#organization\",\"name\":\"Premios de la Industria en Espa\u00f1a\",\"url\":\"https:\/\/anteriores.premiosdelaindustria.es\/2025\/\",\"logo\":{\"@type\":\"ImageObject\",\"inLanguage\":\"es\",\"@id\":\"https:\/\/anteriores.premiosdelaindustria.es\/2025\/#\/schema\/logo\/image\/\",\"url\":\"https:\/\/anteriores.premiosdelaindustria.es\/2025\/wp-content\/uploads\/logotipo-premios-blanco.png\",\"contentUrl\":\"https:\/\/anteriores.premiosdelaindustria.es\/2025\/wp-content\/uploads\/logotipo-premios-blanco.png\",\"width\":687,\"height\":216,\"caption\":\"Premios de la Industria en Espa\u00f1a\"},\"image\":{\"@id\":\"https:\/\/anteriores.premiosdelaindustria.es\/2025\/#\/schema\/logo\/image\/\"}}]}<\/script>\n<!-- \/ Yoast SEO plugin. -->","yoast_head_json":{"title":"Clemente Gonz\u00e1lez Soler - Premios de la Industria en Espa\u00f1a","robots":{"index":"index","follow":"follow","max-snippet":"max-snippet:-1","max-image-preview":"max-image-preview:large","max-video-preview":"max-video-preview:-1"},"canonical":"https:\/\/anteriores.premiosdelaindustria.es\/2025\/ganadores-2025\/clemente-gonzalez-soler\/","og_locale":"es_ES","og_type":"article","og_title":"Clemente Gonz\u00e1lez Soler - Premios de la Industria en Espa\u00f1a","og_description":"Volver a ganadores 2025 Premio a la Trayectoria Profesional El Premio \u2018Trayectoria Profesional\u2019 de los Premios de la Industria en Espa\u00f1a busca reconocer el galard\u00f3n a a personas cuya influencia y legado han contribuido de forma decisiva al desarrollo del sector industrial. En su decisi\u00f3n, el jurado ha valorado el \u00e9xito empresarial de Clemente Gonz\u00e1lez, [&hellip;]","og_url":"https:\/\/anteriores.premiosdelaindustria.es\/2025\/ganadores-2025\/clemente-gonzalez-soler\/","og_site_name":"Premios de la Industria en Espa\u00f1a","article_modified_time":"2025-06-19T19:30:31+00:00","og_image":[{"width":128,"height":132,"url":"https:\/\/anteriores.premiosdelaindustria.es\/2025\/wp-content\/uploads\/favicon.png","type":"image\/png"}],"twitter_card":"summary_large_image","twitter_misc":{"Tiempo de lectura":"3 minutos"},"schema":{"@context":"https:\/\/schema.org","@graph":[{"@type":"WebPage","@id":"https:\/\/anteriores.premiosdelaindustria.es\/2025\/ganadores-2025\/clemente-gonzalez-soler\/","url":"https:\/\/anteriores.premiosdelaindustria.es\/2025\/ganadores-2025\/clemente-gonzalez-soler\/","name":"Clemente Gonz\u00e1lez Soler - Premios de la Industria en Espa\u00f1a","isPartOf":{"@id":"https:\/\/anteriores.premiosdelaindustria.es\/2025\/#website"},"primaryImageOfPage":{"@id":"https:\/\/anteriores.premiosdelaindustria.es\/2025\/ganadores-2025\/clemente-gonzalez-soler\/#primaryimage"},"image":{"@id":"https:\/\/anteriores.premiosdelaindustria.es\/2025\/ganadores-2025\/clemente-gonzalez-soler\/#primaryimage"},"thumbnailUrl":"https:\/\/anteriores.premiosdelaindustria.es\/2025\/wp-content\/uploads\/favicon.png","datePublished":"2025-06-19T09:10:18+00:00","dateModified":"2025-06-19T19:30:31+00:00","breadcrumb":{"@id":"https:\/\/anteriores.premiosdelaindustria.es\/2025\/ganadores-2025\/clemente-gonzalez-soler\/#breadcrumb"},"inLanguage":"es","potentialAction":[{"@type":"ReadAction","target":["https:\/\/anteriores.premiosdelaindustria.es\/2025\/ganadores-2025\/clemente-gonzalez-soler\/"]}]},{"@type":"ImageObject","inLanguage":"es","@id":"https:\/\/anteriores.premiosdelaindustria.es\/2025\/ganadores-2025\/clemente-gonzalez-soler\/#primaryimage","url":"https:\/\/anteriores.premiosdelaindustria.es\/2025\/wp-content\/uploads\/favicon.png","contentUrl":"https:\/\/anteriores.premiosdelaindustria.es\/2025\/wp-content\/uploads\/favicon.png","width":128,"height":132},{"@type":"BreadcrumbList","@id":"https:\/\/anteriores.premiosdelaindustria.es\/2025\/ganadores-2025\/clemente-gonzalez-soler\/#breadcrumb","itemListElement":[{"@type":"ListItem","position":1,"name":"Portada","item":"https:\/\/anteriores.premiosdelaindustria.es\/2025\/"},{"@type":"ListItem","position":2,"name":"Ganadores 2025","item":"https:\/\/anteriores.premiosdelaindustria.es\/2025\/ganadores-2025\/"},{"@type":"ListItem","position":3,"name":"Clemente Gonz\u00e1lez Soler"}]},{"@type":"WebSite","@id":"https:\/\/anteriores.premiosdelaindustria.es\/2025\/#website","url":"https:\/\/anteriores.premiosdelaindustria.es\/2025\/","name":"Premios de la Industria en Espa\u00f1a","description":"Desde 2017 se promueven los Premios de la Industria en Espa&ntilde;a, que tratan de dar visibilidad a todas aquellas personas, f&iacute;sicas o jur&iacute;dicas, que en las diferentes categor&iacute;as que se detallar&aacute;n a continuaci&oacute;n, han destacado por su aportaci&oacute;n. Creemos que es muy importante la difusi&oacute;n y el reconocimiento del aporte de la industria y sus beneficios para las personas. Lo mismo sucede con el aporte de la industria moderna para la sociedad y el entorno.","publisher":{"@id":"https:\/\/anteriores.premiosdelaindustria.es\/2025\/#organization"},"potentialAction":[{"@type":"SearchAction","target":{"@type":"EntryPoint","urlTemplate":"https:\/\/anteriores.premiosdelaindustria.es\/2025\/?s={search_term_string}"},"query-input":{"@type":"PropertyValueSpecification","valueRequired":true,"valueName":"search_term_string"}}],"inLanguage":"es"},{"@type":"Organization","@id":"https:\/\/anteriores.premiosdelaindustria.es\/2025\/#organization","name":"Premios de la Industria en Espa\u00f1a","url":"https:\/\/anteriores.premiosdelaindustria.es\/2025\/","logo":{"@type":"ImageObject","inLanguage":"es","@id":"https:\/\/anteriores.premiosdelaindustria.es\/2025\/#\/schema\/logo\/image\/","url":"https:\/\/anteriores.premiosdelaindustria.es\/2025\/wp-content\/uploads\/logotipo-premios-blanco.png","contentUrl":"https:\/\/anteriores.premiosdelaindustria.es\/2025\/wp-content\/uploads\/logotipo-premios-blanco.png","width":687,"height":216,"caption":"Premios de la Industria en Espa\u00f1a"},"image":{"@id":"https:\/\/anteriores.premiosdelaindustria.es\/2025\/#\/schema\/logo\/image\/"}}]}},"_links":{"self":[{"href":"https:\/\/anteriores.premiosdelaindustria.es\/2025\/wp-json\/wp\/v2\/pages\/1166","targetHints":{"allow":["GET"]}}],"collection":[{"href":"https:\/\/anteriores.premiosdelaindustria.es\/2025\/wp-json\/wp\/v2\/pages"}],"about":[{"href":"https:\/\/anteriores.premiosdelaindustria.es\/2025\/wp-json\/wp\/v2\/types\/page"}],"author":[{"embeddable":true,"href":"https:\/\/anteriores.premiosdelaindustria.es\/2025\/wp-json\/wp\/v2\/users\/1"}],"replies":[{"embeddable":true,"href":"https:\/\/anteriores.premiosdelaindustria.es\/2025\/wp-json\/wp\/v2\/comments?post=1166"}],"version-history":[{"count":16,"href":"https:\/\/anteriores.premiosdelaindustria.es\/2025\/wp-json\/wp\/v2\/pages\/1166\/revisions"}],"predecessor-version":[{"id":1344,"href":"https:\/\/anteriores.premiosdelaindustria.es\/2025\/wp-json\/wp\/v2\/pages\/1166\/revisions\/1344"}],"up":[{"embeddable":true,"href":"https:\/\/anteriores.premiosdelaindustria.es\/2025\/wp-json\/wp\/v2\/pages\/1053"}],"wp:attachment":[{"href":"https:\/\/anteriores.premiosdelaindustria.es\/2025\/wp-json\/wp\/v2\/media?parent=1166"}],"curies":[{"name":"wp","href":"https:\/\/api.w.org\/{rel}","templated":true}]}}