{"id":1123,"date":"2025-06-18T12:14:35","date_gmt":"2025-06-18T12:14:35","guid":{"rendered":"https:\/\/anteriores.premiosdelaindustria.es\/2025\/?page_id=1123"},"modified":"2025-07-01T09:31:07","modified_gmt":"2025-07-01T09:31:07","slug":"supergiz-salud","status":"publish","type":"page","link":"https:\/\/anteriores.premiosdelaindustria.es\/2025\/ganadores-2025\/supergiz-salud\/","title":{"rendered":"SuperGiz Salud"},"content":{"rendered":"\t\t<div data-elementor-type=\"wp-page\" data-elementor-id=\"1123\" class=\"elementor elementor-1123\" data-elementor-post-type=\"page\">\n\t\t\t\t<div class=\"elementor-element elementor-element-38f5eb5 e-flex e-con-boxed e-con e-parent\" data-id=\"38f5eb5\" data-element_type=\"container\" data-settings=\"{&quot;background_background&quot;:&quot;gradient&quot;}\">\n\t\t\t\t\t<div class=\"e-con-inner\">\n\t\t<div class=\"elementor-element elementor-element-4f234303 e-con-full e-flex e-con e-child\" data-id=\"4f234303\" data-element_type=\"container\">\n\t\t\t\t<div class=\"elementor-element elementor-element-6a5a0b7b elementor-invisible elementor-widget elementor-widget-heading\" data-id=\"6a5a0b7b\" data-element_type=\"widget\" data-settings=\"{&quot;_animation&quot;:&quot;fadeInUp&quot;,&quot;_animation_delay&quot;:200}\" data-widget_type=\"heading.default\">\n\t\t\t\t<div class=\"elementor-widget-container\">\n\t\t\t\t\t<h1 class=\"elementor-heading-title elementor-size-default\">SuperGiz Salud<\/h1>\t\t\t\t<\/div>\n\t\t\t\t<\/div>\n\t\t\t\t<div class=\"elementor-element elementor-element-a7550c1 elementor-align-center elementor-widget elementor-widget-button\" data-id=\"a7550c1\" data-element_type=\"widget\" data-widget_type=\"button.default\">\n\t\t\t\t<div class=\"elementor-widget-container\">\n\t\t\t\t\t\t\t\t\t<div class=\"elementor-button-wrapper\">\n\t\t\t\t\t<a class=\"elementor-button elementor-button-link elementor-size-sm\" href=\"https:\/\/anteriores.premiosdelaindustria.es\/2025\/ganadores-2025\/\">\n\t\t\t\t\t\t<span class=\"elementor-button-content-wrapper\">\n\t\t\t\t\t\t\t\t\t<span class=\"elementor-button-text\">Volver a ganadores 2025<\/span>\n\t\t\t\t\t<\/span>\n\t\t\t\t\t<\/a>\n\t\t\t\t<\/div>\n\t\t\t\t\t\t\t\t<\/div>\n\t\t\t\t<\/div>\n\t\t\t\t<\/div>\n\t\t\t\t\t<\/div>\n\t\t\t\t<\/div>\n\t\t<div class=\"elementor-element elementor-element-88ec6f2 e-flex e-con-boxed e-con e-parent\" data-id=\"88ec6f2\" data-element_type=\"container\">\n\t\t\t\t\t<div class=\"e-con-inner\">\n\t\t\t\t<div class=\"elementor-element elementor-element-d45b6b8 elementor-widget elementor-widget-image\" data-id=\"d45b6b8\" data-element_type=\"widget\" data-widget_type=\"image.default\">\n\t\t\t\t<div class=\"elementor-widget-container\">\n\t\t\t\t\t\t\t\t\t\t\t\t\t\t\t<img decoding=\"async\" width=\"128\" height=\"132\" src=\"https:\/\/anteriores.premiosdelaindustria.es\/2025\/wp-content\/uploads\/favicon.png\" class=\"attachment-large size-large wp-image-18\" alt=\"\" \/>\t\t\t\t\t\t\t\t\t\t\t\t\t\t\t<\/div>\n\t\t\t\t<\/div>\n\t\t\t\t<div class=\"elementor-element elementor-element-502606b elementor-invisible elementor-widget elementor-widget-heading\" data-id=\"502606b\" data-element_type=\"widget\" data-settings=\"{&quot;_animation&quot;:&quot;fadeInUp&quot;,&quot;_animation_delay&quot;:200}\" data-widget_type=\"heading.default\">\n\t\t\t\t<div class=\"elementor-widget-container\">\n\t\t\t\t\t<h2 class=\"elementor-heading-title elementor-size-default\">Premio Industria <span style=\"color:#FCC201;\">Solidaria<\/span><\/h2>\t\t\t\t<\/div>\n\t\t\t\t<\/div>\n\t\t\t\t\t<\/div>\n\t\t\t\t<\/div>\n\t\t<div class=\"elementor-element elementor-element-e511d49 e-flex e-con-boxed e-con e-parent\" data-id=\"e511d49\" data-element_type=\"container\">\n\t\t\t\t\t<div class=\"e-con-inner\">\n\t\t<div class=\"elementor-element elementor-element-337eef3 e-con-full e-flex e-con e-child\" data-id=\"337eef3\" data-element_type=\"container\">\n\t\t\t\t<div class=\"elementor-element elementor-element-c90ffbb elementor-widget elementor-widget-image\" data-id=\"c90ffbb\" data-element_type=\"widget\" data-widget_type=\"image.default\">\n\t\t\t\t<div class=\"elementor-widget-container\">\n\t\t\t\t\t\t\t\t\t\t\t\t\t\t\t<img fetchpriority=\"high\" decoding=\"async\" width=\"225\" height=\"225\" src=\"https:\/\/anteriores.premiosdelaindustria.es\/2025\/wp-content\/uploads\/6.png\" class=\"attachment-full size-full wp-image-951\" alt=\"\" \/>\t\t\t\t\t\t\t\t\t\t\t\t\t\t\t<\/div>\n\t\t\t\t<\/div>\n\t\t\t\t<\/div>\n\t\t<div class=\"elementor-element elementor-element-9f7fea5 e-con-full e-flex e-con e-child\" data-id=\"9f7fea5\" data-element_type=\"container\">\n\t\t\t\t<div class=\"elementor-element elementor-element-1d55a64 elementor-widget elementor-widget-text-editor\" data-id=\"1d55a64\" data-element_type=\"widget\" data-widget_type=\"text-editor.default\">\n\t\t\t\t<div class=\"elementor-widget-container\">\n\t\t\t\t\t\t\t\t\t<p>Premio para las empresas cuyas actuaciones estrat\u00e9gicas e innovadoras generen, tambi\u00e9n, valor para la sociedad y para el progreso, como una contribuci\u00f3n activa y voluntaria a la protecci\u00f3n del planeta y de las necesidades de las futuras generaciones, desde la sostenibilidad, o al mejoramiento social, econ\u00f3mico y ambiental, con el objetivo de mejorar su situaci\u00f3n competitiva y valorativa.<\/p><p>Este premio est\u00e1 dotado con 2.000 euros que la Fundaci\u00f3n TecnoVitae donar\u00e1 a la ONG que el ganador seleccione y que desarrolle al menos parte de su actividad en Castilla y Le\u00f3n.<\/p>\t\t\t\t\t\t\t\t<\/div>\n\t\t\t\t<\/div>\n\t\t\t\t<\/div>\n\t\t\t\t\t<\/div>\n\t\t\t\t<\/div>\n\t\t<div class=\"elementor-element elementor-element-85edf18 e-flex e-con-boxed e-con e-parent\" data-id=\"85edf18\" data-element_type=\"container\" data-settings=\"{&quot;background_background&quot;:&quot;classic&quot;}\">\n\t\t\t\t\t<div class=\"e-con-inner\">\n\t\t<div class=\"elementor-element elementor-element-0abd2b8 e-con-full e-flex e-con e-child\" data-id=\"0abd2b8\" data-element_type=\"container\">\n\t\t\t\t<div class=\"elementor-element elementor-element-fae36bc elementor-widget__width-initial elementor-widget elementor-widget-text-editor\" data-id=\"fae36bc\" data-element_type=\"widget\" data-widget_type=\"text-editor.default\">\n\t\t\t\t<div class=\"elementor-widget-container\">\n\t\t\t\t\t\t\t\t\t<p>La empresa SuperGiz Salud dise\u00f1a pr\u00f3tesis no convencionales seg\u00fan las necesidades particulares de cada usuario. Esta pr\u00f3tesis, modular e innovadora, se adapta a personas con agenesia o discapacidad en los brazos y busca la funcionalidad, adaptabilidad y la accesibilidad.<\/p><p>Con una fabricaci\u00f3n mediante impresi\u00f3n 3D, gadgets intercambiables y validaci\u00f3n cl\u00ednica en curso, su objetivo es lograr la integraci\u00f3n en el sistema sanitario p\u00fablico, eliminando barreras econ\u00f3micas para sus usuarios. Por ello ha dado ya sus primeros pasos iniciando ensayos cl\u00ednicos y buscando su reconocimiento como producto sanitario p\u00fablico.<\/p>\t\t\t\t\t\t\t\t<\/div>\n\t\t\t\t<\/div>\n\t\t\t\t<\/div>\n\t\t<div class=\"elementor-element elementor-element-361b4e9 e-con-full e-flex e-con e-child\" data-id=\"361b4e9\" data-element_type=\"container\">\n\t\t\t\t<div class=\"elementor-element elementor-element-107b2ae elementor-widget elementor-widget-image\" data-id=\"107b2ae\" data-element_type=\"widget\" data-widget_type=\"image.default\">\n\t\t\t\t<div class=\"elementor-widget-container\">\n\t\t\t\t\t\t\t\t\t\t\t\t\t\t\t<img decoding=\"async\" width=\"1500\" height=\"1173\" src=\"https:\/\/anteriores.premiosdelaindustria.es\/2025\/wp-content\/uploads\/VIII-Premios-Industria-Solidaria-1.webp\" class=\"attachment-large size-large wp-image-1248\" alt=\"\" srcset=\"https:\/\/anteriores.premiosdelaindustria.es\/2025\/wp-content\/uploads\/VIII-Premios-Industria-Solidaria-1.webp 1500w, https:\/\/anteriores.premiosdelaindustria.es\/2025\/wp-content\/uploads\/VIII-Premios-Industria-Solidaria-1-768x601.webp 768w\" sizes=\"(max-width: 1500px) 100vw, 1500px\" \/>\t\t\t\t\t\t\t\t\t\t\t\t\t\t\t<\/div>\n\t\t\t\t<\/div>\n\t\t\t\t<\/div>\n\t\t\t\t\t<\/div>\n\t\t\t\t<\/div>\n\t\t<div class=\"elementor-element elementor-element-26064fd e-flex e-con-boxed e-con e-parent\" data-id=\"26064fd\" data-element_type=\"container\">\n\t\t\t\t\t<div class=\"e-con-inner\">\n\t\t\t\t<div class=\"elementor-element elementor-element-661b4b2 elementor-widget elementor-widget-video\" data-id=\"661b4b2\" data-element_type=\"widget\" data-settings=\"{&quot;youtube_url&quot;:&quot;https:\\\/\\\/youtu.be\\\/6EW4sRokEp4&quot;,&quot;video_type&quot;:&quot;youtube&quot;,&quot;controls&quot;:&quot;yes&quot;}\" data-widget_type=\"video.default\">\n\t\t\t\t<div class=\"elementor-widget-container\">\n\t\t\t\t\t\t\t<div class=\"elementor-wrapper elementor-open-inline\">\n\t\t\t<div class=\"elementor-video\"><\/div>\t\t<\/div>\n\t\t\t\t\t\t<\/div>\n\t\t\t\t<\/div>\n\t\t\t\t\t<\/div>\n\t\t\t\t<\/div>\n\t\t\t\t<\/div>\n\t\t","protected":false},"excerpt":{"rendered":"<p>Volver a ganadores 2025 Premio Industria Solidaria Premio para las empresas cuyas actuaciones estrat\u00e9gicas e innovadoras generen, tambi\u00e9n, valor para la sociedad y para el progreso, como una contribuci\u00f3n activa y voluntaria a la protecci\u00f3n del planeta y de las necesidades de las futuras generaciones, desde la sostenibilidad, o al mejoramiento social, econ\u00f3mico y ambiental, [&hellip;]<\/p>\n","protected":false},"author":1,"featured_media":0,"parent":1053,"menu_order":0,"comment_status":"closed","ping_status":"closed","template":"","meta":{"footnotes":""},"class_list":["post-1123","page","type-page","status-publish","hentry"],"yoast_head":"<!-- This site is optimized with the Yoast SEO plugin v24.9 - https:\/\/yoast.com\/wordpress\/plugins\/seo\/ -->\n<title>SuperGiz Salud - Premios de la Industria en Espa\u00f1a<\/title>\n<meta name=\"robots\" content=\"index, follow, max-snippet:-1, max-image-preview:large, max-video-preview:-1\" \/>\n<link rel=\"canonical\" href=\"https:\/\/anteriores.premiosdelaindustria.es\/2025\/ganadores-2025\/supergiz-salud\/\" \/>\n<meta property=\"og:locale\" content=\"es_ES\" \/>\n<meta property=\"og:type\" content=\"article\" \/>\n<meta property=\"og:title\" content=\"SuperGiz Salud - Premios de la Industria en Espa\u00f1a\" \/>\n<meta property=\"og:description\" content=\"Volver a ganadores 2025 Premio Industria Solidaria Premio para las empresas cuyas actuaciones estrat\u00e9gicas e innovadoras generen, tambi\u00e9n, valor para la sociedad y para el progreso, como una contribuci\u00f3n activa y voluntaria a la protecci\u00f3n del planeta y de las necesidades de las futuras generaciones, desde la sostenibilidad, o al mejoramiento social, econ\u00f3mico y ambiental, [&hellip;]\" \/>\n<meta property=\"og:url\" content=\"https:\/\/anteriores.premiosdelaindustria.es\/2025\/ganadores-2025\/supergiz-salud\/\" \/>\n<meta property=\"og:site_name\" content=\"Premios de la Industria en Espa\u00f1a\" \/>\n<meta property=\"article:modified_time\" content=\"2025-07-01T09:31:07+00:00\" \/>\n<meta property=\"og:image\" content=\"https:\/\/anteriores.premiosdelaindustria.es\/2025\/wp-content\/uploads\/favicon.png\" \/>\n\t<meta property=\"og:image:width\" content=\"128\" \/>\n\t<meta property=\"og:image:height\" content=\"132\" \/>\n\t<meta property=\"og:image:type\" content=\"image\/png\" \/>\n<meta name=\"twitter:card\" content=\"summary_large_image\" \/>\n<meta name=\"twitter:label1\" content=\"Tiempo de lectura\" \/>\n\t<meta name=\"twitter:data1\" content=\"2 minutos\" \/>\n<script type=\"application\/ld+json\" class=\"yoast-schema-graph\">{\"@context\":\"https:\/\/schema.org\",\"@graph\":[{\"@type\":\"WebPage\",\"@id\":\"https:\/\/anteriores.premiosdelaindustria.es\/2025\/ganadores-2025\/supergiz-salud\/\",\"url\":\"https:\/\/anteriores.premiosdelaindustria.es\/2025\/ganadores-2025\/supergiz-salud\/\",\"name\":\"SuperGiz Salud - Premios de la Industria en Espa\u00f1a\",\"isPartOf\":{\"@id\":\"https:\/\/anteriores.premiosdelaindustria.es\/2025\/#website\"},\"primaryImageOfPage\":{\"@id\":\"https:\/\/anteriores.premiosdelaindustria.es\/2025\/ganadores-2025\/supergiz-salud\/#primaryimage\"},\"image\":{\"@id\":\"https:\/\/anteriores.premiosdelaindustria.es\/2025\/ganadores-2025\/supergiz-salud\/#primaryimage\"},\"thumbnailUrl\":\"https:\/\/anteriores.premiosdelaindustria.es\/2025\/wp-content\/uploads\/favicon.png\",\"datePublished\":\"2025-06-18T12:14:35+00:00\",\"dateModified\":\"2025-07-01T09:31:07+00:00\",\"breadcrumb\":{\"@id\":\"https:\/\/anteriores.premiosdelaindustria.es\/2025\/ganadores-2025\/supergiz-salud\/#breadcrumb\"},\"inLanguage\":\"es\",\"potentialAction\":[{\"@type\":\"ReadAction\",\"target\":[\"https:\/\/anteriores.premiosdelaindustria.es\/2025\/ganadores-2025\/supergiz-salud\/\"]}]},{\"@type\":\"ImageObject\",\"inLanguage\":\"es\",\"@id\":\"https:\/\/anteriores.premiosdelaindustria.es\/2025\/ganadores-2025\/supergiz-salud\/#primaryimage\",\"url\":\"https:\/\/anteriores.premiosdelaindustria.es\/2025\/wp-content\/uploads\/favicon.png\",\"contentUrl\":\"https:\/\/anteriores.premiosdelaindustria.es\/2025\/wp-content\/uploads\/favicon.png\",\"width\":128,\"height\":132},{\"@type\":\"BreadcrumbList\",\"@id\":\"https:\/\/anteriores.premiosdelaindustria.es\/2025\/ganadores-2025\/supergiz-salud\/#breadcrumb\",\"itemListElement\":[{\"@type\":\"ListItem\",\"position\":1,\"name\":\"Portada\",\"item\":\"https:\/\/anteriores.premiosdelaindustria.es\/2025\/\"},{\"@type\":\"ListItem\",\"position\":2,\"name\":\"Ganadores 2025\",\"item\":\"https:\/\/anteriores.premiosdelaindustria.es\/2025\/ganadores-2025\/\"},{\"@type\":\"ListItem\",\"position\":3,\"name\":\"SuperGiz Salud\"}]},{\"@type\":\"WebSite\",\"@id\":\"https:\/\/anteriores.premiosdelaindustria.es\/2025\/#website\",\"url\":\"https:\/\/anteriores.premiosdelaindustria.es\/2025\/\",\"name\":\"Premios de la Industria en Espa\u00f1a\",\"description\":\"Desde 2017 se promueven los Premios de la Industria en Espa&ntilde;a, que tratan de dar visibilidad a todas aquellas personas, f&iacute;sicas o jur&iacute;dicas, que en las diferentes categor&iacute;as que se detallar&aacute;n a continuaci&oacute;n, han destacado por su aportaci&oacute;n. Creemos que es muy importante la difusi&oacute;n y el reconocimiento del aporte de la industria y sus beneficios para las personas. Lo mismo sucede con el aporte de la industria moderna para la sociedad y el entorno.\",\"publisher\":{\"@id\":\"https:\/\/anteriores.premiosdelaindustria.es\/2025\/#organization\"},\"potentialAction\":[{\"@type\":\"SearchAction\",\"target\":{\"@type\":\"EntryPoint\",\"urlTemplate\":\"https:\/\/anteriores.premiosdelaindustria.es\/2025\/?s={search_term_string}\"},\"query-input\":{\"@type\":\"PropertyValueSpecification\",\"valueRequired\":true,\"valueName\":\"search_term_string\"}}],\"inLanguage\":\"es\"},{\"@type\":\"Organization\",\"@id\":\"https:\/\/anteriores.premiosdelaindustria.es\/2025\/#organization\",\"name\":\"Premios de la Industria en Espa\u00f1a\",\"url\":\"https:\/\/anteriores.premiosdelaindustria.es\/2025\/\",\"logo\":{\"@type\":\"ImageObject\",\"inLanguage\":\"es\",\"@id\":\"https:\/\/anteriores.premiosdelaindustria.es\/2025\/#\/schema\/logo\/image\/\",\"url\":\"https:\/\/anteriores.premiosdelaindustria.es\/2025\/wp-content\/uploads\/logotipo-premios-blanco.png\",\"contentUrl\":\"https:\/\/anteriores.premiosdelaindustria.es\/2025\/wp-content\/uploads\/logotipo-premios-blanco.png\",\"width\":687,\"height\":216,\"caption\":\"Premios de la Industria en Espa\u00f1a\"},\"image\":{\"@id\":\"https:\/\/anteriores.premiosdelaindustria.es\/2025\/#\/schema\/logo\/image\/\"}}]}<\/script>\n<!-- \/ Yoast SEO plugin. -->","yoast_head_json":{"title":"SuperGiz Salud - Premios de la Industria en Espa\u00f1a","robots":{"index":"index","follow":"follow","max-snippet":"max-snippet:-1","max-image-preview":"max-image-preview:large","max-video-preview":"max-video-preview:-1"},"canonical":"https:\/\/anteriores.premiosdelaindustria.es\/2025\/ganadores-2025\/supergiz-salud\/","og_locale":"es_ES","og_type":"article","og_title":"SuperGiz Salud - Premios de la Industria en Espa\u00f1a","og_description":"Volver a ganadores 2025 Premio Industria Solidaria Premio para las empresas cuyas actuaciones estrat\u00e9gicas e innovadoras generen, tambi\u00e9n, valor para la sociedad y para el progreso, como una contribuci\u00f3n activa y voluntaria a la protecci\u00f3n del planeta y de las necesidades de las futuras generaciones, desde la sostenibilidad, o al mejoramiento social, econ\u00f3mico y ambiental, [&hellip;]","og_url":"https:\/\/anteriores.premiosdelaindustria.es\/2025\/ganadores-2025\/supergiz-salud\/","og_site_name":"Premios de la Industria en Espa\u00f1a","article_modified_time":"2025-07-01T09:31:07+00:00","og_image":[{"width":128,"height":132,"url":"https:\/\/anteriores.premiosdelaindustria.es\/2025\/wp-content\/uploads\/favicon.png","type":"image\/png"}],"twitter_card":"summary_large_image","twitter_misc":{"Tiempo de lectura":"2 minutos"},"schema":{"@context":"https:\/\/schema.org","@graph":[{"@type":"WebPage","@id":"https:\/\/anteriores.premiosdelaindustria.es\/2025\/ganadores-2025\/supergiz-salud\/","url":"https:\/\/anteriores.premiosdelaindustria.es\/2025\/ganadores-2025\/supergiz-salud\/","name":"SuperGiz Salud - Premios de la Industria en Espa\u00f1a","isPartOf":{"@id":"https:\/\/anteriores.premiosdelaindustria.es\/2025\/#website"},"primaryImageOfPage":{"@id":"https:\/\/anteriores.premiosdelaindustria.es\/2025\/ganadores-2025\/supergiz-salud\/#primaryimage"},"image":{"@id":"https:\/\/anteriores.premiosdelaindustria.es\/2025\/ganadores-2025\/supergiz-salud\/#primaryimage"},"thumbnailUrl":"https:\/\/anteriores.premiosdelaindustria.es\/2025\/wp-content\/uploads\/favicon.png","datePublished":"2025-06-18T12:14:35+00:00","dateModified":"2025-07-01T09:31:07+00:00","breadcrumb":{"@id":"https:\/\/anteriores.premiosdelaindustria.es\/2025\/ganadores-2025\/supergiz-salud\/#breadcrumb"},"inLanguage":"es","potentialAction":[{"@type":"ReadAction","target":["https:\/\/anteriores.premiosdelaindustria.es\/2025\/ganadores-2025\/supergiz-salud\/"]}]},{"@type":"ImageObject","inLanguage":"es","@id":"https:\/\/anteriores.premiosdelaindustria.es\/2025\/ganadores-2025\/supergiz-salud\/#primaryimage","url":"https:\/\/anteriores.premiosdelaindustria.es\/2025\/wp-content\/uploads\/favicon.png","contentUrl":"https:\/\/anteriores.premiosdelaindustria.es\/2025\/wp-content\/uploads\/favicon.png","width":128,"height":132},{"@type":"BreadcrumbList","@id":"https:\/\/anteriores.premiosdelaindustria.es\/2025\/ganadores-2025\/supergiz-salud\/#breadcrumb","itemListElement":[{"@type":"ListItem","position":1,"name":"Portada","item":"https:\/\/anteriores.premiosdelaindustria.es\/2025\/"},{"@type":"ListItem","position":2,"name":"Ganadores 2025","item":"https:\/\/anteriores.premiosdelaindustria.es\/2025\/ganadores-2025\/"},{"@type":"ListItem","position":3,"name":"SuperGiz Salud"}]},{"@type":"WebSite","@id":"https:\/\/anteriores.premiosdelaindustria.es\/2025\/#website","url":"https:\/\/anteriores.premiosdelaindustria.es\/2025\/","name":"Premios de la Industria en Espa\u00f1a","description":"Desde 2017 se promueven los Premios de la Industria en Espa&ntilde;a, que tratan de dar visibilidad a todas aquellas personas, f&iacute;sicas o jur&iacute;dicas, que en las diferentes categor&iacute;as que se detallar&aacute;n a continuaci&oacute;n, han destacado por su aportaci&oacute;n. Creemos que es muy importante la difusi&oacute;n y el reconocimiento del aporte de la industria y sus beneficios para las personas. Lo mismo sucede con el aporte de la industria moderna para la sociedad y el entorno.","publisher":{"@id":"https:\/\/anteriores.premiosdelaindustria.es\/2025\/#organization"},"potentialAction":[{"@type":"SearchAction","target":{"@type":"EntryPoint","urlTemplate":"https:\/\/anteriores.premiosdelaindustria.es\/2025\/?s={search_term_string}"},"query-input":{"@type":"PropertyValueSpecification","valueRequired":true,"valueName":"search_term_string"}}],"inLanguage":"es"},{"@type":"Organization","@id":"https:\/\/anteriores.premiosdelaindustria.es\/2025\/#organization","name":"Premios de la Industria en Espa\u00f1a","url":"https:\/\/anteriores.premiosdelaindustria.es\/2025\/","logo":{"@type":"ImageObject","inLanguage":"es","@id":"https:\/\/anteriores.premiosdelaindustria.es\/2025\/#\/schema\/logo\/image\/","url":"https:\/\/anteriores.premiosdelaindustria.es\/2025\/wp-content\/uploads\/logotipo-premios-blanco.png","contentUrl":"https:\/\/anteriores.premiosdelaindustria.es\/2025\/wp-content\/uploads\/logotipo-premios-blanco.png","width":687,"height":216,"caption":"Premios de la Industria en Espa\u00f1a"},"image":{"@id":"https:\/\/anteriores.premiosdelaindustria.es\/2025\/#\/schema\/logo\/image\/"}}]}},"_links":{"self":[{"href":"https:\/\/anteriores.premiosdelaindustria.es\/2025\/wp-json\/wp\/v2\/pages\/1123","targetHints":{"allow":["GET"]}}],"collection":[{"href":"https:\/\/anteriores.premiosdelaindustria.es\/2025\/wp-json\/wp\/v2\/pages"}],"about":[{"href":"https:\/\/anteriores.premiosdelaindustria.es\/2025\/wp-json\/wp\/v2\/types\/page"}],"author":[{"embeddable":true,"href":"https:\/\/anteriores.premiosdelaindustria.es\/2025\/wp-json\/wp\/v2\/users\/1"}],"replies":[{"embeddable":true,"href":"https:\/\/anteriores.premiosdelaindustria.es\/2025\/wp-json\/wp\/v2\/comments?post=1123"}],"version-history":[{"count":17,"href":"https:\/\/anteriores.premiosdelaindustria.es\/2025\/wp-json\/wp\/v2\/pages\/1123\/revisions"}],"predecessor-version":[{"id":1639,"href":"https:\/\/anteriores.premiosdelaindustria.es\/2025\/wp-json\/wp\/v2\/pages\/1123\/revisions\/1639"}],"up":[{"embeddable":true,"href":"https:\/\/anteriores.premiosdelaindustria.es\/2025\/wp-json\/wp\/v2\/pages\/1053"}],"wp:attachment":[{"href":"https:\/\/anteriores.premiosdelaindustria.es\/2025\/wp-json\/wp\/v2\/media?parent=1123"}],"curies":[{"name":"wp","href":"https:\/\/api.w.org\/{rel}","templated":true}]}}