{"id":4954,"date":"2024-07-03T12:29:45","date_gmt":"2024-07-03T10:29:45","guid":{"rendered":"https:\/\/anteriores.premiosdelaindustria.es\/2024\/?page_id=4954"},"modified":"2024-07-04T17:34:22","modified_gmt":"2024-07-04T15:34:22","slug":"galeria-multimedia","status":"publish","type":"page","link":"https:\/\/anteriores.premiosdelaindustria.es\/2024\/galeria-multimedia\/","title":{"rendered":"Galer\u00ed\u00ada Multimedia"},"content":{"rendered":"<section class=\"wpb-content-wrapper\"><p>[vc_row][vc_column][cs_headings style=\u00bbsimple\u00bb text_align=\u00bbtext-center\u00bb enable_text_color=\u00bb\u00bb enable_line_color=\u00bb\u00bb subtitle=\u00bbVII Premios de la Industria 2023&#8243; title=\u00bbGaler\u00ed\u00ada Multimedia\u00bb][\/cs_headings][\/vc_column][\/vc_row][vc_row full_width=\u00bbstretch_row\u00bb gap=\u00bb35&#8243; desctop_lg_pb=\u00bbpadding-lg-110b\u00bb tablets_pb=\u00bbpadding-sm-90b\u00bb mobile_pb=\u00bbpadding-xs-50b\u00bb vc_bg_position=\u00bbbg_bottom-center\u00bb css=\u00bb.vc_custom_1719932879285{background-image: url(https:\/\/anteriores.premiosdelaindustria.es\/wp-content\/uploads\/sites\/16\/2024\/04\/bg-amarillo.png?id=4169) !important;background-position: 0 0 !important;background-repeat: no-repeat !important;}\u00bb][vc_column desctop_mt=\u00bbmargin-lg-40t\u00bb desctop_mb=\u00bbmargin-lg-40b\u00bb desctop_md_mt=\u00bbmargin-md-40t\u00bb desctop_md_mb=\u00bbmargin-md-40b\u00bb tablets_mt=\u00bbmargin-sm-40t\u00bb tablets_mb=\u00bbmargin-sm-40b\u00bb mobile_mt=\u00bbmargin-xs-40t\u00bb mobile_mb=\u00bbmargin-xs-40b\u00bb][vc_single_image image=\u00bb4268&#8243; img_size=\u00bb150&#215;150&#8243; alignment=\u00bbcenter\u00bb css_animation=\u00bbfadeInDown\u00bb][vc_column_text]<\/p>\n<h4 style=\"text-align: center;\">Photocall<\/h4>\n<p>[\/vc_column_text][vc_gallery type=\u00bbnivo\u00bb interval=\u00bb5&#8243; images=\u00bb5174,5175,5176,5177,5178,5179,5180,5181,5182,5183,5184,5185,5186,5187,5188,5189,5190,5191,5192,5193,5194,5195,5196,5197,5198,5199,5200,5201,5202,5203,5204,5205,5206,5207,5208,5209,5210,5211,5212,5213,5214,5215,5216,5217,5218,5219,5220,5221,5222,5223,5224,5225,5226,5227,5228,5229,5230,5231,5232,5233,5234,5235,5236,5237,5238,5239,5240,5241,5242,5243,5244,5245,5246,5247,5248,5249,5250,5251,5252,5253,5254,5255,5256,5257,5258,5259,5260,5261&#8243; img_size=\u00bbfull\u00bb el_class=\u00bbcarruselfotos\u00bb][vc_single_image image=\u00bb4268&#8243; img_size=\u00bb150&#215;150&#8243; alignment=\u00bbcenter\u00bb css_animation=\u00bbfadeInDown\u00bb][vc_column_text]<\/p>\n<h4 style=\"text-align: center;\">Gala<\/h4>\n<p>[\/vc_column_text][vc_gallery type=\u00bbnivo\u00bb interval=\u00bb5&#8243; images=\u00bb5075,5076,5077,5078,5079,5080,5081,5082,5083,5084,5085,5086,5087,5088,5089,5090,5091,5092,5093,5094,5095,5096,5098,5304,5099,5100,5101,5102,5103,5104,5105,5106,5107,5108,5109,5110,5111,5112,5113,5114,5115,5116,5117,5118,5119,5120,5121,5122,5123,5124,5125,5126,5127,5128,5129,5130,5131,5132,5133,5134,5135,5136,5137,5138,5139,5140,5141,5142,5143,5144,5145,5146,5147,5148,5149,5150,5151,5152,5153,5154,5155,5156,5157,5158,5159,5160,5161,5162,5163,5164,5165,5166,5167,5168,5169&#8243; img_size=\u00bbfull\u00bb el_class=\u00bbcarruselfotos\u00bb][\/vc_column][\/vc_row][vc_row][vc_column][vc_single_image image=\u00bb4268&#8243; img_size=\u00bb150&#215;150&#8243; alignment=\u00bbcenter\u00bb css_animation=\u00bbfadeInDown\u00bb][vc_column_text]<\/p>\n<h4 style=\"text-align: center;\">V\u00ed\u00addeos<\/h4>\n<p>[\/vc_column_text][\/vc_column][\/vc_row][vc_row][vc_column width=\u00bb1\/4&#8243;][\/vc_column][vc_column width=\u00bb1\/2&#8243;][vc_video link=\u00bbhttps:\/\/youtu.be\/bqwwfImiA5c\u00bb][vc_column_text]<\/p>\n<h5 style=\"text-align: center;\">Resumen VII Premios de la Industria en Espa\u00f1a<\/h5>\n<p>[\/vc_column_text][\/vc_column][vc_column width=\u00bb1\/4&#8243;][\/vc_column][\/vc_row][vc_row full_width=\u00bbstretch_row\u00bb][vc_column width=\u00bb1\/3&#8243;][vc_video link=\u00bbhttps:\/\/youtu.be\/U2msVJSYqIY\u00bb][vc_column_text]<\/p>\n<h5 style=\"text-align: center;\">Bienvenida de Javier Escribano, director general de Fundaci\u00f3n TecnoVitae<\/h5>\n<p>[\/vc_column_text][\/vc_column][vc_column width=\u00bb1\/3&#8243;][vc_video link=\u00bbhttps:\/\/youtu.be\/yWV56YMNbYc\u00bb][vc_column_text]<\/p>\n<h5 style=\"text-align: center;\">Presentaci\u00f3n Fundaci\u00f3n TecnoVitae<\/h5>\n<p>[\/vc_column_text][\/vc_column][vc_column width=\u00bb1\/3&#8243;][vc_video link=\u00bbhttps:\/\/youtu.be\/sVeyoGiCqfM\u00bb][vc_column_text]<\/p>\n<h5 style=\"text-align: center;\">Discurso de Rafael \u00ed\u0081lvarez, presidente de Fundaci\u00f3n TecnoVitae<\/h5>\n<p>[\/vc_column_text][\/vc_column][\/vc_row][vc_row][vc_column width=\u00bb1\/3&#8243;][vc_video link=\u00bbhttps:\/\/youtu.be\/vpe1IwZb44c\u00bb][vc_column_text]<\/p>\n<h5 style=\"text-align: center;\">Discurso agradecimiento Francisco J. Riveras<\/h5>\n<p>[\/vc_column_text][\/vc_column][vc_column width=\u00bb1\/3&#8243;][vc_video link=\u00bbhttps:\/\/youtu.be\/0rbvwyuxLzA\u00bb][vc_column_text]<\/p>\n<h5 style=\"text-align: center;\">Discurso agradecimiento \u00d3rbita Laika<\/h5>\n<p>[\/vc_column_text][\/vc_column][vc_column width=\u00bb1\/3&#8243;][vc_video link=\u00bbhttps:\/\/youtu.be\/SuACdKL_lH4&#8243;][vc_column_text]<\/p>\n<h5 style=\"text-align: center;\">V\u00ed\u00addeo \u00d3rbita Laika<\/h5>\n<p>[\/vc_column_text][\/vc_column][\/vc_row][vc_row css=\u00bb.vc_custom_1720003381587{background-image: url(https:\/\/anteriores.premiosdelaindustria.es\/wp-content\/uploads\/sites\/16\/2024\/04\/bg-amarillo.png?id=4169) !important;}\u00bb][vc_column width=\u00bb1\/3&#8243;][vc_video link=\u00bbhttps:\/\/youtu.be\/GjD8jfSZfAI\u00bb][vc_column_text]<\/p>\n<h5 style=\"text-align: center;\">V\u00ed\u00addeo Eduardo S\u00e1enz de Cabez\u00f3n<\/h5>\n<p>[\/vc_column_text][vc_empty_space][\/vc_column][vc_column width=\u00bb1\/3&#8243;][vc_video link=\u00bbhttps:\/\/youtu.be\/VCyPLfD7ONs\u00bb][vc_column_text]<\/p>\n<h5 style=\"text-align: center;\">Discurso Alcalde Valladolid, Jes\u00fas Julio Carnero<\/h5>\n<p>[\/vc_column_text][vc_empty_space][\/vc_column][vc_column width=\u00bb1\/3&#8243;][vc_video link=\u00bbhttps:\/\/youtu.be\/1rdx8bfCMmk\u00bb][vc_column_text]<\/p>\n<h5 style=\"text-align: center;\">Discurso Consejero de Industria, Mariano Veganzones<\/h5>\n<p>[\/vc_column_text][vc_empty_space][\/vc_column][\/vc_row]<\/p>\n<\/section>","protected":false},"excerpt":{"rendered":"<p>[vc_row][vc_column][cs_headings style=\u00bbsimple\u00bb text_align=\u00bbtext-center\u00bb enable_text_color=\u00bb\u00bb enable_line_color=\u00bb\u00bb subtitle=\u00bbVII Premios de la Industria 2023&#8243; title=\u00bbGaler\u00ed\u00ada Multimedia\u00bb][\/cs_headings][\/vc_column][\/vc_row][vc_row full_width=\u00bbstretch_row\u00bb gap=\u00bb35&#8243; desctop_lg_pb=\u00bbpadding-lg-110b\u00bb tablets_pb=\u00bbpadding-sm-90b\u00bb mobile_pb=\u00bbpadding-xs-50b\u00bb vc_bg_position=\u00bbbg_bottom-center\u00bb css=\u00bb.vc_custom_1719932879285{background-image: url(https:\/\/anteriores.premiosdelaindustria.es\/wp-content\/uploads\/sites\/16\/2024\/04\/bg-amarillo.png?id=4169) !important;background-position: 0 0 !important;background-repeat: no-repeat !important;}\u00bb][vc_column desctop_mt=\u00bbmargin-lg-40t\u00bb desctop_mb=\u00bbmargin-lg-40b\u00bb desctop_md_mt=\u00bbmargin-md-40t\u00bb desctop_md_mb=\u00bbmargin-md-40b\u00bb tablets_mt=\u00bbmargin-sm-40t\u00bb tablets_mb=\u00bbmargin-sm-40b\u00bb mobile_mt=\u00bbmargin-xs-40t\u00bb mobile_mb=\u00bbmargin-xs-40b\u00bb][vc_single_image image=\u00bb4268&#8243; img_size=\u00bb150&#215;150&#8243; alignment=\u00bbcenter\u00bb css_animation=\u00bbfadeInDown\u00bb][vc_column_text] Photocall [\/vc_column_text][vc_gallery type=\u00bbnivo\u00bb interval=\u00bb5&#8243; images=\u00bb5174,5175,5176,5177,5178,5179,5180,5181,5182,5183,5184,5185,5186,5187,5188,5189,5190,5191,5192,5193,5194,5195,5196,5197,5198,5199,5200,5201,5202,5203,5204,5205,5206,5207,5208,5209,5210,5211,5212,5213,5214,5215,5216,5217,5218,5219,5220,5221,5222,5223,5224,5225,5226,5227,5228,5229,5230,5231,5232,5233,5234,5235,5236,5237,5238,5239,5240,5241,5242,5243,5244,5245,5246,5247,5248,5249,5250,5251,5252,5253,5254,5255,5256,5257,5258,5259,5260,5261&#8243; img_size=\u00bbfull\u00bb el_class=\u00bbcarruselfotos\u00bb][vc_single_image image=\u00bb4268&#8243; img_size=\u00bb150&#215;150&#8243; alignment=\u00bbcenter\u00bb css_animation=\u00bbfadeInDown\u00bb][vc_column_text] Gala [\/vc_column_text][vc_gallery type=\u00bbnivo\u00bb interval=\u00bb5&#8243; images=\u00bb5075,5076,5077,5078,5079,5080,5081,5082,5083,5084,5085,5086,5087,5088,5089,5090,5091,5092,5093,5094,5095,5096,5098,5304,5099,5100,5101,5102,5103,5104,5105,5106,5107,5108,5109,5110,5111,5112,5113,5114,5115,5116,5117,5118,5119,5120,5121,5122,5123,5124,5125,5126,5127,5128,5129,5130,5131,5132,5133,5134,5135,5136,5137,5138,5139,5140,5141,5142,5143,5144,5145,5146,5147,5148,5149,5150,5151,5152,5153,5154,5155,5156,5157,5158,5159,5160,5161,5162,5163,5164,5165,5166,5167,5168,5169&#8243; &#8230;<\/p>\n","protected":false},"author":6,"featured_media":0,"parent":0,"menu_order":0,"comment_status":"closed","ping_status":"closed","template":"","meta":{"footnotes":""},"yoast_head":"<!-- This site is optimized with the Yoast SEO plugin v20.6 - https:\/\/yoast.com\/wordpress\/plugins\/seo\/ -->\n<title>Galer\u00ed\u00ada Multimedia - Premios de la Industria en Espa\u00f1a VIII<\/title>\n<meta name=\"robots\" content=\"noindex, nofollow\" \/>\n<meta property=\"og:locale\" content=\"es_ES\" \/>\n<meta property=\"og:type\" content=\"article\" \/>\n<meta property=\"og:title\" content=\"Galer\u00ed\u00ada Multimedia - Premios de la Industria en Espa\u00f1a VIII\" \/>\n<meta property=\"og:description\" content=\"[vc_row][vc_column][cs_headings style=\u00bbsimple\u00bb text_align=\u00bbtext-center\u00bb enable_text_color=\u00bb\u00bb enable_line_color=\u00bb\u00bb subtitle=\u00bbVII Premios de la Industria 2023&#8243; title=\u00bbGaler\u00ed\u00ada Multimedia\u00bb][\/cs_headings][\/vc_column][\/vc_row][vc_row full_width=\u00bbstretch_row\u00bb gap=\u00bb35&#8243; desctop_lg_pb=\u00bbpadding-lg-110b\u00bb tablets_pb=\u00bbpadding-sm-90b\u00bb mobile_pb=\u00bbpadding-xs-50b\u00bb vc_bg_position=\u00bbbg_bottom-center\u00bb css=\u00bb.vc_custom_1719932879285{background-image: url(https:\/\/anteriores.premiosdelaindustria.es\/wp-content\/uploads\/sites\/16\/2024\/04\/bg-amarillo.png?id=4169) !important;background-position: 0 0 !important;background-repeat: no-repeat !important;}\u00bb][vc_column desctop_mt=\u00bbmargin-lg-40t\u00bb desctop_mb=\u00bbmargin-lg-40b\u00bb desctop_md_mt=\u00bbmargin-md-40t\u00bb desctop_md_mb=\u00bbmargin-md-40b\u00bb tablets_mt=\u00bbmargin-sm-40t\u00bb tablets_mb=\u00bbmargin-sm-40b\u00bb mobile_mt=\u00bbmargin-xs-40t\u00bb mobile_mb=\u00bbmargin-xs-40b\u00bb][vc_single_image image=\u00bb4268&#8243; img_size=\u00bb150&#215;150&#8243; alignment=\u00bbcenter\u00bb css_animation=\u00bbfadeInDown\u00bb][vc_column_text] Photocall [\/vc_column_text][vc_gallery type=\u00bbnivo\u00bb interval=\u00bb5&#8243; images=\u00bb5174,5175,5176,5177,5178,5179,5180,5181,5182,5183,5184,5185,5186,5187,5188,5189,5190,5191,5192,5193,5194,5195,5196,5197,5198,5199,5200,5201,5202,5203,5204,5205,5206,5207,5208,5209,5210,5211,5212,5213,5214,5215,5216,5217,5218,5219,5220,5221,5222,5223,5224,5225,5226,5227,5228,5229,5230,5231,5232,5233,5234,5235,5236,5237,5238,5239,5240,5241,5242,5243,5244,5245,5246,5247,5248,5249,5250,5251,5252,5253,5254,5255,5256,5257,5258,5259,5260,5261&#8243; img_size=\u00bbfull\u00bb el_class=\u00bbcarruselfotos\u00bb][vc_single_image image=\u00bb4268&#8243; img_size=\u00bb150&#215;150&#8243; alignment=\u00bbcenter\u00bb css_animation=\u00bbfadeInDown\u00bb][vc_column_text] Gala [\/vc_column_text][vc_gallery type=\u00bbnivo\u00bb interval=\u00bb5&#8243; images=\u00bb5075,5076,5077,5078,5079,5080,5081,5082,5083,5084,5085,5086,5087,5088,5089,5090,5091,5092,5093,5094,5095,5096,5098,5304,5099,5100,5101,5102,5103,5104,5105,5106,5107,5108,5109,5110,5111,5112,5113,5114,5115,5116,5117,5118,5119,5120,5121,5122,5123,5124,5125,5126,5127,5128,5129,5130,5131,5132,5133,5134,5135,5136,5137,5138,5139,5140,5141,5142,5143,5144,5145,5146,5147,5148,5149,5150,5151,5152,5153,5154,5155,5156,5157,5158,5159,5160,5161,5162,5163,5164,5165,5166,5167,5168,5169&#8243; ...\" \/>\n<meta property=\"og:url\" content=\"https:\/\/anteriores.premiosdelaindustria.es\/2024\/galeria-multimedia\/\" \/>\n<meta property=\"og:site_name\" content=\"Premios de la Industria en Espa\u00f1a VIII\" \/>\n<meta property=\"article:modified_time\" content=\"2024-07-04T15:34:22+00:00\" \/>\n<meta name=\"twitter:card\" content=\"summary_large_image\" \/>\n<meta name=\"twitter:label1\" content=\"Tiempo de lectura\" \/>\n\t<meta name=\"twitter:data1\" content=\"1 minuto\" \/>\n<script type=\"application\/ld+json\" class=\"yoast-schema-graph\">{\"@context\":\"https:\/\/schema.org\",\"@graph\":[{\"@type\":\"WebPage\",\"@id\":\"https:\/\/anteriores.premiosdelaindustria.es\/2024\/galeria-multimedia\/\",\"url\":\"https:\/\/anteriores.premiosdelaindustria.es\/2024\/galeria-multimedia\/\",\"name\":\"Galer\u00ed\u00ada Multimedia - Premios de la Industria en Espa\u00f1a VIII\",\"isPartOf\":{\"@id\":\"https:\/\/anteriores.premiosdelaindustria.es\/2024\/#website\"},\"datePublished\":\"2024-07-03T10:29:45+00:00\",\"dateModified\":\"2024-07-04T15:34:22+00:00\",\"breadcrumb\":{\"@id\":\"https:\/\/anteriores.premiosdelaindustria.es\/2024\/galeria-multimedia\/#breadcrumb\"},\"inLanguage\":\"es\",\"potentialAction\":[{\"@type\":\"ReadAction\",\"target\":[\"https:\/\/anteriores.premiosdelaindustria.es\/2024\/galeria-multimedia\/\"]}]},{\"@type\":\"BreadcrumbList\",\"@id\":\"https:\/\/anteriores.premiosdelaindustria.es\/2024\/galeria-multimedia\/#breadcrumb\",\"itemListElement\":[{\"@type\":\"ListItem\",\"position\":1,\"name\":\"Portada\",\"item\":\"https:\/\/anteriores.premiosdelaindustria.es\/2024\/\"},{\"@type\":\"ListItem\",\"position\":2,\"name\":\"Galer\u00ed\u00ada Multimedia\"}]},{\"@type\":\"WebSite\",\"@id\":\"https:\/\/anteriores.premiosdelaindustria.es\/2024\/#website\",\"url\":\"https:\/\/anteriores.premiosdelaindustria.es\/2024\/\",\"name\":\"Premios de la Industria en Espa\u00f1a VIII\",\"description\":\"Desde 2017 se promueven los Premios de la Industria en Espa\u00f1a, que tratan de dar visibilidad a todas aquellas personas, f\u00edsicas o jur\u00eddicas, que en las diferentes categor\u00edas que se detallar\u00e1n a continuaci\u00f3n, han destacado por su aportaci\u00f3n. Creemos que es muy importante la difusi\u00f3n y el reconocimiento del aporte de la industria y sus beneficios para las personas. Lo mismo sucede con el aporte de la industria moderna para la sociedad y el entorno.\",\"potentialAction\":[{\"@type\":\"SearchAction\",\"target\":{\"@type\":\"EntryPoint\",\"urlTemplate\":\"https:\/\/anteriores.premiosdelaindustria.es\/2024\/?s={search_term_string}\"},\"query-input\":\"required name=search_term_string\"}],\"inLanguage\":\"es\"}]}<\/script>\n<!-- \/ Yoast SEO plugin. -->","yoast_head_json":{"title":"Galer\u00ed\u00ada Multimedia - Premios de la Industria en Espa\u00f1a VIII","robots":{"index":"noindex","follow":"nofollow"},"og_locale":"es_ES","og_type":"article","og_title":"Galer\u00ed\u00ada Multimedia - Premios de la Industria en Espa\u00f1a VIII","og_description":"[vc_row][vc_column][cs_headings style=\u00bbsimple\u00bb text_align=\u00bbtext-center\u00bb enable_text_color=\u00bb\u00bb enable_line_color=\u00bb\u00bb subtitle=\u00bbVII Premios de la Industria 2023&#8243; title=\u00bbGaler\u00ed\u00ada Multimedia\u00bb][\/cs_headings][\/vc_column][\/vc_row][vc_row full_width=\u00bbstretch_row\u00bb gap=\u00bb35&#8243; desctop_lg_pb=\u00bbpadding-lg-110b\u00bb tablets_pb=\u00bbpadding-sm-90b\u00bb mobile_pb=\u00bbpadding-xs-50b\u00bb vc_bg_position=\u00bbbg_bottom-center\u00bb css=\u00bb.vc_custom_1719932879285{background-image: url(https:\/\/anteriores.premiosdelaindustria.es\/wp-content\/uploads\/sites\/16\/2024\/04\/bg-amarillo.png?id=4169) !important;background-position: 0 0 !important;background-repeat: no-repeat !important;}\u00bb][vc_column desctop_mt=\u00bbmargin-lg-40t\u00bb desctop_mb=\u00bbmargin-lg-40b\u00bb desctop_md_mt=\u00bbmargin-md-40t\u00bb desctop_md_mb=\u00bbmargin-md-40b\u00bb tablets_mt=\u00bbmargin-sm-40t\u00bb tablets_mb=\u00bbmargin-sm-40b\u00bb mobile_mt=\u00bbmargin-xs-40t\u00bb mobile_mb=\u00bbmargin-xs-40b\u00bb][vc_single_image image=\u00bb4268&#8243; img_size=\u00bb150&#215;150&#8243; alignment=\u00bbcenter\u00bb css_animation=\u00bbfadeInDown\u00bb][vc_column_text] Photocall [\/vc_column_text][vc_gallery type=\u00bbnivo\u00bb interval=\u00bb5&#8243; images=\u00bb5174,5175,5176,5177,5178,5179,5180,5181,5182,5183,5184,5185,5186,5187,5188,5189,5190,5191,5192,5193,5194,5195,5196,5197,5198,5199,5200,5201,5202,5203,5204,5205,5206,5207,5208,5209,5210,5211,5212,5213,5214,5215,5216,5217,5218,5219,5220,5221,5222,5223,5224,5225,5226,5227,5228,5229,5230,5231,5232,5233,5234,5235,5236,5237,5238,5239,5240,5241,5242,5243,5244,5245,5246,5247,5248,5249,5250,5251,5252,5253,5254,5255,5256,5257,5258,5259,5260,5261&#8243; img_size=\u00bbfull\u00bb el_class=\u00bbcarruselfotos\u00bb][vc_single_image image=\u00bb4268&#8243; img_size=\u00bb150&#215;150&#8243; alignment=\u00bbcenter\u00bb css_animation=\u00bbfadeInDown\u00bb][vc_column_text] Gala [\/vc_column_text][vc_gallery type=\u00bbnivo\u00bb interval=\u00bb5&#8243; images=\u00bb5075,5076,5077,5078,5079,5080,5081,5082,5083,5084,5085,5086,5087,5088,5089,5090,5091,5092,5093,5094,5095,5096,5098,5304,5099,5100,5101,5102,5103,5104,5105,5106,5107,5108,5109,5110,5111,5112,5113,5114,5115,5116,5117,5118,5119,5120,5121,5122,5123,5124,5125,5126,5127,5128,5129,5130,5131,5132,5133,5134,5135,5136,5137,5138,5139,5140,5141,5142,5143,5144,5145,5146,5147,5148,5149,5150,5151,5152,5153,5154,5155,5156,5157,5158,5159,5160,5161,5162,5163,5164,5165,5166,5167,5168,5169&#8243; ...","og_url":"https:\/\/anteriores.premiosdelaindustria.es\/2024\/galeria-multimedia\/","og_site_name":"Premios de la Industria en Espa\u00f1a VIII","article_modified_time":"2024-07-04T15:34:22+00:00","twitter_card":"summary_large_image","twitter_misc":{"Tiempo de lectura":"1 minuto"},"schema":{"@context":"https:\/\/schema.org","@graph":[{"@type":"WebPage","@id":"https:\/\/anteriores.premiosdelaindustria.es\/2024\/galeria-multimedia\/","url":"https:\/\/anteriores.premiosdelaindustria.es\/2024\/galeria-multimedia\/","name":"Galer\u00ed\u00ada Multimedia - Premios de la Industria en Espa\u00f1a VIII","isPartOf":{"@id":"https:\/\/anteriores.premiosdelaindustria.es\/2024\/#website"},"datePublished":"2024-07-03T10:29:45+00:00","dateModified":"2024-07-04T15:34:22+00:00","breadcrumb":{"@id":"https:\/\/anteriores.premiosdelaindustria.es\/2024\/galeria-multimedia\/#breadcrumb"},"inLanguage":"es","potentialAction":[{"@type":"ReadAction","target":["https:\/\/anteriores.premiosdelaindustria.es\/2024\/galeria-multimedia\/"]}]},{"@type":"BreadcrumbList","@id":"https:\/\/anteriores.premiosdelaindustria.es\/2024\/galeria-multimedia\/#breadcrumb","itemListElement":[{"@type":"ListItem","position":1,"name":"Portada","item":"https:\/\/anteriores.premiosdelaindustria.es\/2024\/"},{"@type":"ListItem","position":2,"name":"Galer\u00ed\u00ada Multimedia"}]},{"@type":"WebSite","@id":"https:\/\/anteriores.premiosdelaindustria.es\/2024\/#website","url":"https:\/\/anteriores.premiosdelaindustria.es\/2024\/","name":"Premios de la Industria en Espa\u00f1a VIII","description":"Desde 2017 se promueven los Premios de la Industria en Espa\u00f1a, que tratan de dar visibilidad a todas aquellas personas, f\u00edsicas o jur\u00eddicas, que en las diferentes categor\u00edas que se detallar\u00e1n a continuaci\u00f3n, han destacado por su aportaci\u00f3n. Creemos que es muy importante la difusi\u00f3n y el reconocimiento del aporte de la industria y sus beneficios para las personas. Lo mismo sucede con el aporte de la industria moderna para la sociedad y el entorno.","potentialAction":[{"@type":"SearchAction","target":{"@type":"EntryPoint","urlTemplate":"https:\/\/anteriores.premiosdelaindustria.es\/2024\/?s={search_term_string}"},"query-input":"required name=search_term_string"}],"inLanguage":"es"}]}},"_links":{"self":[{"href":"https:\/\/anteriores.premiosdelaindustria.es\/2024\/wp-json\/wp\/v2\/pages\/4954"}],"collection":[{"href":"https:\/\/anteriores.premiosdelaindustria.es\/2024\/wp-json\/wp\/v2\/pages"}],"about":[{"href":"https:\/\/anteriores.premiosdelaindustria.es\/2024\/wp-json\/wp\/v2\/types\/page"}],"author":[{"embeddable":true,"href":"https:\/\/anteriores.premiosdelaindustria.es\/2024\/wp-json\/wp\/v2\/users\/6"}],"replies":[{"embeddable":true,"href":"https:\/\/anteriores.premiosdelaindustria.es\/2024\/wp-json\/wp\/v2\/comments?post=4954"}],"version-history":[{"count":44,"href":"https:\/\/anteriores.premiosdelaindustria.es\/2024\/wp-json\/wp\/v2\/pages\/4954\/revisions"}],"predecessor-version":[{"id":5306,"href":"https:\/\/anteriores.premiosdelaindustria.es\/2024\/wp-json\/wp\/v2\/pages\/4954\/revisions\/5306"}],"wp:attachment":[{"href":"https:\/\/anteriores.premiosdelaindustria.es\/2024\/wp-json\/wp\/v2\/media?parent=4954"}],"curies":[{"name":"wp","href":"https:\/\/api.w.org\/{rel}","templated":true}]}}