{"id":4790,"date":"2024-06-27T21:32:10","date_gmt":"2024-06-27T19:32:10","guid":{"rendered":"https:\/\/anteriores.premiosdelaindustria.es\/2024\/?page_id=4790"},"modified":"2025-04-01T18:51:15","modified_gmt":"2025-04-01T16:51:15","slug":"dehesa-de-los-canonigos","status":"publish","type":"page","link":"https:\/\/anteriores.premiosdelaindustria.es\/2024\/dehesa-de-los-canonigos\/","title":{"rendered":"Premiado &#8211; Dehesa de los Can\u00f3nigos"},"content":{"rendered":"<section class=\"wpb-content-wrapper\"><p>[vc_row vc_bg_position=\u00bbbg_center\u00bb css=\u00bb.vc_custom_1718180830274{background-position: 0 0 !important;background-repeat: no-repeat !important;}\u00bb][vc_column][vc_row_inner][vc_column_inner width=\u00bb1\/6&#8243;][vc_single_image image=\u00bb4352&#8243; img_size=\u00bb200&#215;200&#8243;][\/vc_column_inner][vc_column_inner width=\u00bb1\/3&#8243;][vc_column_text]<\/p>\n<h4 style=\"text-align: left;\"><span style=\"color: #ffc107;\"><strong>PREMIO<\/strong><\/span><\/h4>\n<p>[\/vc_column_text][vc_column_text]<\/p>\n<h2 style=\"text-align: left;\"><strong>Industria Solidaria<\/strong><\/h2>\n<p>[\/vc_column_text][\/vc_column_inner][vc_column_inner width=\u00bb1\/2&#8243;][vc_column_text]Premio a las empresas cuyas actuaciones estrat\u00e9gicas e innovadoras est\u00e9n destinadas a generar valor para la sociedad y el progreso, como una contribuci\u00f3n activa y voluntaria a la protecci\u00f3n del planeta y de las necesidades de generaciones futuras desde la sostenibilidad, o al mejoramiento social, econ\u00f3mico y ambiental.<\/p>\n<p>Este premio est\u00e1 dotado con 2.000 euros que la <a href=\"https:\/\/fundaciontecnovitae.org\/\"><strong>Fundaci\u00f3n TecnoVitae<\/strong><\/a>, donar\u00e1 a la ONG que el ganador seleccione y que desarrolle al menos parte de su actividad en Castilla y Le\u00f3n.[\/vc_column_text][\/vc_column_inner][\/vc_row_inner][\/vc_column][\/vc_row][vc_row][vc_column][vc_empty_space][vc_separator][vc_empty_space][\/vc_column][\/vc_row][vc_row equal_height=\u00bbyes\u00bb content_placement=\u00bbtop\u00bb vc_bg_position=\u00bbbg_center\u00bb][vc_column width=\u00bb1\/2&#8243;][vc_single_image image=\u00bb4613&#8243; img_size=\u00bbfull\u00bb alignment=\u00bbcenter\u00bb][vc_column_text]<span style=\"font-weight: 400;\"><strong>Dehesa de los Can\u00f3nigos<\/strong> es una bodega familiar que desde sus inicios hace ya 35 a\u00f1os ha entendido la responsabilidad social como un concepto ligado al desarrollo empresarial, as\u00ed\u00ad como una inquietud personal.<\/span><\/p>\n<p><span style=\"font-weight: 400;\">A lo largo de la historia de Dehesa de los Can\u00f3nigos es posible destacar numerosas causas sociales en las que la bodega se ha involucrado: Subasta del vino Dehesa de los Can\u00f3nigos Selecci\u00f3n Especial Padrino de Vendimia, colaboraci\u00f3n con el Proyecto Family Home Benedict Menni, el concurso culinario infantil Ribera Junior Chef, Solidaridad en el deporte (Fundaci\u00f3n Valores del F\u00fatbol, Inclusport, Patrocinio del VRAC), donaciones a distintas asociaciones, fundaciones y obras ben\u00e9ficas; Mecenazgo cultural, Patrocinio deportivo (la Ribera Run Race), Acci\u00f3n social para ayudar a la lucha del Coronavirus.<\/span>[\/vc_column_text][\/vc_column][vc_column width=\u00bb1\/2&#8243;][vc_single_image image=\u00bb4910&#8243; img_size=\u00bbfull\u00bb][\/vc_column][\/vc_row][vc_row][vc_column width=\u00bb1\/6&#8243;][\/vc_column][vc_column width=\u00bb2\/3&#8243;][vc_column_text]<\/p>\n<h5 style=\"text-align: center;\">Entrevista Iv\u00e1n Sanz &#8211; Director General de Dehesa de los Can\u00f3nigos<\/h5>\n<p>[\/vc_column_text][vc_video link=\u00bbhttps:\/\/www.youtube.com\/watch?v=HqPge-aTidQ\u00bb][\/vc_column][vc_column width=\u00bb1\/6&#8243;][\/vc_column][\/vc_row]<\/p>\n<\/section>","protected":false},"excerpt":{"rendered":"<p>[vc_row vc_bg_position=\u00bbbg_center\u00bb css=\u00bb.vc_custom_1718180830274{background-position: 0 0 !important;background-repeat: no-repeat !important;}\u00bb][vc_column][vc_row_inner][vc_column_inner width=\u00bb1\/6&#8243;][vc_single_image image=\u00bb4352&#8243; img_size=\u00bb200&#215;200&#8243;][\/vc_column_inner][vc_column_inner width=\u00bb1\/3&#8243;][vc_column_text] PREMIO [\/vc_column_text][vc_column_text] Industria Solidaria [\/vc_column_text][\/vc_column_inner][vc_column_inner width=\u00bb1\/2&#8243;][vc_column_text]Premio a las empresas cuyas actuaciones estrat\u00e9gicas e innovadoras est\u00e9n destinadas a generar valor para la sociedad y el progreso, como una contribuci\u00f3n activa y voluntaria a la protecci\u00f3n del planeta y de las necesidades de generaciones futuras &#8230;<\/p>\n","protected":false},"author":6,"featured_media":0,"parent":0,"menu_order":0,"comment_status":"closed","ping_status":"closed","template":"","meta":{"footnotes":""},"yoast_head":"<!-- This site is optimized with the Yoast SEO plugin v20.6 - https:\/\/yoast.com\/wordpress\/plugins\/seo\/ -->\n<title>Premiado - Dehesa de los Can\u00f3nigos - Premios de la Industria en Espa\u00f1a VIII<\/title>\n<meta name=\"robots\" content=\"noindex, nofollow\" \/>\n<meta property=\"og:locale\" content=\"es_ES\" \/>\n<meta property=\"og:type\" content=\"article\" \/>\n<meta property=\"og:title\" content=\"Premiado - Dehesa de los Can\u00f3nigos - Premios de la Industria en Espa\u00f1a VIII\" \/>\n<meta property=\"og:description\" content=\"[vc_row vc_bg_position=\u00bbbg_center\u00bb css=\u00bb.vc_custom_1718180830274{background-position: 0 0 !important;background-repeat: no-repeat !important;}\u00bb][vc_column][vc_row_inner][vc_column_inner width=\u00bb1\/6&#8243;][vc_single_image image=\u00bb4352&#8243; img_size=\u00bb200&#215;200&#8243;][\/vc_column_inner][vc_column_inner width=\u00bb1\/3&#8243;][vc_column_text] PREMIO [\/vc_column_text][vc_column_text] Industria Solidaria [\/vc_column_text][\/vc_column_inner][vc_column_inner width=\u00bb1\/2&#8243;][vc_column_text]Premio a las empresas cuyas actuaciones estrat\u00e9gicas e innovadoras est\u00e9n destinadas a generar valor para la sociedad y el progreso, como una contribuci\u00f3n activa y voluntaria a la protecci\u00f3n del planeta y de las necesidades de generaciones futuras ...\" \/>\n<meta property=\"og:url\" content=\"https:\/\/anteriores.premiosdelaindustria.es\/2024\/dehesa-de-los-canonigos\/\" \/>\n<meta property=\"og:site_name\" content=\"Premios de la Industria en Espa\u00f1a VIII\" \/>\n<meta property=\"article:modified_time\" content=\"2025-04-01T16:51:15+00:00\" \/>\n<meta name=\"twitter:card\" content=\"summary_large_image\" \/>\n<meta name=\"twitter:label1\" content=\"Tiempo de lectura\" \/>\n\t<meta name=\"twitter:data1\" content=\"2 minutos\" \/>\n<script type=\"application\/ld+json\" class=\"yoast-schema-graph\">{\"@context\":\"https:\/\/schema.org\",\"@graph\":[{\"@type\":\"WebPage\",\"@id\":\"https:\/\/anteriores.premiosdelaindustria.es\/2024\/dehesa-de-los-canonigos\/\",\"url\":\"https:\/\/anteriores.premiosdelaindustria.es\/2024\/dehesa-de-los-canonigos\/\",\"name\":\"Premiado - Dehesa de los Can\u00f3nigos - Premios de la Industria en Espa\u00f1a VIII\",\"isPartOf\":{\"@id\":\"https:\/\/anteriores.premiosdelaindustria.es\/2024\/#website\"},\"datePublished\":\"2024-06-27T19:32:10+00:00\",\"dateModified\":\"2025-04-01T16:51:15+00:00\",\"breadcrumb\":{\"@id\":\"https:\/\/anteriores.premiosdelaindustria.es\/2024\/dehesa-de-los-canonigos\/#breadcrumb\"},\"inLanguage\":\"es\",\"potentialAction\":[{\"@type\":\"ReadAction\",\"target\":[\"https:\/\/anteriores.premiosdelaindustria.es\/2024\/dehesa-de-los-canonigos\/\"]}]},{\"@type\":\"BreadcrumbList\",\"@id\":\"https:\/\/anteriores.premiosdelaindustria.es\/2024\/dehesa-de-los-canonigos\/#breadcrumb\",\"itemListElement\":[{\"@type\":\"ListItem\",\"position\":1,\"name\":\"Portada\",\"item\":\"https:\/\/anteriores.premiosdelaindustria.es\/2024\/\"},{\"@type\":\"ListItem\",\"position\":2,\"name\":\"Premiado &#8211; Dehesa de los Can\u00f3nigos\"}]},{\"@type\":\"WebSite\",\"@id\":\"https:\/\/anteriores.premiosdelaindustria.es\/2024\/#website\",\"url\":\"https:\/\/anteriores.premiosdelaindustria.es\/2024\/\",\"name\":\"Premios de la Industria en Espa\u00f1a VIII\",\"description\":\"Desde 2017 se promueven los Premios de la Industria en Espa\u00f1a, que tratan de dar visibilidad a todas aquellas personas, f\u00edsicas o jur\u00eddicas, que en las diferentes categor\u00edas que se detallar\u00e1n a continuaci\u00f3n, han destacado por su aportaci\u00f3n. Creemos que es muy importante la difusi\u00f3n y el reconocimiento del aporte de la industria y sus beneficios para las personas. Lo mismo sucede con el aporte de la industria moderna para la sociedad y el entorno.\",\"potentialAction\":[{\"@type\":\"SearchAction\",\"target\":{\"@type\":\"EntryPoint\",\"urlTemplate\":\"https:\/\/anteriores.premiosdelaindustria.es\/2024\/?s={search_term_string}\"},\"query-input\":\"required name=search_term_string\"}],\"inLanguage\":\"es\"}]}<\/script>\n<!-- \/ Yoast SEO plugin. -->","yoast_head_json":{"title":"Premiado - Dehesa de los Can\u00f3nigos - Premios de la Industria en Espa\u00f1a VIII","robots":{"index":"noindex","follow":"nofollow"},"og_locale":"es_ES","og_type":"article","og_title":"Premiado - Dehesa de los Can\u00f3nigos - Premios de la Industria en Espa\u00f1a VIII","og_description":"[vc_row vc_bg_position=\u00bbbg_center\u00bb css=\u00bb.vc_custom_1718180830274{background-position: 0 0 !important;background-repeat: no-repeat !important;}\u00bb][vc_column][vc_row_inner][vc_column_inner width=\u00bb1\/6&#8243;][vc_single_image image=\u00bb4352&#8243; img_size=\u00bb200&#215;200&#8243;][\/vc_column_inner][vc_column_inner width=\u00bb1\/3&#8243;][vc_column_text] PREMIO [\/vc_column_text][vc_column_text] Industria Solidaria [\/vc_column_text][\/vc_column_inner][vc_column_inner width=\u00bb1\/2&#8243;][vc_column_text]Premio a las empresas cuyas actuaciones estrat\u00e9gicas e innovadoras est\u00e9n destinadas a generar valor para la sociedad y el progreso, como una contribuci\u00f3n activa y voluntaria a la protecci\u00f3n del planeta y de las necesidades de generaciones futuras ...","og_url":"https:\/\/anteriores.premiosdelaindustria.es\/2024\/dehesa-de-los-canonigos\/","og_site_name":"Premios de la Industria en Espa\u00f1a VIII","article_modified_time":"2025-04-01T16:51:15+00:00","twitter_card":"summary_large_image","twitter_misc":{"Tiempo de lectura":"2 minutos"},"schema":{"@context":"https:\/\/schema.org","@graph":[{"@type":"WebPage","@id":"https:\/\/anteriores.premiosdelaindustria.es\/2024\/dehesa-de-los-canonigos\/","url":"https:\/\/anteriores.premiosdelaindustria.es\/2024\/dehesa-de-los-canonigos\/","name":"Premiado - Dehesa de los Can\u00f3nigos - Premios de la Industria en Espa\u00f1a VIII","isPartOf":{"@id":"https:\/\/anteriores.premiosdelaindustria.es\/2024\/#website"},"datePublished":"2024-06-27T19:32:10+00:00","dateModified":"2025-04-01T16:51:15+00:00","breadcrumb":{"@id":"https:\/\/anteriores.premiosdelaindustria.es\/2024\/dehesa-de-los-canonigos\/#breadcrumb"},"inLanguage":"es","potentialAction":[{"@type":"ReadAction","target":["https:\/\/anteriores.premiosdelaindustria.es\/2024\/dehesa-de-los-canonigos\/"]}]},{"@type":"BreadcrumbList","@id":"https:\/\/anteriores.premiosdelaindustria.es\/2024\/dehesa-de-los-canonigos\/#breadcrumb","itemListElement":[{"@type":"ListItem","position":1,"name":"Portada","item":"https:\/\/anteriores.premiosdelaindustria.es\/2024\/"},{"@type":"ListItem","position":2,"name":"Premiado &#8211; Dehesa de los Can\u00f3nigos"}]},{"@type":"WebSite","@id":"https:\/\/anteriores.premiosdelaindustria.es\/2024\/#website","url":"https:\/\/anteriores.premiosdelaindustria.es\/2024\/","name":"Premios de la Industria en Espa\u00f1a VIII","description":"Desde 2017 se promueven los Premios de la Industria en Espa\u00f1a, que tratan de dar visibilidad a todas aquellas personas, f\u00edsicas o jur\u00eddicas, que en las diferentes categor\u00edas que se detallar\u00e1n a continuaci\u00f3n, han destacado por su aportaci\u00f3n. Creemos que es muy importante la difusi\u00f3n y el reconocimiento del aporte de la industria y sus beneficios para las personas. Lo mismo sucede con el aporte de la industria moderna para la sociedad y el entorno.","potentialAction":[{"@type":"SearchAction","target":{"@type":"EntryPoint","urlTemplate":"https:\/\/anteriores.premiosdelaindustria.es\/2024\/?s={search_term_string}"},"query-input":"required name=search_term_string"}],"inLanguage":"es"}]}},"_links":{"self":[{"href":"https:\/\/anteriores.premiosdelaindustria.es\/2024\/wp-json\/wp\/v2\/pages\/4790"}],"collection":[{"href":"https:\/\/anteriores.premiosdelaindustria.es\/2024\/wp-json\/wp\/v2\/pages"}],"about":[{"href":"https:\/\/anteriores.premiosdelaindustria.es\/2024\/wp-json\/wp\/v2\/types\/page"}],"author":[{"embeddable":true,"href":"https:\/\/anteriores.premiosdelaindustria.es\/2024\/wp-json\/wp\/v2\/users\/6"}],"replies":[{"embeddable":true,"href":"https:\/\/anteriores.premiosdelaindustria.es\/2024\/wp-json\/wp\/v2\/comments?post=4790"}],"version-history":[{"count":7,"href":"https:\/\/anteriores.premiosdelaindustria.es\/2024\/wp-json\/wp\/v2\/pages\/4790\/revisions"}],"predecessor-version":[{"id":5291,"href":"https:\/\/anteriores.premiosdelaindustria.es\/2024\/wp-json\/wp\/v2\/pages\/4790\/revisions\/5291"}],"wp:attachment":[{"href":"https:\/\/anteriores.premiosdelaindustria.es\/2024\/wp-json\/wp\/v2\/media?parent=4790"}],"curies":[{"name":"wp","href":"https:\/\/api.w.org\/{rel}","templated":true}]}}