{"id":4758,"date":"2024-06-27T21:32:54","date_gmt":"2024-06-27T19:32:54","guid":{"rendered":"https:\/\/anteriores.premiosdelaindustria.es\/2024\/?page_id=4758"},"modified":"2025-04-01T18:52:22","modified_gmt":"2025-04-01T16:52:22","slug":"orbita-laika","status":"publish","type":"page","link":"https:\/\/anteriores.premiosdelaindustria.es\/2024\/orbita-laika\/","title":{"rendered":"Premiado &#8211; \u00d3rbita Laika"},"content":{"rendered":"<section class=\"wpb-content-wrapper\"><p>[vc_row vc_bg_position=\u00bbbg_center\u00bb css=\u00bb.vc_custom_1718180830274{background-position: 0 0 !important;background-repeat: no-repeat !important;}\u00bb][vc_column][vc_row_inner][vc_column_inner width=\u00bb1\/6&#8243;][vc_single_image image=\u00bb4352&#8243; img_size=\u00bb200&#215;200&#8243;][\/vc_column_inner][vc_column_inner width=\u00bb1\/2&#8243;][vc_column_text]<\/p>\n<h4 style=\"text-align: left;\"><span style=\"color: #ffc107;\"><strong>PREMIO ESPECIAL<\/strong><\/span><\/h4>\n<p>[\/vc_column_text][vc_column_text]<\/p>\n<h2 style=\"text-align: left;\"><strong>Comunicaci\u00f3n<\/strong><\/h2>\n<p>[\/vc_column_text][\/vc_column_inner][\/vc_row_inner][\/vc_column][\/vc_row][vc_row][vc_column][vc_empty_space][vc_separator][vc_empty_space][\/vc_column][\/vc_row][vc_row equal_height=\u00bbyes\u00bb content_placement=\u00bbtop\u00bb vc_bg_position=\u00bbbg_center\u00bb][vc_column width=\u00bb1\/2&#8243;][vc_column_text]<\/p>\n<h3 style=\"text-align: left;\">\u00d3rbita Laika<\/h3>\n<p>El programa de divulgaci\u00f3n cient\u00ed\u00adfica, emitido por primera vez en 2014, reconocido en la <strong>categor\u00ed\u00ada de Comunicaci\u00f3n<\/strong>. Con m\u00e1s de 100 episodios, \u00d3rbita Laika lleva casi una d\u00e9cada atrayendo a diferentes p\u00fablicos gracias a <strong>su formato de entretenimiento basado en el rigor cient\u00ed\u00adfico<\/strong>, que le han convertido en un referente en la televisi\u00f3n espa\u00f1ola.<\/p>\n<p>A lo largo de estos a\u00f1os, ha tenido diferentes presentadores, entre ellos \u00ed\u0081ngel Mart\u00ed\u00adn y Goyo Jim\u00e9nez, hasta que en 2019 Eduardo S\u00e1ez de Cabez\u00f3n se convirti\u00f3 en el conductor del programa. Junto a ellos, diferentes profesionales y expertos han sacado su lado m\u00e1s divertido y han participado en \u00d3rbita Laika explicando temas tan complejos como la f\u00ed\u00adsica, la qu\u00ed\u00admica, la tecnolog\u00ed\u00ada, la biolog\u00ed\u00ada o la meteorolog\u00ed\u00ada de una manera amena y entretenida. Y lo ha conseguido adem\u00e1s con el respaldo de la audiencia: su octava temporada alcanz\u00f3 el <strong>3,1% de share<\/strong> y lleg\u00f3 a un total de <strong>8,5 millones de espectadores<\/strong>.<\/p>\n<p>La productora K 2000, el estudio Brainstorm y Radio Televisi\u00f3n Espa\u00f1ola se encuentran detr\u00e1s de este \u00e9xito, que en sus nueve a\u00f1os de emisi\u00f3n ha obtenido adem\u00e1s importantes premios. Entre ellos, los <strong>Premios Zapping<\/strong> en los a\u00f1os 2015 y 2022, el premio al Mejor Programa de Televisi\u00f3n de los <strong>Premios SIGRE de Periodismo<\/strong> o el Premio del P\u00fablico del <strong>Science Film Festival<\/strong>.[\/vc_column_text][\/vc_column][vc_column width=\u00bb1\/2&#8243;][vc_single_image image=\u00bb4916&#8243; img_size=\u00bbfull\u00bb][\/vc_column][\/vc_row][vc_row][vc_column width=\u00bb1\/2&#8243;][vc_single_image image=\u00bb4903&#8243; img_size=\u00bbfull\u00bb][\/vc_column][vc_column width=\u00bb1\/2&#8243;][vc_single_image image=\u00bb4902&#8243; img_size=\u00bbfull\u00bb][\/vc_column][\/vc_row]<\/p>\n<\/section>","protected":false},"excerpt":{"rendered":"<p>[vc_row vc_bg_position=\u00bbbg_center\u00bb css=\u00bb.vc_custom_1718180830274{background-position: 0 0 !important;background-repeat: no-repeat !important;}\u00bb][vc_column][vc_row_inner][vc_column_inner width=\u00bb1\/6&#8243;][vc_single_image image=\u00bb4352&#8243; img_size=\u00bb200&#215;200&#8243;][\/vc_column_inner][vc_column_inner width=\u00bb1\/2&#8243;][vc_column_text] PREMIO ESPECIAL [\/vc_column_text][vc_column_text] Comunicaci\u00f3n [\/vc_column_text][\/vc_column_inner][\/vc_row_inner][\/vc_column][\/vc_row][vc_row][vc_column][vc_empty_space][vc_separator][vc_empty_space][\/vc_column][\/vc_row][vc_row equal_height=\u00bbyes\u00bb content_placement=\u00bbtop\u00bb vc_bg_position=\u00bbbg_center\u00bb][vc_column width=\u00bb1\/2&#8243;][vc_column_text] \u00d3rbita Laika El programa de divulgaci\u00f3n cient\u00ed\u00adfica, emitido por primera vez en 2014, reconocido en la categor\u00ed\u00ada de Comunicaci\u00f3n. Con m\u00e1s de 100 episodios, \u00d3rbita Laika lleva casi una d\u00e9cada atrayendo a diferentes p\u00fablicos &#8230;<\/p>\n","protected":false},"author":6,"featured_media":0,"parent":0,"menu_order":0,"comment_status":"closed","ping_status":"closed","template":"","meta":{"footnotes":""},"yoast_head":"<!-- This site is optimized with the Yoast SEO plugin v20.6 - https:\/\/yoast.com\/wordpress\/plugins\/seo\/ -->\n<title>Premiado - \u00d3rbita Laika - Premios de la Industria en Espa\u00f1a VIII<\/title>\n<meta name=\"robots\" content=\"noindex, nofollow\" \/>\n<meta property=\"og:locale\" content=\"es_ES\" \/>\n<meta property=\"og:type\" content=\"article\" \/>\n<meta property=\"og:title\" content=\"Premiado - \u00d3rbita Laika - Premios de la Industria en Espa\u00f1a VIII\" \/>\n<meta property=\"og:description\" content=\"[vc_row vc_bg_position=\u00bbbg_center\u00bb css=\u00bb.vc_custom_1718180830274{background-position: 0 0 !important;background-repeat: no-repeat !important;}\u00bb][vc_column][vc_row_inner][vc_column_inner width=\u00bb1\/6&#8243;][vc_single_image image=\u00bb4352&#8243; img_size=\u00bb200&#215;200&#8243;][\/vc_column_inner][vc_column_inner width=\u00bb1\/2&#8243;][vc_column_text] PREMIO ESPECIAL [\/vc_column_text][vc_column_text] Comunicaci\u00f3n [\/vc_column_text][\/vc_column_inner][\/vc_row_inner][\/vc_column][\/vc_row][vc_row][vc_column][vc_empty_space][vc_separator][vc_empty_space][\/vc_column][\/vc_row][vc_row equal_height=\u00bbyes\u00bb content_placement=\u00bbtop\u00bb vc_bg_position=\u00bbbg_center\u00bb][vc_column width=\u00bb1\/2&#8243;][vc_column_text] \u00d3rbita Laika El programa de divulgaci\u00f3n cient\u00ed\u00adfica, emitido por primera vez en 2014, reconocido en la categor\u00ed\u00ada de Comunicaci\u00f3n. Con m\u00e1s de 100 episodios, \u00d3rbita Laika lleva casi una d\u00e9cada atrayendo a diferentes p\u00fablicos ...\" \/>\n<meta property=\"og:url\" content=\"https:\/\/anteriores.premiosdelaindustria.es\/2024\/orbita-laika\/\" \/>\n<meta property=\"og:site_name\" content=\"Premios de la Industria en Espa\u00f1a VIII\" \/>\n<meta property=\"article:modified_time\" content=\"2025-04-01T16:52:22+00:00\" \/>\n<meta name=\"twitter:card\" content=\"summary_large_image\" \/>\n<meta name=\"twitter:label1\" content=\"Tiempo de lectura\" \/>\n\t<meta name=\"twitter:data1\" content=\"2 minutos\" \/>\n<script type=\"application\/ld+json\" class=\"yoast-schema-graph\">{\"@context\":\"https:\/\/schema.org\",\"@graph\":[{\"@type\":\"WebPage\",\"@id\":\"https:\/\/anteriores.premiosdelaindustria.es\/2024\/orbita-laika\/\",\"url\":\"https:\/\/anteriores.premiosdelaindustria.es\/2024\/orbita-laika\/\",\"name\":\"Premiado - \u00d3rbita Laika - Premios de la Industria en Espa\u00f1a VIII\",\"isPartOf\":{\"@id\":\"https:\/\/anteriores.premiosdelaindustria.es\/2024\/#website\"},\"datePublished\":\"2024-06-27T19:32:54+00:00\",\"dateModified\":\"2025-04-01T16:52:22+00:00\",\"breadcrumb\":{\"@id\":\"https:\/\/anteriores.premiosdelaindustria.es\/2024\/orbita-laika\/#breadcrumb\"},\"inLanguage\":\"es\",\"potentialAction\":[{\"@type\":\"ReadAction\",\"target\":[\"https:\/\/anteriores.premiosdelaindustria.es\/2024\/orbita-laika\/\"]}]},{\"@type\":\"BreadcrumbList\",\"@id\":\"https:\/\/anteriores.premiosdelaindustria.es\/2024\/orbita-laika\/#breadcrumb\",\"itemListElement\":[{\"@type\":\"ListItem\",\"position\":1,\"name\":\"Portada\",\"item\":\"https:\/\/anteriores.premiosdelaindustria.es\/2024\/\"},{\"@type\":\"ListItem\",\"position\":2,\"name\":\"Premiado &#8211; \u00d3rbita Laika\"}]},{\"@type\":\"WebSite\",\"@id\":\"https:\/\/anteriores.premiosdelaindustria.es\/2024\/#website\",\"url\":\"https:\/\/anteriores.premiosdelaindustria.es\/2024\/\",\"name\":\"Premios de la Industria en Espa\u00f1a VIII\",\"description\":\"Desde 2017 se promueven los Premios de la Industria en Espa\u00f1a, que tratan de dar visibilidad a todas aquellas personas, f\u00edsicas o jur\u00eddicas, que en las diferentes categor\u00edas que se detallar\u00e1n a continuaci\u00f3n, han destacado por su aportaci\u00f3n. Creemos que es muy importante la difusi\u00f3n y el reconocimiento del aporte de la industria y sus beneficios para las personas. Lo mismo sucede con el aporte de la industria moderna para la sociedad y el entorno.\",\"potentialAction\":[{\"@type\":\"SearchAction\",\"target\":{\"@type\":\"EntryPoint\",\"urlTemplate\":\"https:\/\/anteriores.premiosdelaindustria.es\/2024\/?s={search_term_string}\"},\"query-input\":\"required name=search_term_string\"}],\"inLanguage\":\"es\"}]}<\/script>\n<!-- \/ Yoast SEO plugin. -->","yoast_head_json":{"title":"Premiado - \u00d3rbita Laika - Premios de la Industria en Espa\u00f1a VIII","robots":{"index":"noindex","follow":"nofollow"},"og_locale":"es_ES","og_type":"article","og_title":"Premiado - \u00d3rbita Laika - Premios de la Industria en Espa\u00f1a VIII","og_description":"[vc_row vc_bg_position=\u00bbbg_center\u00bb css=\u00bb.vc_custom_1718180830274{background-position: 0 0 !important;background-repeat: no-repeat !important;}\u00bb][vc_column][vc_row_inner][vc_column_inner width=\u00bb1\/6&#8243;][vc_single_image image=\u00bb4352&#8243; img_size=\u00bb200&#215;200&#8243;][\/vc_column_inner][vc_column_inner width=\u00bb1\/2&#8243;][vc_column_text] PREMIO ESPECIAL [\/vc_column_text][vc_column_text] Comunicaci\u00f3n [\/vc_column_text][\/vc_column_inner][\/vc_row_inner][\/vc_column][\/vc_row][vc_row][vc_column][vc_empty_space][vc_separator][vc_empty_space][\/vc_column][\/vc_row][vc_row equal_height=\u00bbyes\u00bb content_placement=\u00bbtop\u00bb vc_bg_position=\u00bbbg_center\u00bb][vc_column width=\u00bb1\/2&#8243;][vc_column_text] \u00d3rbita Laika El programa de divulgaci\u00f3n cient\u00ed\u00adfica, emitido por primera vez en 2014, reconocido en la categor\u00ed\u00ada de Comunicaci\u00f3n. Con m\u00e1s de 100 episodios, \u00d3rbita Laika lleva casi una d\u00e9cada atrayendo a diferentes p\u00fablicos ...","og_url":"https:\/\/anteriores.premiosdelaindustria.es\/2024\/orbita-laika\/","og_site_name":"Premios de la Industria en Espa\u00f1a VIII","article_modified_time":"2025-04-01T16:52:22+00:00","twitter_card":"summary_large_image","twitter_misc":{"Tiempo de lectura":"2 minutos"},"schema":{"@context":"https:\/\/schema.org","@graph":[{"@type":"WebPage","@id":"https:\/\/anteriores.premiosdelaindustria.es\/2024\/orbita-laika\/","url":"https:\/\/anteriores.premiosdelaindustria.es\/2024\/orbita-laika\/","name":"Premiado - \u00d3rbita Laika - Premios de la Industria en Espa\u00f1a VIII","isPartOf":{"@id":"https:\/\/anteriores.premiosdelaindustria.es\/2024\/#website"},"datePublished":"2024-06-27T19:32:54+00:00","dateModified":"2025-04-01T16:52:22+00:00","breadcrumb":{"@id":"https:\/\/anteriores.premiosdelaindustria.es\/2024\/orbita-laika\/#breadcrumb"},"inLanguage":"es","potentialAction":[{"@type":"ReadAction","target":["https:\/\/anteriores.premiosdelaindustria.es\/2024\/orbita-laika\/"]}]},{"@type":"BreadcrumbList","@id":"https:\/\/anteriores.premiosdelaindustria.es\/2024\/orbita-laika\/#breadcrumb","itemListElement":[{"@type":"ListItem","position":1,"name":"Portada","item":"https:\/\/anteriores.premiosdelaindustria.es\/2024\/"},{"@type":"ListItem","position":2,"name":"Premiado &#8211; \u00d3rbita Laika"}]},{"@type":"WebSite","@id":"https:\/\/anteriores.premiosdelaindustria.es\/2024\/#website","url":"https:\/\/anteriores.premiosdelaindustria.es\/2024\/","name":"Premios de la Industria en Espa\u00f1a VIII","description":"Desde 2017 se promueven los Premios de la Industria en Espa\u00f1a, que tratan de dar visibilidad a todas aquellas personas, f\u00edsicas o jur\u00eddicas, que en las diferentes categor\u00edas que se detallar\u00e1n a continuaci\u00f3n, han destacado por su aportaci\u00f3n. Creemos que es muy importante la difusi\u00f3n y el reconocimiento del aporte de la industria y sus beneficios para las personas. Lo mismo sucede con el aporte de la industria moderna para la sociedad y el entorno.","potentialAction":[{"@type":"SearchAction","target":{"@type":"EntryPoint","urlTemplate":"https:\/\/anteriores.premiosdelaindustria.es\/2024\/?s={search_term_string}"},"query-input":"required name=search_term_string"}],"inLanguage":"es"}]}},"_links":{"self":[{"href":"https:\/\/anteriores.premiosdelaindustria.es\/2024\/wp-json\/wp\/v2\/pages\/4758"}],"collection":[{"href":"https:\/\/anteriores.premiosdelaindustria.es\/2024\/wp-json\/wp\/v2\/pages"}],"about":[{"href":"https:\/\/anteriores.premiosdelaindustria.es\/2024\/wp-json\/wp\/v2\/types\/page"}],"author":[{"embeddable":true,"href":"https:\/\/anteriores.premiosdelaindustria.es\/2024\/wp-json\/wp\/v2\/users\/6"}],"replies":[{"embeddable":true,"href":"https:\/\/anteriores.premiosdelaindustria.es\/2024\/wp-json\/wp\/v2\/comments?post=4758"}],"version-history":[{"count":7,"href":"https:\/\/anteriores.premiosdelaindustria.es\/2024\/wp-json\/wp\/v2\/pages\/4758\/revisions"}],"predecessor-version":[{"id":4917,"href":"https:\/\/anteriores.premiosdelaindustria.es\/2024\/wp-json\/wp\/v2\/pages\/4758\/revisions\/4917"}],"wp:attachment":[{"href":"https:\/\/anteriores.premiosdelaindustria.es\/2024\/wp-json\/wp\/v2\/media?parent=4758"}],"curies":[{"name":"wp","href":"https:\/\/api.w.org\/{rel}","templated":true}]}}