{"id":4753,"date":"2024-06-27T21:32:45","date_gmt":"2024-06-27T19:32:45","guid":{"rendered":"https:\/\/anteriores.premiosdelaindustria.es\/2024\/?page_id=4753"},"modified":"2025-04-01T18:52:10","modified_gmt":"2025-04-01T16:52:10","slug":"premiado-francisco-j-riberas","status":"publish","type":"page","link":"https:\/\/anteriores.premiosdelaindustria.es\/2024\/premiado-francisco-j-riberas\/","title":{"rendered":"Premiado &#8211; Francisco J. Riberas"},"content":{"rendered":"<section class=\"wpb-content-wrapper\"><p>[vc_row vc_bg_position=\u00bbbg_center\u00bb css=\u00bb.vc_custom_1718180830274{background-position: 0 0 !important;background-repeat: no-repeat !important;}\u00bb][vc_column][vc_row_inner][vc_column_inner width=\u00bb1\/6&#8243;][vc_single_image image=\u00bb4352&#8243; img_size=\u00bb200&#215;200&#8243;][\/vc_column_inner][vc_column_inner width=\u00bb1\/2&#8243;][vc_column_text]<\/p>\n<h4 style=\"text-align: left;\"><span style=\"color: #ffc107;\"><strong>PREMIO ESPECIAL<\/strong><\/span><\/h4>\n<p>[\/vc_column_text][vc_column_text]<\/p>\n<h2 style=\"text-align: left;\">Premio a la trayectoria<\/h2>\n<p>[\/vc_column_text][\/vc_column_inner][\/vc_row_inner][\/vc_column][\/vc_row][vc_row][vc_column][vc_empty_space][vc_separator][vc_empty_space][\/vc_column][\/vc_row][vc_row equal_height=\u00bbyes\u00bb content_placement=\u00bbtop\u00bb vc_bg_position=\u00bbbg_center\u00bb][vc_column width=\u00bb1\/2&#8243;][vc_column_text]<\/p>\n<h3 style=\"text-align: left;\"><strong>Francisco J. Riberas<\/strong><\/h3>\n<p>Francisco J. Riberas ha desempe\u00f1ado un papel crucial en la transformaci\u00f3n y expansi\u00f3n de Gestamp, la reconocida multinacional espa\u00f1ola dedicada al dise\u00f1o, desarrollo y fabricaci\u00f3n de componentes met\u00e1licos para el autom\u00f3vil. Bajo su liderazgo, la empresa ha experimentado un crecimiento notable, consolid\u00e1ndose como un referente en el sector industrial a nivel global.<\/p>\n<p>El ganador del Premio a la Trayectoria inici\u00f3 su carrera profesional en el \u00e1mbito familiar, trabajando en Gonvarri, empresa de la familia especializada en el dise\u00f1o, fabricaci\u00f3n, ensamblaje y distribuci\u00f3n y montaje de soluciones met\u00e1licas, primero como director de Desarrollo Corporativo y posteriormente como consejero delegado. En 1997, decidi\u00f3 fundar Gestamp con el objetivo de diversificar las actividades del grupo y enfocarse en la industria automotriz. Desde sus inicios, Gestamp ha sido sin\u00f3nimo de innovaci\u00f3n y calidad, evolucionando de una empresa local a un gigante global con m\u00e1s de 100 plantas de producci\u00f3n en 24 pa\u00ed\u00adses y una plantilla que supera los 44.000 empleados.<\/p>\n<h4 style=\"text-align: left;\">COMPROMISO CON LA INVESTIGACI\u00d3N Y EL DESARROLLO<\/h4>\n<p>Bajo la direcci\u00f3n de Francisco J. Riberas, Gestamp ha implementado tecnolog\u00ed\u00adas avanzadas y procesos de fabricaci\u00f3n innovadores, que le han convertido en pionera en la producci\u00f3n de componentes m\u00e1s ligeros y seguros para contribuir a la creaci\u00f3n de veh\u00ed\u00adculos m\u00e1s eficientes y sostenibles. Esta apuesta por la innovaci\u00f3n, a la que destina una parte significativa de sus recursos, le ha valido a la empresa el reconocimiento por su compromiso con la investigaci\u00f3n y el desarrollo.<\/p>\n<p>Uno de los hitos m\u00e1s destacados en la trayectoria de Riberas fue la salida a bolsa de Gestamp en 2017, un paso estrat\u00e9gico que permiti\u00f3 a la multinacional fortalecer su posici\u00f3n financiera y continuar su expansi\u00f3n internacional. Adem\u00e1s, Riberas ha liderado diversas iniciativas de sostenibilidad dentro de la empresa, promoviendo pr\u00e1cticas responsables y reduciendo el impacto ambiental de las operaciones de Gestamp.<\/p>\n<p>El Premio a la Trayectoria que recibir\u00e1 Francisco J. Riberas en los VII Premios de la Industria en Espa\u00f1a reconoce no solo sus logros empresariales, sino tambi\u00e9n su visi\u00f3n estrat\u00e9gica y su capacidad para anticiparse a los cambios en un sector tan din\u00e1mico como el automotriz. Su liderazgo ha sido fundamental para que Gestamp se adapte a las nuevas tendencias de movilidad, incluyendo el desarrollo de componentes para veh\u00ed\u00adculos el\u00e9ctricos e h\u00ed\u00adbridos.<\/p>\n<p>Este jueves, 27 de junio, recibir\u00e1 su merecido reconocimiento en la gala de los VII Premios de la Industria en Espa\u00f1a que organiza la Fundaci\u00f3n TecnoVitae. Un evento consolidado a nivel nacional que reunir\u00e1 en su s\u00e9ptima edici\u00f3n a destacadas personalidades del \u00e1mbito empresarial, acad\u00e9mico y pol\u00ed\u00adtico, quienes se dar\u00e1n cita en Valladolid para celebrar los logros m\u00e1s significativos del sector.<\/p>\n<h4 style=\"text-align: left;\">SOBRE GESTAMP<\/h4>\n<p>Gestamp es una multinacional especializada en el dise\u00f1o, desarrollo y fabricaci\u00f3n de componentes met\u00e1licos de alta ingenier\u00ed\u00ada para los principales fabricantes de veh\u00ed\u00adculos. Desarrolla productos con un dise\u00f1o innovador para producir veh\u00ed\u00adculos m\u00e1s seguros y ligeros, que ofrecen un menor consumo de energ\u00ed\u00ada y un menor impacto ambiental. Sus productos cubren las \u00e1reas de carrocer\u00ed\u00ada, chasis y mecanismos.<\/p>\n<p>La empresa est\u00e1 presente en 24 pa\u00ed\u00adses con 115 plantas de producci\u00f3n (5 de ellas en construcci\u00f3n), 13 centros de I+D y una plantilla de cerca de 44.000 empleados en todo el mundo. Sus ingresos en 2023 fueron de 12.274 millones de euros. Gestamp cotiza en la bolsa espa\u00f1ola bajo el ticker GEST.[\/vc_column_text][\/vc_column][vc_column width=\u00bb1\/2&#8243;][vc_single_image image=\u00bb4888&#8243; img_size=\u00bbfull\u00bb][vc_single_image image=\u00bb4889&#8243; img_size=\u00bbfull\u00bb][\/vc_column][\/vc_row]<\/p>\n<\/section>","protected":false},"excerpt":{"rendered":"<p>[vc_row vc_bg_position=\u00bbbg_center\u00bb css=\u00bb.vc_custom_1718180830274{background-position: 0 0 !important;background-repeat: no-repeat !important;}\u00bb][vc_column][vc_row_inner][vc_column_inner width=\u00bb1\/6&#8243;][vc_single_image image=\u00bb4352&#8243; img_size=\u00bb200&#215;200&#8243;][\/vc_column_inner][vc_column_inner width=\u00bb1\/2&#8243;][vc_column_text] PREMIO ESPECIAL [\/vc_column_text][vc_column_text] Premio a la trayectoria [\/vc_column_text][\/vc_column_inner][\/vc_row_inner][\/vc_column][\/vc_row][vc_row][vc_column][vc_empty_space][vc_separator][vc_empty_space][\/vc_column][\/vc_row][vc_row equal_height=\u00bbyes\u00bb content_placement=\u00bbtop\u00bb vc_bg_position=\u00bbbg_center\u00bb][vc_column width=\u00bb1\/2&#8243;][vc_column_text] Francisco J. Riberas Francisco J. Riberas ha desempe\u00f1ado un papel crucial en la transformaci\u00f3n y expansi\u00f3n de Gestamp, la reconocida multinacional espa\u00f1ola dedicada al dise\u00f1o, desarrollo y fabricaci\u00f3n de componentes met\u00e1licos &#8230;<\/p>\n","protected":false},"author":6,"featured_media":0,"parent":0,"menu_order":0,"comment_status":"closed","ping_status":"closed","template":"","meta":{"footnotes":""},"yoast_head":"<!-- This site is optimized with the Yoast SEO plugin v20.6 - https:\/\/yoast.com\/wordpress\/plugins\/seo\/ -->\n<title>Premiado - Francisco J. Riberas - Premios de la Industria en Espa\u00f1a VIII<\/title>\n<meta name=\"robots\" content=\"noindex, nofollow\" \/>\n<meta property=\"og:locale\" content=\"es_ES\" \/>\n<meta property=\"og:type\" content=\"article\" \/>\n<meta property=\"og:title\" content=\"Premiado - Francisco J. Riberas - Premios de la Industria en Espa\u00f1a VIII\" \/>\n<meta property=\"og:description\" content=\"[vc_row vc_bg_position=\u00bbbg_center\u00bb css=\u00bb.vc_custom_1718180830274{background-position: 0 0 !important;background-repeat: no-repeat !important;}\u00bb][vc_column][vc_row_inner][vc_column_inner width=\u00bb1\/6&#8243;][vc_single_image image=\u00bb4352&#8243; img_size=\u00bb200&#215;200&#8243;][\/vc_column_inner][vc_column_inner width=\u00bb1\/2&#8243;][vc_column_text] PREMIO ESPECIAL [\/vc_column_text][vc_column_text] Premio a la trayectoria [\/vc_column_text][\/vc_column_inner][\/vc_row_inner][\/vc_column][\/vc_row][vc_row][vc_column][vc_empty_space][vc_separator][vc_empty_space][\/vc_column][\/vc_row][vc_row equal_height=\u00bbyes\u00bb content_placement=\u00bbtop\u00bb vc_bg_position=\u00bbbg_center\u00bb][vc_column width=\u00bb1\/2&#8243;][vc_column_text] Francisco J. Riberas Francisco J. Riberas ha desempe\u00f1ado un papel crucial en la transformaci\u00f3n y expansi\u00f3n de Gestamp, la reconocida multinacional espa\u00f1ola dedicada al dise\u00f1o, desarrollo y fabricaci\u00f3n de componentes met\u00e1licos ...\" \/>\n<meta property=\"og:url\" content=\"https:\/\/anteriores.premiosdelaindustria.es\/2024\/premiado-francisco-j-riberas\/\" \/>\n<meta property=\"og:site_name\" content=\"Premios de la Industria en Espa\u00f1a VIII\" \/>\n<meta property=\"article:modified_time\" content=\"2025-04-01T16:52:10+00:00\" \/>\n<meta name=\"twitter:card\" content=\"summary_large_image\" \/>\n<meta name=\"twitter:label1\" content=\"Tiempo de lectura\" \/>\n\t<meta name=\"twitter:data1\" content=\"3 minutos\" \/>\n<script type=\"application\/ld+json\" class=\"yoast-schema-graph\">{\"@context\":\"https:\/\/schema.org\",\"@graph\":[{\"@type\":\"WebPage\",\"@id\":\"https:\/\/anteriores.premiosdelaindustria.es\/2024\/premiado-francisco-j-riberas\/\",\"url\":\"https:\/\/anteriores.premiosdelaindustria.es\/2024\/premiado-francisco-j-riberas\/\",\"name\":\"Premiado - Francisco J. Riberas - Premios de la Industria en Espa\u00f1a VIII\",\"isPartOf\":{\"@id\":\"https:\/\/anteriores.premiosdelaindustria.es\/2024\/#website\"},\"datePublished\":\"2024-06-27T19:32:45+00:00\",\"dateModified\":\"2025-04-01T16:52:10+00:00\",\"breadcrumb\":{\"@id\":\"https:\/\/anteriores.premiosdelaindustria.es\/2024\/premiado-francisco-j-riberas\/#breadcrumb\"},\"inLanguage\":\"es\",\"potentialAction\":[{\"@type\":\"ReadAction\",\"target\":[\"https:\/\/anteriores.premiosdelaindustria.es\/2024\/premiado-francisco-j-riberas\/\"]}]},{\"@type\":\"BreadcrumbList\",\"@id\":\"https:\/\/anteriores.premiosdelaindustria.es\/2024\/premiado-francisco-j-riberas\/#breadcrumb\",\"itemListElement\":[{\"@type\":\"ListItem\",\"position\":1,\"name\":\"Portada\",\"item\":\"https:\/\/anteriores.premiosdelaindustria.es\/2024\/\"},{\"@type\":\"ListItem\",\"position\":2,\"name\":\"Premiado &#8211; Francisco J. Riberas\"}]},{\"@type\":\"WebSite\",\"@id\":\"https:\/\/anteriores.premiosdelaindustria.es\/2024\/#website\",\"url\":\"https:\/\/anteriores.premiosdelaindustria.es\/2024\/\",\"name\":\"Premios de la Industria en Espa\u00f1a VIII\",\"description\":\"Desde 2017 se promueven los Premios de la Industria en Espa\u00f1a, que tratan de dar visibilidad a todas aquellas personas, f\u00edsicas o jur\u00eddicas, que en las diferentes categor\u00edas que se detallar\u00e1n a continuaci\u00f3n, han destacado por su aportaci\u00f3n. Creemos que es muy importante la difusi\u00f3n y el reconocimiento del aporte de la industria y sus beneficios para las personas. Lo mismo sucede con el aporte de la industria moderna para la sociedad y el entorno.\",\"potentialAction\":[{\"@type\":\"SearchAction\",\"target\":{\"@type\":\"EntryPoint\",\"urlTemplate\":\"https:\/\/anteriores.premiosdelaindustria.es\/2024\/?s={search_term_string}\"},\"query-input\":\"required name=search_term_string\"}],\"inLanguage\":\"es\"}]}<\/script>\n<!-- \/ Yoast SEO plugin. -->","yoast_head_json":{"title":"Premiado - Francisco J. Riberas - Premios de la Industria en Espa\u00f1a VIII","robots":{"index":"noindex","follow":"nofollow"},"og_locale":"es_ES","og_type":"article","og_title":"Premiado - Francisco J. Riberas - Premios de la Industria en Espa\u00f1a VIII","og_description":"[vc_row vc_bg_position=\u00bbbg_center\u00bb css=\u00bb.vc_custom_1718180830274{background-position: 0 0 !important;background-repeat: no-repeat !important;}\u00bb][vc_column][vc_row_inner][vc_column_inner width=\u00bb1\/6&#8243;][vc_single_image image=\u00bb4352&#8243; img_size=\u00bb200&#215;200&#8243;][\/vc_column_inner][vc_column_inner width=\u00bb1\/2&#8243;][vc_column_text] PREMIO ESPECIAL [\/vc_column_text][vc_column_text] Premio a la trayectoria [\/vc_column_text][\/vc_column_inner][\/vc_row_inner][\/vc_column][\/vc_row][vc_row][vc_column][vc_empty_space][vc_separator][vc_empty_space][\/vc_column][\/vc_row][vc_row equal_height=\u00bbyes\u00bb content_placement=\u00bbtop\u00bb vc_bg_position=\u00bbbg_center\u00bb][vc_column width=\u00bb1\/2&#8243;][vc_column_text] Francisco J. Riberas Francisco J. Riberas ha desempe\u00f1ado un papel crucial en la transformaci\u00f3n y expansi\u00f3n de Gestamp, la reconocida multinacional espa\u00f1ola dedicada al dise\u00f1o, desarrollo y fabricaci\u00f3n de componentes met\u00e1licos ...","og_url":"https:\/\/anteriores.premiosdelaindustria.es\/2024\/premiado-francisco-j-riberas\/","og_site_name":"Premios de la Industria en Espa\u00f1a VIII","article_modified_time":"2025-04-01T16:52:10+00:00","twitter_card":"summary_large_image","twitter_misc":{"Tiempo de lectura":"3 minutos"},"schema":{"@context":"https:\/\/schema.org","@graph":[{"@type":"WebPage","@id":"https:\/\/anteriores.premiosdelaindustria.es\/2024\/premiado-francisco-j-riberas\/","url":"https:\/\/anteriores.premiosdelaindustria.es\/2024\/premiado-francisco-j-riberas\/","name":"Premiado - Francisco J. Riberas - Premios de la Industria en Espa\u00f1a VIII","isPartOf":{"@id":"https:\/\/anteriores.premiosdelaindustria.es\/2024\/#website"},"datePublished":"2024-06-27T19:32:45+00:00","dateModified":"2025-04-01T16:52:10+00:00","breadcrumb":{"@id":"https:\/\/anteriores.premiosdelaindustria.es\/2024\/premiado-francisco-j-riberas\/#breadcrumb"},"inLanguage":"es","potentialAction":[{"@type":"ReadAction","target":["https:\/\/anteriores.premiosdelaindustria.es\/2024\/premiado-francisco-j-riberas\/"]}]},{"@type":"BreadcrumbList","@id":"https:\/\/anteriores.premiosdelaindustria.es\/2024\/premiado-francisco-j-riberas\/#breadcrumb","itemListElement":[{"@type":"ListItem","position":1,"name":"Portada","item":"https:\/\/anteriores.premiosdelaindustria.es\/2024\/"},{"@type":"ListItem","position":2,"name":"Premiado &#8211; Francisco J. Riberas"}]},{"@type":"WebSite","@id":"https:\/\/anteriores.premiosdelaindustria.es\/2024\/#website","url":"https:\/\/anteriores.premiosdelaindustria.es\/2024\/","name":"Premios de la Industria en Espa\u00f1a VIII","description":"Desde 2017 se promueven los Premios de la Industria en Espa\u00f1a, que tratan de dar visibilidad a todas aquellas personas, f\u00edsicas o jur\u00eddicas, que en las diferentes categor\u00edas que se detallar\u00e1n a continuaci\u00f3n, han destacado por su aportaci\u00f3n. Creemos que es muy importante la difusi\u00f3n y el reconocimiento del aporte de la industria y sus beneficios para las personas. Lo mismo sucede con el aporte de la industria moderna para la sociedad y el entorno.","potentialAction":[{"@type":"SearchAction","target":{"@type":"EntryPoint","urlTemplate":"https:\/\/anteriores.premiosdelaindustria.es\/2024\/?s={search_term_string}"},"query-input":"required name=search_term_string"}],"inLanguage":"es"}]}},"_links":{"self":[{"href":"https:\/\/anteriores.premiosdelaindustria.es\/2024\/wp-json\/wp\/v2\/pages\/4753"}],"collection":[{"href":"https:\/\/anteriores.premiosdelaindustria.es\/2024\/wp-json\/wp\/v2\/pages"}],"about":[{"href":"https:\/\/anteriores.premiosdelaindustria.es\/2024\/wp-json\/wp\/v2\/types\/page"}],"author":[{"embeddable":true,"href":"https:\/\/anteriores.premiosdelaindustria.es\/2024\/wp-json\/wp\/v2\/users\/6"}],"replies":[{"embeddable":true,"href":"https:\/\/anteriores.premiosdelaindustria.es\/2024\/wp-json\/wp\/v2\/comments?post=4753"}],"version-history":[{"count":7,"href":"https:\/\/anteriores.premiosdelaindustria.es\/2024\/wp-json\/wp\/v2\/pages\/4753\/revisions"}],"predecessor-version":[{"id":4890,"href":"https:\/\/anteriores.premiosdelaindustria.es\/2024\/wp-json\/wp\/v2\/pages\/4753\/revisions\/4890"}],"wp:attachment":[{"href":"https:\/\/anteriores.premiosdelaindustria.es\/2024\/wp-json\/wp\/v2\/media?parent=4753"}],"curies":[{"name":"wp","href":"https:\/\/api.w.org\/{rel}","templated":true}]}}