{"id":4751,"date":"2024-06-27T21:33:07","date_gmt":"2024-06-27T19:33:07","guid":{"rendered":"https:\/\/anteriores.premiosdelaindustria.es\/2024\/?page_id=4751"},"modified":"2025-04-01T18:51:22","modified_gmt":"2025-04-01T16:51:22","slug":"eduardo-saenz-de-cabezon","status":"publish","type":"page","link":"https:\/\/anteriores.premiosdelaindustria.es\/2024\/eduardo-saenz-de-cabezon\/","title":{"rendered":"Premiado &#8211; Eduardo S\u00e1enz de Cabez\u00f3n"},"content":{"rendered":"<section class=\"wpb-content-wrapper\"><p>[vc_row vc_bg_position=\u00bbbg_center\u00bb css=\u00bb.vc_custom_1718180830274{background-position: 0 0 !important;background-repeat: no-repeat !important;}\u00bb][vc_column][vc_row_inner][vc_column_inner width=\u00bb1\/6&#8243;][vc_single_image image=\u00bb4352&#8243; img_size=\u00bb200&#215;200&#8243;][\/vc_column_inner][vc_column_inner width=\u00bb1\/2&#8243;][vc_column_text]<\/p>\n<h4 style=\"text-align: left;\"><span style=\"color: #ffc107;\"><strong>PREMIO ESPECIAL<\/strong><\/span><\/h4>\n<p>[\/vc_column_text][vc_column_text]<\/p>\n<h2 style=\"text-align: left;\"><strong>Comunicaci\u00f3n<\/strong><\/h2>\n<p>[\/vc_column_text][\/vc_column_inner][\/vc_row_inner][\/vc_column][\/vc_row][vc_row][vc_column][vc_empty_space][vc_separator][vc_empty_space][\/vc_column][\/vc_row][vc_row equal_height=\u00bbyes\u00bb content_placement=\u00bbtop\u00bb vc_bg_position=\u00bbbg_center\u00bb][vc_column width=\u00bb1\/2&#8243;][vc_column_text]<\/p>\n<h3 style=\"text-align: left;\">Eduardo S\u00e1enz de Cabez\u00f3n<\/h3>\n<p>El riojano Eduardo S\u00e1enz de Cabez\u00f3n es reconocido por el gran p\u00fablico principalmente por presentar el programa \u00d3rbita Laika en La 2 y por su canal de YouTube \u2019Derivando\u2019, donde comparte historias y curiosidades relacionadas con las matem\u00e1ticas y que cuenta con casi un mill\u00f3n y medio de suscriptores. Pero su labor de divulgaci\u00f3n va mucho m\u00e1s all\u00e1, puesto que es doctor en \u00e1lgebra computacional y profesor de Lenguajes y Sistemas Inform\u00e1ticos en la Universidad de La Rioja, adem\u00e1s de un destacado matem\u00e1tico y divulgador cient\u00ed\u00adfico con m\u00e1s de 20 a\u00f1os de experiencia enfocado en explicar c\u00f3mo las ciencias son fundamentales en nuestras vidas.<\/p>\n<p>Su extenso curr\u00ed\u00adculum y su impagable labor han sido reconocidos con numerosos premios, entre ellos el Premio Smartick a la Mejor Historia Docente de 2022. Y unos a\u00f1os antes fue el ganador de la final espa\u00f1ola de FameLab, el principal certamen<br \/>\ninternacional para fomentar la divulgaci\u00f3n de la ciencia, con su mon\u00f3logo cient\u00ed\u00adfico \u00e2\u20ac\u0153Un teorema es para siempre\u00e2\u20ac\u009d.<\/p>\n<p>Su labor al frente de \u00d3rbita Laika, el programa de La 2 que presenta y conduce desde 2019, completan su trayectoria profesional en comunicaci\u00f3n, por la ha recibido un merecido homenaje en los VII Premios de la Industria.[\/vc_column_text][\/vc_column][vc_column width=\u00bb1\/2&#8243;][vc_single_image image=\u00bb4912&#8243; img_size=\u00bbfull\u00bb][\/vc_column][\/vc_row]<\/p>\n<\/section>","protected":false},"excerpt":{"rendered":"<p>[vc_row vc_bg_position=\u00bbbg_center\u00bb css=\u00bb.vc_custom_1718180830274{background-position: 0 0 !important;background-repeat: no-repeat !important;}\u00bb][vc_column][vc_row_inner][vc_column_inner width=\u00bb1\/6&#8243;][vc_single_image image=\u00bb4352&#8243; img_size=\u00bb200&#215;200&#8243;][\/vc_column_inner][vc_column_inner width=\u00bb1\/2&#8243;][vc_column_text] PREMIO ESPECIAL [\/vc_column_text][vc_column_text] Comunicaci\u00f3n [\/vc_column_text][\/vc_column_inner][\/vc_row_inner][\/vc_column][\/vc_row][vc_row][vc_column][vc_empty_space][vc_separator][vc_empty_space][\/vc_column][\/vc_row][vc_row equal_height=\u00bbyes\u00bb content_placement=\u00bbtop\u00bb vc_bg_position=\u00bbbg_center\u00bb][vc_column width=\u00bb1\/2&#8243;][vc_column_text] Eduardo S\u00e1enz de Cabez\u00f3n El riojano Eduardo S\u00e1enz de Cabez\u00f3n es reconocido por el gran p\u00fablico principalmente por presentar el programa \u00d3rbita Laika en La 2 y por su canal de YouTube \u2019Derivando\u2019, donde &#8230;<\/p>\n","protected":false},"author":6,"featured_media":0,"parent":0,"menu_order":0,"comment_status":"closed","ping_status":"closed","template":"","meta":{"footnotes":""},"yoast_head":"<!-- This site is optimized with the Yoast SEO plugin v20.6 - https:\/\/yoast.com\/wordpress\/plugins\/seo\/ -->\n<title>Premiado - Eduardo S\u00e1enz de Cabez\u00f3n - Premios de la Industria en Espa\u00f1a VIII<\/title>\n<meta name=\"robots\" content=\"noindex, nofollow\" \/>\n<meta property=\"og:locale\" content=\"es_ES\" \/>\n<meta property=\"og:type\" content=\"article\" \/>\n<meta property=\"og:title\" content=\"Premiado - Eduardo S\u00e1enz de Cabez\u00f3n - Premios de la Industria en Espa\u00f1a VIII\" \/>\n<meta property=\"og:description\" content=\"[vc_row vc_bg_position=\u00bbbg_center\u00bb css=\u00bb.vc_custom_1718180830274{background-position: 0 0 !important;background-repeat: no-repeat !important;}\u00bb][vc_column][vc_row_inner][vc_column_inner width=\u00bb1\/6&#8243;][vc_single_image image=\u00bb4352&#8243; img_size=\u00bb200&#215;200&#8243;][\/vc_column_inner][vc_column_inner width=\u00bb1\/2&#8243;][vc_column_text] PREMIO ESPECIAL [\/vc_column_text][vc_column_text] Comunicaci\u00f3n [\/vc_column_text][\/vc_column_inner][\/vc_row_inner][\/vc_column][\/vc_row][vc_row][vc_column][vc_empty_space][vc_separator][vc_empty_space][\/vc_column][\/vc_row][vc_row equal_height=\u00bbyes\u00bb content_placement=\u00bbtop\u00bb vc_bg_position=\u00bbbg_center\u00bb][vc_column width=\u00bb1\/2&#8243;][vc_column_text] Eduardo S\u00e1enz de Cabez\u00f3n El riojano Eduardo S\u00e1enz de Cabez\u00f3n es reconocido por el gran p\u00fablico principalmente por presentar el programa \u00d3rbita Laika en La 2 y por su canal de YouTube \u2019Derivando\u2019, donde ...\" \/>\n<meta property=\"og:url\" content=\"https:\/\/anteriores.premiosdelaindustria.es\/2024\/eduardo-saenz-de-cabezon\/\" \/>\n<meta property=\"og:site_name\" content=\"Premios de la Industria en Espa\u00f1a VIII\" \/>\n<meta property=\"article:modified_time\" content=\"2025-04-01T16:51:22+00:00\" \/>\n<meta name=\"twitter:card\" content=\"summary_large_image\" \/>\n<meta name=\"twitter:label1\" content=\"Tiempo de lectura\" \/>\n\t<meta name=\"twitter:data1\" content=\"2 minutos\" \/>\n<script type=\"application\/ld+json\" class=\"yoast-schema-graph\">{\"@context\":\"https:\/\/schema.org\",\"@graph\":[{\"@type\":\"WebPage\",\"@id\":\"https:\/\/anteriores.premiosdelaindustria.es\/2024\/eduardo-saenz-de-cabezon\/\",\"url\":\"https:\/\/anteriores.premiosdelaindustria.es\/2024\/eduardo-saenz-de-cabezon\/\",\"name\":\"Premiado - Eduardo S\u00e1enz de Cabez\u00f3n - Premios de la Industria en Espa\u00f1a VIII\",\"isPartOf\":{\"@id\":\"https:\/\/anteriores.premiosdelaindustria.es\/2024\/#website\"},\"datePublished\":\"2024-06-27T19:33:07+00:00\",\"dateModified\":\"2025-04-01T16:51:22+00:00\",\"breadcrumb\":{\"@id\":\"https:\/\/anteriores.premiosdelaindustria.es\/2024\/eduardo-saenz-de-cabezon\/#breadcrumb\"},\"inLanguage\":\"es\",\"potentialAction\":[{\"@type\":\"ReadAction\",\"target\":[\"https:\/\/anteriores.premiosdelaindustria.es\/2024\/eduardo-saenz-de-cabezon\/\"]}]},{\"@type\":\"BreadcrumbList\",\"@id\":\"https:\/\/anteriores.premiosdelaindustria.es\/2024\/eduardo-saenz-de-cabezon\/#breadcrumb\",\"itemListElement\":[{\"@type\":\"ListItem\",\"position\":1,\"name\":\"Portada\",\"item\":\"https:\/\/anteriores.premiosdelaindustria.es\/2024\/\"},{\"@type\":\"ListItem\",\"position\":2,\"name\":\"Premiado &#8211; Eduardo S\u00e1enz de Cabez\u00f3n\"}]},{\"@type\":\"WebSite\",\"@id\":\"https:\/\/anteriores.premiosdelaindustria.es\/2024\/#website\",\"url\":\"https:\/\/anteriores.premiosdelaindustria.es\/2024\/\",\"name\":\"Premios de la Industria en Espa\u00f1a VIII\",\"description\":\"Desde 2017 se promueven los Premios de la Industria en Espa\u00f1a, que tratan de dar visibilidad a todas aquellas personas, f\u00edsicas o jur\u00eddicas, que en las diferentes categor\u00edas que se detallar\u00e1n a continuaci\u00f3n, han destacado por su aportaci\u00f3n. Creemos que es muy importante la difusi\u00f3n y el reconocimiento del aporte de la industria y sus beneficios para las personas. Lo mismo sucede con el aporte de la industria moderna para la sociedad y el entorno.\",\"potentialAction\":[{\"@type\":\"SearchAction\",\"target\":{\"@type\":\"EntryPoint\",\"urlTemplate\":\"https:\/\/anteriores.premiosdelaindustria.es\/2024\/?s={search_term_string}\"},\"query-input\":\"required name=search_term_string\"}],\"inLanguage\":\"es\"}]}<\/script>\n<!-- \/ Yoast SEO plugin. -->","yoast_head_json":{"title":"Premiado - Eduardo S\u00e1enz de Cabez\u00f3n - Premios de la Industria en Espa\u00f1a VIII","robots":{"index":"noindex","follow":"nofollow"},"og_locale":"es_ES","og_type":"article","og_title":"Premiado - Eduardo S\u00e1enz de Cabez\u00f3n - Premios de la Industria en Espa\u00f1a VIII","og_description":"[vc_row vc_bg_position=\u00bbbg_center\u00bb css=\u00bb.vc_custom_1718180830274{background-position: 0 0 !important;background-repeat: no-repeat !important;}\u00bb][vc_column][vc_row_inner][vc_column_inner width=\u00bb1\/6&#8243;][vc_single_image image=\u00bb4352&#8243; img_size=\u00bb200&#215;200&#8243;][\/vc_column_inner][vc_column_inner width=\u00bb1\/2&#8243;][vc_column_text] PREMIO ESPECIAL [\/vc_column_text][vc_column_text] Comunicaci\u00f3n [\/vc_column_text][\/vc_column_inner][\/vc_row_inner][\/vc_column][\/vc_row][vc_row][vc_column][vc_empty_space][vc_separator][vc_empty_space][\/vc_column][\/vc_row][vc_row equal_height=\u00bbyes\u00bb content_placement=\u00bbtop\u00bb vc_bg_position=\u00bbbg_center\u00bb][vc_column width=\u00bb1\/2&#8243;][vc_column_text] Eduardo S\u00e1enz de Cabez\u00f3n El riojano Eduardo S\u00e1enz de Cabez\u00f3n es reconocido por el gran p\u00fablico principalmente por presentar el programa \u00d3rbita Laika en La 2 y por su canal de YouTube \u2019Derivando\u2019, donde ...","og_url":"https:\/\/anteriores.premiosdelaindustria.es\/2024\/eduardo-saenz-de-cabezon\/","og_site_name":"Premios de la Industria en Espa\u00f1a VIII","article_modified_time":"2025-04-01T16:51:22+00:00","twitter_card":"summary_large_image","twitter_misc":{"Tiempo de lectura":"2 minutos"},"schema":{"@context":"https:\/\/schema.org","@graph":[{"@type":"WebPage","@id":"https:\/\/anteriores.premiosdelaindustria.es\/2024\/eduardo-saenz-de-cabezon\/","url":"https:\/\/anteriores.premiosdelaindustria.es\/2024\/eduardo-saenz-de-cabezon\/","name":"Premiado - Eduardo S\u00e1enz de Cabez\u00f3n - Premios de la Industria en Espa\u00f1a VIII","isPartOf":{"@id":"https:\/\/anteriores.premiosdelaindustria.es\/2024\/#website"},"datePublished":"2024-06-27T19:33:07+00:00","dateModified":"2025-04-01T16:51:22+00:00","breadcrumb":{"@id":"https:\/\/anteriores.premiosdelaindustria.es\/2024\/eduardo-saenz-de-cabezon\/#breadcrumb"},"inLanguage":"es","potentialAction":[{"@type":"ReadAction","target":["https:\/\/anteriores.premiosdelaindustria.es\/2024\/eduardo-saenz-de-cabezon\/"]}]},{"@type":"BreadcrumbList","@id":"https:\/\/anteriores.premiosdelaindustria.es\/2024\/eduardo-saenz-de-cabezon\/#breadcrumb","itemListElement":[{"@type":"ListItem","position":1,"name":"Portada","item":"https:\/\/anteriores.premiosdelaindustria.es\/2024\/"},{"@type":"ListItem","position":2,"name":"Premiado &#8211; Eduardo S\u00e1enz de Cabez\u00f3n"}]},{"@type":"WebSite","@id":"https:\/\/anteriores.premiosdelaindustria.es\/2024\/#website","url":"https:\/\/anteriores.premiosdelaindustria.es\/2024\/","name":"Premios de la Industria en Espa\u00f1a VIII","description":"Desde 2017 se promueven los Premios de la Industria en Espa\u00f1a, que tratan de dar visibilidad a todas aquellas personas, f\u00edsicas o jur\u00eddicas, que en las diferentes categor\u00edas que se detallar\u00e1n a continuaci\u00f3n, han destacado por su aportaci\u00f3n. Creemos que es muy importante la difusi\u00f3n y el reconocimiento del aporte de la industria y sus beneficios para las personas. Lo mismo sucede con el aporte de la industria moderna para la sociedad y el entorno.","potentialAction":[{"@type":"SearchAction","target":{"@type":"EntryPoint","urlTemplate":"https:\/\/anteriores.premiosdelaindustria.es\/2024\/?s={search_term_string}"},"query-input":"required name=search_term_string"}],"inLanguage":"es"}]}},"_links":{"self":[{"href":"https:\/\/anteriores.premiosdelaindustria.es\/2024\/wp-json\/wp\/v2\/pages\/4751"}],"collection":[{"href":"https:\/\/anteriores.premiosdelaindustria.es\/2024\/wp-json\/wp\/v2\/pages"}],"about":[{"href":"https:\/\/anteriores.premiosdelaindustria.es\/2024\/wp-json\/wp\/v2\/types\/page"}],"author":[{"embeddable":true,"href":"https:\/\/anteriores.premiosdelaindustria.es\/2024\/wp-json\/wp\/v2\/users\/6"}],"replies":[{"embeddable":true,"href":"https:\/\/anteriores.premiosdelaindustria.es\/2024\/wp-json\/wp\/v2\/comments?post=4751"}],"version-history":[{"count":7,"href":"https:\/\/anteriores.premiosdelaindustria.es\/2024\/wp-json\/wp\/v2\/pages\/4751\/revisions"}],"predecessor-version":[{"id":4913,"href":"https:\/\/anteriores.premiosdelaindustria.es\/2024\/wp-json\/wp\/v2\/pages\/4751\/revisions\/4913"}],"wp:attachment":[{"href":"https:\/\/anteriores.premiosdelaindustria.es\/2024\/wp-json\/wp\/v2\/media?parent=4751"}],"curies":[{"name":"wp","href":"https:\/\/api.w.org\/{rel}","templated":true}]}}