{"id":4736,"date":"2024-06-27T21:33:03","date_gmt":"2024-06-27T19:33:03","guid":{"rendered":"https:\/\/anteriores.premiosdelaindustria.es\/2024\/?page_id=4736"},"modified":"2025-04-01T18:52:43","modified_gmt":"2025-04-01T16:52:43","slug":"proconsi","status":"publish","type":"page","link":"https:\/\/anteriores.premiosdelaindustria.es\/2024\/proconsi\/","title":{"rendered":"Premiado &#8211; Proconsi"},"content":{"rendered":"<section class=\"wpb-content-wrapper\"><p>[vc_row vc_bg_position=\u00bbbg_center\u00bb css=\u00bb.vc_custom_1718180830274{background-position: 0 0 !important;background-repeat: no-repeat !important;}\u00bb][vc_column][vc_row_inner][vc_column_inner width=\u00bb1\/6&#8243;][vc_single_image image=\u00bb4352&#8243; img_size=\u00bb200&#215;200&#8243;][\/vc_column_inner][vc_column_inner width=\u00bb1\/3&#8243;][vc_column_text]<\/p>\n<h4 style=\"text-align: left;\"><span style=\"color: #ffc107;\"><strong>PREMIO<\/strong><\/span><\/h4>\n<p>[\/vc_column_text][vc_column_text]<\/p>\n<h2 style=\"text-align: left;\"><strong>Mejor Industria TIC<\/strong><\/h2>\n<p>[\/vc_column_text][\/vc_column_inner][vc_column_inner width=\u00bb1\/2&#8243;][vc_column_text]Premio que reconoce la excelencia en la provisi\u00f3n de sistemas y servicios TIC (Tecnolog\u00ed\u00adas de la Informaci\u00f3n y la Comunicaci\u00f3n).<\/p>\n<p>El ganador ser\u00e1 un suministrador\/fabricante de hardware, software y\/o servicios TIC que haya alcanzado un notable \u00e9xito empresarial en un periodo reciente y que demuestre altos niveles de satisfacci\u00f3n del cliente, as\u00ed\u00ad como crecimiento\/mejora de negocio y\/o de los usuarios de sus productos y servicios. Sus iniciativas deber\u00e1n haber dejado un impacto positivo en la sociedad y el progreso.[\/vc_column_text][\/vc_column_inner][\/vc_row_inner][\/vc_column][\/vc_row][vc_row][vc_column][vc_empty_space][vc_separator][vc_empty_space][\/vc_column][\/vc_row][vc_row equal_height=\u00bbyes\u00bb content_placement=\u00bbtop\u00bb vc_bg_position=\u00bbbg_center\u00bb][vc_column width=\u00bb1\/2&#8243;][vc_single_image image=\u00bb4629&#8243; img_size=\u00bbfull\u00bb alignment=\u00bbcenter\u00bb][vc_column_text]<span style=\"font-weight: 400;\"><strong>Proconsi<\/strong> es una empresa de Tecnolog\u00ed\u00adas de la Informaci\u00f3n y la Comunicaci\u00f3n especializada en el desarrollo e integraci\u00f3n de soluciones inform\u00e1ticas para todo tipo de empresas. M\u00e1s de 35 a\u00f1os de experiencia avalan a una compa\u00f1\u00ed\u00ada tan flexible como responsable, que cuenta con un equipo multidisciplinar de m\u00e1s de 130 profesionales cualificados, expertos y comprometidos con un \u00fanico objetivo: hallar la soluci\u00f3n tecnol\u00f3gica exacta para cada cliente.\u00a0<\/span><\/p>\n<p><span style=\"font-weight: 400;\">Proconsi es especialista en la creaci\u00f3n y el desarrollo de software, consultor\u00ed\u00ada tecnol\u00f3gica, direcci\u00f3n y gesti\u00f3n de proyectos I+D+i basados en TIC, soluciones de movilidad, rob\u00f3tica, IA y ciberseguridad.\u00a0<\/span><\/p>\n<p><span style=\"font-weight: 400;\">En la actualidad, Proconsi cuenta con m\u00e1s de 5.500 clientes en todo el mundo y tiene presencia en mercados como: Marruecos, Portugal, Italia, Francia, Suiza, Bahrein, M\u00e9xico, Rep\u00fablica Dominicana, etc.\u00a0<\/span><\/p>\n<p><span style=\"font-weight: 400;\">Proconsi es l\u00ed\u00adder indiscutible en el sector del software para la distribuci\u00f3n de hidrocarburos y gesti\u00f3n de estaciones de servicio en Espa\u00f1a.\u00a0<\/span><\/p>\n<p><span style=\"font-weight: 400;\">PROCONSI entiende la Investigaci\u00f3n, el Desarrollo y la Innovaci\u00f3n, como la base de nuestra estrategia global y por ello ha recibido numerosos galardones que premian la innovaci\u00f3n, la trayectoria empresarial, los ingeniosos proyectos I+D+i y la confianza depositada por nuestros clientes.<\/span>[\/vc_column_text][\/vc_column][vc_column width=\u00bb1\/2&#8243;][vc_single_image image=\u00bb4922&#8243; img_size=\u00bbfull\u00bb][\/vc_column][\/vc_row][vc_row][vc_column][vc_column_text]<\/p>\n<h5 style=\"text-align: center;\">Entrevista Constantino L\u00e1zaro &#8211; Director de Operaciones Pronconsi<\/h5>\n<p>[\/vc_column_text][vc_video link=\u00bbhttps:\/\/youtu.be\/A3ArezINkAY\u00bb][\/vc_column][\/vc_row]<\/p>\n<\/section>","protected":false},"excerpt":{"rendered":"<p>[vc_row vc_bg_position=\u00bbbg_center\u00bb css=\u00bb.vc_custom_1718180830274{background-position: 0 0 !important;background-repeat: no-repeat !important;}\u00bb][vc_column][vc_row_inner][vc_column_inner width=\u00bb1\/6&#8243;][vc_single_image image=\u00bb4352&#8243; img_size=\u00bb200&#215;200&#8243;][\/vc_column_inner][vc_column_inner width=\u00bb1\/3&#8243;][vc_column_text] PREMIO [\/vc_column_text][vc_column_text] Mejor Industria TIC [\/vc_column_text][\/vc_column_inner][vc_column_inner width=\u00bb1\/2&#8243;][vc_column_text]Premio que reconoce la excelencia en la provisi\u00f3n de sistemas y servicios TIC (Tecnolog\u00ed\u00adas de la Informaci\u00f3n y la Comunicaci\u00f3n). El ganador ser\u00e1 un suministrador\/fabricante de hardware, software y\/o servicios TIC que haya alcanzado un notable \u00e9xito &#8230;<\/p>\n","protected":false},"author":6,"featured_media":0,"parent":0,"menu_order":0,"comment_status":"closed","ping_status":"closed","template":"","meta":{"footnotes":""},"yoast_head":"<!-- This site is optimized with the Yoast SEO plugin v20.6 - https:\/\/yoast.com\/wordpress\/plugins\/seo\/ -->\n<title>Premiado - Proconsi - Premios de la Industria en Espa\u00f1a VIII<\/title>\n<meta name=\"robots\" content=\"noindex, nofollow\" \/>\n<meta property=\"og:locale\" content=\"es_ES\" \/>\n<meta property=\"og:type\" content=\"article\" \/>\n<meta property=\"og:title\" content=\"Premiado - Proconsi - Premios de la Industria en Espa\u00f1a VIII\" \/>\n<meta property=\"og:description\" content=\"[vc_row vc_bg_position=\u00bbbg_center\u00bb css=\u00bb.vc_custom_1718180830274{background-position: 0 0 !important;background-repeat: no-repeat !important;}\u00bb][vc_column][vc_row_inner][vc_column_inner width=\u00bb1\/6&#8243;][vc_single_image image=\u00bb4352&#8243; img_size=\u00bb200&#215;200&#8243;][\/vc_column_inner][vc_column_inner width=\u00bb1\/3&#8243;][vc_column_text] PREMIO [\/vc_column_text][vc_column_text] Mejor Industria TIC [\/vc_column_text][\/vc_column_inner][vc_column_inner width=\u00bb1\/2&#8243;][vc_column_text]Premio que reconoce la excelencia en la provisi\u00f3n de sistemas y servicios TIC (Tecnolog\u00ed\u00adas de la Informaci\u00f3n y la Comunicaci\u00f3n). El ganador ser\u00e1 un suministrador\/fabricante de hardware, software y\/o servicios TIC que haya alcanzado un notable \u00e9xito ...\" \/>\n<meta property=\"og:url\" content=\"https:\/\/anteriores.premiosdelaindustria.es\/2024\/proconsi\/\" \/>\n<meta property=\"og:site_name\" content=\"Premios de la Industria en Espa\u00f1a VIII\" \/>\n<meta property=\"article:modified_time\" content=\"2025-04-01T16:52:43+00:00\" \/>\n<meta name=\"twitter:card\" content=\"summary_large_image\" \/>\n<meta name=\"twitter:label1\" content=\"Tiempo de lectura\" \/>\n\t<meta name=\"twitter:data1\" content=\"2 minutos\" \/>\n<script type=\"application\/ld+json\" class=\"yoast-schema-graph\">{\"@context\":\"https:\/\/schema.org\",\"@graph\":[{\"@type\":\"WebPage\",\"@id\":\"https:\/\/anteriores.premiosdelaindustria.es\/2024\/proconsi\/\",\"url\":\"https:\/\/anteriores.premiosdelaindustria.es\/2024\/proconsi\/\",\"name\":\"Premiado - Proconsi - Premios de la Industria en Espa\u00f1a VIII\",\"isPartOf\":{\"@id\":\"https:\/\/anteriores.premiosdelaindustria.es\/2024\/#website\"},\"datePublished\":\"2024-06-27T19:33:03+00:00\",\"dateModified\":\"2025-04-01T16:52:43+00:00\",\"breadcrumb\":{\"@id\":\"https:\/\/anteriores.premiosdelaindustria.es\/2024\/proconsi\/#breadcrumb\"},\"inLanguage\":\"es\",\"potentialAction\":[{\"@type\":\"ReadAction\",\"target\":[\"https:\/\/anteriores.premiosdelaindustria.es\/2024\/proconsi\/\"]}]},{\"@type\":\"BreadcrumbList\",\"@id\":\"https:\/\/anteriores.premiosdelaindustria.es\/2024\/proconsi\/#breadcrumb\",\"itemListElement\":[{\"@type\":\"ListItem\",\"position\":1,\"name\":\"Portada\",\"item\":\"https:\/\/anteriores.premiosdelaindustria.es\/2024\/\"},{\"@type\":\"ListItem\",\"position\":2,\"name\":\"Premiado &#8211; Proconsi\"}]},{\"@type\":\"WebSite\",\"@id\":\"https:\/\/anteriores.premiosdelaindustria.es\/2024\/#website\",\"url\":\"https:\/\/anteriores.premiosdelaindustria.es\/2024\/\",\"name\":\"Premios de la Industria en Espa\u00f1a VIII\",\"description\":\"Desde 2017 se promueven los Premios de la Industria en Espa\u00f1a, que tratan de dar visibilidad a todas aquellas personas, f\u00edsicas o jur\u00eddicas, que en las diferentes categor\u00edas que se detallar\u00e1n a continuaci\u00f3n, han destacado por su aportaci\u00f3n. Creemos que es muy importante la difusi\u00f3n y el reconocimiento del aporte de la industria y sus beneficios para las personas. Lo mismo sucede con el aporte de la industria moderna para la sociedad y el entorno.\",\"potentialAction\":[{\"@type\":\"SearchAction\",\"target\":{\"@type\":\"EntryPoint\",\"urlTemplate\":\"https:\/\/anteriores.premiosdelaindustria.es\/2024\/?s={search_term_string}\"},\"query-input\":\"required name=search_term_string\"}],\"inLanguage\":\"es\"}]}<\/script>\n<!-- \/ Yoast SEO plugin. -->","yoast_head_json":{"title":"Premiado - Proconsi - Premios de la Industria en Espa\u00f1a VIII","robots":{"index":"noindex","follow":"nofollow"},"og_locale":"es_ES","og_type":"article","og_title":"Premiado - Proconsi - Premios de la Industria en Espa\u00f1a VIII","og_description":"[vc_row vc_bg_position=\u00bbbg_center\u00bb css=\u00bb.vc_custom_1718180830274{background-position: 0 0 !important;background-repeat: no-repeat !important;}\u00bb][vc_column][vc_row_inner][vc_column_inner width=\u00bb1\/6&#8243;][vc_single_image image=\u00bb4352&#8243; img_size=\u00bb200&#215;200&#8243;][\/vc_column_inner][vc_column_inner width=\u00bb1\/3&#8243;][vc_column_text] PREMIO [\/vc_column_text][vc_column_text] Mejor Industria TIC [\/vc_column_text][\/vc_column_inner][vc_column_inner width=\u00bb1\/2&#8243;][vc_column_text]Premio que reconoce la excelencia en la provisi\u00f3n de sistemas y servicios TIC (Tecnolog\u00ed\u00adas de la Informaci\u00f3n y la Comunicaci\u00f3n). El ganador ser\u00e1 un suministrador\/fabricante de hardware, software y\/o servicios TIC que haya alcanzado un notable \u00e9xito ...","og_url":"https:\/\/anteriores.premiosdelaindustria.es\/2024\/proconsi\/","og_site_name":"Premios de la Industria en Espa\u00f1a VIII","article_modified_time":"2025-04-01T16:52:43+00:00","twitter_card":"summary_large_image","twitter_misc":{"Tiempo de lectura":"2 minutos"},"schema":{"@context":"https:\/\/schema.org","@graph":[{"@type":"WebPage","@id":"https:\/\/anteriores.premiosdelaindustria.es\/2024\/proconsi\/","url":"https:\/\/anteriores.premiosdelaindustria.es\/2024\/proconsi\/","name":"Premiado - Proconsi - Premios de la Industria en Espa\u00f1a VIII","isPartOf":{"@id":"https:\/\/anteriores.premiosdelaindustria.es\/2024\/#website"},"datePublished":"2024-06-27T19:33:03+00:00","dateModified":"2025-04-01T16:52:43+00:00","breadcrumb":{"@id":"https:\/\/anteriores.premiosdelaindustria.es\/2024\/proconsi\/#breadcrumb"},"inLanguage":"es","potentialAction":[{"@type":"ReadAction","target":["https:\/\/anteriores.premiosdelaindustria.es\/2024\/proconsi\/"]}]},{"@type":"BreadcrumbList","@id":"https:\/\/anteriores.premiosdelaindustria.es\/2024\/proconsi\/#breadcrumb","itemListElement":[{"@type":"ListItem","position":1,"name":"Portada","item":"https:\/\/anteriores.premiosdelaindustria.es\/2024\/"},{"@type":"ListItem","position":2,"name":"Premiado &#8211; Proconsi"}]},{"@type":"WebSite","@id":"https:\/\/anteriores.premiosdelaindustria.es\/2024\/#website","url":"https:\/\/anteriores.premiosdelaindustria.es\/2024\/","name":"Premios de la Industria en Espa\u00f1a VIII","description":"Desde 2017 se promueven los Premios de la Industria en Espa\u00f1a, que tratan de dar visibilidad a todas aquellas personas, f\u00edsicas o jur\u00eddicas, que en las diferentes categor\u00edas que se detallar\u00e1n a continuaci\u00f3n, han destacado por su aportaci\u00f3n. Creemos que es muy importante la difusi\u00f3n y el reconocimiento del aporte de la industria y sus beneficios para las personas. Lo mismo sucede con el aporte de la industria moderna para la sociedad y el entorno.","potentialAction":[{"@type":"SearchAction","target":{"@type":"EntryPoint","urlTemplate":"https:\/\/anteriores.premiosdelaindustria.es\/2024\/?s={search_term_string}"},"query-input":"required name=search_term_string"}],"inLanguage":"es"}]}},"_links":{"self":[{"href":"https:\/\/anteriores.premiosdelaindustria.es\/2024\/wp-json\/wp\/v2\/pages\/4736"}],"collection":[{"href":"https:\/\/anteriores.premiosdelaindustria.es\/2024\/wp-json\/wp\/v2\/pages"}],"about":[{"href":"https:\/\/anteriores.premiosdelaindustria.es\/2024\/wp-json\/wp\/v2\/types\/page"}],"author":[{"embeddable":true,"href":"https:\/\/anteriores.premiosdelaindustria.es\/2024\/wp-json\/wp\/v2\/users\/6"}],"replies":[{"embeddable":true,"href":"https:\/\/anteriores.premiosdelaindustria.es\/2024\/wp-json\/wp\/v2\/comments?post=4736"}],"version-history":[{"count":11,"href":"https:\/\/anteriores.premiosdelaindustria.es\/2024\/wp-json\/wp\/v2\/pages\/4736\/revisions"}],"predecessor-version":[{"id":5301,"href":"https:\/\/anteriores.premiosdelaindustria.es\/2024\/wp-json\/wp\/v2\/pages\/4736\/revisions\/5301"}],"wp:attachment":[{"href":"https:\/\/anteriores.premiosdelaindustria.es\/2024\/wp-json\/wp\/v2\/media?parent=4736"}],"curies":[{"name":"wp","href":"https:\/\/api.w.org\/{rel}","templated":true}]}}