{"id":4731,"date":"2024-06-27T21:32:51","date_gmt":"2024-06-27T19:32:51","guid":{"rendered":"https:\/\/anteriores.premiosdelaindustria.es\/2024\/?page_id=4731"},"modified":"2025-04-01T18:52:17","modified_gmt":"2025-04-01T16:52:17","slug":"hiperbaric","status":"publish","type":"page","link":"https:\/\/anteriores.premiosdelaindustria.es\/2024\/hiperbaric\/","title":{"rendered":"Premiado &#8211; Hiperbaric"},"content":{"rendered":"<section class=\"wpb-content-wrapper\"><p>[vc_row vc_bg_position=\u00bbbg_center\u00bb css=\u00bb.vc_custom_1718180830274{background-position: 0 0 !important;background-repeat: no-repeat !important;}\u00bb][vc_column][vc_row_inner content_placement=\u00bbbottom\u00bb][vc_column_inner width=\u00bb1\/6&#8243;][vc_single_image image=\u00bb4352&#8243; img_size=\u00bb200&#215;200&#8243;][\/vc_column_inner][vc_column_inner width=\u00bb1\/3&#8243;][vc_column_text]<\/p>\n<h4 style=\"text-align: left;\"><span style=\"color: #ffc107;\"><strong>PREMIO<\/strong><\/span><\/h4>\n<p>[\/vc_column_text][vc_column_text]<\/p>\n<h2 style=\"text-align: left;\"><strong>Industria<br \/>\nde la Movilidad<\/strong><\/h2>\n<p>[\/vc_column_text][\/vc_column_inner][vc_column_inner width=\u00bb1\/2&#8243;][vc_column_text]Premio a las industrias del sector de la movilidad (automoci\u00f3n, industrias auxiliares y de otras alternativas de transporte) cuyas iniciativas tengan un impacto positivo en la sociedad y el progreso en todos sus aspectos, siendo condici\u00f3n que est\u00e9n activas en el momento de presentaci\u00f3n de la candidatura.<\/p>\n<p>El impacto positivo podr\u00e1 ser por razones econ\u00f3micas, sociales, tecnol\u00f3gicas, medioambientales o cualquier de cualquier otro tipo.[\/vc_column_text][\/vc_column_inner][\/vc_row_inner][\/vc_column][\/vc_row][vc_row][vc_column][vc_empty_space][vc_separator][vc_empty_space][\/vc_column][\/vc_row][vc_row equal_height=\u00bbyes\u00bb content_placement=\u00bbtop\u00bb vc_bg_position=\u00bbbg_center\u00bb][vc_column width=\u00bb1\/2&#8243;][vc_single_image image=\u00bb4623&#8243; img_size=\u00bbfull\u00bb alignment=\u00bbcenter\u00bb][vc_column_text]<span style=\"font-weight: 400;\"><strong>Hiperbaric<\/strong> es referente internacional en tecnolog\u00ed\u00adas de altas presiones. Con un compromiso decidido por contribuir a la transici\u00f3n energ\u00e9tica la compa\u00f1\u00ed\u00ada ha desarrollado una nueva estrategia empresarial enfocada en el desarrollo de tecnolog\u00ed\u00ada de compresi\u00f3n hidr\u00f3geno necesaria para la descarbonizaci\u00f3n de diferentes sectores y la movilidad sostenible. <\/span><\/p>\n<p><span style=\"font-weight: 400;\">La Compresi\u00f3n de Hidr\u00f3geno Renovable a Altas Presiones de Hiperbaric es referente internacional en el desarrollo de tecnolog\u00ed\u00adas de altas presiones. <\/span><span style=\"font-weight: 400;\">\u00a0<\/span><span style=\"font-weight: 400;\">El proyecto de compresi\u00f3n de hidr\u00f3geno ofrece un modelo replicable y viable como parte estrat\u00e9gica para el desarrollo del hidr\u00f3geno verde. La adopci\u00f3n de este modelo por parte de otras empresas puede contribuir a acelerar la transici\u00f3n hacia una econom\u00ed\u00ada energ\u00e9tica m\u00e1s sostenible<\/span><span style=\"font-weight: 400;\">.<\/span><\/p>\n<p><span style=\"font-weight: 400;\">En nuestro pa\u00ed\u00ads es la \u00fanica empresa que desarrolla esta tecnolog\u00ed\u00ada. El Plan Estrat\u00e9gico de Hiperbaric 2023-2027 indica que la empresa podr\u00ed\u00ada convertirse en el l\u00ed\u00adder europeo de compresi\u00f3n de hidr\u00f3geno.<\/span>[\/vc_column_text][\/vc_column][vc_column width=\u00bb1\/2&#8243;][vc_single_image image=\u00bb4914&#8243; img_size=\u00bbfull\u00bb][\/vc_column][\/vc_row][vc_row][vc_column][vc_column_text]<\/p>\n<h5 style=\"text-align: center;\">Entrevista Miguel Hernando &#8211; Director General Industrial Hiperbaric<\/h5>\n<p>[\/vc_column_text][vc_video link=\u00bbhttps:\/\/www.youtube.com\/watch?v=dulD411FM4Y\u00bb][\/vc_column][\/vc_row]<\/p>\n<\/section>","protected":false},"excerpt":{"rendered":"<p>[vc_row vc_bg_position=\u00bbbg_center\u00bb css=\u00bb.vc_custom_1718180830274{background-position: 0 0 !important;background-repeat: no-repeat !important;}\u00bb][vc_column][vc_row_inner content_placement=\u00bbbottom\u00bb][vc_column_inner width=\u00bb1\/6&#8243;][vc_single_image image=\u00bb4352&#8243; img_size=\u00bb200&#215;200&#8243;][\/vc_column_inner][vc_column_inner width=\u00bb1\/3&#8243;][vc_column_text] PREMIO [\/vc_column_text][vc_column_text] Industria de la Movilidad [\/vc_column_text][\/vc_column_inner][vc_column_inner width=\u00bb1\/2&#8243;][vc_column_text]Premio a las industrias del sector de la movilidad (automoci\u00f3n, industrias auxiliares y de otras alternativas de transporte) cuyas iniciativas tengan un impacto positivo en la sociedad y el progreso en todos sus aspectos, siendo &#8230;<\/p>\n","protected":false},"author":6,"featured_media":0,"parent":0,"menu_order":0,"comment_status":"closed","ping_status":"closed","template":"","meta":{"footnotes":""},"yoast_head":"<!-- This site is optimized with the Yoast SEO plugin v20.6 - https:\/\/yoast.com\/wordpress\/plugins\/seo\/ -->\n<title>Premiado - Hiperbaric - Premios de la Industria en Espa\u00f1a VIII<\/title>\n<meta name=\"robots\" content=\"noindex, nofollow\" \/>\n<meta property=\"og:locale\" content=\"es_ES\" \/>\n<meta property=\"og:type\" content=\"article\" \/>\n<meta property=\"og:title\" content=\"Premiado - Hiperbaric - Premios de la Industria en Espa\u00f1a VIII\" \/>\n<meta property=\"og:description\" content=\"[vc_row vc_bg_position=\u00bbbg_center\u00bb css=\u00bb.vc_custom_1718180830274{background-position: 0 0 !important;background-repeat: no-repeat !important;}\u00bb][vc_column][vc_row_inner content_placement=\u00bbbottom\u00bb][vc_column_inner width=\u00bb1\/6&#8243;][vc_single_image image=\u00bb4352&#8243; img_size=\u00bb200&#215;200&#8243;][\/vc_column_inner][vc_column_inner width=\u00bb1\/3&#8243;][vc_column_text] PREMIO [\/vc_column_text][vc_column_text] Industria de la Movilidad [\/vc_column_text][\/vc_column_inner][vc_column_inner width=\u00bb1\/2&#8243;][vc_column_text]Premio a las industrias del sector de la movilidad (automoci\u00f3n, industrias auxiliares y de otras alternativas de transporte) cuyas iniciativas tengan un impacto positivo en la sociedad y el progreso en todos sus aspectos, siendo ...\" \/>\n<meta property=\"og:url\" content=\"https:\/\/anteriores.premiosdelaindustria.es\/2024\/hiperbaric\/\" \/>\n<meta property=\"og:site_name\" content=\"Premios de la Industria en Espa\u00f1a VIII\" \/>\n<meta property=\"article:modified_time\" content=\"2025-04-01T16:52:17+00:00\" \/>\n<meta name=\"twitter:card\" content=\"summary_large_image\" \/>\n<meta name=\"twitter:label1\" content=\"Tiempo de lectura\" \/>\n\t<meta name=\"twitter:data1\" content=\"2 minutos\" \/>\n<script type=\"application\/ld+json\" class=\"yoast-schema-graph\">{\"@context\":\"https:\/\/schema.org\",\"@graph\":[{\"@type\":\"WebPage\",\"@id\":\"https:\/\/anteriores.premiosdelaindustria.es\/2024\/hiperbaric\/\",\"url\":\"https:\/\/anteriores.premiosdelaindustria.es\/2024\/hiperbaric\/\",\"name\":\"Premiado - Hiperbaric - Premios de la Industria en Espa\u00f1a VIII\",\"isPartOf\":{\"@id\":\"https:\/\/anteriores.premiosdelaindustria.es\/2024\/#website\"},\"datePublished\":\"2024-06-27T19:32:51+00:00\",\"dateModified\":\"2025-04-01T16:52:17+00:00\",\"breadcrumb\":{\"@id\":\"https:\/\/anteriores.premiosdelaindustria.es\/2024\/hiperbaric\/#breadcrumb\"},\"inLanguage\":\"es\",\"potentialAction\":[{\"@type\":\"ReadAction\",\"target\":[\"https:\/\/anteriores.premiosdelaindustria.es\/2024\/hiperbaric\/\"]}]},{\"@type\":\"BreadcrumbList\",\"@id\":\"https:\/\/anteriores.premiosdelaindustria.es\/2024\/hiperbaric\/#breadcrumb\",\"itemListElement\":[{\"@type\":\"ListItem\",\"position\":1,\"name\":\"Portada\",\"item\":\"https:\/\/anteriores.premiosdelaindustria.es\/2024\/\"},{\"@type\":\"ListItem\",\"position\":2,\"name\":\"Premiado &#8211; Hiperbaric\"}]},{\"@type\":\"WebSite\",\"@id\":\"https:\/\/anteriores.premiosdelaindustria.es\/2024\/#website\",\"url\":\"https:\/\/anteriores.premiosdelaindustria.es\/2024\/\",\"name\":\"Premios de la Industria en Espa\u00f1a VIII\",\"description\":\"Desde 2017 se promueven los Premios de la Industria en Espa\u00f1a, que tratan de dar visibilidad a todas aquellas personas, f\u00edsicas o jur\u00eddicas, que en las diferentes categor\u00edas que se detallar\u00e1n a continuaci\u00f3n, han destacado por su aportaci\u00f3n. Creemos que es muy importante la difusi\u00f3n y el reconocimiento del aporte de la industria y sus beneficios para las personas. Lo mismo sucede con el aporte de la industria moderna para la sociedad y el entorno.\",\"potentialAction\":[{\"@type\":\"SearchAction\",\"target\":{\"@type\":\"EntryPoint\",\"urlTemplate\":\"https:\/\/anteriores.premiosdelaindustria.es\/2024\/?s={search_term_string}\"},\"query-input\":\"required name=search_term_string\"}],\"inLanguage\":\"es\"}]}<\/script>\n<!-- \/ Yoast SEO plugin. -->","yoast_head_json":{"title":"Premiado - Hiperbaric - Premios de la Industria en Espa\u00f1a VIII","robots":{"index":"noindex","follow":"nofollow"},"og_locale":"es_ES","og_type":"article","og_title":"Premiado - Hiperbaric - Premios de la Industria en Espa\u00f1a VIII","og_description":"[vc_row vc_bg_position=\u00bbbg_center\u00bb css=\u00bb.vc_custom_1718180830274{background-position: 0 0 !important;background-repeat: no-repeat !important;}\u00bb][vc_column][vc_row_inner content_placement=\u00bbbottom\u00bb][vc_column_inner width=\u00bb1\/6&#8243;][vc_single_image image=\u00bb4352&#8243; img_size=\u00bb200&#215;200&#8243;][\/vc_column_inner][vc_column_inner width=\u00bb1\/3&#8243;][vc_column_text] PREMIO [\/vc_column_text][vc_column_text] Industria de la Movilidad [\/vc_column_text][\/vc_column_inner][vc_column_inner width=\u00bb1\/2&#8243;][vc_column_text]Premio a las industrias del sector de la movilidad (automoci\u00f3n, industrias auxiliares y de otras alternativas de transporte) cuyas iniciativas tengan un impacto positivo en la sociedad y el progreso en todos sus aspectos, siendo ...","og_url":"https:\/\/anteriores.premiosdelaindustria.es\/2024\/hiperbaric\/","og_site_name":"Premios de la Industria en Espa\u00f1a VIII","article_modified_time":"2025-04-01T16:52:17+00:00","twitter_card":"summary_large_image","twitter_misc":{"Tiempo de lectura":"2 minutos"},"schema":{"@context":"https:\/\/schema.org","@graph":[{"@type":"WebPage","@id":"https:\/\/anteriores.premiosdelaindustria.es\/2024\/hiperbaric\/","url":"https:\/\/anteriores.premiosdelaindustria.es\/2024\/hiperbaric\/","name":"Premiado - Hiperbaric - Premios de la Industria en Espa\u00f1a VIII","isPartOf":{"@id":"https:\/\/anteriores.premiosdelaindustria.es\/2024\/#website"},"datePublished":"2024-06-27T19:32:51+00:00","dateModified":"2025-04-01T16:52:17+00:00","breadcrumb":{"@id":"https:\/\/anteriores.premiosdelaindustria.es\/2024\/hiperbaric\/#breadcrumb"},"inLanguage":"es","potentialAction":[{"@type":"ReadAction","target":["https:\/\/anteriores.premiosdelaindustria.es\/2024\/hiperbaric\/"]}]},{"@type":"BreadcrumbList","@id":"https:\/\/anteriores.premiosdelaindustria.es\/2024\/hiperbaric\/#breadcrumb","itemListElement":[{"@type":"ListItem","position":1,"name":"Portada","item":"https:\/\/anteriores.premiosdelaindustria.es\/2024\/"},{"@type":"ListItem","position":2,"name":"Premiado &#8211; Hiperbaric"}]},{"@type":"WebSite","@id":"https:\/\/anteriores.premiosdelaindustria.es\/2024\/#website","url":"https:\/\/anteriores.premiosdelaindustria.es\/2024\/","name":"Premios de la Industria en Espa\u00f1a VIII","description":"Desde 2017 se promueven los Premios de la Industria en Espa\u00f1a, que tratan de dar visibilidad a todas aquellas personas, f\u00edsicas o jur\u00eddicas, que en las diferentes categor\u00edas que se detallar\u00e1n a continuaci\u00f3n, han destacado por su aportaci\u00f3n. Creemos que es muy importante la difusi\u00f3n y el reconocimiento del aporte de la industria y sus beneficios para las personas. Lo mismo sucede con el aporte de la industria moderna para la sociedad y el entorno.","potentialAction":[{"@type":"SearchAction","target":{"@type":"EntryPoint","urlTemplate":"https:\/\/anteriores.premiosdelaindustria.es\/2024\/?s={search_term_string}"},"query-input":"required name=search_term_string"}],"inLanguage":"es"}]}},"_links":{"self":[{"href":"https:\/\/anteriores.premiosdelaindustria.es\/2024\/wp-json\/wp\/v2\/pages\/4731"}],"collection":[{"href":"https:\/\/anteriores.premiosdelaindustria.es\/2024\/wp-json\/wp\/v2\/pages"}],"about":[{"href":"https:\/\/anteriores.premiosdelaindustria.es\/2024\/wp-json\/wp\/v2\/types\/page"}],"author":[{"embeddable":true,"href":"https:\/\/anteriores.premiosdelaindustria.es\/2024\/wp-json\/wp\/v2\/users\/6"}],"replies":[{"embeddable":true,"href":"https:\/\/anteriores.premiosdelaindustria.es\/2024\/wp-json\/wp\/v2\/comments?post=4731"}],"version-history":[{"count":11,"href":"https:\/\/anteriores.premiosdelaindustria.es\/2024\/wp-json\/wp\/v2\/pages\/4731\/revisions"}],"predecessor-version":[{"id":5299,"href":"https:\/\/anteriores.premiosdelaindustria.es\/2024\/wp-json\/wp\/v2\/pages\/4731\/revisions\/5299"}],"wp:attachment":[{"href":"https:\/\/anteriores.premiosdelaindustria.es\/2024\/wp-json\/wp\/v2\/media?parent=4731"}],"curies":[{"name":"wp","href":"https:\/\/api.w.org\/{rel}","templated":true}]}}