{"id":4725,"date":"2024-06-27T21:32:56","date_gmt":"2024-06-27T19:32:56","guid":{"rendered":"https:\/\/anteriores.premiosdelaindustria.es\/2024\/?page_id=4725"},"modified":"2025-04-01T18:52:28","modified_gmt":"2025-04-01T16:52:28","slug":"patatas-melendez","status":"publish","type":"page","link":"https:\/\/anteriores.premiosdelaindustria.es\/2024\/patatas-melendez\/","title":{"rendered":"Premiado &#8211; Patatas Mel\u00e9ndez"},"content":{"rendered":"<section class=\"wpb-content-wrapper\"><p>[vc_row vc_bg_position=\u00bbbg_center\u00bb css=\u00bb.vc_custom_1718180830274{background-position: 0 0 !important;background-repeat: no-repeat !important;}\u00bb][vc_column][vc_row_inner][vc_column_inner width=\u00bb1\/6&#8243;][vc_single_image image=\u00bb4352&#8243; img_size=\u00bb200&#215;200&#8243;][\/vc_column_inner][vc_column_inner width=\u00bb1\/2&#8243;][vc_column_text]<\/p>\n<h4 style=\"text-align: left;\"><span style=\"color: #ffc107;\"><strong>PREMIO<\/strong><\/span><\/h4>\n<p>[\/vc_column_text][vc_column_text]<\/p>\n<h2 style=\"text-align: left;\"><strong>Industria Agroalimentaria<\/strong><\/h2>\n<p>[\/vc_column_text][vc_column_text]Dirigida a industrias del mundo agroalimentario (con independencia de su forma jur\u00ed\u00addica) con propuestas que incluyan productos, servicios, sistemas de gesti\u00f3n, t\u00e9cnicas y\/o procesos que contribuyan (o hayan contribuido recientemente) a la mejora del sector agroalimentario o hayan contribuido a impulsarlo. Las propuestas deber\u00e1n ir acompa\u00f1adas de una descripci\u00f3n justificativa de los m\u00e9ritos para recibir el premio.[\/vc_column_text][\/vc_column_inner][\/vc_row_inner][\/vc_column][\/vc_row][vc_row][vc_column][vc_empty_space][vc_separator][vc_empty_space][\/vc_column][\/vc_row][vc_row equal_height=\u00bbyes\u00bb content_placement=\u00bbtop\u00bb vc_bg_position=\u00bbbg_center\u00bb][vc_column width=\u00bb1\/2&#8243;][vc_single_image image=\u00bb4620&#8243; img_size=\u00bbfull\u00bb alignment=\u00bbcenter\u00bb][vc_column_text]<span style=\"font-weight: 400;\"><strong>Patatas Mel\u00e9ndez<\/strong> es especialista en la comercializaci\u00f3n de <\/span><i><span style=\"font-weight: 400;\">patatas<\/span><\/i><span style=\"font-weight: 400;\"> frescas procedentes de las principales zonas productoras de Espa\u00f1a. Cuida el origen de nuestras patatas, desde la tierra. Por eso, elige las mejores variedades y sigue las mejores pr\u00e1cticas agrarias. Apuestan siempre por la innovaci\u00f3n, junto a un equipo de m\u00e1s de 250 personas, para ofrecer el mejor producto final.<\/span><\/p>\n<p><span style=\"font-weight: 400;\">Melendez 4.0 ha revolucionado tanto la eficiencia como la sostenibilidad del proceso de fabricaci\u00f3n; colocando a la empresa a la vanguardia del sector; incorporando tecnolog\u00ed\u00ada de la industria 4.0. Entre las innovaciones m\u00e1s significativas de la f\u00e1brica est\u00e1 la introducci\u00f3n de selectores \u00f3pticos; que clasifican las patatas por tama\u00f1o; forma y calidad en un \u00fanico proceso; los robots antropom\u00f3rficos; gracias a los cuales se incrementa la capacidad productiva de envasado; la implantaci\u00f3n de un almac\u00e9n inteligente que supone un mayor aprovechamiento energ\u00e9tico y una optimizaci\u00f3n del ciclo del agua.<\/span>[\/vc_column_text][\/vc_column][vc_column width=\u00bb1\/2&#8243;][vc_single_image image=\u00bb4918&#8243; img_size=\u00bbfull\u00bb][\/vc_column][\/vc_row][vc_row][vc_column width=\u00bb1\/6&#8243;][\/vc_column][vc_column width=\u00bb2\/3&#8243;][vc_column_text]<\/p>\n<h5 style=\"text-align: center;\">Entrevista Adri\u00e1n de Frutos &#8211; Director de Producci\u00f3n de Patatas Mel\u00e9ndez<\/h5>\n<p>[\/vc_column_text][vc_video link=\u00bbhttps:\/\/youtu.be\/XBhzyHFNZEk\u00bb][\/vc_column][vc_column width=\u00bb1\/6&#8243;][\/vc_column][\/vc_row]<\/p>\n<\/section>","protected":false},"excerpt":{"rendered":"<p>[vc_row vc_bg_position=\u00bbbg_center\u00bb css=\u00bb.vc_custom_1718180830274{background-position: 0 0 !important;background-repeat: no-repeat !important;}\u00bb][vc_column][vc_row_inner][vc_column_inner width=\u00bb1\/6&#8243;][vc_single_image image=\u00bb4352&#8243; img_size=\u00bb200&#215;200&#8243;][\/vc_column_inner][vc_column_inner width=\u00bb1\/2&#8243;][vc_column_text] PREMIO [\/vc_column_text][vc_column_text] Industria Agroalimentaria [\/vc_column_text][vc_column_text]Dirigida a industrias del mundo agroalimentario (con independencia de su forma jur\u00ed\u00addica) con propuestas que incluyan productos, servicios, sistemas de gesti\u00f3n, t\u00e9cnicas y\/o procesos que contribuyan (o hayan contribuido recientemente) a la mejora del sector agroalimentario o hayan contribuido &#8230;<\/p>\n","protected":false},"author":6,"featured_media":0,"parent":0,"menu_order":0,"comment_status":"closed","ping_status":"closed","template":"","meta":{"footnotes":""},"yoast_head":"<!-- This site is optimized with the Yoast SEO plugin v20.6 - https:\/\/yoast.com\/wordpress\/plugins\/seo\/ -->\n<title>Premiado - Patatas Mel\u00e9ndez - Premios de la Industria en Espa\u00f1a VIII<\/title>\n<meta name=\"robots\" content=\"noindex, nofollow\" \/>\n<meta property=\"og:locale\" content=\"es_ES\" \/>\n<meta property=\"og:type\" content=\"article\" \/>\n<meta property=\"og:title\" content=\"Premiado - Patatas Mel\u00e9ndez - Premios de la Industria en Espa\u00f1a VIII\" \/>\n<meta property=\"og:description\" content=\"[vc_row vc_bg_position=\u00bbbg_center\u00bb css=\u00bb.vc_custom_1718180830274{background-position: 0 0 !important;background-repeat: no-repeat !important;}\u00bb][vc_column][vc_row_inner][vc_column_inner width=\u00bb1\/6&#8243;][vc_single_image image=\u00bb4352&#8243; img_size=\u00bb200&#215;200&#8243;][\/vc_column_inner][vc_column_inner width=\u00bb1\/2&#8243;][vc_column_text] PREMIO [\/vc_column_text][vc_column_text] Industria Agroalimentaria [\/vc_column_text][vc_column_text]Dirigida a industrias del mundo agroalimentario (con independencia de su forma jur\u00ed\u00addica) con propuestas que incluyan productos, servicios, sistemas de gesti\u00f3n, t\u00e9cnicas y\/o procesos que contribuyan (o hayan contribuido recientemente) a la mejora del sector agroalimentario o hayan contribuido ...\" \/>\n<meta property=\"og:url\" content=\"https:\/\/anteriores.premiosdelaindustria.es\/2024\/patatas-melendez\/\" \/>\n<meta property=\"og:site_name\" content=\"Premios de la Industria en Espa\u00f1a VIII\" \/>\n<meta property=\"article:modified_time\" content=\"2025-04-01T16:52:28+00:00\" \/>\n<meta name=\"twitter:card\" content=\"summary_large_image\" \/>\n<meta name=\"twitter:label1\" content=\"Tiempo de lectura\" \/>\n\t<meta name=\"twitter:data1\" content=\"2 minutos\" \/>\n<script type=\"application\/ld+json\" class=\"yoast-schema-graph\">{\"@context\":\"https:\/\/schema.org\",\"@graph\":[{\"@type\":\"WebPage\",\"@id\":\"https:\/\/anteriores.premiosdelaindustria.es\/2024\/patatas-melendez\/\",\"url\":\"https:\/\/anteriores.premiosdelaindustria.es\/2024\/patatas-melendez\/\",\"name\":\"Premiado - Patatas Mel\u00e9ndez - Premios de la Industria en Espa\u00f1a VIII\",\"isPartOf\":{\"@id\":\"https:\/\/anteriores.premiosdelaindustria.es\/2024\/#website\"},\"datePublished\":\"2024-06-27T19:32:56+00:00\",\"dateModified\":\"2025-04-01T16:52:28+00:00\",\"breadcrumb\":{\"@id\":\"https:\/\/anteriores.premiosdelaindustria.es\/2024\/patatas-melendez\/#breadcrumb\"},\"inLanguage\":\"es\",\"potentialAction\":[{\"@type\":\"ReadAction\",\"target\":[\"https:\/\/anteriores.premiosdelaindustria.es\/2024\/patatas-melendez\/\"]}]},{\"@type\":\"BreadcrumbList\",\"@id\":\"https:\/\/anteriores.premiosdelaindustria.es\/2024\/patatas-melendez\/#breadcrumb\",\"itemListElement\":[{\"@type\":\"ListItem\",\"position\":1,\"name\":\"Portada\",\"item\":\"https:\/\/anteriores.premiosdelaindustria.es\/2024\/\"},{\"@type\":\"ListItem\",\"position\":2,\"name\":\"Premiado &#8211; Patatas Mel\u00e9ndez\"}]},{\"@type\":\"WebSite\",\"@id\":\"https:\/\/anteriores.premiosdelaindustria.es\/2024\/#website\",\"url\":\"https:\/\/anteriores.premiosdelaindustria.es\/2024\/\",\"name\":\"Premios de la Industria en Espa\u00f1a VIII\",\"description\":\"Desde 2017 se promueven los Premios de la Industria en Espa\u00f1a, que tratan de dar visibilidad a todas aquellas personas, f\u00edsicas o jur\u00eddicas, que en las diferentes categor\u00edas que se detallar\u00e1n a continuaci\u00f3n, han destacado por su aportaci\u00f3n. Creemos que es muy importante la difusi\u00f3n y el reconocimiento del aporte de la industria y sus beneficios para las personas. Lo mismo sucede con el aporte de la industria moderna para la sociedad y el entorno.\",\"potentialAction\":[{\"@type\":\"SearchAction\",\"target\":{\"@type\":\"EntryPoint\",\"urlTemplate\":\"https:\/\/anteriores.premiosdelaindustria.es\/2024\/?s={search_term_string}\"},\"query-input\":\"required name=search_term_string\"}],\"inLanguage\":\"es\"}]}<\/script>\n<!-- \/ Yoast SEO plugin. -->","yoast_head_json":{"title":"Premiado - Patatas Mel\u00e9ndez - Premios de la Industria en Espa\u00f1a VIII","robots":{"index":"noindex","follow":"nofollow"},"og_locale":"es_ES","og_type":"article","og_title":"Premiado - Patatas Mel\u00e9ndez - Premios de la Industria en Espa\u00f1a VIII","og_description":"[vc_row vc_bg_position=\u00bbbg_center\u00bb css=\u00bb.vc_custom_1718180830274{background-position: 0 0 !important;background-repeat: no-repeat !important;}\u00bb][vc_column][vc_row_inner][vc_column_inner width=\u00bb1\/6&#8243;][vc_single_image image=\u00bb4352&#8243; img_size=\u00bb200&#215;200&#8243;][\/vc_column_inner][vc_column_inner width=\u00bb1\/2&#8243;][vc_column_text] PREMIO [\/vc_column_text][vc_column_text] Industria Agroalimentaria [\/vc_column_text][vc_column_text]Dirigida a industrias del mundo agroalimentario (con independencia de su forma jur\u00ed\u00addica) con propuestas que incluyan productos, servicios, sistemas de gesti\u00f3n, t\u00e9cnicas y\/o procesos que contribuyan (o hayan contribuido recientemente) a la mejora del sector agroalimentario o hayan contribuido ...","og_url":"https:\/\/anteriores.premiosdelaindustria.es\/2024\/patatas-melendez\/","og_site_name":"Premios de la Industria en Espa\u00f1a VIII","article_modified_time":"2025-04-01T16:52:28+00:00","twitter_card":"summary_large_image","twitter_misc":{"Tiempo de lectura":"2 minutos"},"schema":{"@context":"https:\/\/schema.org","@graph":[{"@type":"WebPage","@id":"https:\/\/anteriores.premiosdelaindustria.es\/2024\/patatas-melendez\/","url":"https:\/\/anteriores.premiosdelaindustria.es\/2024\/patatas-melendez\/","name":"Premiado - Patatas Mel\u00e9ndez - Premios de la Industria en Espa\u00f1a VIII","isPartOf":{"@id":"https:\/\/anteriores.premiosdelaindustria.es\/2024\/#website"},"datePublished":"2024-06-27T19:32:56+00:00","dateModified":"2025-04-01T16:52:28+00:00","breadcrumb":{"@id":"https:\/\/anteriores.premiosdelaindustria.es\/2024\/patatas-melendez\/#breadcrumb"},"inLanguage":"es","potentialAction":[{"@type":"ReadAction","target":["https:\/\/anteriores.premiosdelaindustria.es\/2024\/patatas-melendez\/"]}]},{"@type":"BreadcrumbList","@id":"https:\/\/anteriores.premiosdelaindustria.es\/2024\/patatas-melendez\/#breadcrumb","itemListElement":[{"@type":"ListItem","position":1,"name":"Portada","item":"https:\/\/anteriores.premiosdelaindustria.es\/2024\/"},{"@type":"ListItem","position":2,"name":"Premiado &#8211; Patatas Mel\u00e9ndez"}]},{"@type":"WebSite","@id":"https:\/\/anteriores.premiosdelaindustria.es\/2024\/#website","url":"https:\/\/anteriores.premiosdelaindustria.es\/2024\/","name":"Premios de la Industria en Espa\u00f1a VIII","description":"Desde 2017 se promueven los Premios de la Industria en Espa\u00f1a, que tratan de dar visibilidad a todas aquellas personas, f\u00edsicas o jur\u00eddicas, que en las diferentes categor\u00edas que se detallar\u00e1n a continuaci\u00f3n, han destacado por su aportaci\u00f3n. Creemos que es muy importante la difusi\u00f3n y el reconocimiento del aporte de la industria y sus beneficios para las personas. Lo mismo sucede con el aporte de la industria moderna para la sociedad y el entorno.","potentialAction":[{"@type":"SearchAction","target":{"@type":"EntryPoint","urlTemplate":"https:\/\/anteriores.premiosdelaindustria.es\/2024\/?s={search_term_string}"},"query-input":"required name=search_term_string"}],"inLanguage":"es"}]}},"_links":{"self":[{"href":"https:\/\/anteriores.premiosdelaindustria.es\/2024\/wp-json\/wp\/v2\/pages\/4725"}],"collection":[{"href":"https:\/\/anteriores.premiosdelaindustria.es\/2024\/wp-json\/wp\/v2\/pages"}],"about":[{"href":"https:\/\/anteriores.premiosdelaindustria.es\/2024\/wp-json\/wp\/v2\/types\/page"}],"author":[{"embeddable":true,"href":"https:\/\/anteriores.premiosdelaindustria.es\/2024\/wp-json\/wp\/v2\/users\/6"}],"replies":[{"embeddable":true,"href":"https:\/\/anteriores.premiosdelaindustria.es\/2024\/wp-json\/wp\/v2\/comments?post=4725"}],"version-history":[{"count":11,"href":"https:\/\/anteriores.premiosdelaindustria.es\/2024\/wp-json\/wp\/v2\/pages\/4725\/revisions"}],"predecessor-version":[{"id":5300,"href":"https:\/\/anteriores.premiosdelaindustria.es\/2024\/wp-json\/wp\/v2\/pages\/4725\/revisions\/5300"}],"wp:attachment":[{"href":"https:\/\/anteriores.premiosdelaindustria.es\/2024\/wp-json\/wp\/v2\/media?parent=4725"}],"curies":[{"name":"wp","href":"https:\/\/api.w.org\/{rel}","templated":true}]}}