{"id":4713,"date":"2024-06-25T09:30:50","date_gmt":"2024-06-25T07:30:50","guid":{"rendered":"https:\/\/anteriores.premiosdelaindustria.es\/2024\/?page_id=4713"},"modified":"2025-04-01T18:50:55","modified_gmt":"2025-04-01T16:50:55","slug":"ganadores","status":"publish","type":"page","link":"https:\/\/anteriores.premiosdelaindustria.es\/2024\/ganadores\/","title":{"rendered":"Ganadores"},"content":{"rendered":"<section class=\"wpb-content-wrapper\"><p>[vc_row full_width=\u00bbstretch_row_content_no_spaces\u00bb][vc_column][cs_banner style=\u00bbcreative\u00bb socials=\u00bb%5B%7B%22icon%22%3A%22fab%20fa-500px%22%7D%5D\u00bb title=\u00bbGanadores 2024&#8243; text=\u00bbPremios de la Industria en Espa\u00f1a\u00bb image=\u00bb4795&#8243; bg_image=\u00bb4926&#8243;][\/vc_column][\/vc_row][vc_row full_width=\u00bbstretch_row\u00bb gap=\u00bb35&#8243; equal_height=\u00bbyes\u00bb content_placement=\u00bbtop\u00bb css=\u00bb.vc_custom_1719481429642{background-color: #fdf8f2 !important;}\u00bb][vc_column width=\u00bb1\/3&#8243; css=\u00bb.vc_custom_1719481462863{background-color: #ffffff !important;border-radius: 35px !important;}\u00bb][vc_single_image image=\u00bb4608&#8243; img_size=\u00bb\u00bb alignment=\u00bbcenter\u00bb onclick=\u00bbcustom_link\u00bb link=\u00bb\/2024\/tecozam\/\u00bb][vc_column_text]<\/p>\n<div style=\"text-align: center;\"><a style=\"font-weight: 500; font-size: 20px; color: #000000; text-decoration: none;\" href=\"\/2024\/tecozam\/\"><img decoding=\"async\" src=\"https:\/\/anteriores.premiosdelaindustria.es\/wp-content\/uploads\/sites\/16\/2024\/04\/nuevo-logo-300x300.jpg\" alt=\"\" width=\"50\" height=\"50\" \/> Innovaci\u00f3n Industrial<\/a><br \/>\n<a style=\"font-weight: 600; font-size: 28px; color: #f0b213; text-decoration: none;\" href=\"\/2024\/tecozam\/\">Tecozam<\/a><br \/>\n(Madrid)<\/div>\n<p>[\/vc_column_text][\/vc_column][vc_column width=\u00bb1\/3&#8243; css=\u00bb.vc_custom_1719481525145{background-color: #ffffff !important;border-radius: 35px !important;}\u00bb][vc_single_image image=\u00bb4613&#8243; img_size=\u00bb\u00bb alignment=\u00bbcenter\u00bb onclick=\u00bbcustom_link\u00bb link=\u00bb\/2024\/dehesa-de-los-canonigos\/\u00bb][vc_column_text]<\/p>\n<div style=\"text-align: center;\"><a style=\"font-weight: 500; font-size: 20px; color: #000000; text-decoration: none;\" href=\"\/2024\/dehesa-de-los-canonigos\/\"><img decoding=\"async\" src=\"https:\/\/anteriores.premiosdelaindustria.es\/wp-content\/uploads\/sites\/16\/2024\/04\/nuevo-logo-300x300.jpg\" alt=\"\" width=\"50\" height=\"50\" \/> Industria Solidaria<\/a><br \/>\n<a style=\"font-weight: 600; font-size: 28px; color: #f0b213; text-decoration: none;\" href=\"\/2024\/dehesa-de-los-canonigos\/\">Dehesa de los Can\u00f3nigos<\/a><br \/>\n(Valladolid)<\/div>\n<p>[\/vc_column_text][\/vc_column][vc_column width=\u00bb1\/3&#8243; css=\u00bb.vc_custom_1719481536607{background-color: #ffffff !important;border-radius: 35px !important;}\u00bb][vc_single_image image=\u00bb4620&#8243; img_size=\u00bb\u00bb alignment=\u00bbcenter\u00bb onclick=\u00bbcustom_link\u00bb link=\u00bb\/2024\/patatas-melendez\/\u00bb][vc_column_text]<\/p>\n<div style=\"text-align: center;\"><a style=\"font-weight: 500; font-size: 20px; color: #000000; text-decoration: none;\" href=\"\/2024\/patatas-melendez\/\"><img decoding=\"async\" src=\"https:\/\/anteriores.premiosdelaindustria.es\/wp-content\/uploads\/sites\/16\/2024\/04\/nuevo-logo-300x300.jpg\" alt=\"\" width=\"50\" height=\"50\" \/> Industria Agroalimentaria<\/a><br \/>\n<a style=\"font-weight: 600; font-size: 28px; color: #f0b213; text-decoration: none;\" href=\"\/2024\/patatas-melendez\/\">Patatas Mel\u00e9ndez<\/a><br \/>\nPremio \u2019Alimentos de Valladolid\u2019<br \/>\n(Valladolid)<\/div>\n<p>[\/vc_column_text][\/vc_column][\/vc_row][vc_row full_width=\u00bbstretch_row\u00bb gap=\u00bb35&#8243; css=\u00bb.vc_custom_1719481620475{background-color: #fdf8f2 !important;}\u00bb][vc_column width=\u00bb1\/3&#8243; css=\u00bb.vc_custom_1719481546551{background-color: #ffffff !important;border-radius: 35px !important;}\u00bb][vc_single_image image=\u00bb4623&#8243; img_size=\u00bb\u00bb alignment=\u00bbcenter\u00bb onclick=\u00bbcustom_link\u00bb link=\u00bb\/2024\/hiperbaric\/\u00bb][vc_column_text]<\/p>\n<div style=\"text-align: center;\"><a style=\"font-weight: 500; font-size: 20px; color: #000000; text-decoration: none;\" href=\"\/2024\/hiperbaric\/\"><img decoding=\"async\" src=\"https:\/\/anteriores.premiosdelaindustria.es\/wp-content\/uploads\/sites\/16\/2024\/04\/nuevo-logo-300x300.jpg\" alt=\"\" width=\"50\" height=\"50\" \/> Industria de la Movilidad<\/a><br \/>\n<a style=\"font-weight: 600; font-size: 28px; color: #f0b213; text-decoration: none;\" href=\"\/2024\/hiperbaric\/\">Hiperbaric<\/a><br \/>\n(Burgos)<\/div>\n<p>[\/vc_column_text][\/vc_column][vc_column width=\u00bb1\/3&#8243; css=\u00bb.vc_custom_1719481559708{background-color: #ffffff !important;border-radius: 35px !important;}\u00bb][vc_single_image image=\u00bb4629&#8243; img_size=\u00bb\u00bb alignment=\u00bbcenter\u00bb onclick=\u00bbcustom_link\u00bb link=\u00bb\/2024\/proconsi\/\u00bb][vc_column_text]<\/p>\n<div style=\"text-align: center;\"><a style=\"font-weight: 500; font-size: 20px; color: #000000; text-decoration: none;\" href=\"\/2024\/proconsi\/\"><img decoding=\"async\" src=\"https:\/\/anteriores.premiosdelaindustria.es\/wp-content\/uploads\/sites\/16\/2024\/04\/nuevo-logo-300x300.jpg\" alt=\"\" width=\"50\" height=\"50\" \/> Mejor Industria TIC<\/a><br \/>\n<a style=\"font-weight: 600; font-size: 28px; color: #f0b213; text-decoration: none;\" href=\"\/2024\/proconsi\/\">Proconsi<\/a><br \/>\n(Le\u00f3n)<\/div>\n<p>[\/vc_column_text][\/vc_column][vc_column width=\u00bb1\/3&#8243; css=\u00bb.vc_custom_1719481570325{background-color: #ffffff !important;border-radius: 35px !important;}\u00bb][vc_single_image image=\u00bb4631&#8243; img_size=\u00bb\u00bb alignment=\u00bbcenter\u00bb onclick=\u00bbcustom_link\u00bb link=\u00bb\/2024\/pentakill-studios\/\u00bb][vc_column_text]<\/p>\n<div style=\"text-align: center;\"><a style=\"font-weight: 500; font-size: 20px; color: #000000; text-decoration: none;\" href=\"\/2024\/pentakill-studios\/\"><img decoding=\"async\" src=\"https:\/\/anteriores.premiosdelaindustria.es\/wp-content\/uploads\/sites\/16\/2024\/04\/nuevo-logo-300x300.jpg\" alt=\"\" width=\"50\" height=\"50\" \/> Iniciativa Emergente<\/a><br \/>\n<a style=\"font-weight: 600; font-size: 28px; color: #f0b213; text-decoration: none;\" href=\"\/2024\/pentakill-studios\/\">Pentakill Studios<\/a><br \/>\nPremio \u2019Ciudad de Valladolid\u2019<br \/>\n(Valladolid)<\/div>\n<p>[\/vc_column_text][\/vc_column][\/vc_row][vc_row full_width=\u00bbstretch_row\u00bb gap=\u00bb35&#8243; desctop_lg_pb=\u00bbpadding-lg-110b\u00bb tablets_pb=\u00bbpadding-sm-90b\u00bb mobile_pb=\u00bbpadding-xs-50b\u00bb vc_bg_position=\u00bbbg_bottom-center\u00bb css=\u00bb.vc_custom_1719482758750{background-image: url(https:\/\/anteriores.premiosdelaindustria.es\/wp-content\/uploads\/sites\/16\/2024\/04\/bg-amarillo.png?id=4169) !important;background-position: 0 0 !important;background-repeat: no-repeat !important;}\u00bb][vc_column width=\u00bb1\/2&#8243; desctop_mt=\u00bbmargin-lg-40t\u00bb desctop_mb=\u00bbmargin-lg-40b\u00bb desctop_md_mt=\u00bbmargin-md-40t\u00bb desctop_md_mb=\u00bbmargin-md-40b\u00bb tablets_mt=\u00bbmargin-sm-40t\u00bb tablets_mb=\u00bbmargin-sm-40b\u00bb mobile_mt=\u00bbmargin-xs-40t\u00bb mobile_mb=\u00bbmargin-xs-40b\u00bb][vc_single_image image=\u00bb4268&#8243; img_size=\u00bb150&#215;150&#8243; alignment=\u00bbcenter\u00bb css_animation=\u00bbfadeInDown\u00bb][vc_column_text]<\/p>\n<h4 style=\"text-align: center;\">Categor\u00ed\u00ada especial:<br \/>\nComunicaci\u00f3n<\/h4>\n<p>[\/vc_column_text][vc_single_image image=\u00bb4902&#8243; img_size=\u00bbfull\u00bb][vc_column_text]<\/p>\n<h4 style=\"text-align: left;\"><a href=\"\/2024\/eduardo-saenz-cabezon\/\">Eduardo S\u00e1enz de Cabez\u00f3n<\/a><\/h4>\n<p>El riojano Eduardo S\u00e1enz de Cabez\u00f3n es reconocido por el gran p\u00fablico principalmente por presentar el programa \u00d3rbita Laika en La 2 y por su canal de YouTube \u2019Derivando\u2019, donde comparte historias y curiosidades relacionadas con las matem\u00e1ticas y que cuenta con casi un mill\u00f3n y medio de suscriptores.[\/vc_column_text][vc_column_text]<\/p>\n<h4 style=\"text-align: left;\"><a href=\"\/2024\/orbita-laika\/\">\u00d3rbita Laika<\/a><\/h4>\n<p>El programa de divulgaci\u00f3n cient\u00ed\u00adfica, emitido por primera vez en 2014, reconocido en la\u00a0<strong>categor\u00ed\u00ada de Comunicaci\u00f3n<\/strong>. Con m\u00e1s de 100 episodios, \u00d3rbita Laika lleva casi una d\u00e9cada atrayendo a diferentes p\u00fablicos gracias a\u00a0<strong>su formato de entretenimiento basado en el rigor cient\u00ed\u00adfico<\/strong>, que le han convertido en un referente en la televisi\u00f3n espa\u00f1ola.[\/vc_column_text][\/vc_column][vc_column width=\u00bb1\/2&#8243; desctop_mt=\u00bbmargin-lg-40t\u00bb desctop_mb=\u00bbmargin-lg-40b\u00bb desctop_md_mt=\u00bbmargin-md-40t\u00bb desctop_md_mb=\u00bbmargin-md-40b\u00bb tablets_mt=\u00bbmargin-sm-40t\u00bb tablets_mb=\u00bbmargin-sm-40b\u00bb mobile_mt=\u00bbmargin-xs-40t\u00bb mobile_mb=\u00bbmargin-xs-40b\u00bb][vc_single_image image=\u00bb4268&#8243; img_size=\u00bb150&#215;150&#8243; alignment=\u00bbcenter\u00bb css_animation=\u00bbfadeInDown\u00bb][vc_column_text]<\/p>\n<h4 style=\"text-align: center;\">Categor\u00ed\u00ada especial:<br \/>\nTrayectoria profesional<\/h4>\n<p>[\/vc_column_text][vc_single_image image=\u00bb4889&#8243; img_size=\u00bbfull\u00bb][vc_column_text]<\/p>\n<h4 style=\"text-align: left;\"><a href=\"\/2024\/francisco-j-riberas\/\">Francisco J. Riberas<\/a><\/h4>\n<p>Francisco J. Riberas ha desempe\u00f1ado un papel crucial en la transformaci\u00f3n y expansi\u00f3n de\u00a0<a href=\"https:\/\/www.gestamp.com\/es\/home\" target=\"_blank\" rel=\"noopener\">Gestamp<\/a>, la reconocida multinacional espa\u00f1ola dedicada al dise\u00f1o, desarrollo y fabricaci\u00f3n de componentes met\u00e1licos para el autom\u00f3vil. Bajo su liderazgo, la empresa ha experimentado un crecimiento notable, consolid\u00e1ndose como un\u00a0<strong>referente en el sector industrial<\/strong>\u00a0a nivel global.[\/vc_column_text][\/vc_column][\/vc_row]<\/p>\n<\/section>","protected":false},"excerpt":{"rendered":"<p>[vc_row full_width=\u00bbstretch_row_content_no_spaces\u00bb][vc_column][cs_banner style=\u00bbcreative\u00bb socials=\u00bb%5B%7B%22icon%22%3A%22fab%20fa-500px%22%7D%5D\u00bb title=\u00bbGanadores 2024&#8243; text=\u00bbPremios de la Industria en Espa\u00f1a\u00bb image=\u00bb4795&#8243; bg_image=\u00bb4926&#8243;][\/vc_column][\/vc_row][vc_row full_width=\u00bbstretch_row\u00bb gap=\u00bb35&#8243; equal_height=\u00bbyes\u00bb content_placement=\u00bbtop\u00bb css=\u00bb.vc_custom_1719481429642{background-color: #fdf8f2 !important;}\u00bb][vc_column width=\u00bb1\/3&#8243; css=\u00bb.vc_custom_1719481462863{background-color: #ffffff !important;border-radius: 35px !important;}\u00bb][vc_single_image image=\u00bb4608&#8243; img_size=\u00bb\u00bb alignment=\u00bbcenter\u00bb onclick=\u00bbcustom_link\u00bb link=\u00bb\/2024\/tecozam\/\u00bb][vc_column_text] Innovaci\u00f3n Industrial Tecozam (Madrid) [\/vc_column_text][\/vc_column][vc_column width=\u00bb1\/3&#8243; css=\u00bb.vc_custom_1719481525145{background-color: #ffffff !important;border-radius: 35px !important;}\u00bb][vc_single_image image=\u00bb4613&#8243; img_size=\u00bb\u00bb alignment=\u00bbcenter\u00bb onclick=\u00bbcustom_link\u00bb link=\u00bb\/2024\/dehesa-de-los-canonigos\/\u00bb][vc_column_text] Industria Solidaria Dehesa de los Can\u00f3nigos (Valladolid) &#8230;<\/p>\n","protected":false},"author":6,"featured_media":0,"parent":0,"menu_order":0,"comment_status":"closed","ping_status":"closed","template":"","meta":{"footnotes":""},"yoast_head":"<!-- This site is optimized with the Yoast SEO plugin v20.6 - https:\/\/yoast.com\/wordpress\/plugins\/seo\/ -->\n<title>Ganadores - Premios de la Industria en Espa\u00f1a VIII<\/title>\n<meta name=\"robots\" content=\"noindex, nofollow\" \/>\n<meta property=\"og:locale\" content=\"es_ES\" \/>\n<meta property=\"og:type\" content=\"article\" \/>\n<meta property=\"og:title\" content=\"Ganadores - Premios de la Industria en Espa\u00f1a VIII\" \/>\n<meta property=\"og:description\" content=\"[vc_row full_width=\u00bbstretch_row_content_no_spaces\u00bb][vc_column][cs_banner style=\u00bbcreative\u00bb socials=\u00bb%5B%7B%22icon%22%3A%22fab%20fa-500px%22%7D%5D\u00bb title=\u00bbGanadores 2024&#8243; text=\u00bbPremios de la Industria en Espa\u00f1a\u00bb image=\u00bb4795&#8243; bg_image=\u00bb4926&#8243;][\/vc_column][\/vc_row][vc_row full_width=\u00bbstretch_row\u00bb gap=\u00bb35&#8243; equal_height=\u00bbyes\u00bb content_placement=\u00bbtop\u00bb css=\u00bb.vc_custom_1719481429642{background-color: #fdf8f2 !important;}\u00bb][vc_column width=\u00bb1\/3&#8243; css=\u00bb.vc_custom_1719481462863{background-color: #ffffff !important;border-radius: 35px !important;}\u00bb][vc_single_image image=\u00bb4608&#8243; img_size=\u00bb\u00bb alignment=\u00bbcenter\u00bb onclick=\u00bbcustom_link\u00bb link=\u00bb\/2024\/tecozam\/\u00bb][vc_column_text] Innovaci\u00f3n Industrial Tecozam (Madrid) [\/vc_column_text][\/vc_column][vc_column width=\u00bb1\/3&#8243; css=\u00bb.vc_custom_1719481525145{background-color: #ffffff !important;border-radius: 35px !important;}\u00bb][vc_single_image image=\u00bb4613&#8243; img_size=\u00bb\u00bb alignment=\u00bbcenter\u00bb onclick=\u00bbcustom_link\u00bb link=\u00bb\/2024\/dehesa-de-los-canonigos\/\u00bb][vc_column_text] Industria Solidaria Dehesa de los Can\u00f3nigos (Valladolid) ...\" \/>\n<meta property=\"og:url\" content=\"https:\/\/anteriores.premiosdelaindustria.es\/2024\/ganadores\/\" \/>\n<meta property=\"og:site_name\" content=\"Premios de la Industria en Espa\u00f1a VIII\" \/>\n<meta property=\"article:modified_time\" content=\"2025-04-01T16:50:55+00:00\" \/>\n<meta property=\"og:image\" content=\"https:\/\/anteriores.premiosdelaindustria.es\/wp-content\/uploads\/sites\/16\/2024\/04\/nuevo-logo-300x300.jpg\" \/>\n<meta name=\"twitter:card\" content=\"summary_large_image\" \/>\n<meta name=\"twitter:label1\" content=\"Tiempo de lectura\" \/>\n\t<meta name=\"twitter:data1\" content=\"3 minutos\" \/>\n<script type=\"application\/ld+json\" class=\"yoast-schema-graph\">{\"@context\":\"https:\/\/schema.org\",\"@graph\":[{\"@type\":\"WebPage\",\"@id\":\"https:\/\/anteriores.premiosdelaindustria.es\/2024\/ganadores\/\",\"url\":\"https:\/\/anteriores.premiosdelaindustria.es\/2024\/ganadores\/\",\"name\":\"Ganadores - Premios de la Industria en Espa\u00f1a VIII\",\"isPartOf\":{\"@id\":\"https:\/\/anteriores.premiosdelaindustria.es\/2024\/#website\"},\"datePublished\":\"2024-06-25T07:30:50+00:00\",\"dateModified\":\"2025-04-01T16:50:55+00:00\",\"breadcrumb\":{\"@id\":\"https:\/\/anteriores.premiosdelaindustria.es\/2024\/ganadores\/#breadcrumb\"},\"inLanguage\":\"es\",\"potentialAction\":[{\"@type\":\"ReadAction\",\"target\":[\"https:\/\/anteriores.premiosdelaindustria.es\/2024\/ganadores\/\"]}]},{\"@type\":\"BreadcrumbList\",\"@id\":\"https:\/\/anteriores.premiosdelaindustria.es\/2024\/ganadores\/#breadcrumb\",\"itemListElement\":[{\"@type\":\"ListItem\",\"position\":1,\"name\":\"Portada\",\"item\":\"https:\/\/anteriores.premiosdelaindustria.es\/2024\/\"},{\"@type\":\"ListItem\",\"position\":2,\"name\":\"Ganadores\"}]},{\"@type\":\"WebSite\",\"@id\":\"https:\/\/anteriores.premiosdelaindustria.es\/2024\/#website\",\"url\":\"https:\/\/anteriores.premiosdelaindustria.es\/2024\/\",\"name\":\"Premios de la Industria en Espa\u00f1a VIII\",\"description\":\"Desde 2017 se promueven los Premios de la Industria en Espa\u00f1a, que tratan de dar visibilidad a todas aquellas personas, f\u00edsicas o jur\u00eddicas, que en las diferentes categor\u00edas que se detallar\u00e1n a continuaci\u00f3n, han destacado por su aportaci\u00f3n. Creemos que es muy importante la difusi\u00f3n y el reconocimiento del aporte de la industria y sus beneficios para las personas. Lo mismo sucede con el aporte de la industria moderna para la sociedad y el entorno.\",\"potentialAction\":[{\"@type\":\"SearchAction\",\"target\":{\"@type\":\"EntryPoint\",\"urlTemplate\":\"https:\/\/anteriores.premiosdelaindustria.es\/2024\/?s={search_term_string}\"},\"query-input\":\"required name=search_term_string\"}],\"inLanguage\":\"es\"}]}<\/script>\n<!-- \/ Yoast SEO plugin. -->","yoast_head_json":{"title":"Ganadores - Premios de la Industria en Espa\u00f1a VIII","robots":{"index":"noindex","follow":"nofollow"},"og_locale":"es_ES","og_type":"article","og_title":"Ganadores - Premios de la Industria en Espa\u00f1a VIII","og_description":"[vc_row full_width=\u00bbstretch_row_content_no_spaces\u00bb][vc_column][cs_banner style=\u00bbcreative\u00bb socials=\u00bb%5B%7B%22icon%22%3A%22fab%20fa-500px%22%7D%5D\u00bb title=\u00bbGanadores 2024&#8243; text=\u00bbPremios de la Industria en Espa\u00f1a\u00bb image=\u00bb4795&#8243; bg_image=\u00bb4926&#8243;][\/vc_column][\/vc_row][vc_row full_width=\u00bbstretch_row\u00bb gap=\u00bb35&#8243; equal_height=\u00bbyes\u00bb content_placement=\u00bbtop\u00bb css=\u00bb.vc_custom_1719481429642{background-color: #fdf8f2 !important;}\u00bb][vc_column width=\u00bb1\/3&#8243; css=\u00bb.vc_custom_1719481462863{background-color: #ffffff !important;border-radius: 35px !important;}\u00bb][vc_single_image image=\u00bb4608&#8243; img_size=\u00bb\u00bb alignment=\u00bbcenter\u00bb onclick=\u00bbcustom_link\u00bb link=\u00bb\/2024\/tecozam\/\u00bb][vc_column_text] Innovaci\u00f3n Industrial Tecozam (Madrid) [\/vc_column_text][\/vc_column][vc_column width=\u00bb1\/3&#8243; css=\u00bb.vc_custom_1719481525145{background-color: #ffffff !important;border-radius: 35px !important;}\u00bb][vc_single_image image=\u00bb4613&#8243; img_size=\u00bb\u00bb alignment=\u00bbcenter\u00bb onclick=\u00bbcustom_link\u00bb link=\u00bb\/2024\/dehesa-de-los-canonigos\/\u00bb][vc_column_text] Industria Solidaria Dehesa de los Can\u00f3nigos (Valladolid) ...","og_url":"https:\/\/anteriores.premiosdelaindustria.es\/2024\/ganadores\/","og_site_name":"Premios de la Industria en Espa\u00f1a VIII","article_modified_time":"2025-04-01T16:50:55+00:00","og_image":[{"url":"https:\/\/anteriores.premiosdelaindustria.es\/wp-content\/uploads\/sites\/16\/2024\/04\/nuevo-logo-300x300.jpg"}],"twitter_card":"summary_large_image","twitter_misc":{"Tiempo de lectura":"3 minutos"},"schema":{"@context":"https:\/\/schema.org","@graph":[{"@type":"WebPage","@id":"https:\/\/anteriores.premiosdelaindustria.es\/2024\/ganadores\/","url":"https:\/\/anteriores.premiosdelaindustria.es\/2024\/ganadores\/","name":"Ganadores - Premios de la Industria en Espa\u00f1a VIII","isPartOf":{"@id":"https:\/\/anteriores.premiosdelaindustria.es\/2024\/#website"},"datePublished":"2024-06-25T07:30:50+00:00","dateModified":"2025-04-01T16:50:55+00:00","breadcrumb":{"@id":"https:\/\/anteriores.premiosdelaindustria.es\/2024\/ganadores\/#breadcrumb"},"inLanguage":"es","potentialAction":[{"@type":"ReadAction","target":["https:\/\/anteriores.premiosdelaindustria.es\/2024\/ganadores\/"]}]},{"@type":"BreadcrumbList","@id":"https:\/\/anteriores.premiosdelaindustria.es\/2024\/ganadores\/#breadcrumb","itemListElement":[{"@type":"ListItem","position":1,"name":"Portada","item":"https:\/\/anteriores.premiosdelaindustria.es\/2024\/"},{"@type":"ListItem","position":2,"name":"Ganadores"}]},{"@type":"WebSite","@id":"https:\/\/anteriores.premiosdelaindustria.es\/2024\/#website","url":"https:\/\/anteriores.premiosdelaindustria.es\/2024\/","name":"Premios de la Industria en Espa\u00f1a VIII","description":"Desde 2017 se promueven los Premios de la Industria en Espa\u00f1a, que tratan de dar visibilidad a todas aquellas personas, f\u00edsicas o jur\u00eddicas, que en las diferentes categor\u00edas que se detallar\u00e1n a continuaci\u00f3n, han destacado por su aportaci\u00f3n. Creemos que es muy importante la difusi\u00f3n y el reconocimiento del aporte de la industria y sus beneficios para las personas. Lo mismo sucede con el aporte de la industria moderna para la sociedad y el entorno.","potentialAction":[{"@type":"SearchAction","target":{"@type":"EntryPoint","urlTemplate":"https:\/\/anteriores.premiosdelaindustria.es\/2024\/?s={search_term_string}"},"query-input":"required name=search_term_string"}],"inLanguage":"es"}]}},"_links":{"self":[{"href":"https:\/\/anteriores.premiosdelaindustria.es\/2024\/wp-json\/wp\/v2\/pages\/4713"}],"collection":[{"href":"https:\/\/anteriores.premiosdelaindustria.es\/2024\/wp-json\/wp\/v2\/pages"}],"about":[{"href":"https:\/\/anteriores.premiosdelaindustria.es\/2024\/wp-json\/wp\/v2\/types\/page"}],"author":[{"embeddable":true,"href":"https:\/\/anteriores.premiosdelaindustria.es\/2024\/wp-json\/wp\/v2\/users\/6"}],"replies":[{"embeddable":true,"href":"https:\/\/anteriores.premiosdelaindustria.es\/2024\/wp-json\/wp\/v2\/comments?post=4713"}],"version-history":[{"count":22,"href":"https:\/\/anteriores.premiosdelaindustria.es\/2024\/wp-json\/wp\/v2\/pages\/4713\/revisions"}],"predecessor-version":[{"id":4927,"href":"https:\/\/anteriores.premiosdelaindustria.es\/2024\/wp-json\/wp\/v2\/pages\/4713\/revisions\/4927"}],"wp:attachment":[{"href":"https:\/\/anteriores.premiosdelaindustria.es\/2024\/wp-json\/wp\/v2\/media?parent=4713"}],"curies":[{"name":"wp","href":"https:\/\/api.w.org\/{rel}","templated":true}]}}