{"id":4139,"date":"2024-04-09T19:12:43","date_gmt":"2024-04-09T17:12:43","guid":{"rendered":"https:\/\/anteriores.premiosdelaindustria.es\/2024\/?page_id=4139"},"modified":"2025-04-01T18:49:14","modified_gmt":"2025-04-01T16:49:14","slug":"bases-premios-2024","status":"publish","type":"page","link":"https:\/\/anteriores.premiosdelaindustria.es\/2024\/bases-premios-2024\/","title":{"rendered":"Bases Premios 2024"},"content":{"rendered":"<section class=\"wpb-content-wrapper\"><p>[vc_row full_width=\u00bbstretch_row_content_no_spaces\u00bb desctop_mt=\u00bbmargin-lg-135t\u00bb desctop_mb=\u00bbmargin-lg-0b\u00bb desctop_md_mt=\u00bbmargin-md-100t\u00bb tablets_mt=\u00bbmargin-sm-70t\u00bb mobile_mt=\u00bbmargin-xs-40t\u00bb mobile_pt=\u00bbpadding-xs-80t\u00bb][vc_column][cs_headings style=\u00bbsimple_text\u00bb enable_text_color=\u00bb\u00bb title=\u00bbBases Premios de la Industria en Espa\u00f1a 2024&#8243; title_animation=\u00bbnone\u00bb content_animation=\u00bbnone\u00bb]El diccionario de la Real Academia Espa\u00f1ola, entre las acepciones del vocablo \u2019industria\u2019 recoge que el t\u00e9rmino significa: \u2019Negocio o actividad econ\u00f3mica\u2019. Adem\u00e1s, toda actividad industrial tiene dos tipos de elementos:<\/p>\n<p>&#8211;\u00a0 El humano (trabajadores)<br \/>\n&#8211;\u00a0 El econ\u00f3mico (capital y mercado)<\/p>\n<p>Para la sociedad avanzada, la industria y la ingenier\u00ed\u00ada son los pilares para su progreso; las causas principales de la evoluci\u00f3n que hemos vivido, as\u00ed\u00ad como las que posibilitar\u00e1n el avance futuro. No se puede concebir el hoy ni el ma\u00f1ana sin la Electr\u00f3nica, Electricidad, Mec\u00e1nica, Autom\u00e1tica (Rob\u00f3tica), Qu\u00ed\u00admica, etc\u00e9tera. Disciplina, todas ellas, de las que se sirve la industria para proteger nuestro entorno y aportar a la sociedad sus productos terminados.<\/p>\n<p>Por ello desde 2017 se promueven los <strong>Premios de la Industria en Espa\u00f1a<\/strong>, que tratan de dar visibilidad a todas aquellas personas, f\u00ed\u00adsicas o jur\u00ed\u00addicas, que en las diferentes categor\u00ed\u00adas que se detallar\u00e1n a continuaci\u00f3n, han destacado por su aportaci\u00f3n.<\/p>\n<p>Creemos que es muy importante la difusi\u00f3n y el reconocimiento del aporte de la industria y sus beneficios para las personas. Lo mismo sucede con el aporte de la industria moderna para la sociedad y el entorno. Los beneficios para los ganadores se detallan en un punto aparte, en funci\u00f3n de cada categor\u00ed\u00ada. Los ganadores de cada una de ellas obtendr\u00e1n un trofeo dise\u00f1ado espec\u00ed\u00adficamente para este certamen.<\/p>\n<h2><\/h2>\n<h2>FORMA DE TOMAR PARTE<\/h2>\n<p>El certamen tendr\u00e1 como veh\u00ed\u00adculo de comunicaci\u00f3n principal el sitio web alojado bajo <a href=\"https:\/\/premiosdelaindustria.es\">premiosdelaindustria.es<\/a>. Las candidaturas podr\u00e1n ser enviadas por el propio interesado o por cualquier otro, siempre y cuando se adapte a las presentes bases.<br \/>\nEn cada categor\u00ed\u00ada se describir\u00e1n las condiciones que deben cumplir las personas f\u00ed\u00adsicas y jur\u00ed\u00addicas que quieran participar. Se puede tomar parte en varias categor\u00ed\u00adas si se cumple con las condiciones de cada una de ellas.<\/p>\n<p>Para tomar parte se podr\u00e1 acompa\u00f1ar una documentaci\u00f3n justificativa de los m\u00e9ritos que se alegan para hacerse acreedor del premio en cada categor\u00ed\u00ada en la que se participe. Se valorar\u00e1 el env\u00ed\u00ado de enlace a alg\u00fan v\u00ed\u00addeo no superior a 3 minutos de duraci\u00f3n que exponga los motivos que el participante considera le hacen merecedor del premio.<\/p>\n<h2>CATEGOR\u00ed\u008dAS A CONCURSO<br \/>\nY CONDICIONES DE PARTICIPACI\u00d3N<\/h2>\n<h4>Categor\u00ed\u00ada \u2019Innovaci\u00f3n industrial\u2019 (IoT, IA, ML\u00e2\u20ac\u00a6)<\/h4>\n<p>Optar\u00e1 cualquier industria, empresa o instituci\u00f3n que en los \u00faltimos 4 a\u00f1os haya modificado sus procesos, sistemas, t\u00e9cnicos o formas de comunicaci\u00f3n hacia sus clientes internos y\/o externos incluyendo elementos de la industria 5.0 (IoT, robotizaci\u00f3n, IA -inteligencia artificial-, ML -machine learning-, automatizaci\u00f3n, digitalizaci\u00f3n\u00e2\u20ac\u00a6 Y su colaboraci\u00f3n con humanos). Como ejemplo, podr\u00ed\u00adamos hablar de \u2019chatbots\u2019, herramientas de an\u00e1lisis de im\u00e1genes o proyectos de estos tipos. El ganador deber\u00e1 demostrar el valor de la soluci\u00f3n y por qu\u00e9 la automatizaci\u00f3n o la t\u00e9cnica utilizada aportaba m\u00e1s valor que otras alternativas para lograr los objetivos.<\/p>\n<p>Tambi\u00e9n podr\u00e1 optar cualquier persona f\u00ed\u00adsica o jur\u00ed\u00addica que haya concebido y desarrollado una innovaci\u00f3n en procesos, dispositivos, planificaci\u00f3n, producto o cualquier otro campo industrial y que, por su novedad, impacto positivo y\/o utilidad o aporte pueda aportar una mejora en el campo para el que se ha concebido.<\/p>\n<h4>Categor\u00ed\u00ada \u2019Industria Solidaria\u2019<\/h4>\n<p>Podr\u00e1n optar al trofeo aquellas empresas cuyas actuaciones estrat\u00e9gicas e innovadoras est\u00e9n destinadas a generar valor para la sociedad y el progreso, como una contribuci\u00f3n activa y voluntaria a la protecci\u00f3n del planeta y de las necesidades de generaciones futuras desde la sostenibilidad, o al mejoramiento social, econ\u00f3mico y ambiental, con el claro objetivo de mejorar su situaci\u00f3n competitiva y valorativa y su valor a\u00f1adido. Se valorar\u00e1n las contribuciones al tercer sector, as\u00ed\u00ad como a los colectivos vulnerables. Dicha contribuci\u00f3n podr\u00e1 haber sido hecha a trav\u00e9s de los productos\/servicios de la industria en cuesti\u00f3n, de proyectos, o bien a trav\u00e9s de convenios cuyos beneficiarios sean miembros de los citados colectivos vulnerables.<\/p>\n<p>Este premio est\u00e1 dotado con 2.000 euros que la <a href=\"https:\/\/fundaciontecnovitae.org\/\"><strong>Fundaci\u00f3n TecnoVitae<\/strong><\/a>, donar\u00e1 a la ONG que el ganador seleccione y que desarrolle al menos parte de su actividad en Castilla y Le\u00f3n.<\/p>\n<h4>Categor\u00ed\u00ada \u2019Industria Agroalimentaria\u2019<\/h4>\n<p>Dirigida a industrias del mundo agroalimentario (con independencia de su forma jur\u00ed\u00addica) con propuestas que incluyan productos, servicios, sistemas de gesti\u00f3n, t\u00e9cnicas y\/o procesos que contribuyan (o hayan contribuido recientemente) a la mejora del sector agroalimentario o hayan contribuido a impulsarlo. Las propuestas deber\u00e1n ir acompa\u00f1adas de una descripci\u00f3n justificativa de los m\u00e9ritos para recibir el premio.<\/p>\n<h4>Categor\u00ed\u00ada \u2019Industria de la movilidad\u2019<\/h4>\n<p>Se dirige a las industrias del sector de la movilidad (automoci\u00f3n, industrias auxiliares y de otras alternativas de transporte) cuyas iniciativas tengan un impacto positivo en la sociedad y el progreso en todos sus aspectos, siendo condici\u00f3n que est\u00e9n activas en el momento de presentaci\u00f3n de la candidatura. El impacto positivo podr\u00e1 ser por razones econ\u00f3micas, sociales, tecnol\u00f3gicas, medioambientales o cualquier de cualquier otro tipo.<\/p>\n<h4>Categor\u00ed\u00ada \u2019Industria TIC\u2019<\/h4>\n<p>Esta categor\u00ed\u00ada est\u00e1 concebida para reconocer la excelencia en la provisi\u00f3n de sistemas y servicios TIC (Tecnolog\u00ed\u00adas de la Informaci\u00f3n y la Comunicaci\u00f3n). El ganador ser\u00e1 un suministrador\/fabricante de hardware, software y\/o servicios TIC que haya alcanzado un notable \u00e9xito empresarial en un periodo reciente y que demuestre altos niveles de satisfacci\u00f3n del cliente, as\u00ed\u00ad como crecimiento\/mejora de negocio y\/o de los usuarios de sus productos y servicios. Sus iniciativas deber\u00e1n haber dejado un impacto positivo en la sociedad y el progreso.<\/p>\n<p>Tambi\u00e9n ser\u00e1 valorable la organizaci\u00f3n que sea capaz de demostrar que ha avanzado espec\u00ed\u00adficamente en reducir su impacto medioambiental y haya mejorado su sostenibilidad. El jurado esperar\u00e1 ver detalles de su iniciativa sostenible junto con el impacto conseguido. Cualquier informe que incluya datos con resultados de medidas ayudar\u00e1n a la toma de decisi\u00f3n.<\/p>\n<h4>Categor\u00ed\u00ada \u2019Iniciativa Emergente\u2019<\/h4>\n<p>Dirigida a cualquier persona f\u00ed\u00adsica o jur\u00ed\u00addica (seg\u00fan apartado 1 de estas bases) que haya puesto en marcha una iniciativa de negocio en los \u00faltimos 4 a\u00f1os de forma exitosa. El \u00e9xito habr\u00e1 podido venir por crecimiento en ingresos, clientes, difusi\u00f3n del producto\/servicio etc\u00e9tera. La idea de negocio deber\u00e1 tener una base industrial y\/o de tecnolog\u00ed\u00ada en cualquiera de sus vertientes.<\/p>\n<p>&nbsp;<\/p>\n<h2>PREMIOS ESPECIALES<\/h2>\n<p>Adem\u00e1s de las categor\u00ed\u00adas del apartado anterior, la organizaci\u00f3n del certamen otorga los siguientes premios especiales:<\/p>\n<h4>Categor\u00ed\u00ada especial: Comunicaci\u00f3n<\/h4>\n<p>En la tercera d\u00e9cada del siglo XXI, el imaginario colectivo contin\u00faa asociando parcialmente industria con algunos valores negativos. Tanto es as\u00ed\u00ad que una mera b\u00fasqueda en Google de ese t\u00e9rmino, en su apartado de \u2019im\u00e1genes\u2019 arroja fotograf\u00ed\u00adas y dibujos de chimeneas expulsando humo; nada m\u00e1s opuesto a una industria de nuestros tiempos. Por ese motivo se ha considerado de gran importancia reconocer a aquel comunicador\/a, producto o medio de comunicaci\u00f3n que por su labor haya puesto en valor ante la sociedad el beneficio de la industria, la ingenier\u00ed\u00ada y la tecnolog\u00ed\u00ada para el progreso de la sociedad y el entorno que habita y\/o fomente las vocaciones cient\u00ed\u00adfico-t\u00e9cnicas.<\/p>\n<h4>Categor\u00ed\u00ada especial: Trayectoria profesional<\/h4>\n<p>Distinguir\u00e1 a las personas o grupo de personas que haya destacado por sus logros, relevancia o dedicaci\u00f3n al desarrollo y progreso de la industria y\/o la ingenier\u00ed\u00ada, as\u00ed\u00ad como al avance y bienestar de la sociedad.<\/p>\n<blockquote>\n<p><strong>Observaci\u00f3n:<\/strong> Los candidatos a los premios especiales ser\u00e1n propuestos por el presidente del jurado.<\/p>\n<p>&nbsp;<\/p>\n<\/blockquote>\n<h2>ETAPAS<\/h2>\n<h4>Env\u00ed\u00ado de candidaturas<\/h4>\n<p>A partir del d\u00ed\u00ada 12 de abril a las 12:00 hasta el d\u00ed\u00ada 22 de mayo a las 12:00 (tambi\u00e9n del mediod\u00ed\u00ada) ser\u00e1 posible enviar las candidaturas para tomar parte, todo ello a trav\u00e9s del formulario habilitado en la web de los premios.<\/p>\n<h4>Decisi\u00f3n del jurado<\/h4>\n<p>El jurado detallado conformado por miembros de instituciones o\/y empresas relacionadas con el mundo de la sociedad, la industria y la tecnolog\u00ed\u00ada determinar\u00e1n el ganador de cada una de las categor\u00ed\u00adas tras estudiar las candidaturas. El fallo se comunicar\u00e1 a los ganadores en la gala de entrega de premios a la que se acceder\u00e1 exclusivamente con invitaci\u00f3n. Los finalistas de cada categor\u00ed\u00ada podr\u00e1n asistir a la misma.<\/p>\n<h4>Gala<\/h4>\n<p>La entrega de los trofeos ser\u00e1 el 27 de junio de 2024, por la tarde (pendiente hora) en el Auditorio del Centro Cultural Miguel Delibes, referente nacional e internacional de la actividad cultural de la comunidad de Castilla y Le\u00f3n, en el transcurso de una gala al efecto.<\/p>\n<p>&nbsp;<\/p>\n<h2>BENEFICIOS PARA LOS GANADORES<\/h2>\n<p>La selecci\u00f3n como finalista ya supone para las empresas un impulso al \u00e9xito empresarial, adem\u00e1s de una oportunidad de networking, de celebrar con sus equipos y mostrar su proyecto a colegas de la industria y tambi\u00e9n a medios y analistas. Los ganadores de los <strong>Premios de la Industria en Espa\u00f1a<\/strong> se benefician de una repercusi\u00f3n medi\u00e1tica que contribuye a su reconocimiento p\u00fablico, a mejorar su credibilidad, a atraer talento e impactar positivamente en la moral y la motivaci\u00f3n de sus equipos.<\/p>\n<p>Adem\u00e1s, los ganadores de cada categor\u00ed\u00ada podr\u00e1n beneficiarse de los siguientes puntos:<\/p>\n<p><strong>1- Difusi\u00f3n:<\/strong> Los Premios de la Industria en Espa\u00f1a cuentan con amplia repercusi\u00f3n en medios audiovisuales, impulsando la marca y proyectos ganadores. Autoridades, industriales y agentes econ\u00f3micos siguen las ediciones de estos Premios.<\/p>\n<p><strong>2- Exposici\u00f3n al Consejero de Industria, Comercio y Empleo de la Junta de Castilla y Le\u00f3n:<\/strong> Los ganadores ser\u00e1n recibidos por el Consejero de Industria de Castilla y Le\u00f3n para poderle exponer en particular el proyecto ganador.<\/p>\n<p><strong>3- Implantaci\u00f3n de pruebas de proyectos con Ideva:<\/strong> Los ganadores podr\u00e1n mantener con una reuni\u00f3n espec\u00ed\u00adfica con la Agencia de Innovaci\u00f3n y Desarrollo Econ\u00f3mico del Ayuntamiento de Valladolid en el caso de que est\u00e9n interesados en la ciudad como Escenario de Pruebas para su Proyecto de Innovaci\u00f3n Empresarial.<\/p>\n<p>&nbsp;<\/p>\n<h2>OTRAS CONSIDERACIONES<\/h2>\n<p>La participaci\u00f3n es gratuita.<br \/>\nLa organizaci\u00f3n de los premios se reserva el derecho de rechazar las candidaturas que no cumplieren las condiciones descritas en estas bases o contravinieren el esp\u00ed\u00adritu o los valores del certamen.<br \/>\nTomar parte en este certamen supone la aceptaci\u00f3n de sus bases y condiciones, as\u00ed\u00ad como el criterio de la organizaci\u00f3n en lo referido a cualquier resoluci\u00f3n derivada de los premios. La organizaci\u00f3n se reserva el derecho de modificaci\u00f3n de los plazos de recepci\u00f3n de propuestas o cualquier otro apartado si fuera necesario para el buen desarrollo del certamen.<\/p>\n<p>Los derechos sobre los Premios de la Industria en Espa\u00f1a son de la <a href=\"https:\/\/fundaciontecnovitae.org\/\"><strong>Fundaci\u00f3n TecnoVitae<\/strong><\/a> (sociedad \u00b7 tecnolog\u00ed\u00ada \u00b7 industria). Por causas justificadas o que contravinieren el esp\u00ed\u00adritu de los reconocimientos la organizaci\u00f3n podr\u00e1 modificar, suspender o interrumpir el certamen sin que de ello pudiera derivarse responsabilidad alguna para la Fundaci\u00f3n. Los premios en cada categor\u00ed\u00ada podr\u00ed\u00adan quedar desiertos si el jurado considerara que no se alcanza la calidad que el certamen exige.<br \/>\nExcepcionalmente podr\u00ed\u00ada haber m\u00e1s de un premiado en alguna de las categor\u00ed\u00adas.<\/p>\n<p>Si alguno de los miembros del jurado fuere parte o tuviere comprometido inter\u00e9s alguno en cualquiera de las candidaturas que le correspondiere evaluar, se inhibir\u00e1 en la votaci\u00f3n de la candidatura afectada en favor del criterio del resto de componentes del jurado.[\/cs_headings][\/vc_column][\/vc_row][vc_row][vc_column][vc_separator][\/vc_column][\/vc_row][vc_row][vc_column][vc_empty_space height=\u00bb50px\u00bb][\/vc_column][\/vc_row]<\/p>\n<\/section>","protected":false},"excerpt":{"rendered":"<p>[vc_row full_width=\u00bbstretch_row_content_no_spaces\u00bb desctop_mt=\u00bbmargin-lg-135t\u00bb desctop_mb=\u00bbmargin-lg-0b\u00bb desctop_md_mt=\u00bbmargin-md-100t\u00bb tablets_mt=\u00bbmargin-sm-70t\u00bb mobile_mt=\u00bbmargin-xs-40t\u00bb mobile_pt=\u00bbpadding-xs-80t\u00bb][vc_column][cs_headings style=\u00bbsimple_text\u00bb enable_text_color=\u00bb\u00bb title=\u00bbBases Premios de la Industria en Espa\u00f1a 2024&#8243; title_animation=\u00bbnone\u00bb content_animation=\u00bbnone\u00bb]El diccionario de la Real Academia Espa\u00f1ola, entre las acepciones del vocablo \u2019industria\u2019 recoge que el t\u00e9rmino significa: \u2019Negocio o actividad econ\u00f3mica\u2019. Adem\u00e1s, toda actividad industrial tiene dos tipos de elementos: &#8211;\u00a0 El humano (trabajadores) &#8211;\u00a0 &#8230;<\/p>\n","protected":false},"author":6,"featured_media":0,"parent":0,"menu_order":0,"comment_status":"closed","ping_status":"closed","template":"","meta":{"footnotes":""},"yoast_head":"<!-- This site is optimized with the Yoast SEO plugin v20.6 - https:\/\/yoast.com\/wordpress\/plugins\/seo\/ -->\n<title>Bases Premios 2024 - Premios de la Industria en Espa\u00f1a VIII<\/title>\n<meta name=\"description\" content=\"Presenta tu candidatura a los Premios de la Industria en Espa\u00f1a 2024. Consulta las bases de participaci\u00f3n.\" \/>\n<meta name=\"robots\" content=\"index, follow, max-snippet:-1, max-image-preview:large, max-video-preview:-1\" \/>\n<link rel=\"canonical\" href=\"https:\/\/anteriores.premiosdelaindustria.es\/2024\/bases-premios-2024\/\" \/>\n<meta property=\"og:locale\" content=\"es_ES\" \/>\n<meta property=\"og:type\" content=\"article\" \/>\n<meta property=\"og:title\" content=\"Bases Premios 2024 - Premios de la Industria en Espa\u00f1a VIII\" \/>\n<meta property=\"og:description\" content=\"Presenta tu candidatura a los Premios de la Industria en Espa\u00f1a 2024. Consulta las bases de participaci\u00f3n.\" \/>\n<meta property=\"og:url\" content=\"https:\/\/anteriores.premiosdelaindustria.es\/2024\/bases-premios-2024\/\" \/>\n<meta property=\"og:site_name\" content=\"Premios de la Industria en Espa\u00f1a VIII\" \/>\n<meta property=\"article:modified_time\" content=\"2025-04-01T16:49:14+00:00\" \/>\n<meta name=\"twitter:card\" content=\"summary_large_image\" \/>\n<meta name=\"twitter:label1\" content=\"Tiempo de lectura\" \/>\n\t<meta name=\"twitter:data1\" content=\"9 minutos\" \/>\n<script type=\"application\/ld+json\" class=\"yoast-schema-graph\">{\"@context\":\"https:\/\/schema.org\",\"@graph\":[{\"@type\":\"WebPage\",\"@id\":\"https:\/\/anteriores.premiosdelaindustria.es\/2024\/bases-premios-2024\/\",\"url\":\"https:\/\/anteriores.premiosdelaindustria.es\/2024\/bases-premios-2024\/\",\"name\":\"Bases Premios 2024 - Premios de la Industria en Espa\u00f1a VIII\",\"isPartOf\":{\"@id\":\"https:\/\/anteriores.premiosdelaindustria.es\/2024\/#website\"},\"datePublished\":\"2024-04-09T17:12:43+00:00\",\"dateModified\":\"2025-04-01T16:49:14+00:00\",\"description\":\"Presenta tu candidatura a los Premios de la Industria en Espa\u00f1a 2024. Consulta las bases de participaci\u00f3n.\",\"breadcrumb\":{\"@id\":\"https:\/\/anteriores.premiosdelaindustria.es\/2024\/bases-premios-2024\/#breadcrumb\"},\"inLanguage\":\"es\",\"potentialAction\":[{\"@type\":\"ReadAction\",\"target\":[\"https:\/\/anteriores.premiosdelaindustria.es\/2024\/bases-premios-2024\/\"]}]},{\"@type\":\"BreadcrumbList\",\"@id\":\"https:\/\/anteriores.premiosdelaindustria.es\/2024\/bases-premios-2024\/#breadcrumb\",\"itemListElement\":[{\"@type\":\"ListItem\",\"position\":1,\"name\":\"Portada\",\"item\":\"https:\/\/anteriores.premiosdelaindustria.es\/2024\/\"},{\"@type\":\"ListItem\",\"position\":2,\"name\":\"Bases Premios 2024\"}]},{\"@type\":\"WebSite\",\"@id\":\"https:\/\/anteriores.premiosdelaindustria.es\/2024\/#website\",\"url\":\"https:\/\/anteriores.premiosdelaindustria.es\/2024\/\",\"name\":\"Premios de la Industria en Espa\u00f1a VIII\",\"description\":\"Desde 2017 se promueven los Premios de la Industria en Espa\u00f1a, que tratan de dar visibilidad a todas aquellas personas, f\u00edsicas o jur\u00eddicas, que en las diferentes categor\u00edas que se detallar\u00e1n a continuaci\u00f3n, han destacado por su aportaci\u00f3n. Creemos que es muy importante la difusi\u00f3n y el reconocimiento del aporte de la industria y sus beneficios para las personas. Lo mismo sucede con el aporte de la industria moderna para la sociedad y el entorno.\",\"potentialAction\":[{\"@type\":\"SearchAction\",\"target\":{\"@type\":\"EntryPoint\",\"urlTemplate\":\"https:\/\/anteriores.premiosdelaindustria.es\/2024\/?s={search_term_string}\"},\"query-input\":\"required name=search_term_string\"}],\"inLanguage\":\"es\"}]}<\/script>\n<!-- \/ Yoast SEO plugin. -->","yoast_head_json":{"title":"Bases Premios 2024 - Premios de la Industria en Espa\u00f1a VIII","description":"Presenta tu candidatura a los Premios de la Industria en Espa\u00f1a 2024. Consulta las bases de participaci\u00f3n.","robots":{"index":"index","follow":"follow","max-snippet":"max-snippet:-1","max-image-preview":"max-image-preview:large","max-video-preview":"max-video-preview:-1"},"canonical":"https:\/\/anteriores.premiosdelaindustria.es\/2024\/bases-premios-2024\/","og_locale":"es_ES","og_type":"article","og_title":"Bases Premios 2024 - Premios de la Industria en Espa\u00f1a VIII","og_description":"Presenta tu candidatura a los Premios de la Industria en Espa\u00f1a 2024. Consulta las bases de participaci\u00f3n.","og_url":"https:\/\/anteriores.premiosdelaindustria.es\/2024\/bases-premios-2024\/","og_site_name":"Premios de la Industria en Espa\u00f1a VIII","article_modified_time":"2025-04-01T16:49:14+00:00","twitter_card":"summary_large_image","twitter_misc":{"Tiempo de lectura":"9 minutos"},"schema":{"@context":"https:\/\/schema.org","@graph":[{"@type":"WebPage","@id":"https:\/\/anteriores.premiosdelaindustria.es\/2024\/bases-premios-2024\/","url":"https:\/\/anteriores.premiosdelaindustria.es\/2024\/bases-premios-2024\/","name":"Bases Premios 2024 - Premios de la Industria en Espa\u00f1a VIII","isPartOf":{"@id":"https:\/\/anteriores.premiosdelaindustria.es\/2024\/#website"},"datePublished":"2024-04-09T17:12:43+00:00","dateModified":"2025-04-01T16:49:14+00:00","description":"Presenta tu candidatura a los Premios de la Industria en Espa\u00f1a 2024. Consulta las bases de participaci\u00f3n.","breadcrumb":{"@id":"https:\/\/anteriores.premiosdelaindustria.es\/2024\/bases-premios-2024\/#breadcrumb"},"inLanguage":"es","potentialAction":[{"@type":"ReadAction","target":["https:\/\/anteriores.premiosdelaindustria.es\/2024\/bases-premios-2024\/"]}]},{"@type":"BreadcrumbList","@id":"https:\/\/anteriores.premiosdelaindustria.es\/2024\/bases-premios-2024\/#breadcrumb","itemListElement":[{"@type":"ListItem","position":1,"name":"Portada","item":"https:\/\/anteriores.premiosdelaindustria.es\/2024\/"},{"@type":"ListItem","position":2,"name":"Bases Premios 2024"}]},{"@type":"WebSite","@id":"https:\/\/anteriores.premiosdelaindustria.es\/2024\/#website","url":"https:\/\/anteriores.premiosdelaindustria.es\/2024\/","name":"Premios de la Industria en Espa\u00f1a VIII","description":"Desde 2017 se promueven los Premios de la Industria en Espa\u00f1a, que tratan de dar visibilidad a todas aquellas personas, f\u00edsicas o jur\u00eddicas, que en las diferentes categor\u00edas que se detallar\u00e1n a continuaci\u00f3n, han destacado por su aportaci\u00f3n. Creemos que es muy importante la difusi\u00f3n y el reconocimiento del aporte de la industria y sus beneficios para las personas. Lo mismo sucede con el aporte de la industria moderna para la sociedad y el entorno.","potentialAction":[{"@type":"SearchAction","target":{"@type":"EntryPoint","urlTemplate":"https:\/\/anteriores.premiosdelaindustria.es\/2024\/?s={search_term_string}"},"query-input":"required name=search_term_string"}],"inLanguage":"es"}]}},"_links":{"self":[{"href":"https:\/\/anteriores.premiosdelaindustria.es\/2024\/wp-json\/wp\/v2\/pages\/4139"}],"collection":[{"href":"https:\/\/anteriores.premiosdelaindustria.es\/2024\/wp-json\/wp\/v2\/pages"}],"about":[{"href":"https:\/\/anteriores.premiosdelaindustria.es\/2024\/wp-json\/wp\/v2\/types\/page"}],"author":[{"embeddable":true,"href":"https:\/\/anteriores.premiosdelaindustria.es\/2024\/wp-json\/wp\/v2\/users\/6"}],"replies":[{"embeddable":true,"href":"https:\/\/anteriores.premiosdelaindustria.es\/2024\/wp-json\/wp\/v2\/comments?post=4139"}],"version-history":[{"count":4,"href":"https:\/\/anteriores.premiosdelaindustria.es\/2024\/wp-json\/wp\/v2\/pages\/4139\/revisions"}],"predecessor-version":[{"id":4798,"href":"https:\/\/anteriores.premiosdelaindustria.es\/2024\/wp-json\/wp\/v2\/pages\/4139\/revisions\/4798"}],"wp:attachment":[{"href":"https:\/\/anteriores.premiosdelaindustria.es\/2024\/wp-json\/wp\/v2\/media?parent=4139"}],"curies":[{"name":"wp","href":"https:\/\/api.w.org\/{rel}","templated":true}]}}