{"id":3439,"date":"2022-11-30T13:01:42","date_gmt":"2022-11-30T12:01:42","guid":{"rendered":"https:\/\/anteriores.premiosdelaindustria.es\/2022\/?page_id=3439"},"modified":"2022-12-02T19:28:30","modified_gmt":"2022-12-02T18:28:30","slug":"carlos-bravo-cuesta","status":"publish","type":"page","link":"https:\/\/anteriores.premiosdelaindustria.es\/2022\/carlos-bravo-cuesta\/","title":{"rendered":"Carlos Bravo Cuesta"},"content":{"rendered":"\t\t<div data-elementor-type=\"wp-page\" data-elementor-id=\"3439\" class=\"elementor elementor-3439\" data-elementor-post-type=\"page\">\n\t\t\t\t\t\t<section class=\"elementor-section elementor-top-section elementor-element elementor-element-a759b7a elementor-section-content-middle elementor-section-boxed elementor-section-height-default elementor-section-height-default parallax_section_no qode_elementor_container_no\" data-id=\"a759b7a\" data-element_type=\"section\" data-settings=\"{&quot;background_background&quot;:&quot;classic&quot;}\">\n\t\t\t\t\t\t\t<div class=\"elementor-background-overlay\"><\/div>\n\t\t\t\t\t\t\t<div class=\"elementor-container elementor-column-gap-default\">\n\t\t\t\t\t<div class=\"elementor-column elementor-col-100 elementor-top-column elementor-element elementor-element-35d50e9\" data-id=\"35d50e9\" data-element_type=\"column\">\n\t\t\t<div class=\"elementor-widget-wrap elementor-element-populated\">\n\t\t\t\t\t\t<div class=\"elementor-element elementor-element-b2c829b elementor-widget elementor-widget-heading\" data-id=\"b2c829b\" data-element_type=\"widget\" data-widget_type=\"heading.default\">\n\t\t\t\t<div class=\"elementor-widget-container\">\n\t\t\t<h2 class=\"elementor-heading-title elementor-size-default\">Proyecto m\u00e1s destacado visado en ingenierosVA<\/h2>\t\t<\/div>\n\t\t\t\t<\/div>\n\t\t\t\t\t<\/div>\n\t\t<\/div>\n\t\t\t\t\t<\/div>\n\t\t<\/section>\n\t\t\t\t<section class=\"elementor-section elementor-top-section elementor-element elementor-element-88e893c elementor-section-boxed elementor-section-height-default elementor-section-height-default parallax_section_no qode_elementor_container_no\" data-id=\"88e893c\" data-element_type=\"section\" data-settings=\"{&quot;background_background&quot;:&quot;classic&quot;}\">\n\t\t\t\t\t\t\t<div class=\"elementor-background-overlay\"><\/div>\n\t\t\t\t\t\t\t<div class=\"elementor-container elementor-column-gap-default\">\n\t\t\t\t\t<div class=\"elementor-column elementor-col-50 elementor-top-column elementor-element elementor-element-66f7504 elementor-invisible\" data-id=\"66f7504\" data-element_type=\"column\" data-settings=\"{&quot;animation&quot;:&quot;fadeInUp&quot;}\">\n\t\t\t<div class=\"elementor-widget-wrap elementor-element-populated\">\n\t\t\t\t\t\t<div class=\"elementor-element elementor-element-1520c3e elementor-widget elementor-widget-image\" data-id=\"1520c3e\" data-element_type=\"widget\" data-widget_type=\"image.default\">\n\t\t\t\t<div class=\"elementor-widget-container\">\n\t\t\t\t\t\t\t\t\t\t\t\t\t<img fetchpriority=\"high\" decoding=\"async\" width=\"800\" height=\"800\" src=\"https:\/\/anteriores.premiosdelaindustria.es\/2022\/wp-content\/uploads\/sites\/11\/2022\/11\/5-Visado-Ganador-2022.jpg\" class=\"attachment-large size-large wp-image-3311\" alt=\"\" srcset=\"https:\/\/anteriores.premiosdelaindustria.es\/2022\/wp-content\/uploads\/sites\/11\/2022\/11\/5-Visado-Ganador-2022.jpg 800w, https:\/\/anteriores.premiosdelaindustria.es\/2022\/wp-content\/uploads\/sites\/11\/2022\/11\/5-Visado-Ganador-2022-300x300.jpg 300w, https:\/\/anteriores.premiosdelaindustria.es\/2022\/wp-content\/uploads\/sites\/11\/2022\/11\/5-Visado-Ganador-2022-150x150.jpg 150w, https:\/\/anteriores.premiosdelaindustria.es\/2022\/wp-content\/uploads\/sites\/11\/2022\/11\/5-Visado-Ganador-2022-768x768.jpg 768w, https:\/\/anteriores.premiosdelaindustria.es\/2022\/wp-content\/uploads\/sites\/11\/2022\/11\/5-Visado-Ganador-2022-570x570.jpg 570w, https:\/\/anteriores.premiosdelaindustria.es\/2022\/wp-content\/uploads\/sites\/11\/2022\/11\/5-Visado-Ganador-2022-500x500.jpg 500w, https:\/\/anteriores.premiosdelaindustria.es\/2022\/wp-content\/uploads\/sites\/11\/2022\/11\/5-Visado-Ganador-2022-700x700.jpg 700w\" sizes=\"(max-width: 800px) 100vw, 800px\" \/>\t\t\t\t\t\t\t\t\t\t\t\t\t<\/div>\n\t\t\t\t<\/div>\n\t\t\t\t\t<\/div>\n\t\t<\/div>\n\t\t\t\t<div class=\"elementor-column elementor-col-50 elementor-top-column elementor-element elementor-element-67c6be2 elementor-invisible\" data-id=\"67c6be2\" data-element_type=\"column\" data-settings=\"{&quot;animation&quot;:&quot;fadeInUp&quot;}\">\n\t\t\t<div class=\"elementor-widget-wrap elementor-element-populated\">\n\t\t\t\t\t\t<div class=\"elementor-element elementor-element-6423efa elementor-widget elementor-widget-heading\" data-id=\"6423efa\" data-element_type=\"widget\" data-widget_type=\"heading.default\">\n\t\t\t\t<div class=\"elementor-widget-container\">\n\t\t\t<h2 class=\"elementor-heading-title elementor-size-default\">Carlos Bravo Cuesta<\/h2>\t\t<\/div>\n\t\t\t\t<\/div>\n\t\t\t\t<div class=\"elementor-element elementor-element-cd12d3d elementor-widget-divider--view-line elementor-widget elementor-widget-divider\" data-id=\"cd12d3d\" data-element_type=\"widget\" data-widget_type=\"divider.default\">\n\t\t\t\t<div class=\"elementor-widget-container\">\n\t\t\t\t\t<div class=\"elementor-divider\">\n\t\t\t<span class=\"elementor-divider-separator\">\n\t\t\t\t\t\t<\/span>\n\t\t<\/div>\n\t\t\t\t<\/div>\n\t\t\t\t<\/div>\n\t\t\t\t<div class=\"elementor-element elementor-element-b69b737 elementor-widget elementor-widget-text-editor\" data-id=\"b69b737\" data-element_type=\"widget\" data-widget_type=\"text-editor.default\">\n\t\t\t\t<div class=\"elementor-widget-container\">\n\t\t\t\t\t\t\t<p>Con esta menci\u00f3n se busca reconocer al proyecto que, habiendo sido visado en ingenierosVA,<br \/>cuenta con una soluci\u00f3n innovadora y eficiente para la resoluci\u00f3n de un problema. Adem\u00e1s, se<br \/>valora el formato y la exposici\u00f3n del proyecto y su complejidad. Carlos Bravo Cuesta, colegiado n\u00famero 1178, es el ganador del premio por su proyecto de baja tensi\u00f3n, extracci\u00f3n, ahorro energ\u00e9tico y acessibilidad en un conjunto de 137 viviendas en Valladolid.<\/p>\t\t\t\t\t\t<\/div>\n\t\t\t\t<\/div>\n\t\t\t\t\t<\/div>\n\t\t<\/div>\n\t\t\t\t\t<\/div>\n\t\t<\/section>\n\t\t\t\t<section class=\"elementor-section elementor-top-section elementor-element elementor-element-e19ee2b elementor-section-boxed elementor-section-height-default elementor-section-height-default parallax_section_no qode_elementor_container_no\" data-id=\"e19ee2b\" data-element_type=\"section\" data-settings=\"{&quot;background_background&quot;:&quot;classic&quot;}\">\n\t\t\t\t\t\t\t<div class=\"elementor-background-overlay\"><\/div>\n\t\t\t\t\t\t\t<div class=\"elementor-container elementor-column-gap-default\">\n\t\t\t\t\t<div class=\"elementor-column elementor-col-50 elementor-top-column elementor-element elementor-element-ee1fb17 elementor-invisible\" data-id=\"ee1fb17\" data-element_type=\"column\" data-settings=\"{&quot;animation&quot;:&quot;fadeInUp&quot;}\">\n\t\t\t<div class=\"elementor-widget-wrap elementor-element-populated\">\n\t\t\t\t\t\t<div class=\"elementor-element elementor-element-35f9563 elementor-widget elementor-widget-heading\" data-id=\"35f9563\" data-element_type=\"widget\" data-widget_type=\"heading.default\">\n\t\t\t\t<div class=\"elementor-widget-container\">\n\t\t\t<h2 class=\"elementor-heading-title elementor-size-default\">GRADO INGENIER\u00cdA<\/h2>\t\t<\/div>\n\t\t\t\t<\/div>\n\t\t\t\t<div class=\"elementor-element elementor-element-005d3fe elementor-widget-divider--view-line elementor-widget elementor-widget-divider\" data-id=\"005d3fe\" data-element_type=\"widget\" data-widget_type=\"divider.default\">\n\t\t\t\t<div class=\"elementor-widget-container\">\n\t\t\t\t\t<div class=\"elementor-divider\">\n\t\t\t<span class=\"elementor-divider-separator\">\n\t\t\t\t\t\t<\/span>\n\t\t<\/div>\n\t\t\t\t<\/div>\n\t\t\t\t<\/div>\n\t\t\t\t<div class=\"elementor-element elementor-element-aba11d1 elementor-widget elementor-widget-text-editor\" data-id=\"aba11d1\" data-element_type=\"widget\" data-widget_type=\"text-editor.default\">\n\t\t\t\t<div class=\"elementor-widget-container\">\n\t\t\t\t\t\t\t<p>El colegiado n\u00famero 1178 Carlos Bravo Cuesta es el ganador del premio al proyecto m\u00e1s destacado visado en ingenierosVA por su proyecto de baja tensi\u00f3n, extracci\u00f3n, ahorro energ\u00e9tico y acessibilidad en un conjunto de 137 viviendas en Valladolid.\u00a0<\/p>\t\t\t\t\t\t<\/div>\n\t\t\t\t<\/div>\n\t\t\t\t\t<\/div>\n\t\t<\/div>\n\t\t\t\t<div class=\"elementor-column elementor-col-50 elementor-top-column elementor-element elementor-element-803872d elementor-invisible\" data-id=\"803872d\" data-element_type=\"column\" data-settings=\"{&quot;animation&quot;:&quot;fadeInUp&quot;}\">\n\t\t\t<div class=\"elementor-widget-wrap elementor-element-populated\">\n\t\t\t\t\t\t<div class=\"elementor-element elementor-element-6aaeda4 elementor-widget elementor-widget-video\" data-id=\"6aaeda4\" data-element_type=\"widget\" data-settings=\"{&quot;youtube_url&quot;:&quot;https:\\\/\\\/www.youtube.com\\\/watch?v=Bby5JUkKTjY&quot;,&quot;video_type&quot;:&quot;youtube&quot;,&quot;controls&quot;:&quot;yes&quot;}\" data-widget_type=\"video.default\">\n\t\t\t\t<div class=\"elementor-widget-container\">\n\t\t\t\t\t<div class=\"elementor-wrapper elementor-open-inline\">\n\t\t\t<div class=\"elementor-video\"><\/div>\t\t<\/div>\n\t\t\t\t<\/div>\n\t\t\t\t<\/div>\n\t\t\t\t\t<\/div>\n\t\t<\/div>\n\t\t\t\t\t<\/div>\n\t\t<\/section>\n\t\t\t\t<\/div>\n\t\t","protected":false},"excerpt":{"rendered":"<p>Proyecto m\u00e1s destacado visado en ingenierosVA Carlos Bravo Cuesta Con esta menci\u00f3n se busca reconocer al proyecto que, habiendo sido visado en ingenierosVA,cuenta con una soluci\u00f3n innovadora y eficiente para la resoluci\u00f3n de un problema. Adem\u00e1s, sevalora el formato y la exposici\u00f3n del proyecto y&#8230;<\/p>\n","protected":false},"author":6,"featured_media":0,"parent":0,"menu_order":0,"comment_status":"closed","ping_status":"closed","template":"","meta":{"footnotes":""},"yoast_head":"<!-- This site is optimized with the Yoast SEO plugin v20.6 - https:\/\/yoast.com\/wordpress\/plugins\/seo\/ -->\n<title>Carlos Bravo Cuesta - Premios de la Industria de ingenierosVA 2022<\/title>\n<meta name=\"robots\" content=\"index, follow, max-snippet:-1, max-image-preview:large, max-video-preview:-1\" \/>\n<link rel=\"canonical\" href=\"https:\/\/anteriores.premiosdelaindustria.es\/2022\/carlos-bravo-cuesta\/\" \/>\n<meta property=\"og:locale\" content=\"es_ES\" \/>\n<meta property=\"og:type\" content=\"article\" \/>\n<meta property=\"og:title\" content=\"Carlos Bravo Cuesta - Premios de la Industria de ingenierosVA 2022\" \/>\n<meta property=\"og:description\" content=\"Proyecto m\u00e1s destacado visado en ingenierosVA Carlos Bravo Cuesta Con esta menci\u00f3n se busca reconocer al proyecto que, habiendo sido visado en ingenierosVA,cuenta con una soluci\u00f3n innovadora y eficiente para la resoluci\u00f3n de un problema. Adem\u00e1s, sevalora el formato y la exposici\u00f3n del proyecto y...\" \/>\n<meta property=\"og:url\" content=\"https:\/\/anteriores.premiosdelaindustria.es\/2022\/carlos-bravo-cuesta\/\" \/>\n<meta property=\"og:site_name\" content=\"Premios de la Industria de ingenierosVA 2022\" \/>\n<meta property=\"article:modified_time\" content=\"2022-12-02T18:28:30+00:00\" \/>\n<meta property=\"og:image\" content=\"https:\/\/anteriores.premiosdelaindustria.es\/2022\/wp-content\/uploads\/sites\/11\/2022\/11\/5-Visado-Ganador-2022.jpg\" \/>\n<meta name=\"twitter:card\" content=\"summary_large_image\" \/>\n<meta name=\"twitter:label1\" content=\"Tiempo de lectura\" \/>\n\t<meta name=\"twitter:data1\" content=\"1 minuto\" \/>\n<script type=\"application\/ld+json\" class=\"yoast-schema-graph\">{\"@context\":\"https:\/\/schema.org\",\"@graph\":[{\"@type\":\"WebPage\",\"@id\":\"https:\/\/anteriores.premiosdelaindustria.es\/2022\/carlos-bravo-cuesta\/\",\"url\":\"https:\/\/anteriores.premiosdelaindustria.es\/2022\/carlos-bravo-cuesta\/\",\"name\":\"Carlos Bravo Cuesta - Premios de la Industria de ingenierosVA 2022\",\"isPartOf\":{\"@id\":\"https:\/\/anteriores.premiosdelaindustria.es\/2022\/#website\"},\"datePublished\":\"2022-11-30T12:01:42+00:00\",\"dateModified\":\"2022-12-02T18:28:30+00:00\",\"inLanguage\":\"es\",\"potentialAction\":[{\"@type\":\"ReadAction\",\"target\":[\"https:\/\/anteriores.premiosdelaindustria.es\/2022\/carlos-bravo-cuesta\/\"]}]},{\"@type\":\"WebSite\",\"@id\":\"https:\/\/anteriores.premiosdelaindustria.es\/2022\/#website\",\"url\":\"https:\/\/anteriores.premiosdelaindustria.es\/2022\/\",\"name\":\"Premios de la Industria de ingenierosVA 2022\",\"description\":\"Reconocer la importancia de la ingenier\u00eda en el desarrollo de la sociedad y de la industria\",\"publisher\":{\"@id\":\"https:\/\/anteriores.premiosdelaindustria.es\/2022\/#organization\"},\"potentialAction\":[{\"@type\":\"SearchAction\",\"target\":{\"@type\":\"EntryPoint\",\"urlTemplate\":\"https:\/\/anteriores.premiosdelaindustria.es\/2022\/?s={search_term_string}\"},\"query-input\":\"required name=search_term_string\"}],\"inLanguage\":\"es\"},{\"@type\":\"Organization\",\"@id\":\"https:\/\/anteriores.premiosdelaindustria.es\/2022\/#organization\",\"name\":\"Premios de la Industria de ingenierosVA 2022\",\"url\":\"https:\/\/anteriores.premiosdelaindustria.es\/2022\/\",\"logo\":{\"@type\":\"ImageObject\",\"inLanguage\":\"es\",\"@id\":\"https:\/\/anteriores.premiosdelaindustria.es\/2022\/#\/schema\/logo\/image\/\",\"url\":\"https:\/\/anteriores.premiosdelaindustria.es\/2022\/wp-content\/uploads\/sites\/11\/2022\/10\/Logo-Premios-de-la-Industria-2022.jpg\",\"contentUrl\":\"https:\/\/anteriores.premiosdelaindustria.es\/2022\/wp-content\/uploads\/sites\/11\/2022\/10\/Logo-Premios-de-la-Industria-2022.jpg\",\"width\":1052,\"height\":286,\"caption\":\"Premios de la Industria de ingenierosVA 2022\"},\"image\":{\"@id\":\"https:\/\/anteriores.premiosdelaindustria.es\/2022\/#\/schema\/logo\/image\/\"}}]}<\/script>\n<!-- \/ Yoast SEO plugin. -->","yoast_head_json":{"title":"Carlos Bravo Cuesta - Premios de la Industria de ingenierosVA 2022","robots":{"index":"index","follow":"follow","max-snippet":"max-snippet:-1","max-image-preview":"max-image-preview:large","max-video-preview":"max-video-preview:-1"},"canonical":"https:\/\/anteriores.premiosdelaindustria.es\/2022\/carlos-bravo-cuesta\/","og_locale":"es_ES","og_type":"article","og_title":"Carlos Bravo Cuesta - Premios de la Industria de ingenierosVA 2022","og_description":"Proyecto m\u00e1s destacado visado en ingenierosVA Carlos Bravo Cuesta Con esta menci\u00f3n se busca reconocer al proyecto que, habiendo sido visado en ingenierosVA,cuenta con una soluci\u00f3n innovadora y eficiente para la resoluci\u00f3n de un problema. Adem\u00e1s, sevalora el formato y la exposici\u00f3n del proyecto y...","og_url":"https:\/\/anteriores.premiosdelaindustria.es\/2022\/carlos-bravo-cuesta\/","og_site_name":"Premios de la Industria de ingenierosVA 2022","article_modified_time":"2022-12-02T18:28:30+00:00","og_image":[{"url":"https:\/\/anteriores.premiosdelaindustria.es\/2022\/wp-content\/uploads\/sites\/11\/2022\/11\/5-Visado-Ganador-2022.jpg"}],"twitter_card":"summary_large_image","twitter_misc":{"Tiempo de lectura":"1 minuto"},"schema":{"@context":"https:\/\/schema.org","@graph":[{"@type":"WebPage","@id":"https:\/\/anteriores.premiosdelaindustria.es\/2022\/carlos-bravo-cuesta\/","url":"https:\/\/anteriores.premiosdelaindustria.es\/2022\/carlos-bravo-cuesta\/","name":"Carlos Bravo Cuesta - Premios de la Industria de ingenierosVA 2022","isPartOf":{"@id":"https:\/\/anteriores.premiosdelaindustria.es\/2022\/#website"},"datePublished":"2022-11-30T12:01:42+00:00","dateModified":"2022-12-02T18:28:30+00:00","inLanguage":"es","potentialAction":[{"@type":"ReadAction","target":["https:\/\/anteriores.premiosdelaindustria.es\/2022\/carlos-bravo-cuesta\/"]}]},{"@type":"WebSite","@id":"https:\/\/anteriores.premiosdelaindustria.es\/2022\/#website","url":"https:\/\/anteriores.premiosdelaindustria.es\/2022\/","name":"Premios de la Industria de ingenierosVA 2022","description":"Reconocer la importancia de la ingenier\u00eda en el desarrollo de la sociedad y de la industria","publisher":{"@id":"https:\/\/anteriores.premiosdelaindustria.es\/2022\/#organization"},"potentialAction":[{"@type":"SearchAction","target":{"@type":"EntryPoint","urlTemplate":"https:\/\/anteriores.premiosdelaindustria.es\/2022\/?s={search_term_string}"},"query-input":"required name=search_term_string"}],"inLanguage":"es"},{"@type":"Organization","@id":"https:\/\/anteriores.premiosdelaindustria.es\/2022\/#organization","name":"Premios de la Industria de ingenierosVA 2022","url":"https:\/\/anteriores.premiosdelaindustria.es\/2022\/","logo":{"@type":"ImageObject","inLanguage":"es","@id":"https:\/\/anteriores.premiosdelaindustria.es\/2022\/#\/schema\/logo\/image\/","url":"https:\/\/anteriores.premiosdelaindustria.es\/2022\/wp-content\/uploads\/sites\/11\/2022\/10\/Logo-Premios-de-la-Industria-2022.jpg","contentUrl":"https:\/\/anteriores.premiosdelaindustria.es\/2022\/wp-content\/uploads\/sites\/11\/2022\/10\/Logo-Premios-de-la-Industria-2022.jpg","width":1052,"height":286,"caption":"Premios de la Industria de ingenierosVA 2022"},"image":{"@id":"https:\/\/anteriores.premiosdelaindustria.es\/2022\/#\/schema\/logo\/image\/"}}]}},"_links":{"self":[{"href":"https:\/\/anteriores.premiosdelaindustria.es\/2022\/wp-json\/wp\/v2\/pages\/3439"}],"collection":[{"href":"https:\/\/anteriores.premiosdelaindustria.es\/2022\/wp-json\/wp\/v2\/pages"}],"about":[{"href":"https:\/\/anteriores.premiosdelaindustria.es\/2022\/wp-json\/wp\/v2\/types\/page"}],"author":[{"embeddable":true,"href":"https:\/\/anteriores.premiosdelaindustria.es\/2022\/wp-json\/wp\/v2\/users\/6"}],"replies":[{"embeddable":true,"href":"https:\/\/anteriores.premiosdelaindustria.es\/2022\/wp-json\/wp\/v2\/comments?post=3439"}],"version-history":[{"count":7,"href":"https:\/\/anteriores.premiosdelaindustria.es\/2022\/wp-json\/wp\/v2\/pages\/3439\/revisions"}],"predecessor-version":[{"id":3823,"href":"https:\/\/anteriores.premiosdelaindustria.es\/2022\/wp-json\/wp\/v2\/pages\/3439\/revisions\/3823"}],"wp:attachment":[{"href":"https:\/\/anteriores.premiosdelaindustria.es\/2022\/wp-json\/wp\/v2\/media?parent=3439"}],"curies":[{"name":"wp","href":"https:\/\/api.w.org\/{rel}","templated":true}]}}