{"id":3382,"date":"2022-11-30T12:04:47","date_gmt":"2022-11-30T11:04:47","guid":{"rendered":"https:\/\/anteriores.premiosdelaindustria.es\/2022\/?page_id=3382"},"modified":"2022-12-02T19:13:49","modified_gmt":"2022-12-02T18:13:49","slug":"therminer","status":"publish","type":"page","link":"https:\/\/anteriores.premiosdelaindustria.es\/2022\/therminer\/","title":{"rendered":"Therminer"},"content":{"rendered":"\t\t<div data-elementor-type=\"wp-page\" data-elementor-id=\"3382\" class=\"elementor elementor-3382\" data-elementor-post-type=\"page\">\n\t\t\t\t\t\t<section class=\"elementor-section elementor-top-section elementor-element elementor-element-a759b7a elementor-section-content-middle elementor-section-boxed elementor-section-height-default elementor-section-height-default parallax_section_no qode_elementor_container_no\" data-id=\"a759b7a\" data-element_type=\"section\" data-settings=\"{&quot;background_background&quot;:&quot;classic&quot;}\">\n\t\t\t\t\t\t\t<div class=\"elementor-background-overlay\"><\/div>\n\t\t\t\t\t\t\t<div class=\"elementor-container elementor-column-gap-default\">\n\t\t\t\t\t<div class=\"elementor-column elementor-col-100 elementor-top-column elementor-element elementor-element-35d50e9\" data-id=\"35d50e9\" data-element_type=\"column\">\n\t\t\t<div class=\"elementor-widget-wrap elementor-element-populated\">\n\t\t\t\t\t\t<div class=\"elementor-element elementor-element-b2c829b elementor-widget elementor-widget-heading\" data-id=\"b2c829b\" data-element_type=\"widget\" data-widget_type=\"heading.default\">\n\t\t\t\t<div class=\"elementor-widget-container\">\n\t\t\t<h2 class=\"elementor-heading-title elementor-size-default\">Startup Industrial m\u00e1s destacada<\/h2>\t\t<\/div>\n\t\t\t\t<\/div>\n\t\t\t\t\t<\/div>\n\t\t<\/div>\n\t\t\t\t\t<\/div>\n\t\t<\/section>\n\t\t\t\t<section class=\"elementor-section elementor-top-section elementor-element elementor-element-88e893c elementor-section-boxed elementor-section-height-default elementor-section-height-default parallax_section_no qode_elementor_container_no\" data-id=\"88e893c\" data-element_type=\"section\" data-settings=\"{&quot;background_background&quot;:&quot;classic&quot;}\">\n\t\t\t\t\t\t\t<div class=\"elementor-background-overlay\"><\/div>\n\t\t\t\t\t\t\t<div class=\"elementor-container elementor-column-gap-default\">\n\t\t\t\t\t<div class=\"elementor-column elementor-col-50 elementor-top-column elementor-element elementor-element-66f7504 elementor-invisible\" data-id=\"66f7504\" data-element_type=\"column\" data-settings=\"{&quot;animation&quot;:&quot;fadeInUp&quot;}\">\n\t\t\t<div class=\"elementor-widget-wrap elementor-element-populated\">\n\t\t\t\t\t\t<div class=\"elementor-element elementor-element-1520c3e elementor-widget elementor-widget-image\" data-id=\"1520c3e\" data-element_type=\"widget\" data-widget_type=\"image.default\">\n\t\t\t\t<div class=\"elementor-widget-container\">\n\t\t\t\t\t\t\t\t\t\t\t\t\t<img fetchpriority=\"high\" decoding=\"async\" width=\"800\" height=\"800\" src=\"https:\/\/anteriores.premiosdelaindustria.es\/2022\/wp-content\/uploads\/sites\/11\/2022\/11\/1-Startup-Ganador-2022-B.jpg\" class=\"attachment-large size-large wp-image-3306\" alt=\"\" srcset=\"https:\/\/anteriores.premiosdelaindustria.es\/2022\/wp-content\/uploads\/sites\/11\/2022\/11\/1-Startup-Ganador-2022-B.jpg 800w, https:\/\/anteriores.premiosdelaindustria.es\/2022\/wp-content\/uploads\/sites\/11\/2022\/11\/1-Startup-Ganador-2022-B-300x300.jpg 300w, https:\/\/anteriores.premiosdelaindustria.es\/2022\/wp-content\/uploads\/sites\/11\/2022\/11\/1-Startup-Ganador-2022-B-150x150.jpg 150w, https:\/\/anteriores.premiosdelaindustria.es\/2022\/wp-content\/uploads\/sites\/11\/2022\/11\/1-Startup-Ganador-2022-B-768x768.jpg 768w, https:\/\/anteriores.premiosdelaindustria.es\/2022\/wp-content\/uploads\/sites\/11\/2022\/11\/1-Startup-Ganador-2022-B-570x570.jpg 570w, https:\/\/anteriores.premiosdelaindustria.es\/2022\/wp-content\/uploads\/sites\/11\/2022\/11\/1-Startup-Ganador-2022-B-500x500.jpg 500w, https:\/\/anteriores.premiosdelaindustria.es\/2022\/wp-content\/uploads\/sites\/11\/2022\/11\/1-Startup-Ganador-2022-B-700x700.jpg 700w\" sizes=\"(max-width: 800px) 100vw, 800px\" \/>\t\t\t\t\t\t\t\t\t\t\t\t\t<\/div>\n\t\t\t\t<\/div>\n\t\t\t\t\t<\/div>\n\t\t<\/div>\n\t\t\t\t<div class=\"elementor-column elementor-col-50 elementor-top-column elementor-element elementor-element-67c6be2 elementor-invisible\" data-id=\"67c6be2\" data-element_type=\"column\" data-settings=\"{&quot;animation&quot;:&quot;fadeInUp&quot;}\">\n\t\t\t<div class=\"elementor-widget-wrap elementor-element-populated\">\n\t\t\t\t\t\t<div class=\"elementor-element elementor-element-6423efa elementor-widget elementor-widget-heading\" data-id=\"6423efa\" data-element_type=\"widget\" data-widget_type=\"heading.default\">\n\t\t\t\t<div class=\"elementor-widget-container\">\n\t\t\t<h2 class=\"elementor-heading-title elementor-size-default\">Therminer<\/h2>\t\t<\/div>\n\t\t\t\t<\/div>\n\t\t\t\t<div class=\"elementor-element elementor-element-cd12d3d elementor-widget-divider--view-line elementor-widget elementor-widget-divider\" data-id=\"cd12d3d\" data-element_type=\"widget\" data-widget_type=\"divider.default\">\n\t\t\t\t<div class=\"elementor-widget-container\">\n\t\t\t\t\t<div class=\"elementor-divider\">\n\t\t\t<span class=\"elementor-divider-separator\">\n\t\t\t\t\t\t<\/span>\n\t\t<\/div>\n\t\t\t\t<\/div>\n\t\t\t\t<\/div>\n\t\t\t\t<div class=\"elementor-element elementor-element-b69b737 elementor-widget elementor-widget-text-editor\" data-id=\"b69b737\" data-element_type=\"widget\" data-widget_type=\"text-editor.default\">\n\t\t\t\t<div class=\"elementor-widget-container\">\n\t\t\t\t\t\t\t<p>Una iniciativa de negocio formada por ingenieros, donde se ha desarrollado una tecnolog\u00eda disruptiva y \u00fanica en el sector, que combinada con un modelo de negocio atractivo e innovador, est\u00e1 ya atajando varios problemas desde el enfoque de la eficiencia energ\u00e9tica. Su proyecto tiene un triple impacto, destinado a generar valor social y medioambiental para el conjunto de la sociedad, as\u00ed como m\u00e9todo de generaci\u00f3n de empleo y riqueza.<\/p>\t\t\t\t\t\t<\/div>\n\t\t\t\t<\/div>\n\t\t\t\t\t<\/div>\n\t\t<\/div>\n\t\t\t\t\t<\/div>\n\t\t<\/section>\n\t\t\t\t<section class=\"elementor-section elementor-top-section elementor-element elementor-element-e19ee2b elementor-section-boxed elementor-section-height-default elementor-section-height-default parallax_section_no qode_elementor_container_no\" data-id=\"e19ee2b\" data-element_type=\"section\" data-settings=\"{&quot;background_background&quot;:&quot;classic&quot;}\">\n\t\t\t\t\t\t\t<div class=\"elementor-background-overlay\"><\/div>\n\t\t\t\t\t\t\t<div class=\"elementor-container elementor-column-gap-default\">\n\t\t\t\t\t<div class=\"elementor-column elementor-col-50 elementor-top-column elementor-element elementor-element-ee1fb17 elementor-invisible\" data-id=\"ee1fb17\" data-element_type=\"column\" data-settings=\"{&quot;animation&quot;:&quot;fadeInUp&quot;}\">\n\t\t\t<div class=\"elementor-widget-wrap elementor-element-populated\">\n\t\t\t\t\t\t<div class=\"elementor-element elementor-element-35f9563 elementor-widget elementor-widget-heading\" data-id=\"35f9563\" data-element_type=\"widget\" data-widget_type=\"heading.default\">\n\t\t\t\t<div class=\"elementor-widget-container\">\n\t\t\t<h2 class=\"elementor-heading-title elementor-size-default\">EFICIENCIA ENERG\u00c9TICA<\/h2>\t\t<\/div>\n\t\t\t\t<\/div>\n\t\t\t\t<div class=\"elementor-element elementor-element-005d3fe elementor-widget-divider--view-line elementor-widget elementor-widget-divider\" data-id=\"005d3fe\" data-element_type=\"widget\" data-widget_type=\"divider.default\">\n\t\t\t\t<div class=\"elementor-widget-container\">\n\t\t\t\t\t<div class=\"elementor-divider\">\n\t\t\t<span class=\"elementor-divider-separator\">\n\t\t\t\t\t\t<\/span>\n\t\t<\/div>\n\t\t\t\t<\/div>\n\t\t\t\t<\/div>\n\t\t\t\t<div class=\"elementor-element elementor-element-aba11d1 elementor-widget elementor-widget-text-editor\" data-id=\"aba11d1\" data-element_type=\"widget\" data-widget_type=\"text-editor.default\">\n\t\t\t\t<div class=\"elementor-widget-container\">\n\t\t\t\t\t\t\t<p>Therminer canaliza proyectos de inversi\u00f3n en centros de datos para Blockchain, generando un impacto social y medioambiental apoyado en el uso de su tecnolog\u00eda. Despliega una red de centros de datos eficientes que alimentados por energ\u00edas renovables, proveen de energ\u00eda t\u00e9rmica y el\u00e9ctrica a usuarios en viviendas e industria, mientras siguen generando mayores rendimientos para los inversores de la red.<\/p>\t\t\t\t\t\t<\/div>\n\t\t\t\t<\/div>\n\t\t\t\t\t<\/div>\n\t\t<\/div>\n\t\t\t\t<div class=\"elementor-column elementor-col-50 elementor-top-column elementor-element elementor-element-803872d elementor-invisible\" data-id=\"803872d\" data-element_type=\"column\" data-settings=\"{&quot;animation&quot;:&quot;fadeInUp&quot;}\">\n\t\t\t<div class=\"elementor-widget-wrap elementor-element-populated\">\n\t\t\t\t\t\t<div class=\"elementor-element elementor-element-30d68cd elementor-widget elementor-widget-video\" data-id=\"30d68cd\" data-element_type=\"widget\" data-settings=\"{&quot;youtube_url&quot;:&quot;https:\\\/\\\/www.youtube.com\\\/watch?v=Dnt0UQFfnz4&quot;,&quot;video_type&quot;:&quot;youtube&quot;,&quot;controls&quot;:&quot;yes&quot;}\" data-widget_type=\"video.default\">\n\t\t\t\t<div class=\"elementor-widget-container\">\n\t\t\t\t\t<div class=\"elementor-wrapper elementor-open-inline\">\n\t\t\t<div class=\"elementor-video\"><\/div>\t\t<\/div>\n\t\t\t\t<\/div>\n\t\t\t\t<\/div>\n\t\t\t\t<div class=\"elementor-element elementor-element-5e9d237 elementor-hidden-desktop elementor-hidden-tablet elementor-hidden-mobile elementor-widget elementor-widget-video\" data-id=\"5e9d237\" data-element_type=\"widget\" data-settings=\"{&quot;youtube_url&quot;:&quot;https:\\\/\\\/www.youtube.com\\\/watch?v=OyHJY39G8Wo&quot;,&quot;video_type&quot;:&quot;youtube&quot;,&quot;controls&quot;:&quot;yes&quot;}\" data-widget_type=\"video.default\">\n\t\t\t\t<div class=\"elementor-widget-container\">\n\t\t\t\t\t<div class=\"elementor-wrapper elementor-open-inline\">\n\t\t\t<div class=\"elementor-video\"><\/div>\t\t<\/div>\n\t\t\t\t<\/div>\n\t\t\t\t<\/div>\n\t\t\t\t\t<\/div>\n\t\t<\/div>\n\t\t\t\t\t<\/div>\n\t\t<\/section>\n\t\t\t\t<\/div>\n\t\t","protected":false},"excerpt":{"rendered":"<p>Startup Industrial m\u00e1s destacada Therminer Una iniciativa de negocio formada por ingenieros, donde se ha desarrollado una tecnolog\u00eda disruptiva y \u00fanica en el sector, que combinada con un modelo de negocio atractivo e innovador, est\u00e1 ya atajando varios problemas desde el enfoque de la eficiencia&#8230;<\/p>\n","protected":false},"author":6,"featured_media":0,"parent":0,"menu_order":0,"comment_status":"closed","ping_status":"closed","template":"","meta":{"footnotes":""},"yoast_head":"<!-- This site is optimized with the Yoast SEO plugin v20.6 - https:\/\/yoast.com\/wordpress\/plugins\/seo\/ -->\n<title>Therminer - Premios de la Industria de ingenierosVA 2022<\/title>\n<meta name=\"robots\" content=\"index, follow, max-snippet:-1, max-image-preview:large, max-video-preview:-1\" \/>\n<link rel=\"canonical\" href=\"https:\/\/anteriores.premiosdelaindustria.es\/2022\/therminer\/\" \/>\n<meta property=\"og:locale\" content=\"es_ES\" \/>\n<meta property=\"og:type\" content=\"article\" \/>\n<meta property=\"og:title\" content=\"Therminer - Premios de la Industria de ingenierosVA 2022\" \/>\n<meta property=\"og:description\" content=\"Startup Industrial m\u00e1s destacada Therminer Una iniciativa de negocio formada por ingenieros, donde se ha desarrollado una tecnolog\u00eda disruptiva y \u00fanica en el sector, que combinada con un modelo de negocio atractivo e innovador, est\u00e1 ya atajando varios problemas desde el enfoque de la eficiencia...\" \/>\n<meta property=\"og:url\" content=\"https:\/\/anteriores.premiosdelaindustria.es\/2022\/therminer\/\" \/>\n<meta property=\"og:site_name\" content=\"Premios de la Industria de ingenierosVA 2022\" \/>\n<meta property=\"article:modified_time\" content=\"2022-12-02T18:13:49+00:00\" \/>\n<meta property=\"og:image\" content=\"https:\/\/anteriores.premiosdelaindustria.es\/2022\/wp-content\/uploads\/sites\/11\/2022\/11\/1-Startup-Ganador-2022-B.jpg\" \/>\n<meta name=\"twitter:card\" content=\"summary_large_image\" \/>\n<meta name=\"twitter:label1\" content=\"Tiempo de lectura\" \/>\n\t<meta name=\"twitter:data1\" content=\"1 minuto\" \/>\n<script type=\"application\/ld+json\" class=\"yoast-schema-graph\">{\"@context\":\"https:\/\/schema.org\",\"@graph\":[{\"@type\":\"WebPage\",\"@id\":\"https:\/\/anteriores.premiosdelaindustria.es\/2022\/therminer\/\",\"url\":\"https:\/\/anteriores.premiosdelaindustria.es\/2022\/therminer\/\",\"name\":\"Therminer - Premios de la Industria de ingenierosVA 2022\",\"isPartOf\":{\"@id\":\"https:\/\/anteriores.premiosdelaindustria.es\/2022\/#website\"},\"datePublished\":\"2022-11-30T11:04:47+00:00\",\"dateModified\":\"2022-12-02T18:13:49+00:00\",\"inLanguage\":\"es\",\"potentialAction\":[{\"@type\":\"ReadAction\",\"target\":[\"https:\/\/anteriores.premiosdelaindustria.es\/2022\/therminer\/\"]}]},{\"@type\":\"WebSite\",\"@id\":\"https:\/\/anteriores.premiosdelaindustria.es\/2022\/#website\",\"url\":\"https:\/\/anteriores.premiosdelaindustria.es\/2022\/\",\"name\":\"Premios de la Industria de ingenierosVA 2022\",\"description\":\"Reconocer la importancia de la ingenier\u00eda en el desarrollo de la sociedad y de la industria\",\"publisher\":{\"@id\":\"https:\/\/anteriores.premiosdelaindustria.es\/2022\/#organization\"},\"potentialAction\":[{\"@type\":\"SearchAction\",\"target\":{\"@type\":\"EntryPoint\",\"urlTemplate\":\"https:\/\/anteriores.premiosdelaindustria.es\/2022\/?s={search_term_string}\"},\"query-input\":\"required name=search_term_string\"}],\"inLanguage\":\"es\"},{\"@type\":\"Organization\",\"@id\":\"https:\/\/anteriores.premiosdelaindustria.es\/2022\/#organization\",\"name\":\"Premios de la Industria de ingenierosVA 2022\",\"url\":\"https:\/\/anteriores.premiosdelaindustria.es\/2022\/\",\"logo\":{\"@type\":\"ImageObject\",\"inLanguage\":\"es\",\"@id\":\"https:\/\/anteriores.premiosdelaindustria.es\/2022\/#\/schema\/logo\/image\/\",\"url\":\"https:\/\/anteriores.premiosdelaindustria.es\/2022\/wp-content\/uploads\/sites\/11\/2022\/10\/Logo-Premios-de-la-Industria-2022.jpg\",\"contentUrl\":\"https:\/\/anteriores.premiosdelaindustria.es\/2022\/wp-content\/uploads\/sites\/11\/2022\/10\/Logo-Premios-de-la-Industria-2022.jpg\",\"width\":1052,\"height\":286,\"caption\":\"Premios de la Industria de ingenierosVA 2022\"},\"image\":{\"@id\":\"https:\/\/anteriores.premiosdelaindustria.es\/2022\/#\/schema\/logo\/image\/\"}}]}<\/script>\n<!-- \/ Yoast SEO plugin. -->","yoast_head_json":{"title":"Therminer - Premios de la Industria de ingenierosVA 2022","robots":{"index":"index","follow":"follow","max-snippet":"max-snippet:-1","max-image-preview":"max-image-preview:large","max-video-preview":"max-video-preview:-1"},"canonical":"https:\/\/anteriores.premiosdelaindustria.es\/2022\/therminer\/","og_locale":"es_ES","og_type":"article","og_title":"Therminer - Premios de la Industria de ingenierosVA 2022","og_description":"Startup Industrial m\u00e1s destacada Therminer Una iniciativa de negocio formada por ingenieros, donde se ha desarrollado una tecnolog\u00eda disruptiva y \u00fanica en el sector, que combinada con un modelo de negocio atractivo e innovador, est\u00e1 ya atajando varios problemas desde el enfoque de la eficiencia...","og_url":"https:\/\/anteriores.premiosdelaindustria.es\/2022\/therminer\/","og_site_name":"Premios de la Industria de ingenierosVA 2022","article_modified_time":"2022-12-02T18:13:49+00:00","og_image":[{"url":"https:\/\/anteriores.premiosdelaindustria.es\/2022\/wp-content\/uploads\/sites\/11\/2022\/11\/1-Startup-Ganador-2022-B.jpg"}],"twitter_card":"summary_large_image","twitter_misc":{"Tiempo de lectura":"1 minuto"},"schema":{"@context":"https:\/\/schema.org","@graph":[{"@type":"WebPage","@id":"https:\/\/anteriores.premiosdelaindustria.es\/2022\/therminer\/","url":"https:\/\/anteriores.premiosdelaindustria.es\/2022\/therminer\/","name":"Therminer - Premios de la Industria de ingenierosVA 2022","isPartOf":{"@id":"https:\/\/anteriores.premiosdelaindustria.es\/2022\/#website"},"datePublished":"2022-11-30T11:04:47+00:00","dateModified":"2022-12-02T18:13:49+00:00","inLanguage":"es","potentialAction":[{"@type":"ReadAction","target":["https:\/\/anteriores.premiosdelaindustria.es\/2022\/therminer\/"]}]},{"@type":"WebSite","@id":"https:\/\/anteriores.premiosdelaindustria.es\/2022\/#website","url":"https:\/\/anteriores.premiosdelaindustria.es\/2022\/","name":"Premios de la Industria de ingenierosVA 2022","description":"Reconocer la importancia de la ingenier\u00eda en el desarrollo de la sociedad y de la industria","publisher":{"@id":"https:\/\/anteriores.premiosdelaindustria.es\/2022\/#organization"},"potentialAction":[{"@type":"SearchAction","target":{"@type":"EntryPoint","urlTemplate":"https:\/\/anteriores.premiosdelaindustria.es\/2022\/?s={search_term_string}"},"query-input":"required name=search_term_string"}],"inLanguage":"es"},{"@type":"Organization","@id":"https:\/\/anteriores.premiosdelaindustria.es\/2022\/#organization","name":"Premios de la Industria de ingenierosVA 2022","url":"https:\/\/anteriores.premiosdelaindustria.es\/2022\/","logo":{"@type":"ImageObject","inLanguage":"es","@id":"https:\/\/anteriores.premiosdelaindustria.es\/2022\/#\/schema\/logo\/image\/","url":"https:\/\/anteriores.premiosdelaindustria.es\/2022\/wp-content\/uploads\/sites\/11\/2022\/10\/Logo-Premios-de-la-Industria-2022.jpg","contentUrl":"https:\/\/anteriores.premiosdelaindustria.es\/2022\/wp-content\/uploads\/sites\/11\/2022\/10\/Logo-Premios-de-la-Industria-2022.jpg","width":1052,"height":286,"caption":"Premios de la Industria de ingenierosVA 2022"},"image":{"@id":"https:\/\/anteriores.premiosdelaindustria.es\/2022\/#\/schema\/logo\/image\/"}}]}},"_links":{"self":[{"href":"https:\/\/anteriores.premiosdelaindustria.es\/2022\/wp-json\/wp\/v2\/pages\/3382"}],"collection":[{"href":"https:\/\/anteriores.premiosdelaindustria.es\/2022\/wp-json\/wp\/v2\/pages"}],"about":[{"href":"https:\/\/anteriores.premiosdelaindustria.es\/2022\/wp-json\/wp\/v2\/types\/page"}],"author":[{"embeddable":true,"href":"https:\/\/anteriores.premiosdelaindustria.es\/2022\/wp-json\/wp\/v2\/users\/6"}],"replies":[{"embeddable":true,"href":"https:\/\/anteriores.premiosdelaindustria.es\/2022\/wp-json\/wp\/v2\/comments?post=3382"}],"version-history":[{"count":22,"href":"https:\/\/anteriores.premiosdelaindustria.es\/2022\/wp-json\/wp\/v2\/pages\/3382\/revisions"}],"predecessor-version":[{"id":3805,"href":"https:\/\/anteriores.premiosdelaindustria.es\/2022\/wp-json\/wp\/v2\/pages\/3382\/revisions\/3805"}],"wp:attachment":[{"href":"https:\/\/anteriores.premiosdelaindustria.es\/2022\/wp-json\/wp\/v2\/media?parent=3382"}],"curies":[{"name":"wp","href":"https:\/\/api.w.org\/{rel}","templated":true}]}}