{"id":3373,"date":"2022-11-30T10:42:15","date_gmt":"2022-11-30T09:42:15","guid":{"rendered":"https:\/\/anteriores.premiosdelaindustria.es\/2022\/?page_id=3373"},"modified":"2022-12-02T19:26:56","modified_gmt":"2022-12-02T18:26:56","slug":"globe-operator-telecom","status":"publish","type":"page","link":"https:\/\/anteriores.premiosdelaindustria.es\/2022\/globe-operator-telecom\/","title":{"rendered":"Globe Operator Telecom"},"content":{"rendered":"\t\t<div data-elementor-type=\"wp-page\" data-elementor-id=\"3373\" class=\"elementor elementor-3373\" data-elementor-post-type=\"page\">\n\t\t\t\t\t\t<section class=\"elementor-section elementor-top-section elementor-element elementor-element-a759b7a elementor-section-content-middle elementor-section-boxed elementor-section-height-default elementor-section-height-default parallax_section_no qode_elementor_container_no\" data-id=\"a759b7a\" data-element_type=\"section\" data-settings=\"{&quot;background_background&quot;:&quot;classic&quot;}\">\n\t\t\t\t\t\t\t<div class=\"elementor-background-overlay\"><\/div>\n\t\t\t\t\t\t\t<div class=\"elementor-container elementor-column-gap-default\">\n\t\t\t\t\t<div class=\"elementor-column elementor-col-100 elementor-top-column elementor-element elementor-element-35d50e9\" data-id=\"35d50e9\" data-element_type=\"column\">\n\t\t\t<div class=\"elementor-widget-wrap elementor-element-populated\">\n\t\t\t\t\t\t<div class=\"elementor-element elementor-element-b2c829b elementor-widget elementor-widget-heading\" data-id=\"b2c829b\" data-element_type=\"widget\" data-widget_type=\"heading.default\">\n\t\t\t\t<div class=\"elementor-widget-container\">\n\t\t\t<h2 class=\"elementor-heading-title elementor-size-default\">Industria Sostenible \/ Socialmente Responsable<\/h2>\t\t<\/div>\n\t\t\t\t<\/div>\n\t\t\t\t\t<\/div>\n\t\t<\/div>\n\t\t\t\t\t<\/div>\n\t\t<\/section>\n\t\t\t\t<section class=\"elementor-section elementor-top-section elementor-element elementor-element-88e893c elementor-section-boxed elementor-section-height-default elementor-section-height-default parallax_section_no qode_elementor_container_no\" data-id=\"88e893c\" data-element_type=\"section\" data-settings=\"{&quot;background_background&quot;:&quot;classic&quot;}\">\n\t\t\t\t\t\t\t<div class=\"elementor-background-overlay\"><\/div>\n\t\t\t\t\t\t\t<div class=\"elementor-container elementor-column-gap-default\">\n\t\t\t\t\t<div class=\"elementor-column elementor-col-50 elementor-top-column elementor-element elementor-element-66f7504 elementor-invisible\" data-id=\"66f7504\" data-element_type=\"column\" data-settings=\"{&quot;animation&quot;:&quot;fadeInUp&quot;}\">\n\t\t\t<div class=\"elementor-widget-wrap elementor-element-populated\">\n\t\t\t\t\t\t<div class=\"elementor-element elementor-element-1520c3e elementor-widget elementor-widget-image\" data-id=\"1520c3e\" data-element_type=\"widget\" data-widget_type=\"image.default\">\n\t\t\t\t<div class=\"elementor-widget-container\">\n\t\t\t\t\t\t\t\t\t\t\t\t\t<img fetchpriority=\"high\" decoding=\"async\" width=\"800\" height=\"800\" src=\"https:\/\/anteriores.premiosdelaindustria.es\/2022\/wp-content\/uploads\/sites\/11\/2022\/11\/3-SSR-Ganador-2022.jpg\" class=\"attachment-large size-large wp-image-3309\" alt=\"\" srcset=\"https:\/\/anteriores.premiosdelaindustria.es\/2022\/wp-content\/uploads\/sites\/11\/2022\/11\/3-SSR-Ganador-2022.jpg 800w, https:\/\/anteriores.premiosdelaindustria.es\/2022\/wp-content\/uploads\/sites\/11\/2022\/11\/3-SSR-Ganador-2022-300x300.jpg 300w, https:\/\/anteriores.premiosdelaindustria.es\/2022\/wp-content\/uploads\/sites\/11\/2022\/11\/3-SSR-Ganador-2022-150x150.jpg 150w, https:\/\/anteriores.premiosdelaindustria.es\/2022\/wp-content\/uploads\/sites\/11\/2022\/11\/3-SSR-Ganador-2022-768x768.jpg 768w, https:\/\/anteriores.premiosdelaindustria.es\/2022\/wp-content\/uploads\/sites\/11\/2022\/11\/3-SSR-Ganador-2022-570x570.jpg 570w, https:\/\/anteriores.premiosdelaindustria.es\/2022\/wp-content\/uploads\/sites\/11\/2022\/11\/3-SSR-Ganador-2022-500x500.jpg 500w, https:\/\/anteriores.premiosdelaindustria.es\/2022\/wp-content\/uploads\/sites\/11\/2022\/11\/3-SSR-Ganador-2022-700x700.jpg 700w\" sizes=\"(max-width: 800px) 100vw, 800px\" \/>\t\t\t\t\t\t\t\t\t\t\t\t\t<\/div>\n\t\t\t\t<\/div>\n\t\t\t\t\t<\/div>\n\t\t<\/div>\n\t\t\t\t<div class=\"elementor-column elementor-col-50 elementor-top-column elementor-element elementor-element-67c6be2 elementor-invisible\" data-id=\"67c6be2\" data-element_type=\"column\" data-settings=\"{&quot;animation&quot;:&quot;fadeInUp&quot;}\">\n\t\t\t<div class=\"elementor-widget-wrap elementor-element-populated\">\n\t\t\t\t\t\t<div class=\"elementor-element elementor-element-6423efa elementor-widget elementor-widget-heading\" data-id=\"6423efa\" data-element_type=\"widget\" data-widget_type=\"heading.default\">\n\t\t\t\t<div class=\"elementor-widget-container\">\n\t\t\t<h2 class=\"elementor-heading-title elementor-size-default\">Globe Operator Telecom<\/h2>\t\t<\/div>\n\t\t\t\t<\/div>\n\t\t\t\t<div class=\"elementor-element elementor-element-cd12d3d elementor-widget-divider--view-line elementor-widget elementor-widget-divider\" data-id=\"cd12d3d\" data-element_type=\"widget\" data-widget_type=\"divider.default\">\n\t\t\t\t<div class=\"elementor-widget-container\">\n\t\t\t\t\t<div class=\"elementor-divider\">\n\t\t\t<span class=\"elementor-divider-separator\">\n\t\t\t\t\t\t<\/span>\n\t\t<\/div>\n\t\t\t\t<\/div>\n\t\t\t\t<\/div>\n\t\t\t\t<div class=\"elementor-element elementor-element-b69b737 elementor-widget elementor-widget-text-editor\" data-id=\"b69b737\" data-element_type=\"widget\" data-widget_type=\"text-editor.default\">\n\t\t\t\t<div class=\"elementor-widget-container\">\n\t\t\t\t\t\t\t<p>Este operador integral de telecomunicaciones con sede en Valladolid, opera en Castilla y Le\u00f3n desde hace exactamente 25 a\u00f1os. Mediante su ingenier\u00eda integral, Globe Operator Telecom dota del servicio esencial de banda ancha, telefon\u00eda y contenidos multimedia a la \u201cEspa\u00f1a Vaciada\u201d del medio rural mediante la fibra \u00f3ptica. Gracias a su trabajo, contribuye a que nuestros pueblos puedan ser econ\u00f3micamente competitivos y a fijar poblaci\u00f3n en el medio rural.<\/p>\t\t\t\t\t\t<\/div>\n\t\t\t\t<\/div>\n\t\t\t\t\t<\/div>\n\t\t<\/div>\n\t\t\t\t\t<\/div>\n\t\t<\/section>\n\t\t\t\t<section class=\"elementor-section elementor-top-section elementor-element elementor-element-e19ee2b elementor-section-boxed elementor-section-height-default elementor-section-height-default parallax_section_no qode_elementor_container_no\" data-id=\"e19ee2b\" data-element_type=\"section\" data-settings=\"{&quot;background_background&quot;:&quot;classic&quot;}\">\n\t\t\t\t\t\t\t<div class=\"elementor-background-overlay\"><\/div>\n\t\t\t\t\t\t\t<div class=\"elementor-container elementor-column-gap-default\">\n\t\t\t\t\t<div class=\"elementor-column elementor-col-50 elementor-top-column elementor-element elementor-element-ee1fb17 elementor-invisible\" data-id=\"ee1fb17\" data-element_type=\"column\" data-settings=\"{&quot;animation&quot;:&quot;fadeInUp&quot;}\">\n\t\t\t<div class=\"elementor-widget-wrap elementor-element-populated\">\n\t\t\t\t\t\t<div class=\"elementor-element elementor-element-35f9563 elementor-widget elementor-widget-heading\" data-id=\"35f9563\" data-element_type=\"widget\" data-widget_type=\"heading.default\">\n\t\t\t\t<div class=\"elementor-widget-container\">\n\t\t\t<h2 class=\"elementor-heading-title elementor-size-default\">FIBRA \u00d3PTICA<\/h2>\t\t<\/div>\n\t\t\t\t<\/div>\n\t\t\t\t<div class=\"elementor-element elementor-element-005d3fe elementor-widget-divider--view-line elementor-widget elementor-widget-divider\" data-id=\"005d3fe\" data-element_type=\"widget\" data-widget_type=\"divider.default\">\n\t\t\t\t<div class=\"elementor-widget-container\">\n\t\t\t\t\t<div class=\"elementor-divider\">\n\t\t\t<span class=\"elementor-divider-separator\">\n\t\t\t\t\t\t<\/span>\n\t\t<\/div>\n\t\t\t\t<\/div>\n\t\t\t\t<\/div>\n\t\t\t\t<div class=\"elementor-element elementor-element-aba11d1 elementor-widget elementor-widget-text-editor\" data-id=\"aba11d1\" data-element_type=\"widget\" data-widget_type=\"text-editor.default\">\n\t\t\t\t<div class=\"elementor-widget-container\">\n\t\t\t\t\t\t\t<p>En Castilla y Le\u00f3n, Globe Telecom despliega redes de fibra \u00f3ptica para conexiones de hasta 1000Mb en m\u00e1s de 200 poblaciones de Valladolid, Palencia, Salamanca y Zamora de menos de 500 habitantes. Estas poblaciones se encuentran en riesgo despoblaci\u00f3n desde hace a\u00f1os y, mediante este proyecto, las dota del servicio de banda ancha con el fin de dar un servicio de telecomunicaciones de garant\u00edas a sus habitantes, tanto para uso profesional, como para contenidos multimedia de ocio.<\/p>\t\t\t\t\t\t<\/div>\n\t\t\t\t<\/div>\n\t\t\t\t\t<\/div>\n\t\t<\/div>\n\t\t\t\t<div class=\"elementor-column elementor-col-50 elementor-top-column elementor-element elementor-element-803872d elementor-invisible\" data-id=\"803872d\" data-element_type=\"column\" data-settings=\"{&quot;animation&quot;:&quot;fadeInUp&quot;}\">\n\t\t\t<div class=\"elementor-widget-wrap elementor-element-populated\">\n\t\t\t\t\t\t<div class=\"elementor-element elementor-element-218d5b5 elementor-widget elementor-widget-video\" data-id=\"218d5b5\" data-element_type=\"widget\" data-settings=\"{&quot;youtube_url&quot;:&quot;https:\\\/\\\/www.youtube.com\\\/watch?v=GSmcRkPBBZ8&quot;,&quot;video_type&quot;:&quot;youtube&quot;,&quot;controls&quot;:&quot;yes&quot;}\" data-widget_type=\"video.default\">\n\t\t\t\t<div class=\"elementor-widget-container\">\n\t\t\t\t\t<div class=\"elementor-wrapper elementor-open-inline\">\n\t\t\t<div class=\"elementor-video\"><\/div>\t\t<\/div>\n\t\t\t\t<\/div>\n\t\t\t\t<\/div>\n\t\t\t\t<div class=\"elementor-element elementor-element-5e9d237 elementor-hidden-desktop elementor-hidden-tablet elementor-hidden-mobile elementor-widget elementor-widget-video\" data-id=\"5e9d237\" data-element_type=\"widget\" data-settings=\"{&quot;youtube_url&quot;:&quot;https:\\\/\\\/www.youtube.com\\\/watch?v=OyHJY39G8Wo&quot;,&quot;video_type&quot;:&quot;youtube&quot;,&quot;controls&quot;:&quot;yes&quot;}\" data-widget_type=\"video.default\">\n\t\t\t\t<div class=\"elementor-widget-container\">\n\t\t\t\t\t<div class=\"elementor-wrapper elementor-open-inline\">\n\t\t\t<div class=\"elementor-video\"><\/div>\t\t<\/div>\n\t\t\t\t<\/div>\n\t\t\t\t<\/div>\n\t\t\t\t\t<\/div>\n\t\t<\/div>\n\t\t\t\t\t<\/div>\n\t\t<\/section>\n\t\t\t\t<\/div>\n\t\t","protected":false},"excerpt":{"rendered":"<p>Industria Sostenible \/ Socialmente Responsable Globe Operator Telecom Este operador integral de telecomunicaciones con sede en Valladolid, opera en Castilla y Le\u00f3n desde hace exactamente 25 a\u00f1os. Mediante su ingenier\u00eda integral, Globe Operator Telecom dota del servicio esencial de banda ancha, telefon\u00eda y contenidos multimedia&#8230;<\/p>\n","protected":false},"author":6,"featured_media":0,"parent":0,"menu_order":0,"comment_status":"closed","ping_status":"closed","template":"","meta":{"footnotes":""},"yoast_head":"<!-- This site is optimized with the Yoast SEO plugin v20.6 - https:\/\/yoast.com\/wordpress\/plugins\/seo\/ -->\n<title>Globe Operator Telecom - Premios de la Industria de ingenierosVA 2022<\/title>\n<meta name=\"robots\" content=\"index, follow, max-snippet:-1, max-image-preview:large, max-video-preview:-1\" \/>\n<link rel=\"canonical\" href=\"https:\/\/anteriores.premiosdelaindustria.es\/2022\/globe-operator-telecom\/\" \/>\n<meta property=\"og:locale\" content=\"es_ES\" \/>\n<meta property=\"og:type\" content=\"article\" \/>\n<meta property=\"og:title\" content=\"Globe Operator Telecom - Premios de la Industria de ingenierosVA 2022\" \/>\n<meta property=\"og:description\" content=\"Industria Sostenible \/ Socialmente Responsable Globe Operator Telecom Este operador integral de telecomunicaciones con sede en Valladolid, opera en Castilla y Le\u00f3n desde hace exactamente 25 a\u00f1os. Mediante su ingenier\u00eda integral, Globe Operator Telecom dota del servicio esencial de banda ancha, telefon\u00eda y contenidos multimedia...\" \/>\n<meta property=\"og:url\" content=\"https:\/\/anteriores.premiosdelaindustria.es\/2022\/globe-operator-telecom\/\" \/>\n<meta property=\"og:site_name\" content=\"Premios de la Industria de ingenierosVA 2022\" \/>\n<meta property=\"article:modified_time\" content=\"2022-12-02T18:26:56+00:00\" \/>\n<meta property=\"og:image\" content=\"https:\/\/anteriores.premiosdelaindustria.es\/2022\/wp-content\/uploads\/sites\/11\/2022\/11\/3-SSR-Ganador-2022.jpg\" \/>\n<meta name=\"twitter:card\" content=\"summary_large_image\" \/>\n<meta name=\"twitter:label1\" content=\"Tiempo de lectura\" \/>\n\t<meta name=\"twitter:data1\" content=\"1 minuto\" \/>\n<script type=\"application\/ld+json\" class=\"yoast-schema-graph\">{\"@context\":\"https:\/\/schema.org\",\"@graph\":[{\"@type\":\"WebPage\",\"@id\":\"https:\/\/anteriores.premiosdelaindustria.es\/2022\/globe-operator-telecom\/\",\"url\":\"https:\/\/anteriores.premiosdelaindustria.es\/2022\/globe-operator-telecom\/\",\"name\":\"Globe Operator Telecom - Premios de la Industria de ingenierosVA 2022\",\"isPartOf\":{\"@id\":\"https:\/\/anteriores.premiosdelaindustria.es\/2022\/#website\"},\"datePublished\":\"2022-11-30T09:42:15+00:00\",\"dateModified\":\"2022-12-02T18:26:56+00:00\",\"inLanguage\":\"es\",\"potentialAction\":[{\"@type\":\"ReadAction\",\"target\":[\"https:\/\/anteriores.premiosdelaindustria.es\/2022\/globe-operator-telecom\/\"]}]},{\"@type\":\"WebSite\",\"@id\":\"https:\/\/anteriores.premiosdelaindustria.es\/2022\/#website\",\"url\":\"https:\/\/anteriores.premiosdelaindustria.es\/2022\/\",\"name\":\"Premios de la Industria de ingenierosVA 2022\",\"description\":\"Reconocer la importancia de la ingenier\u00eda en el desarrollo de la sociedad y de la industria\",\"publisher\":{\"@id\":\"https:\/\/anteriores.premiosdelaindustria.es\/2022\/#organization\"},\"potentialAction\":[{\"@type\":\"SearchAction\",\"target\":{\"@type\":\"EntryPoint\",\"urlTemplate\":\"https:\/\/anteriores.premiosdelaindustria.es\/2022\/?s={search_term_string}\"},\"query-input\":\"required name=search_term_string\"}],\"inLanguage\":\"es\"},{\"@type\":\"Organization\",\"@id\":\"https:\/\/anteriores.premiosdelaindustria.es\/2022\/#organization\",\"name\":\"Premios de la Industria de ingenierosVA 2022\",\"url\":\"https:\/\/anteriores.premiosdelaindustria.es\/2022\/\",\"logo\":{\"@type\":\"ImageObject\",\"inLanguage\":\"es\",\"@id\":\"https:\/\/anteriores.premiosdelaindustria.es\/2022\/#\/schema\/logo\/image\/\",\"url\":\"https:\/\/anteriores.premiosdelaindustria.es\/2022\/wp-content\/uploads\/sites\/11\/2022\/10\/Logo-Premios-de-la-Industria-2022.jpg\",\"contentUrl\":\"https:\/\/anteriores.premiosdelaindustria.es\/2022\/wp-content\/uploads\/sites\/11\/2022\/10\/Logo-Premios-de-la-Industria-2022.jpg\",\"width\":1052,\"height\":286,\"caption\":\"Premios de la Industria de ingenierosVA 2022\"},\"image\":{\"@id\":\"https:\/\/anteriores.premiosdelaindustria.es\/2022\/#\/schema\/logo\/image\/\"}}]}<\/script>\n<!-- \/ Yoast SEO plugin. -->","yoast_head_json":{"title":"Globe Operator Telecom - Premios de la Industria de ingenierosVA 2022","robots":{"index":"index","follow":"follow","max-snippet":"max-snippet:-1","max-image-preview":"max-image-preview:large","max-video-preview":"max-video-preview:-1"},"canonical":"https:\/\/anteriores.premiosdelaindustria.es\/2022\/globe-operator-telecom\/","og_locale":"es_ES","og_type":"article","og_title":"Globe Operator Telecom - Premios de la Industria de ingenierosVA 2022","og_description":"Industria Sostenible \/ Socialmente Responsable Globe Operator Telecom Este operador integral de telecomunicaciones con sede en Valladolid, opera en Castilla y Le\u00f3n desde hace exactamente 25 a\u00f1os. Mediante su ingenier\u00eda integral, Globe Operator Telecom dota del servicio esencial de banda ancha, telefon\u00eda y contenidos multimedia...","og_url":"https:\/\/anteriores.premiosdelaindustria.es\/2022\/globe-operator-telecom\/","og_site_name":"Premios de la Industria de ingenierosVA 2022","article_modified_time":"2022-12-02T18:26:56+00:00","og_image":[{"url":"https:\/\/anteriores.premiosdelaindustria.es\/2022\/wp-content\/uploads\/sites\/11\/2022\/11\/3-SSR-Ganador-2022.jpg"}],"twitter_card":"summary_large_image","twitter_misc":{"Tiempo de lectura":"1 minuto"},"schema":{"@context":"https:\/\/schema.org","@graph":[{"@type":"WebPage","@id":"https:\/\/anteriores.premiosdelaindustria.es\/2022\/globe-operator-telecom\/","url":"https:\/\/anteriores.premiosdelaindustria.es\/2022\/globe-operator-telecom\/","name":"Globe Operator Telecom - Premios de la Industria de ingenierosVA 2022","isPartOf":{"@id":"https:\/\/anteriores.premiosdelaindustria.es\/2022\/#website"},"datePublished":"2022-11-30T09:42:15+00:00","dateModified":"2022-12-02T18:26:56+00:00","inLanguage":"es","potentialAction":[{"@type":"ReadAction","target":["https:\/\/anteriores.premiosdelaindustria.es\/2022\/globe-operator-telecom\/"]}]},{"@type":"WebSite","@id":"https:\/\/anteriores.premiosdelaindustria.es\/2022\/#website","url":"https:\/\/anteriores.premiosdelaindustria.es\/2022\/","name":"Premios de la Industria de ingenierosVA 2022","description":"Reconocer la importancia de la ingenier\u00eda en el desarrollo de la sociedad y de la industria","publisher":{"@id":"https:\/\/anteriores.premiosdelaindustria.es\/2022\/#organization"},"potentialAction":[{"@type":"SearchAction","target":{"@type":"EntryPoint","urlTemplate":"https:\/\/anteriores.premiosdelaindustria.es\/2022\/?s={search_term_string}"},"query-input":"required name=search_term_string"}],"inLanguage":"es"},{"@type":"Organization","@id":"https:\/\/anteriores.premiosdelaindustria.es\/2022\/#organization","name":"Premios de la Industria de ingenierosVA 2022","url":"https:\/\/anteriores.premiosdelaindustria.es\/2022\/","logo":{"@type":"ImageObject","inLanguage":"es","@id":"https:\/\/anteriores.premiosdelaindustria.es\/2022\/#\/schema\/logo\/image\/","url":"https:\/\/anteriores.premiosdelaindustria.es\/2022\/wp-content\/uploads\/sites\/11\/2022\/10\/Logo-Premios-de-la-Industria-2022.jpg","contentUrl":"https:\/\/anteriores.premiosdelaindustria.es\/2022\/wp-content\/uploads\/sites\/11\/2022\/10\/Logo-Premios-de-la-Industria-2022.jpg","width":1052,"height":286,"caption":"Premios de la Industria de ingenierosVA 2022"},"image":{"@id":"https:\/\/anteriores.premiosdelaindustria.es\/2022\/#\/schema\/logo\/image\/"}}]}},"_links":{"self":[{"href":"https:\/\/anteriores.premiosdelaindustria.es\/2022\/wp-json\/wp\/v2\/pages\/3373"}],"collection":[{"href":"https:\/\/anteriores.premiosdelaindustria.es\/2022\/wp-json\/wp\/v2\/pages"}],"about":[{"href":"https:\/\/anteriores.premiosdelaindustria.es\/2022\/wp-json\/wp\/v2\/types\/page"}],"author":[{"embeddable":true,"href":"https:\/\/anteriores.premiosdelaindustria.es\/2022\/wp-json\/wp\/v2\/users\/6"}],"replies":[{"embeddable":true,"href":"https:\/\/anteriores.premiosdelaindustria.es\/2022\/wp-json\/wp\/v2\/comments?post=3373"}],"version-history":[{"count":11,"href":"https:\/\/anteriores.premiosdelaindustria.es\/2022\/wp-json\/wp\/v2\/pages\/3373\/revisions"}],"predecessor-version":[{"id":3820,"href":"https:\/\/anteriores.premiosdelaindustria.es\/2022\/wp-json\/wp\/v2\/pages\/3373\/revisions\/3820"}],"wp:attachment":[{"href":"https:\/\/anteriores.premiosdelaindustria.es\/2022\/wp-json\/wp\/v2\/media?parent=3373"}],"curies":[{"name":"wp","href":"https:\/\/api.w.org\/{rel}","templated":true}]}}