{"id":2821,"date":"2022-10-10T20:43:44","date_gmt":"2022-10-10T18:43:44","guid":{"rendered":"https:\/\/anteriores.premiosdelaindustria.es\/2022\/?page_id=2821"},"modified":"2022-10-24T10:23:05","modified_gmt":"2022-10-24T08:23:05","slug":"bases-2022","status":"publish","type":"page","link":"https:\/\/anteriores.premiosdelaindustria.es\/2022\/bases-2022\/","title":{"rendered":"Bases Premios 2022"},"content":{"rendered":"\t\t<div data-elementor-type=\"wp-page\" data-elementor-id=\"2821\" class=\"elementor elementor-2821\" data-elementor-post-type=\"page\">\n\t\t\t\t\t\t<section class=\"elementor-section elementor-top-section elementor-element elementor-element-49fcf6e elementor-section-boxed elementor-section-height-default elementor-section-height-default parallax_section_no qode_elementor_container_no\" data-id=\"49fcf6e\" data-element_type=\"section\">\n\t\t\t\t\t\t<div class=\"elementor-container elementor-column-gap-default\">\n\t\t\t\t\t<div class=\"elementor-column elementor-col-100 elementor-top-column elementor-element elementor-element-ed15663\" data-id=\"ed15663\" data-element_type=\"column\">\n\t\t\t<div class=\"elementor-widget-wrap elementor-element-populated\">\n\t\t\t\t\t\t<div class=\"elementor-element elementor-element-266b689 elementor-widget elementor-widget-heading\" data-id=\"266b689\" data-element_type=\"widget\" data-widget_type=\"heading.default\">\n\t\t\t\t<div class=\"elementor-widget-container\">\n\t\t\t<h2 class=\"elementor-heading-title elementor-size-default\">Bases Premios 2022<\/h2>\t\t<\/div>\n\t\t\t\t<\/div>\n\t\t\t\t<div class=\"elementor-element elementor-element-3e8a238 elementor-widget elementor-widget-text-editor\" data-id=\"3e8a238\" data-element_type=\"widget\" data-widget_type=\"text-editor.default\">\n\t\t\t\t<div class=\"elementor-widget-container\">\n\t\t\t\t\t\t\t<p>El Colegio Oficial de Ingenieros T\u00e9cnicos Industriales de Valladolid (ingenierosVA) es una Corporaci\u00f3n de Derecho P\u00fablico, reconocido y amparado por el art\u00edculo 36 de la Constituci\u00f3n Espa\u00f1ola y regulado por la legislaci\u00f3n estatal y auton\u00f3mica sobre Colegios Profesionales, as\u00ed como por el Estatuto General de la Profesi\u00f3n. Goza de personalidad jur\u00eddica y plena capacidad para el cumplimiento de sus fines, con independencia de las distintas Administraciones P\u00fablicas, de las que no forme parte, sin perjuicio de las relaciones que con las mismas legalmente le corresponda. Tiene como objeto la representaci\u00f3n de la profesi\u00f3n ante las Administraciones P\u00fablicas, ejerciendo las funciones que le asigna la legislaci\u00f3n vigente en general y en concreto la Ley 8\/1997, de 8 de julio, de Castilla y Le\u00f3n.<\/p>\n<p>La ingenier\u00eda de la rama industrial es uno de los <i>pilares<\/i> para la evoluci\u00f3n de la sociedad moderna, la causa principal del progreso que hemos vivido, as\u00ed como la que facilitar\u00e1 el avance futuro. No se puede concebir el hoy ni el ma\u00f1ana sin la Electr\u00f3nica, Electricidad, Mec\u00e1nica, Autom\u00e1tica (Rob\u00f3tica), Qu\u00edmica, etc\u00e9tera. Ramas, todas ellas, de la industria. Igualmente, no se puede comprender c\u00f3mo progresar si no fomentamos el desarrollo industrial de una sociedad.<\/p>\n<p>Por ello la junta de gobierno de nuestro colegio profesional ha decidido promover los <strong>premios ingenierosVA de la industria<\/strong>, que tratan de dar visibilidad a todas aquellas personas, f\u00edsicas o jur\u00eddicas, que en las diferentes categor\u00edas que se detallar\u00e1n a continuaci\u00f3n, han destacado por su aportaci\u00f3n.<\/p>\n<p>Creemos que es muy importante la difusi\u00f3n y el reconocimiento del trabajo, especialmente entre el colectivo de los ingenieros. Por ello no llevan asociada una contraprestaci\u00f3n econ\u00f3mica. Los ganadores de cada categor\u00eda obtendr\u00e1n un trofeo dise\u00f1ado espec\u00edficamente para este certamen.<\/p><p><br><\/p>\n<p><b><strong>1.- FORMA DE TOMAR PARTE<\/strong><\/b><\/p>\n<p>El certamen tendr\u00e1 como veh\u00edculo de comunicaci\u00f3n principal <a href=\"https:\/\/www.premiosdelaindustria.es\/2019\">el sitio web.<\/a> Las candidaturas podr\u00e1n ser enviadas por el propio interesado o por cualquier otro, siempre y cuando se adapte a las presentes bases.<\/p>\n<p>Para poder participar, el equipo humano de la industria debe contar con, al menos, un ingeniero de la rama industrial, entendiendo como tal a aquel titulado universitario en ingenier\u00eda en cualquiera de las siguientes especialidades:<\/p>\n<ul>\n<li>Electricidad<\/li>\n<li>Qu\u00edmica<\/li>\n<li>Electr\u00f3nica Industrial y Autom\u00e1tica (rob\u00f3tica)<\/li>\n<li>Organizaci\u00f3n Industrial<\/li>\n<li>Dise\u00f1o Industrial y Desarrollo de Producto<\/li>\n<li>Mec\u00e1nica<\/li>\n<li>Tecnolog\u00edas Industriales<\/li>\n<li>Ingenier\u00eda energ\u00e9tica<\/li>\n<\/ul>\n<div>&nbsp;<\/div>\n<p>En cada categor\u00eda se describir\u00e1n las condiciones que deben cumplir las personas f\u00edsicas y jur\u00eddicas que quieran participar. Se puede tomar parte en varias categor\u00edas si se cumple con las condiciones de cada una de ellas.<\/p>\n<p>Cada categor\u00eda debe estar respaldada (apadrinamiento) por un colegiado de ingenierosVA. En el caso de que ning\u00fan ingeniero en la empresa fuera colegiado de ingenierosVA, pueden tomar contacto con <a href=\"mailto:comunicacion@ingenierosvalladolid.es\">comunicacion@ingenierosvalladolid.es<\/a> o <a href=\"mailto:colegio@ingenierosvalladolid.es\">colegio@ingenierosvalladolid.es<\/a> con el fin de ponerles en contacto con un colegiado que los apadrine.<\/p><p><br><\/p>\n<p><strong>2<b>.- CATEGOR\u00cdAS A CONCURSO Y CONDICIONES DE PARTICIPACI\u00d3N<\/b><\/strong><\/p>\n<p><strong>Categor\u00eda \u2018Startup industrial m\u00e1s destacada\u2019<\/strong><\/p>\n<p>Dirigida a cualquier persona f\u00edsica o jur\u00eddica (seg\u00fan apartado 1 de estas bases) que haya puesto en marcha una iniciativa de negocio en los \u00faltimos 3 a\u00f1os de forma exitosa. El \u00e9xito habr\u00e1 podido venir por crecimiento en ingresos, clientes, difusi\u00f3n del producto\/servicio etc\u00e9tera. La idea de negocio deber\u00e1 tener una base industrial.<\/p>\n<p><strong>Categor\u00eda \u2018Mejor innovaci\u00f3n industrial\u2019<\/strong><\/p>\n<p>Optar\u00e1 cualquier persona f\u00edsica o jur\u00eddica (seg\u00fan apartado 1 de estas bases) que haya concebido y desarrollado (no necesariamente puesto en pr\u00e1ctica a\u00fan) una innovaci\u00f3n en procesos, dispositivos, planificaci\u00f3n, producto o cualquier otro campo industrial y que por su novedad y\/o utilidad aporte o pueda aportar una mejora en el campo para el que se ha concebido. En el caso de que no est\u00e9 implementada, la soluci\u00f3n debe estar en un estado que permitir\u00eda su puesta en marcha inmediata si hubiera inter\u00e9s por alguna industria y el propietario estuviera conforme.<\/p>\n<p><strong>Categor\u00eda \u2018Industria Sostenible\/Socialmente Responsable\u2019<\/strong><\/p>\n<p>Podr\u00e1 optar al trofeo aquella empresa (seg\u00fan apartado 1 de estas bases) cuyas actuaciones estrat\u00e9gicas e innovadoras est\u00e9n destinadas a generar valor para la sociedad y para la empresa, como una contribuci\u00f3n activa y voluntaria a la protecci\u00f3n del planeta y de las necesidades de generaciones futuras desde la sostenibilidad, o al mejoramiento social, econ\u00f3mico y ambiental, con el claro objetivo de mejorar su situaci\u00f3n competitiva y valorativa y su valor a\u00f1adido.<\/p>\n<p>Este premio est\u00e1 dotado con 1.500 euros que ingenierosVA donar\u00e1 a la ONG que el ganador seleccione y que desarrolle actividad en Castilla y Le\u00f3n.<\/p>\n<p><strong>Categor\u00eda \u2018Mejor Transformaci\u00f3n Digital de una industria\u2019<\/strong><\/p>\n<p>Se dirige a las industrias (seg\u00fan apartado 1 de estas bases) que en los \u00faltimos 3 a\u00f1os hayan modificado sus procesos, sistemas t\u00e9cnicos o formas de comunicaci\u00f3n hacia sus clientes internos y\/o externos incluyendo elementos de la industria 4.0 (IoT, rob\u00f3tica\u2026) y\/o Sociedad de la Informaci\u00f3n avanzada.<\/p><p><br><\/p><p><b><strong>3.- DISTINCIONES<\/strong><\/b><\/p><p>Adem\u00e1s de las categor\u00edas del apartado anterior, fuera de concurso, ingenierosVA otorga las siguientes distinciones<strong><b>:<\/b><\/strong><b><strong><br><\/strong><\/b><\/p>\n<p><strong>Premio especial al proyecto m\u00e1s destacado visado en ingenierosVA<\/strong><\/p>\n<p>Se reconocer\u00e1 aquel proyecto que, habiendo sido visado en ingenierosVA, cuente con una soluci\u00f3n innovadora y eficiente al problema que resuelve. Se valorar\u00e1 adem\u00e1s su exposici\u00f3n y formato.<\/p>\n<p><strong>Reconocimiento especial a la Trayectoria Profesional en la Industria e Ingenier\u00eda en Castilla y Le\u00f3n.<\/strong><\/p>\n<p>Se establece un reconocimiento que se sumar\u00e1 a los premios de las anteriores categor\u00edas y distinguir\u00e1 a las personas o grupo de personas con intensa relaci\u00f3n con Castilla y Le\u00f3n que haya destacado por sus logros, relevancia o dedicaci\u00f3n al desarrollo y progreso de la industria y\/o la ingenier\u00eda de la rama industrial.<\/p><p><br><\/p>\n<p><b><strong>4.- ETAPAS<\/strong><\/b><\/p>\n<p><strong>Env\u00edo de candidaturas<\/strong><\/p>\n<p>A partir del d\u00eda 13 de octubre a las 12,00 hasta el d\u00eda 10 de noviembre a las 12,00 (tambi\u00e9n del mediod\u00eda) ser\u00e1 posible enviar las candidaturas para tomar parte, todo ello a trav\u00e9s del formulario habilitado en la <a href=\"https:\/\/www.premiosdelaindustria.es\/2019\">web de los premios<\/a>.<\/p>\n<p><strong>Decisi\u00f3n del jurado<\/strong><\/p>\n<p>El jurado detallado conformado por miembros de instituciones o\/y empresas relacionadas con el mundo de la industria de Valladolid determinar\u00e1 el ganador de cada una de las categor\u00edas principales (no as\u00ed con las especiales) tras estudiar las candidaturas. El fallo se comunicar\u00e1 directamente a los ganadores y tambi\u00e9n en la gala de entrega de premios a la que se acceder\u00e1 con invitaci\u00f3n a trav\u00e9s de ingenierosVA.<\/p>\n<p><strong>Gala<\/strong><\/p>\n<p>La entrega de los trofeos ser\u00e1 el 30 de noviembre de 2022, por la tarde (pendiente hora) en el Auditorio 2 de la Feria de Valladolid.<\/p><p><br><\/p>\n<p><b><strong>5.- OTRAS CONSIDERACIONES<\/strong><\/b><\/p>\n<p>La participaci\u00f3n es gratuita.<\/p>\n<p>ingenierosVA se reserva el derecho de rechazar las candidaturas que no cumplieren las condiciones descritas en estas bases o contravinieren el esp\u00edritu o los valores del certamen.<\/p>\n<p>Tomar parte en este certamen supone la aceptaci\u00f3n de sus bases y condiciones, as\u00ed como el criterio de la organizaci\u00f3n en lo referido a cualquier resoluci\u00f3n derivada de los premios.<\/p>\n<p>ingenierosVA se reserva el derecho de modificaci\u00f3n de los plazos de recepci\u00f3n de propuestas o cualquier otro apartado si fuera necesario para el buen desarrollo del certamen. Los derechos sobre los <strong>premios ingenierosVA de la industria<\/strong> son propiedad del Colegio Oficial de Graduados en Ingenier\u00eda de la rama industrial e Ingenieros T\u00e9cnicos Industriales de Valladolid. Por causas justificadas o que contravinieran el esp\u00edritu de los reconocimientos la organizaci\u00f3n podr\u00e1 modificar, suspender o interrumpir el certamen sin que de ello pudiera derivarse responsabilidad alguna para el Colegio Profesional. Los premios en cada categor\u00eda podr\u00edan quedar desiertos si el jurado considerara que no se alcanza la calidad que el certamen exige.<\/p>\n<p>Si alguno de los miembros del jurado fuere parte o tuviere comprometido inter\u00e9s alguno en cualquiera de las candidaturas que le correspondiere evaluar, se inhibir\u00e1 en la votaci\u00f3n de la candidatura afectada en favor del criterio del resto de componentes del jurado.<\/p>\t\t\t\t\t\t<\/div>\n\t\t\t\t<\/div>\n\t\t\t\t\t<\/div>\n\t\t<\/div>\n\t\t\t\t\t<\/div>\n\t\t<\/section>\n\t\t\t\t<\/div>\n\t\t","protected":false},"excerpt":{"rendered":"<p>Bases Premios 2022 El Colegio Oficial de Ingenieros T\u00e9cnicos Industriales de Valladolid (ingenierosVA) es una Corporaci\u00f3n de Derecho P\u00fablico, reconocido y amparado por el art\u00edculo 36 de la Constituci\u00f3n Espa\u00f1ola y regulado por la legislaci\u00f3n estatal y auton\u00f3mica sobre Colegios Profesionales, as\u00ed como por el&#8230;<\/p>\n","protected":false},"author":1,"featured_media":0,"parent":0,"menu_order":0,"comment_status":"closed","ping_status":"closed","template":"","meta":{"footnotes":""},"yoast_head":"<!-- This site is optimized with the Yoast SEO plugin v20.6 - https:\/\/yoast.com\/wordpress\/plugins\/seo\/ -->\n<title>Bases Premios 2022 - Premios de la Industria de ingenierosVA 2022<\/title>\n<meta name=\"robots\" content=\"index, follow, max-snippet:-1, max-image-preview:large, max-video-preview:-1\" \/>\n<link rel=\"canonical\" href=\"https:\/\/anteriores.premiosdelaindustria.es\/2022\/bases-2022\/\" \/>\n<meta property=\"og:locale\" content=\"es_ES\" \/>\n<meta property=\"og:type\" content=\"article\" \/>\n<meta property=\"og:title\" content=\"Bases Premios 2022 - Premios de la Industria de ingenierosVA 2022\" \/>\n<meta property=\"og:description\" content=\"Bases Premios 2022 El Colegio Oficial de Ingenieros T\u00e9cnicos Industriales de Valladolid (ingenierosVA) es una Corporaci\u00f3n de Derecho P\u00fablico, reconocido y amparado por el art\u00edculo 36 de la Constituci\u00f3n Espa\u00f1ola y regulado por la legislaci\u00f3n estatal y auton\u00f3mica sobre Colegios Profesionales, as\u00ed como por el...\" \/>\n<meta property=\"og:url\" content=\"https:\/\/anteriores.premiosdelaindustria.es\/2022\/bases-2022\/\" \/>\n<meta property=\"og:site_name\" content=\"Premios de la Industria de ingenierosVA 2022\" \/>\n<meta property=\"article:modified_time\" content=\"2022-10-24T08:23:05+00:00\" \/>\n<meta name=\"twitter:card\" content=\"summary_large_image\" \/>\n<meta name=\"twitter:label1\" content=\"Tiempo de lectura\" \/>\n\t<meta name=\"twitter:data1\" content=\"6 minutos\" \/>\n<script type=\"application\/ld+json\" class=\"yoast-schema-graph\">{\"@context\":\"https:\/\/schema.org\",\"@graph\":[{\"@type\":\"WebPage\",\"@id\":\"https:\/\/anteriores.premiosdelaindustria.es\/2022\/bases-2022\/\",\"url\":\"https:\/\/anteriores.premiosdelaindustria.es\/2022\/bases-2022\/\",\"name\":\"Bases Premios 2022 - Premios de la Industria de ingenierosVA 2022\",\"isPartOf\":{\"@id\":\"https:\/\/anteriores.premiosdelaindustria.es\/2022\/#website\"},\"datePublished\":\"2022-10-10T18:43:44+00:00\",\"dateModified\":\"2022-10-24T08:23:05+00:00\",\"inLanguage\":\"es\",\"potentialAction\":[{\"@type\":\"ReadAction\",\"target\":[\"https:\/\/anteriores.premiosdelaindustria.es\/2022\/bases-2022\/\"]}]},{\"@type\":\"WebSite\",\"@id\":\"https:\/\/anteriores.premiosdelaindustria.es\/2022\/#website\",\"url\":\"https:\/\/anteriores.premiosdelaindustria.es\/2022\/\",\"name\":\"Premios de la Industria de ingenierosVA 2022\",\"description\":\"Reconocer la importancia de la ingenier\u00eda en el desarrollo de la sociedad y de la industria\",\"publisher\":{\"@id\":\"https:\/\/anteriores.premiosdelaindustria.es\/2022\/#organization\"},\"potentialAction\":[{\"@type\":\"SearchAction\",\"target\":{\"@type\":\"EntryPoint\",\"urlTemplate\":\"https:\/\/anteriores.premiosdelaindustria.es\/2022\/?s={search_term_string}\"},\"query-input\":\"required name=search_term_string\"}],\"inLanguage\":\"es\"},{\"@type\":\"Organization\",\"@id\":\"https:\/\/anteriores.premiosdelaindustria.es\/2022\/#organization\",\"name\":\"Premios de la Industria de ingenierosVA 2022\",\"url\":\"https:\/\/anteriores.premiosdelaindustria.es\/2022\/\",\"logo\":{\"@type\":\"ImageObject\",\"inLanguage\":\"es\",\"@id\":\"https:\/\/anteriores.premiosdelaindustria.es\/2022\/#\/schema\/logo\/image\/\",\"url\":\"https:\/\/anteriores.premiosdelaindustria.es\/2022\/wp-content\/uploads\/sites\/11\/2022\/10\/Logo-Premios-de-la-Industria-2022.jpg\",\"contentUrl\":\"https:\/\/anteriores.premiosdelaindustria.es\/2022\/wp-content\/uploads\/sites\/11\/2022\/10\/Logo-Premios-de-la-Industria-2022.jpg\",\"width\":1052,\"height\":286,\"caption\":\"Premios de la Industria de ingenierosVA 2022\"},\"image\":{\"@id\":\"https:\/\/anteriores.premiosdelaindustria.es\/2022\/#\/schema\/logo\/image\/\"}}]}<\/script>\n<!-- \/ Yoast SEO plugin. -->","yoast_head_json":{"title":"Bases Premios 2022 - Premios de la Industria de ingenierosVA 2022","robots":{"index":"index","follow":"follow","max-snippet":"max-snippet:-1","max-image-preview":"max-image-preview:large","max-video-preview":"max-video-preview:-1"},"canonical":"https:\/\/anteriores.premiosdelaindustria.es\/2022\/bases-2022\/","og_locale":"es_ES","og_type":"article","og_title":"Bases Premios 2022 - Premios de la Industria de ingenierosVA 2022","og_description":"Bases Premios 2022 El Colegio Oficial de Ingenieros T\u00e9cnicos Industriales de Valladolid (ingenierosVA) es una Corporaci\u00f3n de Derecho P\u00fablico, reconocido y amparado por el art\u00edculo 36 de la Constituci\u00f3n Espa\u00f1ola y regulado por la legislaci\u00f3n estatal y auton\u00f3mica sobre Colegios Profesionales, as\u00ed como por el...","og_url":"https:\/\/anteriores.premiosdelaindustria.es\/2022\/bases-2022\/","og_site_name":"Premios de la Industria de ingenierosVA 2022","article_modified_time":"2022-10-24T08:23:05+00:00","twitter_card":"summary_large_image","twitter_misc":{"Tiempo de lectura":"6 minutos"},"schema":{"@context":"https:\/\/schema.org","@graph":[{"@type":"WebPage","@id":"https:\/\/anteriores.premiosdelaindustria.es\/2022\/bases-2022\/","url":"https:\/\/anteriores.premiosdelaindustria.es\/2022\/bases-2022\/","name":"Bases Premios 2022 - Premios de la Industria de ingenierosVA 2022","isPartOf":{"@id":"https:\/\/anteriores.premiosdelaindustria.es\/2022\/#website"},"datePublished":"2022-10-10T18:43:44+00:00","dateModified":"2022-10-24T08:23:05+00:00","inLanguage":"es","potentialAction":[{"@type":"ReadAction","target":["https:\/\/anteriores.premiosdelaindustria.es\/2022\/bases-2022\/"]}]},{"@type":"WebSite","@id":"https:\/\/anteriores.premiosdelaindustria.es\/2022\/#website","url":"https:\/\/anteriores.premiosdelaindustria.es\/2022\/","name":"Premios de la Industria de ingenierosVA 2022","description":"Reconocer la importancia de la ingenier\u00eda en el desarrollo de la sociedad y de la industria","publisher":{"@id":"https:\/\/anteriores.premiosdelaindustria.es\/2022\/#organization"},"potentialAction":[{"@type":"SearchAction","target":{"@type":"EntryPoint","urlTemplate":"https:\/\/anteriores.premiosdelaindustria.es\/2022\/?s={search_term_string}"},"query-input":"required name=search_term_string"}],"inLanguage":"es"},{"@type":"Organization","@id":"https:\/\/anteriores.premiosdelaindustria.es\/2022\/#organization","name":"Premios de la Industria de ingenierosVA 2022","url":"https:\/\/anteriores.premiosdelaindustria.es\/2022\/","logo":{"@type":"ImageObject","inLanguage":"es","@id":"https:\/\/anteriores.premiosdelaindustria.es\/2022\/#\/schema\/logo\/image\/","url":"https:\/\/anteriores.premiosdelaindustria.es\/2022\/wp-content\/uploads\/sites\/11\/2022\/10\/Logo-Premios-de-la-Industria-2022.jpg","contentUrl":"https:\/\/anteriores.premiosdelaindustria.es\/2022\/wp-content\/uploads\/sites\/11\/2022\/10\/Logo-Premios-de-la-Industria-2022.jpg","width":1052,"height":286,"caption":"Premios de la Industria de ingenierosVA 2022"},"image":{"@id":"https:\/\/anteriores.premiosdelaindustria.es\/2022\/#\/schema\/logo\/image\/"}}]}},"_links":{"self":[{"href":"https:\/\/anteriores.premiosdelaindustria.es\/2022\/wp-json\/wp\/v2\/pages\/2821"}],"collection":[{"href":"https:\/\/anteriores.premiosdelaindustria.es\/2022\/wp-json\/wp\/v2\/pages"}],"about":[{"href":"https:\/\/anteriores.premiosdelaindustria.es\/2022\/wp-json\/wp\/v2\/types\/page"}],"author":[{"embeddable":true,"href":"https:\/\/anteriores.premiosdelaindustria.es\/2022\/wp-json\/wp\/v2\/users\/1"}],"replies":[{"embeddable":true,"href":"https:\/\/anteriores.premiosdelaindustria.es\/2022\/wp-json\/wp\/v2\/comments?post=2821"}],"version-history":[{"count":16,"href":"https:\/\/anteriores.premiosdelaindustria.es\/2022\/wp-json\/wp\/v2\/pages\/2821\/revisions"}],"predecessor-version":[{"id":3164,"href":"https:\/\/anteriores.premiosdelaindustria.es\/2022\/wp-json\/wp\/v2\/pages\/2821\/revisions\/3164"}],"wp:attachment":[{"href":"https:\/\/anteriores.premiosdelaindustria.es\/2022\/wp-json\/wp\/v2\/media?parent=2821"}],"curies":[{"name":"wp","href":"https:\/\/api.w.org\/{rel}","templated":true}]}}