{"id":146,"date":"2017-04-28T19:03:03","date_gmt":"2017-04-28T17:03:03","guid":{"rendered":"http:\/\/www.premiosdelaindustria.es\/?page_id=146"},"modified":"2022-10-11T12:56:40","modified_gmt":"2022-10-11T10:56:40","slug":"aviso-legal","status":"publish","type":"page","link":"https:\/\/anteriores.premiosdelaindustria.es\/2022\/aviso-legal\/","title":{"rendered":"Aviso Legal"},"content":{"rendered":"<section class=\"wpb-content-wrapper\"><p>[vc_row css_animation=\u00bb\u00bb row_type=\u00bbrow\u00bb use_row_as_full_screen_section=\u00bbno\u00bb type=\u00bbfull_width\u00bb angled_section=\u00bbno\u00bb text_align=\u00bbleft\u00bb background_image_as_pattern=\u00bbwithout_pattern\u00bb][vc_column]<div class='qode_parallax_layers ' style='height: 125px;' data-height=\"125\"><div class='qode_parallax_layers_holder preload_parallax_layers'><div class=\"image\" style=\"background-image:url(https:\/\/anteriores.premiosdelaindustria.es\/2022\/wp-content\/uploads\/sites\/11\/2017\/04\/Dise\u00f1o-sin-t\u00edtulo-9.png);\" ><\/div><div class=\"paralax_layers_content_holder\"><div class=\"paralax_layers_content\"><div class=\"paralax_layers_content_inner\"><div class=\"container_inner\"><\/p>\n<h2 style=\"text-align: right;\"><strong><span style=\"color: #ffffff;\">Aviso Legal<\/span><\/strong><\/h2>\n<p><\/div><\/div><\/div><\/div><\/div><\/div>[vc_empty_space height=\u00bb45px\u00bb][\/vc_column][\/vc_row][vc_row css_animation=\u00bb\u00bb row_type=\u00bbrow\u00bb use_row_as_full_screen_section=\u00bbno\u00bb type=\u00bbfull_width\u00bb angled_section=\u00bbno\u00bb text_align=\u00bbleft\u00bb background_image_as_pattern=\u00bbwithout_pattern\u00bb][vc_column width=\u00bb1\/6&#8243;][\/vc_column][vc_column width=\u00bb2\/3&#8243;][vc_column_text]<\/p>\n<p style=\"text-align: left;\">En el presente Aviso Legal se establecen los contenidos referentes a la utilizaci\u00f3n de la web www.premiosdelaindustria.es propiedad del Colegio Oficial de Graduados en Ingenier\u00eda de la rama industrial e Ingenieros T\u00e9cnicos Industriales de Valladolid, la cual queda a disposici\u00f3n de los usuarios de Internet.<\/p>\n<p style=\"text-align: left;\">Este sitio web ha sido creado por el Colegio Oficial de Graduados en Ingenier\u00eda de la rama industrial e Ingenieros T\u00e9cnicos Industriales de Valladolid con car\u00e1cter informativo y para su uso personal.<\/p>\n<p>&nbsp;<\/p>\n<p><strong>POL\u00cdTICA DE PRIVACIDAD<\/strong><\/p>\n<p>A trav\u00e9s de este sitio web no se recaban datos de car\u00e1cter personal de los usuarios sin su conocimiento, ni se ceden a terceros.<\/p>\n<p>El portal del que es titular el Colegio de Graduados en Ingenier\u00eda de la rama industrial e Ingenieros T\u00e9cnicos Industriales de Valladolid (ingenierosVA) contiene enlaces a sitios web de terceros, cuyas pol\u00edticas de privacidad son ajenas a ingenierosVA. Al acceder a tales sitios web usted puede decidir si acepta sus pol\u00edticas de privacidad y de cookies. Con car\u00e1cter general, si navega por internet usted puede aceptar o rechazar las cookies de terceros desde las opciones de configuraci\u00f3n de su navegador.<\/p>\n<p>Los datos de car\u00e1cter personal que se recaban directamente del usuario a trav\u00e9s de la p\u00e1gina web ser\u00e1n tratados de forma confidencial y quedar\u00e1n incorporados a los respectivos ficheros de los que es responsable el Colegio Oficial de Graduados en Ingenier\u00eda de la Rama Industrial e Ingenieros T\u00e9cnicos Industriales de Valladolid.<\/p>\n<p>&nbsp;<\/p>\n<h4><strong>Informaci\u00f3n b\u00e1sica sobre protecci\u00f3n de datos<\/strong><\/h4>\n<p>A continuaci\u00f3n le informamos sobre la pol\u00edtica de protecci\u00f3n de datos del Colegio de Graduados en Ingenier\u00eda de la rama industrial e Ingenieros T\u00e9cnicos Industriales de Valladolid (ingenierosVA).<\/p>\n<p>De conformidad con el art\u00edculo 13 del <a href=\"https:\/\/eur-lex.europa.eu\/legal-content\/ES\/TXT\/HTML\/?uri=CELEX:32016R0679&amp;from=ES\" target=\"_blank\" rel=\"noopener\">REGLAMENTO (UE) 2016\/679<\/a> del Parlamento Europeo y del Consejo de 27 de abril de 2016 relativo a la protecci\u00f3n de las personas f\u00edsicas en lo que respecta al tratamiento de datos personales y a la libre circulaci\u00f3n de estos datos y por el que se deroga la Directiva 95\/46\/CE (<strong>Reglamento general de protecci\u00f3n de datos<\/strong>), <strong>se informa al usuario de los siguientes aspectos<\/strong>:<\/p>\n<p>&nbsp;<\/p>\n<p><strong>\u00bfQui\u00e9n es el Responsable del tratamiento de sus datos?<\/strong><\/p>\n<p>Identidad: Colegio Oficial de Graduados en Ingenier\u00eda de la Rama Industrial e Ingenieros T\u00e9cnicos Industriales de Valladolid &#8211; CIF: Q4770001H<\/p>\n<p>Direcci\u00f3n Postal: C\/ Divina Pastora 1, 1\u00ba &#8211; 47004 Valladolid.<\/p>\n<p>Tel\u00e9fono: 983-304078<\/p>\n<p>Correo electr\u00f3nico: <a href=\"mailto:colegio@ingenierosvalladolid.es\">colegio@ingenierosvalladolid.es<\/a><\/p>\n<p>&nbsp;<\/p>\n<p><strong>\u00bfCon qu\u00e9 finalidad tratamos sus datos personales?<\/strong><\/p>\n<p>El Colegio Oficial de Graduados en Ingenier\u00eda de la Rama Industrial e Ingenieros T\u00e9cnicos Industriales de Valladolid informan a los usuarios que la finalidad del tratamiento de los datos recabados contempla: La atenci\u00f3n de solicitudes realizadas por los usuarios, la inclusi\u00f3n en la agenda de contactos, la prestaci\u00f3n de servicios, la gesti\u00f3n de la relaci\u00f3n comercial y para poder atender la solicitud de informaci\u00f3n o contacto realizada. Tambi\u00e9n se contempla la recepci\u00f3n de candidaturas a los Premios de la Industria convocados por ingenierosVA.<\/p>\n<p>Al presentar su candidatura autoriza a que los datos personales facilitados ser\u00e1n tratados por la entidad organizadora, Colegio de Ingenieros T\u00e9cnicos Industriales de Valladolid (ingenierosVA), \u00fanicamente para la finalidad de gestionar la inscripci\u00f3n de candidaturas, en funci\u00f3n de las Bases de los Premios, y la comunicaci\u00f3n de la participaci\u00f3n en la Gala de entrega de trofeos, cuando el Usuario haya facilitado sus datos a tal fin. En el acto se podr\u00e1n realizar fotograf\u00edas y v\u00eddeos de los asistentes que acudan al evento, con el fin de informar y dar promoci\u00f3n a la actividad. Los datos ser\u00e1n conservados durante el periodo necesario para cumplir con la finalidad mencionada.<\/p>\n<p>&nbsp;<\/p>\n<p><strong>\u00bfCu\u00e1l es la legitimaci\u00f3n para el tratamiento de sus datos?<\/strong><\/p>\n<p>El tratamiento de sus datos se realiza para el cumplimiento de obligaciones legales por parte de ingenierosVA, para el cumplimiento de misiones realizada en inter\u00e9s p\u00fablico o en el ejercicio de funciones p\u00fablicas conferidas a ingenierosVA, as\u00ed como cuando la finalidad del tratamiento requiera su consentimiento expreso, que habr\u00e1 de ser prestado mediante una clara acci\u00f3n afirmativa.<\/p>\n<p>Si es colegiado la legitimaci\u00f3n ser\u00e1 la relaci\u00f3n contractual que le une con el Colegio.<\/p>\n<p>&nbsp;<\/p>\n<p><strong>\u00bfPor cu\u00e1nto tiempo conservaremos sus datos?<\/strong><\/p>\n<p>Los datos personales proporcionados se conservar\u00e1n durante el tiempo necesario para cumplir con la finalidad para la que se recaban, durante el plazo en que siga vigente la relaci\u00f3n contractual, o bien durante el plazo estipulado por la legislaci\u00f3n fiscal y laboral respecto a la prescripci\u00f3n de obligaciones y responsabilidades.<\/p>\n<p>&nbsp;<\/p>\n<p><strong>\u00bfA qu\u00e9 destinatarios se comunicar\u00e1n sus datos?<\/strong><\/p>\n<p>El Colegio Oficial de Graduados en Ingenier\u00eda de la Rama Industrial e Ingenieros T\u00e9cnicos Industriales de Valladolid informa a los usuarios de que sus datos personales no ser\u00e1n cedidos a terceras organizaciones, con la salvedad de que dicha cesi\u00f3n de datos este amparada en una obligaci\u00f3n legal o cuando la prestaci\u00f3n de un servicio implique la necesidad de una relaci\u00f3n contractual con un encargado de tratamiento.<\/p>\n<p>&nbsp;<\/p>\n<p><strong>\u00bfCu\u00e1les son sus derechos cuando nos facilita sus datos?<\/strong><\/p>\n<p>Las personas interesadas tienen derecho a acceder a sus datos personales, as\u00ed como a solicitar la rectificaci\u00f3n de los datos inexactos o, en su caso, solicitar su supresi\u00f3n cuando, entre otros motivos, los datos ya no sean necesarios para los fines que fueron recogidos.<\/p>\n<p>En determinadas circunstancias, los interesados podr\u00e1n solicitar la limitaci\u00f3n del tratamiento de sus datos, podr\u00e1n oponerse al tratamiento de los datos, as\u00ed como ejercer el derecho a la portabilidad de sus datos.<\/p>\n<p>Para hacer uso del ejercicio de estos derechos, el usuario deber\u00e1 dirigirse a la siguiente direcci\u00f3n: Calle Divina Pastora 1, 1\u00ba Valladolid 47004 o en la direcci\u00f3n de correo <a href=\"mailto:colegio@ingenierosvalladolid.es\">colegio@ingenierosvalladolid.es<\/a>. Dicha comunicaci\u00f3n deber\u00e1 reflejar la siguiente informaci\u00f3n: Nombre y apellidos del usuario, la petici\u00f3n de solicitud, el domicilio y los datos acreditativos.<\/p>\n<p>As\u00ed mismo, todo interesado tendr\u00e1 derecho a presentar una reclamaci\u00f3n ante la Agencia Espa\u00f1ola de Protecci\u00f3n de Datos.<\/p>\n<p>&nbsp;<\/p>\n<p>&nbsp;<\/p>\n<h4><strong><a name=\"legal\"><\/a>Aviso Legal<\/strong><\/h4>\n<p><strong>DATOS IDENTIFICATIVOS<\/strong><\/p>\n<p>En cumplimiento con el deber de informaci\u00f3n recogido en la Ley 34\/2002, de 11 de julio, de Servicios de la Sociedad de la Informaci\u00f3n y del Comercio Electr\u00f3nico, le informamos que este sitio web es titularidad del Colegio Oficial de Graduados en Ingenier\u00eda de la Rama Industrial e Ingenieros T\u00e9cnicos Industriales de Valladolid, con domicilio en Calle Divina Pastora 1, 1\u00ba 47004 Valladolid, y CIF Q4770001H; seg\u00fan Estatutos aprobados por Orden de 24 de Noviembre de 2000, de la Consejer\u00eda de Presidencia y Administraci\u00f3n Territorial de la Junta de Castilla y Le\u00f3n, inscrito en el Registro de Colegios Profesionales de Castilla y Le\u00f3n.<\/p>\n<p>&nbsp;<\/p>\n<p><strong>CONDICIONES GENERALES DE USO<\/strong><\/p>\n<p>Con car\u00e1cter general, el Usuario se obliga al cumplimiento de las presentes condiciones y t\u00e9rminos de uso, y obrar siempre conforme a la ley, a las buenas costumbres y a las exigencias de la buena fe, empleando la diligencia adecuada a la naturaleza del servicio del que disfruta, y absteni\u00e9ndose de utilizar el presente sitio web de cualquier forma que pueda impedir, da\u00f1ar o deteriorar el normal funcionamiento del mismo, los bienes o derechos del titular (en adelante, Colegio Oficial de Graduados en Ingenier\u00eda de la Rama Industrial e Ingenieros T\u00e9cnicos Industriales de Valladolid), del resto de Usuarios o, en general, de cualquier tercero.<\/p>\n<p>El Colegio Oficial de Graduados en Ingenier\u00eda de la Rama Industrial e Ingenieros T\u00e9cnicos Industriales de Valladolid podr\u00e1, en todo momento y sin previo aviso, modificar las presentes Condiciones Generales, as\u00ed como las Condiciones Particulares que, en su caso, se incluyan, mediante la publicaci\u00f3n de dichas modificaciones en el sitio web con el fin de que puedan ser conocidas por los Usuarios.<\/p>\n<p>&nbsp;<\/p>\n<p><strong>PROPIEDAD INTELECTUAL E INDUSTRIAL<\/strong><\/p>\n<p>El Colegio Oficial de Graduados en Ingenier\u00eda de la Rama Industrial e Ingenieros T\u00e9cnicos Industriales de Valladolid es titular de todos los derechos de propiedad intelectual e industrial de su p\u00e1gina web as\u00ed como de los elementos contenidos en la misma.<\/p>\n<p>En virtud de lo dispuesto en la Ley de Propiedad Intelectual, quedan expresamente prohibidas la reproducci\u00f3n, la distribuci\u00f3n y la comunicaci\u00f3n p\u00fablica, incluida su modalidad de puesta a disposici\u00f3n, de la totalidad o parte de los contenidos de esta p\u00e1gina web, con fines comerciales, en cualquier soporte y por cualquier medio t\u00e9cnico, sin la autorizaci\u00f3n del Colegio Oficial de Graduados en Ingenier\u00eda de la Rama Industrial e Ingenieros T\u00e9cnicos Industriales de Valladolid. El USUARIO se compromete a respetar los derechos de Propiedad Intelectual e Industrial titularidad del Colegio Oficial de Graduados en Ingenier\u00eda de la Rama Industrial e Ingenieros T\u00e9cnicos Industriales de Valladolid.<\/p>\n<p>&nbsp;<\/p>\n<p><strong>EXONERACI\u00d3N DE RESPONSABILIDAD<\/strong><\/p>\n<p>Tanto el acceso a los portales del Colegio Oficial de Graduados en Ingenier\u00eda de la Rama Industrial e Ingenieros T\u00e9cnicos Industriales de Valladolid como el uso que pueda hacerse de la informaci\u00f3n contenida en los mismos es de la exclusiva responsabilidad de quien lo realiza.<\/p>\n<p>El Colegio Oficial de Graduados en Ingenier\u00eda de la Rama Industrial e Ingenieros T\u00e9cnicos Industriales de Valladolid no se hace responsable de los posibles errores de seguridad que se puedan producir ni de los posibles da\u00f1os que puedan causarse al sistema inform\u00e1tico del Usuario (hardware y software), los ficheros o documentos almacenados en el mismo, como consecuencia de la presencia de virus en el ordenador del Usuario utilizado para la conexi\u00f3n a los servicios y contenidos de la Web, de un mal funcionamiento del navegador o del uso de versiones no actualizadas del mismo.<\/p>\n<p>El Colegio Oficial de Graduados en Ingenier\u00eda de la Rama Industrial e Ingenieros T\u00e9cnicos Industriales de Valladolid no se hace responsable de la legalidad de otros sitios web de terceros desde los que pueda accederse a esta Web. El Colegio tampoco responde por la legalidad de otros sitios web de terceros, que pudieran estar vinculados o enlazados desde este portal.<\/p>\n<p>[\/vc_column_text][vc_empty_space][\/vc_column][vc_column width=\u00bb1\/6&#8243;][\/vc_column][\/vc_row][vc_row css_animation=\u00bb\u00bb row_type=\u00bbrow\u00bb use_row_as_full_screen_section=\u00bbno\u00bb type=\u00bbfull_width\u00bb angled_section=\u00bbno\u00bb text_align=\u00bbleft\u00bb background_image_as_pattern=\u00bbwithout_pattern\u00bb z_index=\u00bb\u00bb anchor=\u00bbimagen\u00bb][vc_column width=\u00bb1\/6&#8243;][\/vc_column][vc_column width=\u00bb2\/3&#8243;][vc_column_text]<strong>Derechos de imagen<\/strong><\/p>\n<p>Al solicitar la candidatura a los Premios de la Industria autorizo a ingenierosVA a que utilice mi imagen (de la\/s personas representantes) e imagen corporativa para efectos de comunicaci\u00f3n a trav\u00e9s de sus webs, redes sociales, memorias de actividad, y presentaciones, y por mi participaci\u00f3n en el evento de la Gala de entrega de trofeos, que se realizar\u00e1 el 30 de noviembre de 2022. Esta autorizaci\u00f3n de utilizaci\u00f3n de mi imagen se hace al amparo de lo dispuesto en la normativa vigente.<\/p>\n<p>&nbsp;<\/p>\n<p><strong>LEY Y JURISDICCI\u00d3N APLICABLE<\/strong><\/p>\n<p>La ley aplicable en caso de disputa o conflicto de interpretaci\u00f3n de los t\u00e9rminos que conforman este aviso legal, as\u00ed como cualquier cuesti\u00f3n relacionada con los servicios del presente portal, ser\u00e1 la ley espa\u00f1ola.<\/p>\n<p>Las partes, con renuncia expresa a cualquier otro fuero, se someten al de los juzgados y tribunales de la ciudad de Valladolid para cualquier controversia que pudiera derivarse del acceso, o uso de la Web.<\/p>\n<p>&nbsp;<\/p>\n<p>\u00a9 Copyright 2022, Colegio Oficial de Graduados en Ingenier\u00eda de la rama industrial e Ingenieros T\u00e9cnicos Industriales de Valladolid. CIF Q4770001H<\/p>\n<p>Todos los derechos reservados<\/p>\n<p><span class=\"article_separator\">\u00a0<\/span>[\/vc_column_text][\/vc_column][vc_column width=\u00bb1\/6&#8243;][\/vc_column][\/vc_row]<\/p>\n<\/section>","protected":false},"excerpt":{"rendered":"<p>[vc_row css_animation=\u00bb\u00bb row_type=\u00bbrow\u00bb use_row_as_full_screen_section=\u00bbno\u00bb type=\u00bbfull_width\u00bb angled_section=\u00bbno\u00bb text_align=\u00bbleft\u00bb background_image_as_pattern=\u00bbwithout_pattern\u00bb][vc_column][vc_empty_space height=\u00bb45px\u00bb][\/vc_column][\/vc_row][vc_row css_animation=\u00bb\u00bb row_type=\u00bbrow\u00bb use_row_as_full_screen_section=\u00bbno\u00bb type=\u00bbfull_width\u00bb angled_section=\u00bbno\u00bb text_align=\u00bbleft\u00bb background_image_as_pattern=\u00bbwithout_pattern\u00bb][vc_column width=\u00bb1\/6&#8243;][\/vc_column][vc_column width=\u00bb2\/3&#8243;][vc_column_text] En el presente Aviso Legal se establecen los contenidos referentes a la utilizaci\u00f3n de la web www.premiosdelaindustria.es propiedad del Colegio Oficial de Graduados en Ingenier\u00eda de la&#8230;<\/p>\n","protected":false},"author":1,"featured_media":0,"parent":0,"menu_order":0,"comment_status":"closed","ping_status":"closed","template":"","meta":{"footnotes":""},"yoast_head":"<!-- This site is optimized with the Yoast SEO plugin v20.6 - https:\/\/yoast.com\/wordpress\/plugins\/seo\/ -->\n<title>Aviso Legal - Premios de la Industria de ingenierosVA 2022<\/title>\n<meta name=\"robots\" content=\"index, follow, max-snippet:-1, max-image-preview:large, max-video-preview:-1\" \/>\n<link rel=\"canonical\" href=\"https:\/\/anteriores.premiosdelaindustria.es\/2022\/aviso-legal\/\" \/>\n<meta property=\"og:locale\" content=\"es_ES\" \/>\n<meta property=\"og:type\" content=\"article\" \/>\n<meta property=\"og:title\" content=\"Aviso Legal - Premios de la Industria de ingenierosVA 2022\" \/>\n<meta property=\"og:description\" content=\"[vc_row css_animation=\u00bb\u00bb row_type=\u00bbrow\u00bb use_row_as_full_screen_section=\u00bbno\u00bb type=\u00bbfull_width\u00bb angled_section=\u00bbno\u00bb text_align=\u00bbleft\u00bb background_image_as_pattern=\u00bbwithout_pattern\u00bb][vc_column][vc_empty_space height=\u00bb45px\u00bb][\/vc_column][\/vc_row][vc_row css_animation=\u00bb\u00bb row_type=\u00bbrow\u00bb use_row_as_full_screen_section=\u00bbno\u00bb type=\u00bbfull_width\u00bb angled_section=\u00bbno\u00bb text_align=\u00bbleft\u00bb background_image_as_pattern=\u00bbwithout_pattern\u00bb][vc_column width=\u00bb1\/6&#8243;][\/vc_column][vc_column width=\u00bb2\/3&#8243;][vc_column_text] En el presente Aviso Legal se establecen los contenidos referentes a la utilizaci\u00f3n de la web www.premiosdelaindustria.es propiedad del Colegio Oficial de Graduados en Ingenier\u00eda de la...\" \/>\n<meta property=\"og:url\" content=\"https:\/\/anteriores.premiosdelaindustria.es\/2022\/aviso-legal\/\" \/>\n<meta property=\"og:site_name\" content=\"Premios de la Industria de ingenierosVA 2022\" \/>\n<meta property=\"article:modified_time\" content=\"2022-10-11T10:56:40+00:00\" \/>\n<meta name=\"twitter:card\" content=\"summary_large_image\" \/>\n<meta name=\"twitter:label1\" content=\"Tiempo de lectura\" \/>\n\t<meta name=\"twitter:data1\" content=\"8 minutos\" \/>\n<script type=\"application\/ld+json\" class=\"yoast-schema-graph\">{\"@context\":\"https:\/\/schema.org\",\"@graph\":[{\"@type\":\"WebPage\",\"@id\":\"https:\/\/anteriores.premiosdelaindustria.es\/2022\/aviso-legal\/\",\"url\":\"https:\/\/anteriores.premiosdelaindustria.es\/2022\/aviso-legal\/\",\"name\":\"Aviso Legal - Premios de la Industria de ingenierosVA 2022\",\"isPartOf\":{\"@id\":\"https:\/\/anteriores.premiosdelaindustria.es\/2022\/#website\"},\"datePublished\":\"2017-04-28T17:03:03+00:00\",\"dateModified\":\"2022-10-11T10:56:40+00:00\",\"inLanguage\":\"es\",\"potentialAction\":[{\"@type\":\"ReadAction\",\"target\":[\"https:\/\/anteriores.premiosdelaindustria.es\/2022\/aviso-legal\/\"]}]},{\"@type\":\"WebSite\",\"@id\":\"https:\/\/anteriores.premiosdelaindustria.es\/2022\/#website\",\"url\":\"https:\/\/anteriores.premiosdelaindustria.es\/2022\/\",\"name\":\"Premios de la Industria de ingenierosVA 2022\",\"description\":\"Reconocer la importancia de la ingenier\u00eda en el desarrollo de la sociedad y de la industria\",\"publisher\":{\"@id\":\"https:\/\/anteriores.premiosdelaindustria.es\/2022\/#organization\"},\"potentialAction\":[{\"@type\":\"SearchAction\",\"target\":{\"@type\":\"EntryPoint\",\"urlTemplate\":\"https:\/\/anteriores.premiosdelaindustria.es\/2022\/?s={search_term_string}\"},\"query-input\":\"required name=search_term_string\"}],\"inLanguage\":\"es\"},{\"@type\":\"Organization\",\"@id\":\"https:\/\/anteriores.premiosdelaindustria.es\/2022\/#organization\",\"name\":\"Premios de la Industria de ingenierosVA 2022\",\"url\":\"https:\/\/anteriores.premiosdelaindustria.es\/2022\/\",\"logo\":{\"@type\":\"ImageObject\",\"inLanguage\":\"es\",\"@id\":\"https:\/\/anteriores.premiosdelaindustria.es\/2022\/#\/schema\/logo\/image\/\",\"url\":\"https:\/\/anteriores.premiosdelaindustria.es\/2022\/wp-content\/uploads\/sites\/11\/2022\/10\/Logo-Premios-de-la-Industria-2022.jpg\",\"contentUrl\":\"https:\/\/anteriores.premiosdelaindustria.es\/2022\/wp-content\/uploads\/sites\/11\/2022\/10\/Logo-Premios-de-la-Industria-2022.jpg\",\"width\":1052,\"height\":286,\"caption\":\"Premios de la Industria de ingenierosVA 2022\"},\"image\":{\"@id\":\"https:\/\/anteriores.premiosdelaindustria.es\/2022\/#\/schema\/logo\/image\/\"}}]}<\/script>\n<!-- \/ Yoast SEO plugin. -->","yoast_head_json":{"title":"Aviso Legal - Premios de la Industria de ingenierosVA 2022","robots":{"index":"index","follow":"follow","max-snippet":"max-snippet:-1","max-image-preview":"max-image-preview:large","max-video-preview":"max-video-preview:-1"},"canonical":"https:\/\/anteriores.premiosdelaindustria.es\/2022\/aviso-legal\/","og_locale":"es_ES","og_type":"article","og_title":"Aviso Legal - Premios de la Industria de ingenierosVA 2022","og_description":"[vc_row css_animation=\u00bb\u00bb row_type=\u00bbrow\u00bb use_row_as_full_screen_section=\u00bbno\u00bb type=\u00bbfull_width\u00bb angled_section=\u00bbno\u00bb text_align=\u00bbleft\u00bb background_image_as_pattern=\u00bbwithout_pattern\u00bb][vc_column][vc_empty_space height=\u00bb45px\u00bb][\/vc_column][\/vc_row][vc_row css_animation=\u00bb\u00bb row_type=\u00bbrow\u00bb use_row_as_full_screen_section=\u00bbno\u00bb type=\u00bbfull_width\u00bb angled_section=\u00bbno\u00bb text_align=\u00bbleft\u00bb background_image_as_pattern=\u00bbwithout_pattern\u00bb][vc_column width=\u00bb1\/6&#8243;][\/vc_column][vc_column width=\u00bb2\/3&#8243;][vc_column_text] En el presente Aviso Legal se establecen los contenidos referentes a la utilizaci\u00f3n de la web www.premiosdelaindustria.es propiedad del Colegio Oficial de Graduados en Ingenier\u00eda de la...","og_url":"https:\/\/anteriores.premiosdelaindustria.es\/2022\/aviso-legal\/","og_site_name":"Premios de la Industria de ingenierosVA 2022","article_modified_time":"2022-10-11T10:56:40+00:00","twitter_card":"summary_large_image","twitter_misc":{"Tiempo de lectura":"8 minutos"},"schema":{"@context":"https:\/\/schema.org","@graph":[{"@type":"WebPage","@id":"https:\/\/anteriores.premiosdelaindustria.es\/2022\/aviso-legal\/","url":"https:\/\/anteriores.premiosdelaindustria.es\/2022\/aviso-legal\/","name":"Aviso Legal - Premios de la Industria de ingenierosVA 2022","isPartOf":{"@id":"https:\/\/anteriores.premiosdelaindustria.es\/2022\/#website"},"datePublished":"2017-04-28T17:03:03+00:00","dateModified":"2022-10-11T10:56:40+00:00","inLanguage":"es","potentialAction":[{"@type":"ReadAction","target":["https:\/\/anteriores.premiosdelaindustria.es\/2022\/aviso-legal\/"]}]},{"@type":"WebSite","@id":"https:\/\/anteriores.premiosdelaindustria.es\/2022\/#website","url":"https:\/\/anteriores.premiosdelaindustria.es\/2022\/","name":"Premios de la Industria de ingenierosVA 2022","description":"Reconocer la importancia de la ingenier\u00eda en el desarrollo de la sociedad y de la industria","publisher":{"@id":"https:\/\/anteriores.premiosdelaindustria.es\/2022\/#organization"},"potentialAction":[{"@type":"SearchAction","target":{"@type":"EntryPoint","urlTemplate":"https:\/\/anteriores.premiosdelaindustria.es\/2022\/?s={search_term_string}"},"query-input":"required name=search_term_string"}],"inLanguage":"es"},{"@type":"Organization","@id":"https:\/\/anteriores.premiosdelaindustria.es\/2022\/#organization","name":"Premios de la Industria de ingenierosVA 2022","url":"https:\/\/anteriores.premiosdelaindustria.es\/2022\/","logo":{"@type":"ImageObject","inLanguage":"es","@id":"https:\/\/anteriores.premiosdelaindustria.es\/2022\/#\/schema\/logo\/image\/","url":"https:\/\/anteriores.premiosdelaindustria.es\/2022\/wp-content\/uploads\/sites\/11\/2022\/10\/Logo-Premios-de-la-Industria-2022.jpg","contentUrl":"https:\/\/anteriores.premiosdelaindustria.es\/2022\/wp-content\/uploads\/sites\/11\/2022\/10\/Logo-Premios-de-la-Industria-2022.jpg","width":1052,"height":286,"caption":"Premios de la Industria de ingenierosVA 2022"},"image":{"@id":"https:\/\/anteriores.premiosdelaindustria.es\/2022\/#\/schema\/logo\/image\/"}}]}},"_links":{"self":[{"href":"https:\/\/anteriores.premiosdelaindustria.es\/2022\/wp-json\/wp\/v2\/pages\/146"}],"collection":[{"href":"https:\/\/anteriores.premiosdelaindustria.es\/2022\/wp-json\/wp\/v2\/pages"}],"about":[{"href":"https:\/\/anteriores.premiosdelaindustria.es\/2022\/wp-json\/wp\/v2\/types\/page"}],"author":[{"embeddable":true,"href":"https:\/\/anteriores.premiosdelaindustria.es\/2022\/wp-json\/wp\/v2\/users\/1"}],"replies":[{"embeddable":true,"href":"https:\/\/anteriores.premiosdelaindustria.es\/2022\/wp-json\/wp\/v2\/comments?post=146"}],"version-history":[{"count":4,"href":"https:\/\/anteriores.premiosdelaindustria.es\/2022\/wp-json\/wp\/v2\/pages\/146\/revisions"}],"predecessor-version":[{"id":2874,"href":"https:\/\/anteriores.premiosdelaindustria.es\/2022\/wp-json\/wp\/v2\/pages\/146\/revisions\/2874"}],"wp:attachment":[{"href":"https:\/\/anteriores.premiosdelaindustria.es\/2022\/wp-json\/wp\/v2\/media?parent=146"}],"curies":[{"name":"wp","href":"https:\/\/api.w.org\/{rel}","templated":true}]}}