{"id":2082,"date":"2021-09-28T09:09:56","date_gmt":"2021-09-28T07:09:56","guid":{"rendered":"https:\/\/anteriores.premiosdelaindustria.es\/2021\/?page_id=2082"},"modified":"2021-09-28T09:13:29","modified_gmt":"2021-09-28T07:13:29","slug":"aquona-2","status":"publish","type":"page","link":"https:\/\/anteriores.premiosdelaindustria.es\/2021\/aquona-2\/","title":{"rendered":"AQUONA"},"content":{"rendered":"<section class=\"wpb-content-wrapper\"><p>[vc_row css_animation=\u00bb\u00bb row_type=\u00bbrow\u00bb use_row_as_full_screen_section=\u00bbno\u00bb type=\u00bbfull_width\u00bb angled_section=\u00bbno\u00bb text_align=\u00bbleft\u00bb background_image_as_pattern=\u00bbwithout_pattern\u00bb][vc_column][vc_column_text]<\/p>\n<h1>AQUONA<\/h1>\n<p>[\/vc_column_text][\/vc_column][\/vc_row][vc_row css_animation=\u00bb\u00bb row_type=\u00bbrow\u00bb use_row_as_full_screen_section=\u00bbno\u00bb type=\u00bbfull_width\u00bb angled_section=\u00bbno\u00bb text_align=\u00bbleft\u00bb background_image_as_pattern=\u00bbwithout_pattern\u00bb][vc_column width=\u00bb1\/2&#8243;][vc_column_text]<a href=\"https:\/\/www.aquona-sa.es\/\" target=\"_blank\" rel=\"noopener\">Aquona Gesti\u00f3n de Aguas de Castilla, S.A.U.<\/a> es una empresa medioambiental que centra su actividad en los servicios del ciclo integral del agua, siendo referente en Castilla-La Mancha y Castilla y Le\u00f3n, donde opera desde 1969.<\/p>\n<p>Presta sus servicios en 130 municipios dando servicio a 1.100.000 habitantes y cuidando de la calidad del agua de consumo humano de 111 millones de m3 al a\u00f1o.<\/p>\n<p>Aquona ha desarrollado una estrategia de gesti\u00f3n que se fundamenta en cuatro pilares b\u00e1sicos: Digitalizaci\u00f3n, Innovaci\u00f3n, Compromiso Social y Sostenibilidad, y sobre ellos ha desarrollado un Plan Estrat\u00e9gico de Desarrollo Sostenible alineado con la Agenda 2030 y los Objetivos de Desarrollo Sostenible (ODS) de la ONU.<\/p>\n<p>Todos los ODS tienen en com\u00fan el agua como elemento transversal imprescindible para lograr su cumplimiento y Aquona se alinea con este planteamiento global, siendo parte activa de la transformaci\u00f3n, y lo hace a trav\u00e9s de 10 compromisos en Desarrollo sostenible recogidos en el Plan Estrat\u00e9gico Aquona 2030.[\/vc_column_text][\/vc_column][vc_column width=\u00bb1\/2&#8243;][vc_single_image image=\u00bb2090&#8243; img_size=\u00bblarge\u00bb alignment=\u00bbcenter\u00bb qode_css_animation=\u00bb\u00bb][\/vc_column][\/vc_row][vc_row css_animation=\u00bb\u00bb row_type=\u00bbrow\u00bb use_row_as_full_screen_section=\u00bbno\u00bb type=\u00bbfull_width\u00bb angled_section=\u00bbno\u00bb text_align=\u00bbleft\u00bb background_image_as_pattern=\u00bbwithout_pattern\u00bb][vc_column][vc_empty_space height=\u00bb64px\u00bb][\/vc_column][\/vc_row][vc_row css_animation=\u00bb\u00bb row_type=\u00bbrow\u00bb use_row_as_full_screen_section=\u00bbno\u00bb type=\u00bbfull_width\u00bb angled_section=\u00bbno\u00bb text_align=\u00bbleft\u00bb background_image_as_pattern=\u00bbwithout_pattern\u00bb][vc_column width=\u00bb1\/2&#8243;][vc_empty_space height=\u00bb22px\u00bb][vc_video link=\u00bbhttps:\/\/youtu.be\/auU8NENoe-Q\u00bb align=\u00bbcenter\u00bb][vc_empty_space height=\u00bb22px\u00bb][\/vc_column][vc_column width=\u00bb1\/2&#8243;][vc_column_text]Bajo el impacto de la pandemia Aquona ha seguido operando bajo las premisas de velar por la seguridad y salud de los empleados y la de garantizar el suministro de un servicio b\u00e1sico como es el agua a todos los ciudadanos. Su respuesta a la crisis de la COVID-19 se ha caracterizado por la anticipaci\u00f3n, refuerzo de la comunicaci\u00f3n, consolidaci\u00f3n del teletrabajo como una modalidad flexible de empleo y una medida de contenci\u00f3n sanitaria contra la COVID-19 y reforzando los canales digitales con los clientes.<\/p>\n<p>Aquona se compromete a garantizar el acceso al agua, especialmente a las personas en situaci\u00f3n de vulnerabilidad y a promover la igualdad de oportunidades creando entornos inclusivos y diversos<\/p>\n<p>Aquona mantiene una fuerte apuesta por la sostenibilidad y se compromete a ser agente activo en la concienciaci\u00f3n de la ciudadan\u00eda sobre el cuidado del agua y del medio ambiente, as\u00ed como en acci\u00f3n social para cubrir las necesidades de los colectivos m\u00e1s vulnerables.<\/p>\n<p>&nbsp;<\/p>\n<p><a href=\"https:\/\/www.aquona-sa.es\/\">https:\/\/www.aquona-sa.es\/<\/a><\/p>\n<p>[\/vc_column_text][\/vc_column][\/vc_row][vc_row css_animation=\u00bb\u00bb row_type=\u00bbrow\u00bb use_row_as_full_screen_section=\u00bbno\u00bb type=\u00bbfull_width\u00bb angled_section=\u00bbno\u00bb text_align=\u00bbleft\u00bb background_image_as_pattern=\u00bbwithout_pattern\u00bb][vc_column][vc_empty_space height=\u00bb40px\u00bb][\/vc_column][\/vc_row][vc_row css_animation=\u00bb\u00bb row_type=\u00bbrow\u00bb use_row_as_full_screen_section=\u00bbno\u00bb type=\u00bbfull_width\u00bb angled_section=\u00bbno\u00bb text_align=\u00bbleft\u00bb background_image_as_pattern=\u00bbwithout_pattern\u00bb][vc_column width=\u00bb1\/3&#8243;][vc_single_image image=\u00bb2140&#8243; img_size=\u00bbfull\u00bb alignment=\u00bbcenter\u00bb qode_css_animation=\u00bb\u00bb][\/vc_column][vc_column width=\u00bb1\/3&#8243;][vc_single_image image=\u00bb2178&#8243; img_size=\u00bbfull\u00bb alignment=\u00bbcenter\u00bb qode_css_animation=\u00bb\u00bb][\/vc_column][vc_column width=\u00bb1\/3&#8243;][vc_single_image image=\u00bb2168&#8243; img_size=\u00bbfull\u00bb alignment=\u00bbcenter\u00bb qode_css_animation=\u00bb\u00bb][\/vc_column][\/vc_row]<\/p>\n<\/section>","protected":false},"excerpt":{"rendered":"<p>[vc_row css_animation=\u00bb\u00bb row_type=\u00bbrow\u00bb use_row_as_full_screen_section=\u00bbno\u00bb type=\u00bbfull_width\u00bb angled_section=\u00bbno\u00bb text_align=\u00bbleft\u00bb background_image_as_pattern=\u00bbwithout_pattern\u00bb][vc_column][vc_column_text] AQUONA [\/vc_column_text][\/vc_column][\/vc_row][vc_row css_animation=\u00bb\u00bb row_type=\u00bbrow\u00bb use_row_as_full_screen_section=\u00bbno\u00bb type=\u00bbfull_width\u00bb angled_section=\u00bbno\u00bb text_align=\u00bbleft\u00bb background_image_as_pattern=\u00bbwithout_pattern\u00bb][vc_column width=\u00bb1\/2&#8243;][vc_column_text]Aquona Gesti\u00f3n de Aguas de Castilla, S.A.U. es una empresa medioambiental que centra su actividad en los servicios del ciclo integral del agua, siendo referente en Castilla-La Mancha&#8230;<\/p>\n","protected":false},"author":3,"featured_media":0,"parent":0,"menu_order":0,"comment_status":"closed","ping_status":"closed","template":"","meta":{"footnotes":""},"yoast_head":"<!-- This site is optimized with the Yoast SEO plugin v20.6 - https:\/\/yoast.com\/wordpress\/plugins\/seo\/ -->\n<title>AQUONA - Premios de la Industria de ingenierosVA 2021<\/title>\n<meta name=\"description\" content=\"Aquona Premio Industria Socialmente Responsable de ingenierosVA\" \/>\n<meta name=\"robots\" content=\"index, follow, max-snippet:-1, max-image-preview:large, max-video-preview:-1\" \/>\n<link rel=\"canonical\" href=\"https:\/\/anteriores.premiosdelaindustria.es\/2021\/aquona-2\/\" \/>\n<meta property=\"og:locale\" content=\"es_ES\" \/>\n<meta property=\"og:type\" content=\"article\" \/>\n<meta property=\"og:title\" content=\"AQUONA - Premios de la Industria de ingenierosVA 2021\" \/>\n<meta property=\"og:description\" content=\"Aquona Premio Industria Socialmente Responsable de ingenierosVA\" \/>\n<meta property=\"og:url\" content=\"https:\/\/anteriores.premiosdelaindustria.es\/2021\/aquona-2\/\" \/>\n<meta property=\"og:site_name\" content=\"Premios de la Industria de ingenierosVA 2021\" \/>\n<meta property=\"article:modified_time\" content=\"2021-09-28T07:13:29+00:00\" \/>\n<meta name=\"twitter:card\" content=\"summary_large_image\" \/>\n<meta name=\"twitter:label1\" content=\"Tiempo de lectura\" \/>\n\t<meta name=\"twitter:data1\" content=\"2 minutos\" \/>\n<script type=\"application\/ld+json\" class=\"yoast-schema-graph\">{\"@context\":\"https:\/\/schema.org\",\"@graph\":[{\"@type\":\"WebPage\",\"@id\":\"https:\/\/anteriores.premiosdelaindustria.es\/2021\/aquona-2\/\",\"url\":\"https:\/\/anteriores.premiosdelaindustria.es\/2021\/aquona-2\/\",\"name\":\"AQUONA - Premios de la Industria de ingenierosVA 2021\",\"isPartOf\":{\"@id\":\"https:\/\/anteriores.premiosdelaindustria.es\/2021\/#website\"},\"datePublished\":\"2021-09-28T07:09:56+00:00\",\"dateModified\":\"2021-09-28T07:13:29+00:00\",\"description\":\"Aquona Premio Industria Socialmente Responsable de ingenierosVA\",\"inLanguage\":\"es\",\"potentialAction\":[{\"@type\":\"ReadAction\",\"target\":[\"https:\/\/anteriores.premiosdelaindustria.es\/2021\/aquona-2\/\"]}]},{\"@type\":\"WebSite\",\"@id\":\"https:\/\/anteriores.premiosdelaindustria.es\/2021\/#website\",\"url\":\"https:\/\/anteriores.premiosdelaindustria.es\/2021\/\",\"name\":\"Premios de la Industria de ingenierosVA 2021\",\"description\":\"Reconocer la importancia de la ingenier\u00eda en el desarrollo de la sociedad y de la industria\",\"potentialAction\":[{\"@type\":\"SearchAction\",\"target\":{\"@type\":\"EntryPoint\",\"urlTemplate\":\"https:\/\/anteriores.premiosdelaindustria.es\/2021\/?s={search_term_string}\"},\"query-input\":\"required name=search_term_string\"}],\"inLanguage\":\"es\"}]}<\/script>\n<!-- \/ Yoast SEO plugin. -->","yoast_head_json":{"title":"AQUONA - Premios de la Industria de ingenierosVA 2021","description":"Aquona Premio Industria Socialmente Responsable de ingenierosVA","robots":{"index":"index","follow":"follow","max-snippet":"max-snippet:-1","max-image-preview":"max-image-preview:large","max-video-preview":"max-video-preview:-1"},"canonical":"https:\/\/anteriores.premiosdelaindustria.es\/2021\/aquona-2\/","og_locale":"es_ES","og_type":"article","og_title":"AQUONA - Premios de la Industria de ingenierosVA 2021","og_description":"Aquona Premio Industria Socialmente Responsable de ingenierosVA","og_url":"https:\/\/anteriores.premiosdelaindustria.es\/2021\/aquona-2\/","og_site_name":"Premios de la Industria de ingenierosVA 2021","article_modified_time":"2021-09-28T07:13:29+00:00","twitter_card":"summary_large_image","twitter_misc":{"Tiempo de lectura":"2 minutos"},"schema":{"@context":"https:\/\/schema.org","@graph":[{"@type":"WebPage","@id":"https:\/\/anteriores.premiosdelaindustria.es\/2021\/aquona-2\/","url":"https:\/\/anteriores.premiosdelaindustria.es\/2021\/aquona-2\/","name":"AQUONA - Premios de la Industria de ingenierosVA 2021","isPartOf":{"@id":"https:\/\/anteriores.premiosdelaindustria.es\/2021\/#website"},"datePublished":"2021-09-28T07:09:56+00:00","dateModified":"2021-09-28T07:13:29+00:00","description":"Aquona Premio Industria Socialmente Responsable de ingenierosVA","inLanguage":"es","potentialAction":[{"@type":"ReadAction","target":["https:\/\/anteriores.premiosdelaindustria.es\/2021\/aquona-2\/"]}]},{"@type":"WebSite","@id":"https:\/\/anteriores.premiosdelaindustria.es\/2021\/#website","url":"https:\/\/anteriores.premiosdelaindustria.es\/2021\/","name":"Premios de la Industria de ingenierosVA 2021","description":"Reconocer la importancia de la ingenier\u00eda en el desarrollo de la sociedad y de la industria","potentialAction":[{"@type":"SearchAction","target":{"@type":"EntryPoint","urlTemplate":"https:\/\/anteriores.premiosdelaindustria.es\/2021\/?s={search_term_string}"},"query-input":"required name=search_term_string"}],"inLanguage":"es"}]}},"_links":{"self":[{"href":"https:\/\/anteriores.premiosdelaindustria.es\/2021\/wp-json\/wp\/v2\/pages\/2082"}],"collection":[{"href":"https:\/\/anteriores.premiosdelaindustria.es\/2021\/wp-json\/wp\/v2\/pages"}],"about":[{"href":"https:\/\/anteriores.premiosdelaindustria.es\/2021\/wp-json\/wp\/v2\/types\/page"}],"author":[{"embeddable":true,"href":"https:\/\/anteriores.premiosdelaindustria.es\/2021\/wp-json\/wp\/v2\/users\/3"}],"replies":[{"embeddable":true,"href":"https:\/\/anteriores.premiosdelaindustria.es\/2021\/wp-json\/wp\/v2\/comments?post=2082"}],"version-history":[{"count":5,"href":"https:\/\/anteriores.premiosdelaindustria.es\/2021\/wp-json\/wp\/v2\/pages\/2082\/revisions"}],"predecessor-version":[{"id":2229,"href":"https:\/\/anteriores.premiosdelaindustria.es\/2021\/wp-json\/wp\/v2\/pages\/2082\/revisions\/2229"}],"wp:attachment":[{"href":"https:\/\/anteriores.premiosdelaindustria.es\/2021\/wp-json\/wp\/v2\/media?parent=2082"}],"curies":[{"name":"wp","href":"https:\/\/api.w.org\/{rel}","templated":true}]}}