{"id":2076,"date":"2021-09-28T09:18:21","date_gmt":"2021-09-28T07:18:21","guid":{"rendered":"https:\/\/anteriores.premiosdelaindustria.es\/2021\/?page_id=2076"},"modified":"2021-09-28T09:18:21","modified_gmt":"2021-09-28T07:18:21","slug":"industrias-maxi","status":"publish","type":"page","link":"https:\/\/anteriores.premiosdelaindustria.es\/2021\/industrias-maxi\/","title":{"rendered":"INDUSTRIAS MAXI"},"content":{"rendered":"<section class=\"wpb-content-wrapper\"><p>[vc_row css_animation=\u00bb\u00bb row_type=\u00bbrow\u00bb use_row_as_full_screen_section=\u00bbno\u00bb type=\u00bbfull_width\u00bb angled_section=\u00bbno\u00bb text_align=\u00bbleft\u00bb background_image_as_pattern=\u00bbwithout_pattern\u00bb][vc_column][vc_column_text]<\/p>\n<h1>INDUSTRIAS MAXI<\/h1>\n<p>[\/vc_column_text][\/vc_column][\/vc_row][vc_row css_animation=\u00bb\u00bb row_type=\u00bbrow\u00bb use_row_as_full_screen_section=\u00bbno\u00bb type=\u00bbfull_width\u00bb angled_section=\u00bbno\u00bb text_align=\u00bbleft\u00bb background_image_as_pattern=\u00bbwithout_pattern\u00bb][vc_column width=\u00bb1\/2&#8243;][vc_column_text]INDUSTRIAS MAXI es una empresa vallisoletana especializada en el desarrollo integral de soluciones en instalaciones complejas para acometer proyectos industriales con soluciones \u00abllave en mano\u00bb. Es una empresa de referencia en la prestaci\u00f3n de soluciones integrales en el sector de la industria, desde la ingenier\u00eda hasta la puesta en marcha y el servicio post-venta con una elevada capacidad operativa.<\/p>\n<p>Entre sus clientes est\u00e1n las principales empresas nacionales en los de la automoci\u00f3n, aeroespacial, energ\u00eda y renovables, ferrocaril y bienes de equipo y sus trabajos est\u00e9n presentes en Francia, Portugal, UK, Alemania, Italia, Israel, Holanda, Ruman\u00eda, Brasil, Marruecos, Tailandia, China, Rusia e India.<\/p>\n<p>Industrias Maxi es una de las empresas punteras en la gesti\u00f3n de temas medioambientales, \u00e9ticos, compras sostenibles y derechos humanos y laborales.[\/vc_column_text][\/vc_column][vc_column width=\u00bb1\/2&#8243;][vc_single_image image=\u00bb2089&#8243; img_size=\u00bblarge\u00bb alignment=\u00bbcenter\u00bb qode_css_animation=\u00bb\u00bb][\/vc_column][\/vc_row][vc_row css_animation=\u00bb\u00bb row_type=\u00bbrow\u00bb use_row_as_full_screen_section=\u00bbno\u00bb type=\u00bbfull_width\u00bb angled_section=\u00bbno\u00bb text_align=\u00bbleft\u00bb background_image_as_pattern=\u00bbwithout_pattern\u00bb][vc_column][vc_empty_space][\/vc_column][\/vc_row][vc_row css_animation=\u00bb\u00bb row_type=\u00bbrow\u00bb use_row_as_full_screen_section=\u00bbno\u00bb type=\u00bbfull_width\u00bb angled_section=\u00bbno\u00bb text_align=\u00bbleft\u00bb background_image_as_pattern=\u00bbwithout_pattern\u00bb][vc_column width=\u00bb1\/2&#8243;][vc_empty_space][vc_video link=\u00bbhttps:\/\/youtu.be\/DCxVMAXEtfo\u00bb align=\u00bbcenter\u00bb][vc_empty_space][\/vc_column][vc_column width=\u00bb1\/2&#8243;][vc_column_text]Durante los meses m\u00e1s duros de la pandemia producida por la COVID-19, INDUSTRIAS MAXI, S.A. ha estado muy comprometida en ayudar a la sociedad de una u otra forma, como por ejemplo con la fabricaci\u00f3n de protectores de pantalla y salvarorejas para nuestros sanitarios.<\/p>\n<p>En esta l\u00ednea, Industrias Maxi ha puesto en marcha un proyecto de I+D+i basado en el Dise\u00f1o y Desarrollo de un respirador mec\u00e1nico de procedimiento automatizado para el sector de la Sanidad y Salud. Invertir en innovaci\u00f3n supone la generaci\u00f3n de nuevos conocimientos, proyectando su tecnolog\u00eda a las nuevas necesidades de la sociedad.<\/p>\n<p>En el a\u00f1o 2018, Industrias Maxi fue reconocida como \u201cPYME del a\u00f1o 2018\u201d, por la C\u00e1mara de Comercio e Industria de Valladolid, en el a\u00f1o 2019 \u201cPremio Empresa Familiar de Castilla y Le\u00f3n\u201d por la Asociaci\u00f3n de Empresas Familiares de Castilla y Le\u00f3n, en el a\u00f1o 2020 la sociedad recibi\u00f3 el galard\u00f3n \u201cMejor Empresa Pyme\u201d por la Facultad de Comercio de la Universidad de Valladolid y en noviembre de este mismo ejercicio la revista Catilla y Le\u00f3n Econ\u00f3mica le otorga el premio \u201cMejor Gesti\u00f3n de RRHH XIV Premios Castilla y Le\u00f3n\u201d.<\/p>\n<p>&nbsp;<\/p>\n<p><a href=\"https:\/\/www.industrias-maxi.es\/\" target=\"_blank\" rel=\"noopener\">https:\/\/www.industrias-maxi.es\/<\/a><\/p>\n<p>[\/vc_column_text][\/vc_column][\/vc_row][vc_row css_animation=\u00bb\u00bb row_type=\u00bbrow\u00bb use_row_as_full_screen_section=\u00bbno\u00bb type=\u00bbfull_width\u00bb angled_section=\u00bbno\u00bb text_align=\u00bbleft\u00bb background_image_as_pattern=\u00bbwithout_pattern\u00bb][vc_column][vc_empty_space height=\u00bb40px\u00bb][\/vc_column][\/vc_row][vc_row css_animation=\u00bb\u00bb row_type=\u00bbrow\u00bb use_row_as_full_screen_section=\u00bbno\u00bb type=\u00bbfull_width\u00bb angled_section=\u00bbno\u00bb text_align=\u00bbleft\u00bb background_image_as_pattern=\u00bbwithout_pattern\u00bb][vc_column width=\u00bb1\/3&#8243;][vc_single_image image=\u00bb2173&#8243; img_size=\u00bbfull\u00bb alignment=\u00bbcenter\u00bb qode_css_animation=\u00bb\u00bb][\/vc_column][vc_column width=\u00bb1\/3&#8243;][vc_single_image image=\u00bb2146&#8243; img_size=\u00bbfull\u00bb alignment=\u00bbcenter\u00bb qode_css_animation=\u00bb\u00bb][\/vc_column][vc_column width=\u00bb1\/3&#8243;][vc_single_image image=\u00bb2107&#8243; img_size=\u00bbfull\u00bb alignment=\u00bbcenter\u00bb qode_css_animation=\u00bb\u00bb][\/vc_column][\/vc_row]<\/p>\n<\/section>","protected":false},"excerpt":{"rendered":"<p>[vc_row css_animation=\u00bb\u00bb row_type=\u00bbrow\u00bb use_row_as_full_screen_section=\u00bbno\u00bb type=\u00bbfull_width\u00bb angled_section=\u00bbno\u00bb text_align=\u00bbleft\u00bb background_image_as_pattern=\u00bbwithout_pattern\u00bb][vc_column][vc_column_text] INDUSTRIAS MAXI [\/vc_column_text][\/vc_column][\/vc_row][vc_row css_animation=\u00bb\u00bb row_type=\u00bbrow\u00bb use_row_as_full_screen_section=\u00bbno\u00bb type=\u00bbfull_width\u00bb angled_section=\u00bbno\u00bb text_align=\u00bbleft\u00bb background_image_as_pattern=\u00bbwithout_pattern\u00bb][vc_column width=\u00bb1\/2&#8243;][vc_column_text]INDUSTRIAS MAXI es una empresa vallisoletana especializada en el desarrollo integral de soluciones en instalaciones complejas para acometer proyectos industriales con soluciones \u00abllave en mano\u00bb. Es una&#8230;<\/p>\n","protected":false},"author":3,"featured_media":0,"parent":0,"menu_order":0,"comment_status":"closed","ping_status":"closed","template":"","meta":{"footnotes":""},"yoast_head":"<!-- This site is optimized with the Yoast SEO plugin v20.6 - https:\/\/yoast.com\/wordpress\/plugins\/seo\/ -->\n<title>INDUSTRIAS MAXI - Premios de la Industria de ingenierosVA 2021<\/title>\n<meta name=\"description\" content=\"INDUSTRIAS MAXI Premio Mejor Innovaci\u00f3n de ingenier\u00eda para la Industria en la lucha contra el COVID-19 de ingenierosVA\" \/>\n<meta name=\"robots\" content=\"index, follow, max-snippet:-1, max-image-preview:large, max-video-preview:-1\" \/>\n<link rel=\"canonical\" href=\"https:\/\/anteriores.premiosdelaindustria.es\/2021\/industrias-maxi\/\" \/>\n<meta property=\"og:locale\" content=\"es_ES\" \/>\n<meta property=\"og:type\" content=\"article\" \/>\n<meta property=\"og:title\" content=\"INDUSTRIAS MAXI - Premios de la Industria de ingenierosVA 2021\" \/>\n<meta property=\"og:description\" content=\"INDUSTRIAS MAXI Premio Mejor Innovaci\u00f3n de ingenier\u00eda para la Industria en la lucha contra el COVID-19 de ingenierosVA\" \/>\n<meta property=\"og:url\" content=\"https:\/\/anteriores.premiosdelaindustria.es\/2021\/industrias-maxi\/\" \/>\n<meta property=\"og:site_name\" content=\"Premios de la Industria de ingenierosVA 2021\" \/>\n<meta name=\"twitter:card\" content=\"summary_large_image\" \/>\n<meta name=\"twitter:label1\" content=\"Tiempo de lectura\" \/>\n\t<meta name=\"twitter:data1\" content=\"2 minutos\" \/>\n<script type=\"application\/ld+json\" class=\"yoast-schema-graph\">{\"@context\":\"https:\/\/schema.org\",\"@graph\":[{\"@type\":\"WebPage\",\"@id\":\"https:\/\/anteriores.premiosdelaindustria.es\/2021\/industrias-maxi\/\",\"url\":\"https:\/\/anteriores.premiosdelaindustria.es\/2021\/industrias-maxi\/\",\"name\":\"INDUSTRIAS MAXI - Premios de la Industria de ingenierosVA 2021\",\"isPartOf\":{\"@id\":\"https:\/\/anteriores.premiosdelaindustria.es\/2021\/#website\"},\"datePublished\":\"2021-09-28T07:18:21+00:00\",\"dateModified\":\"2021-09-28T07:18:21+00:00\",\"description\":\"INDUSTRIAS MAXI Premio Mejor Innovaci\u00f3n de ingenier\u00eda para la Industria en la lucha contra el COVID-19 de ingenierosVA\",\"inLanguage\":\"es\",\"potentialAction\":[{\"@type\":\"ReadAction\",\"target\":[\"https:\/\/anteriores.premiosdelaindustria.es\/2021\/industrias-maxi\/\"]}]},{\"@type\":\"WebSite\",\"@id\":\"https:\/\/anteriores.premiosdelaindustria.es\/2021\/#website\",\"url\":\"https:\/\/anteriores.premiosdelaindustria.es\/2021\/\",\"name\":\"Premios de la Industria de ingenierosVA 2021\",\"description\":\"Reconocer la importancia de la ingenier\u00eda en el desarrollo de la sociedad y de la industria\",\"potentialAction\":[{\"@type\":\"SearchAction\",\"target\":{\"@type\":\"EntryPoint\",\"urlTemplate\":\"https:\/\/anteriores.premiosdelaindustria.es\/2021\/?s={search_term_string}\"},\"query-input\":\"required name=search_term_string\"}],\"inLanguage\":\"es\"}]}<\/script>\n<!-- \/ Yoast SEO plugin. -->","yoast_head_json":{"title":"INDUSTRIAS MAXI - Premios de la Industria de ingenierosVA 2021","description":"INDUSTRIAS MAXI Premio Mejor Innovaci\u00f3n de ingenier\u00eda para la Industria en la lucha contra el COVID-19 de ingenierosVA","robots":{"index":"index","follow":"follow","max-snippet":"max-snippet:-1","max-image-preview":"max-image-preview:large","max-video-preview":"max-video-preview:-1"},"canonical":"https:\/\/anteriores.premiosdelaindustria.es\/2021\/industrias-maxi\/","og_locale":"es_ES","og_type":"article","og_title":"INDUSTRIAS MAXI - Premios de la Industria de ingenierosVA 2021","og_description":"INDUSTRIAS MAXI Premio Mejor Innovaci\u00f3n de ingenier\u00eda para la Industria en la lucha contra el COVID-19 de ingenierosVA","og_url":"https:\/\/anteriores.premiosdelaindustria.es\/2021\/industrias-maxi\/","og_site_name":"Premios de la Industria de ingenierosVA 2021","twitter_card":"summary_large_image","twitter_misc":{"Tiempo de lectura":"2 minutos"},"schema":{"@context":"https:\/\/schema.org","@graph":[{"@type":"WebPage","@id":"https:\/\/anteriores.premiosdelaindustria.es\/2021\/industrias-maxi\/","url":"https:\/\/anteriores.premiosdelaindustria.es\/2021\/industrias-maxi\/","name":"INDUSTRIAS MAXI - Premios de la Industria de ingenierosVA 2021","isPartOf":{"@id":"https:\/\/anteriores.premiosdelaindustria.es\/2021\/#website"},"datePublished":"2021-09-28T07:18:21+00:00","dateModified":"2021-09-28T07:18:21+00:00","description":"INDUSTRIAS MAXI Premio Mejor Innovaci\u00f3n de ingenier\u00eda para la Industria en la lucha contra el COVID-19 de ingenierosVA","inLanguage":"es","potentialAction":[{"@type":"ReadAction","target":["https:\/\/anteriores.premiosdelaindustria.es\/2021\/industrias-maxi\/"]}]},{"@type":"WebSite","@id":"https:\/\/anteriores.premiosdelaindustria.es\/2021\/#website","url":"https:\/\/anteriores.premiosdelaindustria.es\/2021\/","name":"Premios de la Industria de ingenierosVA 2021","description":"Reconocer la importancia de la ingenier\u00eda en el desarrollo de la sociedad y de la industria","potentialAction":[{"@type":"SearchAction","target":{"@type":"EntryPoint","urlTemplate":"https:\/\/anteriores.premiosdelaindustria.es\/2021\/?s={search_term_string}"},"query-input":"required name=search_term_string"}],"inLanguage":"es"}]}},"_links":{"self":[{"href":"https:\/\/anteriores.premiosdelaindustria.es\/2021\/wp-json\/wp\/v2\/pages\/2076"}],"collection":[{"href":"https:\/\/anteriores.premiosdelaindustria.es\/2021\/wp-json\/wp\/v2\/pages"}],"about":[{"href":"https:\/\/anteriores.premiosdelaindustria.es\/2021\/wp-json\/wp\/v2\/types\/page"}],"author":[{"embeddable":true,"href":"https:\/\/anteriores.premiosdelaindustria.es\/2021\/wp-json\/wp\/v2\/users\/3"}],"replies":[{"embeddable":true,"href":"https:\/\/anteriores.premiosdelaindustria.es\/2021\/wp-json\/wp\/v2\/comments?post=2076"}],"version-history":[{"count":5,"href":"https:\/\/anteriores.premiosdelaindustria.es\/2021\/wp-json\/wp\/v2\/pages\/2076\/revisions"}],"predecessor-version":[{"id":2231,"href":"https:\/\/anteriores.premiosdelaindustria.es\/2021\/wp-json\/wp\/v2\/pages\/2076\/revisions\/2231"}],"wp:attachment":[{"href":"https:\/\/anteriores.premiosdelaindustria.es\/2021\/wp-json\/wp\/v2\/media?parent=2076"}],"curies":[{"name":"wp","href":"https:\/\/api.w.org\/{rel}","templated":true}]}}