{"id":2073,"date":"2021-09-27T18:51:21","date_gmt":"2021-09-27T16:51:21","guid":{"rendered":"https:\/\/anteriores.premiosdelaindustria.es\/2021\/?page_id=2073"},"modified":"2021-09-28T09:30:09","modified_gmt":"2021-09-28T07:30:09","slug":"angel-rodriguez-lagunilla","status":"publish","type":"page","link":"https:\/\/anteriores.premiosdelaindustria.es\/2021\/angel-rodriguez-lagunilla\/","title":{"rendered":"\u00c1ngel Rodr\u00edguez Lagunilla"},"content":{"rendered":"<section class=\"wpb-content-wrapper\"><p>[vc_row css_animation=\u00bb\u00bb row_type=\u00bbrow\u00bb use_row_as_full_screen_section=\u00bbno\u00bb type=\u00bbfull_width\u00bb angled_section=\u00bbno\u00bb text_align=\u00bbleft\u00bb background_image_as_pattern=\u00bbwithout_pattern\u00bb][vc_column][vc_column_text]<\/p>\n<h1><strong>\u00c1ngel Rodr\u00edguez Lagunilla<\/strong><\/h1>\n<p>[\/vc_column_text][vc_empty_space][\/vc_column][\/vc_row][vc_row css_animation=\u00bb\u00bb row_type=\u00bbrow\u00bb use_row_as_full_screen_section=\u00bbno\u00bb type=\u00bbfull_width\u00bb angled_section=\u00bbno\u00bb text_align=\u00bbleft\u00bb background_image_as_pattern=\u00bbwithout_pattern\u00bb][vc_column width=\u00bb1\/2&#8243;][vc_column_text]<\/p>\n<h5><\/h5>\n<h5><strong>\u00c1ngel Rodr\u00edguez Lagunilla <\/strong> Colegiado de Honor Premios ingenierosVA<\/h5>\n<p>&nbsp;<\/p>\n<p>La Junta de Gobierno de ingenierosVA (Colegio Oficial de Ingenieros T\u00e9cnicos Industriales de Valladolid) ha decidido otorgar uno de sus mayores galardones a \u00c1ngel Rodr\u00edguez Lagunilla, actual presidente de <a href=\"https:\/\/www.iveco.com\/spain\/pages\/home-page.aspx\" target=\"_blank\" rel=\"noopener\">Iveco Espa\u00f1a<\/a> y director global de manufacturing de la compa\u00f1\u00eda, en reconocimiento a una trayectoria de m\u00e1s de 20 a\u00f1os ligada a la Industria nacional y siendo una referencia por su aportaci\u00f3n a la innovaci\u00f3n y desarrollo de Castilla y Le\u00f3n.[\/vc_column_text][\/vc_column][vc_column width=\u00bb1\/2&#8243;][vc_single_image image=\u00bb2091&#8243; img_size=\u00bblarge\u00bb alignment=\u00bbcenter\u00bb qode_css_animation=\u00bb\u00bb][\/vc_column][\/vc_row][vc_row css_animation=\u00bb\u00bb row_type=\u00bbrow\u00bb use_row_as_full_screen_section=\u00bbno\u00bb type=\u00bbfull_width\u00bb angled_section=\u00bbno\u00bb text_align=\u00bbleft\u00bb background_image_as_pattern=\u00bbwithout_pattern\u00bb][vc_column][vc_empty_space height=\u00bb64px\u00bb][\/vc_column][\/vc_row][vc_row css_animation=\u00bb\u00bb row_type=\u00bbrow\u00bb use_row_as_full_screen_section=\u00bbno\u00bb type=\u00bbfull_width\u00bb angled_section=\u00bbno\u00bb text_align=\u00bbleft\u00bb background_image_as_pattern=\u00bbwithout_pattern\u00bb][vc_column width=\u00bb1\/2&#8243;][vc_video link=\u00bbhttps:\/\/youtu.be\/SjD0fJVPOEk\u00bb align=\u00bbcenter\u00bb][\/vc_column][vc_column width=\u00bb1\/2&#8243;][vc_column_text]\u00c1ngel Rodr\u00edguez Lagunilla es presidente de Iveco Espa\u00f1a y director global de manufacturing de la compa\u00f1\u00eda. Previamente ha sido director de las plantas espa\u00f1olas de la marca en Valladolid y Madrid y posteriormente nombrado responsable de producci\u00f3n de veh\u00edculos industriales y autobuses para la regi\u00f3n EMEA (Europa, Oriente Medio y \u00c1frica).<\/p>\n<p>De su gesti\u00f3n depende una empresa que en Espa\u00f1a alcanza una facturaci\u00f3n de 2.067 millones de euros, de los que el 77,5% procede de las exportaciones, con una plantilla de 3.697 empleados y f\u00e1bricas en Madrid y Valladolid.<\/p>\n<p>Destaca su apuesta por hacer frente a la evoluci\u00f3n que van a tener los productos, los procesos, los retos de la descarbonizaci\u00f3n, digitalizaci\u00f3n, aportando la sostenibilidad que hay que dar dentro del sector y rode\u00e1ndose de un buen equipo para hacer frente a la globalizaci\u00f3n y a la tecnificaci\u00f3n.<\/p>\n<p>Por todo ello la Junta de Gobierno ha estimado que D. \u00c1ngel Rodr\u00edguez Lagunilla re\u00fane los m\u00e9ritos para ser honrado con la distinci\u00f3n honor\u00edfica de Colegiado de Honor.[\/vc_column_text][\/vc_column][\/vc_row][vc_row css_animation=\u00bb\u00bb row_type=\u00bbrow\u00bb use_row_as_full_screen_section=\u00bbno\u00bb type=\u00bbfull_width\u00bb angled_section=\u00bbno\u00bb text_align=\u00bbleft\u00bb background_image_as_pattern=\u00bbwithout_pattern\u00bb][vc_column][vc_empty_space height=\u00bb64px\u00bb][\/vc_column][\/vc_row][vc_row css_animation=\u00bb\u00bb row_type=\u00bbrow\u00bb use_row_as_full_screen_section=\u00bbno\u00bb type=\u00bbfull_width\u00bb angled_section=\u00bbno\u00bb text_align=\u00bbleft\u00bb background_image_as_pattern=\u00bbwithout_pattern\u00bb][vc_column][vc_empty_space][\/vc_column][\/vc_row][vc_row css_animation=\u00bb\u00bb row_type=\u00bbrow\u00bb use_row_as_full_screen_section=\u00bbno\u00bb type=\u00bbfull_width\u00bb angled_section=\u00bbno\u00bb text_align=\u00bbleft\u00bb background_image_as_pattern=\u00bbwithout_pattern\u00bb][vc_column width=\u00bb1\/3&#8243;][vc_single_image image=\u00bb2213&#8243; img_size=\u00bbfull\u00bb alignment=\u00bbcenter\u00bb qode_css_animation=\u00bb\u00bb][vc_empty_space][vc_single_image image=\u00bb2136&#8243; img_size=\u00bbfull\u00bb alignment=\u00bbcenter\u00bb qode_css_animation=\u00bb\u00bb][\/vc_column][vc_column width=\u00bb1\/3&#8243;][vc_single_image image=\u00bb2197&#8243; img_size=\u00bbfull\u00bb alignment=\u00bbcenter\u00bb qode_css_animation=\u00bb\u00bb][vc_empty_space][vc_single_image image=\u00bb2114&#8243; img_size=\u00bbfull\u00bb alignment=\u00bbcenter\u00bb qode_css_animation=\u00bb\u00bb][\/vc_column][vc_column width=\u00bb1\/3&#8243;][vc_single_image image=\u00bb2199&#8243; img_size=\u00bbfull\u00bb alignment=\u00bbcenter\u00bb qode_css_animation=\u00bb\u00bb][vc_empty_space][vc_single_image image=\u00bb2164&#8243; img_size=\u00bbfull\u00bb alignment=\u00bbcenter\u00bb qode_css_animation=\u00bb\u00bb][\/vc_column][\/vc_row]<\/p>\n<\/section>","protected":false},"excerpt":{"rendered":"<p>[vc_row css_animation=\u00bb\u00bb row_type=\u00bbrow\u00bb use_row_as_full_screen_section=\u00bbno\u00bb type=\u00bbfull_width\u00bb angled_section=\u00bbno\u00bb text_align=\u00bbleft\u00bb background_image_as_pattern=\u00bbwithout_pattern\u00bb][vc_column][vc_column_text] \u00c1ngel Rodr\u00edguez Lagunilla [\/vc_column_text][vc_empty_space][\/vc_column][\/vc_row][vc_row css_animation=\u00bb\u00bb row_type=\u00bbrow\u00bb use_row_as_full_screen_section=\u00bbno\u00bb type=\u00bbfull_width\u00bb angled_section=\u00bbno\u00bb text_align=\u00bbleft\u00bb background_image_as_pattern=\u00bbwithout_pattern\u00bb][vc_column width=\u00bb1\/2&#8243;][vc_column_text] \u00c1ngel Rodr\u00edguez Lagunilla Colegiado de Honor Premios ingenierosVA &nbsp; La Junta de Gobierno de ingenierosVA (Colegio Oficial de Ingenieros T\u00e9cnicos Industriales de Valladolid) ha decidido&#8230;<\/p>\n","protected":false},"author":3,"featured_media":0,"parent":0,"menu_order":0,"comment_status":"closed","ping_status":"closed","template":"","meta":{"footnotes":""},"yoast_head":"<!-- This site is optimized with the Yoast SEO plugin v20.6 - https:\/\/yoast.com\/wordpress\/plugins\/seo\/ -->\n<title>\u00c1ngel Rodr\u00edguez Lagunilla - Premios de la Industria de ingenierosVA 2021<\/title>\n<meta name=\"description\" content=\"\u00c1ngel Rodr\u00edguez Lagunilla, presidente de IVECO Espa\u00f1a, nombrado colegiado de honor de ingenierosVA\" \/>\n<meta name=\"robots\" content=\"index, follow, max-snippet:-1, max-image-preview:large, max-video-preview:-1\" \/>\n<link rel=\"canonical\" href=\"https:\/\/anteriores.premiosdelaindustria.es\/2021\/angel-rodriguez-lagunilla\/\" \/>\n<meta property=\"og:locale\" content=\"es_ES\" \/>\n<meta property=\"og:type\" content=\"article\" \/>\n<meta property=\"og:title\" content=\"\u00c1ngel Rodr\u00edguez Lagunilla - Premios de la Industria de ingenierosVA 2021\" \/>\n<meta property=\"og:description\" content=\"\u00c1ngel Rodr\u00edguez Lagunilla, presidente de IVECO Espa\u00f1a, nombrado colegiado de honor de ingenierosVA\" \/>\n<meta property=\"og:url\" content=\"https:\/\/anteriores.premiosdelaindustria.es\/2021\/angel-rodriguez-lagunilla\/\" \/>\n<meta property=\"og:site_name\" content=\"Premios de la Industria de ingenierosVA 2021\" \/>\n<meta property=\"article:modified_time\" content=\"2021-09-28T07:30:09+00:00\" \/>\n<meta name=\"twitter:card\" content=\"summary_large_image\" \/>\n<meta name=\"twitter:label1\" content=\"Tiempo de lectura\" \/>\n\t<meta name=\"twitter:data1\" content=\"2 minutos\" \/>\n<script type=\"application\/ld+json\" class=\"yoast-schema-graph\">{\"@context\":\"https:\/\/schema.org\",\"@graph\":[{\"@type\":\"WebPage\",\"@id\":\"https:\/\/anteriores.premiosdelaindustria.es\/2021\/angel-rodriguez-lagunilla\/\",\"url\":\"https:\/\/anteriores.premiosdelaindustria.es\/2021\/angel-rodriguez-lagunilla\/\",\"name\":\"\u00c1ngel Rodr\u00edguez Lagunilla - Premios de la Industria de ingenierosVA 2021\",\"isPartOf\":{\"@id\":\"https:\/\/anteriores.premiosdelaindustria.es\/2021\/#website\"},\"datePublished\":\"2021-09-27T16:51:21+00:00\",\"dateModified\":\"2021-09-28T07:30:09+00:00\",\"description\":\"\u00c1ngel Rodr\u00edguez Lagunilla, presidente de IVECO Espa\u00f1a, nombrado colegiado de honor de ingenierosVA\",\"inLanguage\":\"es\",\"potentialAction\":[{\"@type\":\"ReadAction\",\"target\":[\"https:\/\/anteriores.premiosdelaindustria.es\/2021\/angel-rodriguez-lagunilla\/\"]}]},{\"@type\":\"WebSite\",\"@id\":\"https:\/\/anteriores.premiosdelaindustria.es\/2021\/#website\",\"url\":\"https:\/\/anteriores.premiosdelaindustria.es\/2021\/\",\"name\":\"Premios de la Industria de ingenierosVA 2021\",\"description\":\"Reconocer la importancia de la ingenier\u00eda en el desarrollo de la sociedad y de la industria\",\"potentialAction\":[{\"@type\":\"SearchAction\",\"target\":{\"@type\":\"EntryPoint\",\"urlTemplate\":\"https:\/\/anteriores.premiosdelaindustria.es\/2021\/?s={search_term_string}\"},\"query-input\":\"required name=search_term_string\"}],\"inLanguage\":\"es\"}]}<\/script>\n<!-- \/ Yoast SEO plugin. -->","yoast_head_json":{"title":"\u00c1ngel Rodr\u00edguez Lagunilla - Premios de la Industria de ingenierosVA 2021","description":"\u00c1ngel Rodr\u00edguez Lagunilla, presidente de IVECO Espa\u00f1a, nombrado colegiado de honor de ingenierosVA","robots":{"index":"index","follow":"follow","max-snippet":"max-snippet:-1","max-image-preview":"max-image-preview:large","max-video-preview":"max-video-preview:-1"},"canonical":"https:\/\/anteriores.premiosdelaindustria.es\/2021\/angel-rodriguez-lagunilla\/","og_locale":"es_ES","og_type":"article","og_title":"\u00c1ngel Rodr\u00edguez Lagunilla - Premios de la Industria de ingenierosVA 2021","og_description":"\u00c1ngel Rodr\u00edguez Lagunilla, presidente de IVECO Espa\u00f1a, nombrado colegiado de honor de ingenierosVA","og_url":"https:\/\/anteriores.premiosdelaindustria.es\/2021\/angel-rodriguez-lagunilla\/","og_site_name":"Premios de la Industria de ingenierosVA 2021","article_modified_time":"2021-09-28T07:30:09+00:00","twitter_card":"summary_large_image","twitter_misc":{"Tiempo de lectura":"2 minutos"},"schema":{"@context":"https:\/\/schema.org","@graph":[{"@type":"WebPage","@id":"https:\/\/anteriores.premiosdelaindustria.es\/2021\/angel-rodriguez-lagunilla\/","url":"https:\/\/anteriores.premiosdelaindustria.es\/2021\/angel-rodriguez-lagunilla\/","name":"\u00c1ngel Rodr\u00edguez Lagunilla - Premios de la Industria de ingenierosVA 2021","isPartOf":{"@id":"https:\/\/anteriores.premiosdelaindustria.es\/2021\/#website"},"datePublished":"2021-09-27T16:51:21+00:00","dateModified":"2021-09-28T07:30:09+00:00","description":"\u00c1ngel Rodr\u00edguez Lagunilla, presidente de IVECO Espa\u00f1a, nombrado colegiado de honor de ingenierosVA","inLanguage":"es","potentialAction":[{"@type":"ReadAction","target":["https:\/\/anteriores.premiosdelaindustria.es\/2021\/angel-rodriguez-lagunilla\/"]}]},{"@type":"WebSite","@id":"https:\/\/anteriores.premiosdelaindustria.es\/2021\/#website","url":"https:\/\/anteriores.premiosdelaindustria.es\/2021\/","name":"Premios de la Industria de ingenierosVA 2021","description":"Reconocer la importancia de la ingenier\u00eda en el desarrollo de la sociedad y de la industria","potentialAction":[{"@type":"SearchAction","target":{"@type":"EntryPoint","urlTemplate":"https:\/\/anteriores.premiosdelaindustria.es\/2021\/?s={search_term_string}"},"query-input":"required name=search_term_string"}],"inLanguage":"es"}]}},"_links":{"self":[{"href":"https:\/\/anteriores.premiosdelaindustria.es\/2021\/wp-json\/wp\/v2\/pages\/2073"}],"collection":[{"href":"https:\/\/anteriores.premiosdelaindustria.es\/2021\/wp-json\/wp\/v2\/pages"}],"about":[{"href":"https:\/\/anteriores.premiosdelaindustria.es\/2021\/wp-json\/wp\/v2\/types\/page"}],"author":[{"embeddable":true,"href":"https:\/\/anteriores.premiosdelaindustria.es\/2021\/wp-json\/wp\/v2\/users\/3"}],"replies":[{"embeddable":true,"href":"https:\/\/anteriores.premiosdelaindustria.es\/2021\/wp-json\/wp\/v2\/comments?post=2073"}],"version-history":[{"count":8,"href":"https:\/\/anteriores.premiosdelaindustria.es\/2021\/wp-json\/wp\/v2\/pages\/2073\/revisions"}],"predecessor-version":[{"id":2235,"href":"https:\/\/anteriores.premiosdelaindustria.es\/2021\/wp-json\/wp\/v2\/pages\/2073\/revisions\/2235"}],"wp:attachment":[{"href":"https:\/\/anteriores.premiosdelaindustria.es\/2021\/wp-json\/wp\/v2\/media?parent=2073"}],"curies":[{"name":"wp","href":"https:\/\/api.w.org\/{rel}","templated":true}]}}