{"id":2070,"date":"2021-09-28T09:22:49","date_gmt":"2021-09-28T07:22:49","guid":{"rendered":"https:\/\/anteriores.premiosdelaindustria.es\/2021\/?page_id=2070"},"modified":"2021-09-28T09:22:49","modified_gmt":"2021-09-28T07:22:49","slug":"ivan-san-jose","status":"publish","type":"page","link":"https:\/\/anteriores.premiosdelaindustria.es\/2021\/ivan-san-jose\/","title":{"rendered":"Iv\u00e1n San Jos\u00e9 Calvo"},"content":{"rendered":"<section class=\"wpb-content-wrapper\"><p>[vc_row css_animation=\u00bb\u00bb row_type=\u00bbrow\u00bb use_row_as_full_screen_section=\u00bbno\u00bb type=\u00bbfull_width\u00bb angled_section=\u00bbno\u00bb text_align=\u00bbleft\u00bb background_image_as_pattern=\u00bbwithout_pattern\u00bb][vc_column][vc_column_text]<\/p>\n<h1>Iv\u00e1n San Jos\u00e9 Calvo<\/h1>\n<p>[\/vc_column_text][\/vc_column][\/vc_row][vc_row css_animation=\u00bb\u00bb row_type=\u00bbrow\u00bb use_row_as_full_screen_section=\u00bbno\u00bb type=\u00bbfull_width\u00bb angled_section=\u00bbno\u00bb text_align=\u00bbleft\u00bb background_image_as_pattern=\u00bbwithout_pattern\u00bb][vc_column width=\u00bb1\/2&#8243;][vc_column_text]Iv\u00e1n Sergio San Jos\u00e9 Calvo es el director de ingenier\u00eda de IC INGENIEROS y Jefe Departamento t\u00e9cnico de TECNAIRE<\/p>\n<p>Cuenta con una larga experiencia en el dise\u00f1o y ejecuci\u00f3n de instalaciones de aire acondicionado, frio industrial, biomasa, procesos industriales, t\u00e9cnicas de ahorro energ\u00e9tico, etc.<\/p>\n<p>La aplicaci\u00f3n por Iv\u00e1n de las m\u00e1s avanzadas tecnolog\u00edas tiene un significado exponente en el proyecto del Edificio Envite, un edificio bioclim\u00e1tico subvencionado por el Ministerio de Ciencia e Innovaci\u00f3n, a trav\u00e9s de la convocatoria extraordinaria de proyectos singulares estrat\u00e9gicos de demostradores de energ\u00eda.<\/p>\n<p>Este edificio ha sido galardonado en la categor\u00eda de inmuebles administrativos y p\u00fablicos de los III Premios Construcci\u00f3n Sostenible de Castilla y Le\u00f3n 2009-2010 y ha participado en varias exposiciones internacionales de relevante importancia en el sector de la edificaci\u00f3n sostenible y medioambiental como Singapur o Dinamarca.[\/vc_column_text][\/vc_column][vc_column width=\u00bb1\/2&#8243;][vc_single_image image=\u00bb2092&#8243; img_size=\u00bblarge\u00bb alignment=\u00bbcenter\u00bb qode_css_animation=\u00bb\u00bb][\/vc_column][\/vc_row][vc_row css_animation=\u00bb\u00bb row_type=\u00bbrow\u00bb use_row_as_full_screen_section=\u00bbno\u00bb type=\u00bbfull_width\u00bb angled_section=\u00bbno\u00bb text_align=\u00bbleft\u00bb background_image_as_pattern=\u00bbwithout_pattern\u00bb][vc_column][vc_empty_space][\/vc_column][\/vc_row][vc_row css_animation=\u00bb\u00bb row_type=\u00bbrow\u00bb use_row_as_full_screen_section=\u00bbno\u00bb type=\u00bbfull_width\u00bb angled_section=\u00bbno\u00bb text_align=\u00bbleft\u00bb background_image_as_pattern=\u00bbwithout_pattern\u00bb][vc_column width=\u00bb1\/2&#8243;][vc_empty_space][vc_video link=\u00bbhttps:\/\/youtu.be\/n9dWqtds_Po\u00bb align=\u00bbcenter\u00bb][vc_empty_space][\/vc_column][vc_column width=\u00bb1\/2&#8243;][vc_column_text]Iv\u00e1n Sergio San Jos\u00e9 es ingeniero t\u00e9cnico industrial y autor del premiado \u201cProyecto de climatizaci\u00f3n y A.C.S. en nueva residencia asistencial para discapacitados\u201d en Viana de Cega (Valladolid) para la FUNDACI\u00d3N PERSONAS del GRUPO LINCE, <strong>visado en ingenierosVA.<\/strong><\/p>\n<p>Se trata de una instalaci\u00f3n que destaca por la incorporaci\u00f3n de recursos novedosos destinados a conseguir un importante ahorro energ\u00e9tico de los sistemas de climatizaci\u00f3n, los responsables de la mayor parte del consumo energ\u00e9tico del edificio (consumo que supone un coste econ\u00f3mico y ambiental importante), as\u00ed como por poner el foco en obtener una calidad de aire interior optimo mediante la verificaci\u00f3n de caudales, la reducci\u00f3n de la recirculaci\u00f3n de aire, sistemas de filtraci\u00f3n y purificaci\u00f3n, etc.<\/p>\n<p>Los sistemas de ventilaci\u00f3n en el interior de los edificios se han manifestado como fundamentales en la prevenci\u00f3n de contagio por v\u00eda a\u00e9rea por el virus SARS-CoV-2.<\/p>\n<p>Una residencia es un lugar particularmente sensible debido a la gran cantidad de personas presentes en un espacio reducido y cerrado.<\/p>\n<p>Si esta prevenci\u00f3n ya es importante, m\u00e1s a\u00fan lo es en un edificio en el que se aloja un colectivo de personas con discapacidad, debido a la movilidad limitada y las condiciones de salud preexistentes, que las hacen m\u00e1s susceptibles de contraer el virus.<\/p>\n<p><a href=\"http:\/\/www.tecnaire.es\/\" target=\"_blank\" rel=\"noopener\">http:\/\/www.tecnaire.es\/<\/a><\/p>\n<p>[\/vc_column_text][\/vc_column][\/vc_row][vc_row css_animation=\u00bb\u00bb row_type=\u00bbrow\u00bb use_row_as_full_screen_section=\u00bbno\u00bb type=\u00bbfull_width\u00bb angled_section=\u00bbno\u00bb text_align=\u00bbleft\u00bb background_image_as_pattern=\u00bbwithout_pattern\u00bb][vc_column][vc_empty_space height=\u00bb40px\u00bb][\/vc_column][\/vc_row][vc_row css_animation=\u00bb\u00bb row_type=\u00bbrow\u00bb use_row_as_full_screen_section=\u00bbno\u00bb type=\u00bbfull_width\u00bb angled_section=\u00bbno\u00bb text_align=\u00bbleft\u00bb background_image_as_pattern=\u00bbwithout_pattern\u00bb][vc_column width=\u00bb1\/3&#8243;][vc_single_image image=\u00bb2143&#8243; img_size=\u00bbfull\u00bb alignment=\u00bbcenter\u00bb qode_css_animation=\u00bb\u00bb][\/vc_column][vc_column width=\u00bb1\/3&#8243;][vc_single_image image=\u00bb2193&#8243; img_size=\u00bbfull\u00bb alignment=\u00bbcenter\u00bb qode_css_animation=\u00bb\u00bb][\/vc_column][vc_column width=\u00bb1\/3&#8243;][vc_single_image image=\u00bb2214&#8243; img_size=\u00bbfull\u00bb alignment=\u00bbcenter\u00bb qode_css_animation=\u00bb\u00bb][\/vc_column][\/vc_row]<\/p>\n<\/section>","protected":false},"excerpt":{"rendered":"<p>[vc_row css_animation=\u00bb\u00bb row_type=\u00bbrow\u00bb use_row_as_full_screen_section=\u00bbno\u00bb type=\u00bbfull_width\u00bb angled_section=\u00bbno\u00bb text_align=\u00bbleft\u00bb background_image_as_pattern=\u00bbwithout_pattern\u00bb][vc_column][vc_column_text] Iv\u00e1n San Jos\u00e9 Calvo [\/vc_column_text][\/vc_column][\/vc_row][vc_row css_animation=\u00bb\u00bb row_type=\u00bbrow\u00bb use_row_as_full_screen_section=\u00bbno\u00bb type=\u00bbfull_width\u00bb angled_section=\u00bbno\u00bb text_align=\u00bbleft\u00bb background_image_as_pattern=\u00bbwithout_pattern\u00bb][vc_column width=\u00bb1\/2&#8243;][vc_column_text]Iv\u00e1n Sergio San Jos\u00e9 Calvo es el director de ingenier\u00eda de IC INGENIEROS y Jefe Departamento t\u00e9cnico de TECNAIRE Cuenta con una larga experiencia en&#8230;<\/p>\n","protected":false},"author":3,"featured_media":0,"parent":0,"menu_order":0,"comment_status":"closed","ping_status":"closed","template":"","meta":{"footnotes":""},"yoast_head":"<!-- This site is optimized with the Yoast SEO plugin v20.6 - https:\/\/yoast.com\/wordpress\/plugins\/seo\/ -->\n<title>Iv\u00e1n San Jos\u00e9 Calvo - Premios de la Industria de ingenierosVA 2021<\/title>\n<meta name=\"description\" content=\"Iv\u00e1n San Jos\u00e9 Calvo Premio Especial ingenierosVA al Proyecto m\u00e1s destacado visado en ingenierosVA\" \/>\n<meta name=\"robots\" content=\"index, follow, max-snippet:-1, max-image-preview:large, max-video-preview:-1\" \/>\n<link rel=\"canonical\" href=\"https:\/\/anteriores.premiosdelaindustria.es\/2021\/ivan-san-jose\/\" \/>\n<meta property=\"og:locale\" content=\"es_ES\" \/>\n<meta property=\"og:type\" content=\"article\" \/>\n<meta property=\"og:title\" content=\"Iv\u00e1n San Jos\u00e9 Calvo - Premios de la Industria de ingenierosVA 2021\" \/>\n<meta property=\"og:description\" content=\"Iv\u00e1n San Jos\u00e9 Calvo Premio Especial ingenierosVA al Proyecto m\u00e1s destacado visado en ingenierosVA\" \/>\n<meta property=\"og:url\" content=\"https:\/\/anteriores.premiosdelaindustria.es\/2021\/ivan-san-jose\/\" \/>\n<meta property=\"og:site_name\" content=\"Premios de la Industria de ingenierosVA 2021\" \/>\n<meta name=\"twitter:card\" content=\"summary_large_image\" \/>\n<meta name=\"twitter:label1\" content=\"Tiempo de lectura\" \/>\n\t<meta name=\"twitter:data1\" content=\"2 minutos\" \/>\n<script type=\"application\/ld+json\" class=\"yoast-schema-graph\">{\"@context\":\"https:\/\/schema.org\",\"@graph\":[{\"@type\":\"WebPage\",\"@id\":\"https:\/\/anteriores.premiosdelaindustria.es\/2021\/ivan-san-jose\/\",\"url\":\"https:\/\/anteriores.premiosdelaindustria.es\/2021\/ivan-san-jose\/\",\"name\":\"Iv\u00e1n San Jos\u00e9 Calvo - Premios de la Industria de ingenierosVA 2021\",\"isPartOf\":{\"@id\":\"https:\/\/anteriores.premiosdelaindustria.es\/2021\/#website\"},\"datePublished\":\"2021-09-28T07:22:49+00:00\",\"dateModified\":\"2021-09-28T07:22:49+00:00\",\"description\":\"Iv\u00e1n San Jos\u00e9 Calvo Premio Especial ingenierosVA al Proyecto m\u00e1s destacado visado en ingenierosVA\",\"inLanguage\":\"es\",\"potentialAction\":[{\"@type\":\"ReadAction\",\"target\":[\"https:\/\/anteriores.premiosdelaindustria.es\/2021\/ivan-san-jose\/\"]}]},{\"@type\":\"WebSite\",\"@id\":\"https:\/\/anteriores.premiosdelaindustria.es\/2021\/#website\",\"url\":\"https:\/\/anteriores.premiosdelaindustria.es\/2021\/\",\"name\":\"Premios de la Industria de ingenierosVA 2021\",\"description\":\"Reconocer la importancia de la ingenier\u00eda en el desarrollo de la sociedad y de la industria\",\"potentialAction\":[{\"@type\":\"SearchAction\",\"target\":{\"@type\":\"EntryPoint\",\"urlTemplate\":\"https:\/\/anteriores.premiosdelaindustria.es\/2021\/?s={search_term_string}\"},\"query-input\":\"required name=search_term_string\"}],\"inLanguage\":\"es\"}]}<\/script>\n<!-- \/ Yoast SEO plugin. -->","yoast_head_json":{"title":"Iv\u00e1n San Jos\u00e9 Calvo - Premios de la Industria de ingenierosVA 2021","description":"Iv\u00e1n San Jos\u00e9 Calvo Premio Especial ingenierosVA al Proyecto m\u00e1s destacado visado en ingenierosVA","robots":{"index":"index","follow":"follow","max-snippet":"max-snippet:-1","max-image-preview":"max-image-preview:large","max-video-preview":"max-video-preview:-1"},"canonical":"https:\/\/anteriores.premiosdelaindustria.es\/2021\/ivan-san-jose\/","og_locale":"es_ES","og_type":"article","og_title":"Iv\u00e1n San Jos\u00e9 Calvo - Premios de la Industria de ingenierosVA 2021","og_description":"Iv\u00e1n San Jos\u00e9 Calvo Premio Especial ingenierosVA al Proyecto m\u00e1s destacado visado en ingenierosVA","og_url":"https:\/\/anteriores.premiosdelaindustria.es\/2021\/ivan-san-jose\/","og_site_name":"Premios de la Industria de ingenierosVA 2021","twitter_card":"summary_large_image","twitter_misc":{"Tiempo de lectura":"2 minutos"},"schema":{"@context":"https:\/\/schema.org","@graph":[{"@type":"WebPage","@id":"https:\/\/anteriores.premiosdelaindustria.es\/2021\/ivan-san-jose\/","url":"https:\/\/anteriores.premiosdelaindustria.es\/2021\/ivan-san-jose\/","name":"Iv\u00e1n San Jos\u00e9 Calvo - Premios de la Industria de ingenierosVA 2021","isPartOf":{"@id":"https:\/\/anteriores.premiosdelaindustria.es\/2021\/#website"},"datePublished":"2021-09-28T07:22:49+00:00","dateModified":"2021-09-28T07:22:49+00:00","description":"Iv\u00e1n San Jos\u00e9 Calvo Premio Especial ingenierosVA al Proyecto m\u00e1s destacado visado en ingenierosVA","inLanguage":"es","potentialAction":[{"@type":"ReadAction","target":["https:\/\/anteriores.premiosdelaindustria.es\/2021\/ivan-san-jose\/"]}]},{"@type":"WebSite","@id":"https:\/\/anteriores.premiosdelaindustria.es\/2021\/#website","url":"https:\/\/anteriores.premiosdelaindustria.es\/2021\/","name":"Premios de la Industria de ingenierosVA 2021","description":"Reconocer la importancia de la ingenier\u00eda en el desarrollo de la sociedad y de la industria","potentialAction":[{"@type":"SearchAction","target":{"@type":"EntryPoint","urlTemplate":"https:\/\/anteriores.premiosdelaindustria.es\/2021\/?s={search_term_string}"},"query-input":"required name=search_term_string"}],"inLanguage":"es"}]}},"_links":{"self":[{"href":"https:\/\/anteriores.premiosdelaindustria.es\/2021\/wp-json\/wp\/v2\/pages\/2070"}],"collection":[{"href":"https:\/\/anteriores.premiosdelaindustria.es\/2021\/wp-json\/wp\/v2\/pages"}],"about":[{"href":"https:\/\/anteriores.premiosdelaindustria.es\/2021\/wp-json\/wp\/v2\/types\/page"}],"author":[{"embeddable":true,"href":"https:\/\/anteriores.premiosdelaindustria.es\/2021\/wp-json\/wp\/v2\/users\/3"}],"replies":[{"embeddable":true,"href":"https:\/\/anteriores.premiosdelaindustria.es\/2021\/wp-json\/wp\/v2\/comments?post=2070"}],"version-history":[{"count":6,"href":"https:\/\/anteriores.premiosdelaindustria.es\/2021\/wp-json\/wp\/v2\/pages\/2070\/revisions"}],"predecessor-version":[{"id":2232,"href":"https:\/\/anteriores.premiosdelaindustria.es\/2021\/wp-json\/wp\/v2\/pages\/2070\/revisions\/2232"}],"wp:attachment":[{"href":"https:\/\/anteriores.premiosdelaindustria.es\/2021\/wp-json\/wp\/v2\/media?parent=2070"}],"curies":[{"name":"wp","href":"https:\/\/api.w.org\/{rel}","templated":true}]}}