{"id":1726,"date":"2019-10-29T22:47:23","date_gmt":"2019-10-29T21:47:23","guid":{"rendered":"https:\/\/anteriores.premiosdelaindustria.es\/2019\/?page_id=1726"},"modified":"2019-10-29T22:47:23","modified_gmt":"2019-10-29T21:47:23","slug":"aenium","status":"publish","type":"page","link":"https:\/\/anteriores.premiosdelaindustria.es\/2019\/aenium\/","title":{"rendered":"AENIUM ENGINEERING S.L"},"content":{"rendered":"<section class=\"wpb-content-wrapper\"><p>[vc_row css_animation=\u00bb\u00bb row_type=\u00bbrow\u00bb use_row_as_full_screen_section=\u00bbno\u00bb type=\u00bbfull_width\u00bb angled_section=\u00bbno\u00bb text_align=\u00bbleft\u00bb background_image_as_pattern=\u00bbwithout_pattern\u00bb][vc_column][vc_column_text]<\/p>\n<h1>AENIUM ENGINEERING S.L<\/h1>\n<p>[\/vc_column_text][\/vc_column][\/vc_row][vc_row css_animation=\u00bb\u00bb row_type=\u00bbrow\u00bb use_row_as_full_screen_section=\u00bbno\u00bb type=\u00bbfull_width\u00bb angled_section=\u00bbno\u00bb text_align=\u00bbleft\u00bb background_image_as_pattern=\u00bbwithout_pattern\u00bb][vc_column width=\u00bb1\/2&#8243;][vc_column_text]AENIUM Engineering, startup tecnol\u00f3gica nacida en el seno del parque cient\u00edfico de la universidad de Valladolid por antiguos estudiantes de ingenier\u00edas industriales y un fondo de inversi\u00f3n Franc\u00e9s, desarrolla soluciones en fabricaci\u00f3n aditiva industrial met\u00e1lica. Actualmente, desde el parque tecnol\u00f3gico de Boecillo, se encarga del desarrollo CAE, an\u00e1lisis de comportamiento FEA y finalmente fabricaci\u00f3n a trav\u00e9s de sus equipos de fabricaci\u00f3n aditiva met\u00e1lica.<\/p>\n<p>&nbsp;<\/p>\n<p>Desde su constituci\u00f3n, parte con un marcado car\u00e1cter internacional desarrollando negocio en pa\u00edses como Suecia, Italia, Reino unido y recientemente Norteam\u00e9rica. Marcas como Koenigsegg, Renault, General Dynamics y Gamesa se encuentran entre sus clientes.[\/vc_column_text][\/vc_column][vc_column width=\u00bb1\/2&#8243;][vc_single_image image=\u00bb1758&#8243; img_size=\u00bblarge\u00bb alignment=\u00bbcenter\u00bb qode_css_animation=\u00bb\u00bb][vc_video link=\u00bb\u00bb][\/vc_column][\/vc_row][vc_row css_animation=\u00bb\u00bb row_type=\u00bbrow\u00bb use_row_as_full_screen_section=\u00bbno\u00bb type=\u00bbfull_width\u00bb angled_section=\u00bbno\u00bb text_align=\u00bbleft\u00bb background_image_as_pattern=\u00bbwithout_pattern\u00bb][vc_column][vc_empty_space height=\u00bb64px\u00bb][\/vc_column][\/vc_row][vc_row css_animation=\u00bb\u00bb row_type=\u00bbrow\u00bb use_row_as_full_screen_section=\u00bbno\u00bb type=\u00bbfull_width\u00bb angled_section=\u00bbno\u00bb text_align=\u00bbleft\u00bb background_image_as_pattern=\u00bbwithout_pattern\u00bb][vc_column width=\u00bb1\/2&#8243;][vc_single_image image=\u00bb1730&#8243; img_size=\u00bblarge\u00bb qode_css_animation=\u00bb\u00bb][\/vc_column][vc_column width=\u00bb1\/2&#8243;][vc_column_text]Premiada por el programa de aceleraci\u00f3n tecnol\u00f3gica de ICE (ADE 2020) y por los programas TCUE desaf\u00edo universidad empresa y campus emprendedor, desarrolla componentes certificados para industrias de automoci\u00f3n deportiva, energ\u00eda, defensa y aeron\u00e1utica con los m\u00e1s exigentes requisitos de resistencia espec\u00edfica, intercambio de calor o geometr\u00eda compleja para optimizar los nuevos productos de nuestros clientes.<\/p>\n<p>&nbsp;<\/p>\n<p><a href=\"https:\/\/www.aenium.es\" target=\"_blank\" rel=\"noopener noreferrer\">https:\/\/www.aenium.es<\/a>[\/vc_column_text][\/vc_column][\/vc_row][vc_row css_animation=\u00bb\u00bb row_type=\u00bbrow\u00bb use_row_as_full_screen_section=\u00bbno\u00bb type=\u00bbfull_width\u00bb angled_section=\u00bbno\u00bb text_align=\u00bbleft\u00bb background_image_as_pattern=\u00bbwithout_pattern\u00bb][vc_column][vc_empty_space height=\u00bb64px\u00bb][\/vc_column][\/vc_row]<\/p>\n<\/section>","protected":false},"excerpt":{"rendered":"<p>[vc_row css_animation=\u00bb\u00bb row_type=\u00bbrow\u00bb use_row_as_full_screen_section=\u00bbno\u00bb type=\u00bbfull_width\u00bb angled_section=\u00bbno\u00bb text_align=\u00bbleft\u00bb background_image_as_pattern=\u00bbwithout_pattern\u00bb][vc_column][vc_column_text] AENIUM ENGINEERING S.L [\/vc_column_text][\/vc_column][\/vc_row][vc_row css_animation=\u00bb\u00bb row_type=\u00bbrow\u00bb use_row_as_full_screen_section=\u00bbno\u00bb type=\u00bbfull_width\u00bb angled_section=\u00bbno\u00bb text_align=\u00bbleft\u00bb background_image_as_pattern=\u00bbwithout_pattern\u00bb][vc_column width=\u00bb1\/2&#8243;][vc_column_text]AENIUM Engineering, startup tecnol\u00f3gica nacida en el seno del parque cient\u00edfico de la universidad de Valladolid por antiguos estudiantes de ingenier\u00edas industriales y un fondo de&#8230;<\/p>\n","protected":false},"author":1,"featured_media":0,"parent":0,"menu_order":0,"comment_status":"closed","ping_status":"closed","template":"","meta":{"footnotes":""},"yoast_head":"<!-- This site is optimized with the Yoast SEO plugin v20.6 - https:\/\/yoast.com\/wordpress\/plugins\/seo\/ -->\n<title>AENIUM ENGINEERING S.L - Premios ingenierosVA de la Industria 2019<\/title>\n<meta name=\"robots\" content=\"index, follow, max-snippet:-1, max-image-preview:large, max-video-preview:-1\" \/>\n<link rel=\"canonical\" href=\"https:\/\/anteriores.premiosdelaindustria.es\/2019\/aenium\/\" \/>\n<meta property=\"og:locale\" content=\"es_ES\" \/>\n<meta property=\"og:type\" content=\"article\" \/>\n<meta property=\"og:title\" content=\"AENIUM ENGINEERING S.L - Premios ingenierosVA de la Industria 2019\" \/>\n<meta property=\"og:description\" content=\"[vc_row css_animation=\u00bb\u00bb row_type=\u00bbrow\u00bb use_row_as_full_screen_section=\u00bbno\u00bb type=\u00bbfull_width\u00bb angled_section=\u00bbno\u00bb text_align=\u00bbleft\u00bb background_image_as_pattern=\u00bbwithout_pattern\u00bb][vc_column][vc_column_text] AENIUM ENGINEERING S.L [\/vc_column_text][\/vc_column][\/vc_row][vc_row css_animation=\u00bb\u00bb row_type=\u00bbrow\u00bb use_row_as_full_screen_section=\u00bbno\u00bb type=\u00bbfull_width\u00bb angled_section=\u00bbno\u00bb text_align=\u00bbleft\u00bb background_image_as_pattern=\u00bbwithout_pattern\u00bb][vc_column width=\u00bb1\/2&#8243;][vc_column_text]AENIUM Engineering, startup tecnol\u00f3gica nacida en el seno del parque cient\u00edfico de la universidad de Valladolid por antiguos estudiantes de ingenier\u00edas industriales y un fondo de...\" \/>\n<meta property=\"og:url\" content=\"https:\/\/anteriores.premiosdelaindustria.es\/2019\/aenium\/\" \/>\n<meta property=\"og:site_name\" content=\"Premios ingenierosVA de la Industria 2019\" \/>\n<meta name=\"twitter:card\" content=\"summary_large_image\" \/>\n<meta name=\"twitter:label1\" content=\"Tiempo de lectura\" \/>\n\t<meta name=\"twitter:data1\" content=\"2 minutos\" \/>\n<script type=\"application\/ld+json\" class=\"yoast-schema-graph\">{\"@context\":\"https:\/\/schema.org\",\"@graph\":[{\"@type\":\"WebPage\",\"@id\":\"https:\/\/anteriores.premiosdelaindustria.es\/2019\/aenium\/\",\"url\":\"https:\/\/anteriores.premiosdelaindustria.es\/2019\/aenium\/\",\"name\":\"AENIUM ENGINEERING S.L - Premios ingenierosVA de la Industria 2019\",\"isPartOf\":{\"@id\":\"https:\/\/anteriores.premiosdelaindustria.es\/2019\/#website\"},\"datePublished\":\"2019-10-29T21:47:23+00:00\",\"dateModified\":\"2019-10-29T21:47:23+00:00\",\"inLanguage\":\"es\",\"potentialAction\":[{\"@type\":\"ReadAction\",\"target\":[\"https:\/\/anteriores.premiosdelaindustria.es\/2019\/aenium\/\"]}]},{\"@type\":\"WebSite\",\"@id\":\"https:\/\/anteriores.premiosdelaindustria.es\/2019\/#website\",\"url\":\"https:\/\/anteriores.premiosdelaindustria.es\/2019\/\",\"name\":\"Premios ingenierosVA de la Industria 2019\",\"description\":\"Reconocer la importancia de la ingenier\u00eda en el desarrollo de la sociedad y de la industria\",\"potentialAction\":[{\"@type\":\"SearchAction\",\"target\":{\"@type\":\"EntryPoint\",\"urlTemplate\":\"https:\/\/anteriores.premiosdelaindustria.es\/2019\/?s={search_term_string}\"},\"query-input\":\"required name=search_term_string\"}],\"inLanguage\":\"es\"}]}<\/script>\n<!-- \/ Yoast SEO plugin. -->","yoast_head_json":{"title":"AENIUM ENGINEERING S.L - Premios ingenierosVA de la Industria 2019","robots":{"index":"index","follow":"follow","max-snippet":"max-snippet:-1","max-image-preview":"max-image-preview:large","max-video-preview":"max-video-preview:-1"},"canonical":"https:\/\/anteriores.premiosdelaindustria.es\/2019\/aenium\/","og_locale":"es_ES","og_type":"article","og_title":"AENIUM ENGINEERING S.L - Premios ingenierosVA de la Industria 2019","og_description":"[vc_row css_animation=\u00bb\u00bb row_type=\u00bbrow\u00bb use_row_as_full_screen_section=\u00bbno\u00bb type=\u00bbfull_width\u00bb angled_section=\u00bbno\u00bb text_align=\u00bbleft\u00bb background_image_as_pattern=\u00bbwithout_pattern\u00bb][vc_column][vc_column_text] AENIUM ENGINEERING S.L [\/vc_column_text][\/vc_column][\/vc_row][vc_row css_animation=\u00bb\u00bb row_type=\u00bbrow\u00bb use_row_as_full_screen_section=\u00bbno\u00bb type=\u00bbfull_width\u00bb angled_section=\u00bbno\u00bb text_align=\u00bbleft\u00bb background_image_as_pattern=\u00bbwithout_pattern\u00bb][vc_column width=\u00bb1\/2&#8243;][vc_column_text]AENIUM Engineering, startup tecnol\u00f3gica nacida en el seno del parque cient\u00edfico de la universidad de Valladolid por antiguos estudiantes de ingenier\u00edas industriales y un fondo de...","og_url":"https:\/\/anteriores.premiosdelaindustria.es\/2019\/aenium\/","og_site_name":"Premios ingenierosVA de la Industria 2019","twitter_card":"summary_large_image","twitter_misc":{"Tiempo de lectura":"2 minutos"},"schema":{"@context":"https:\/\/schema.org","@graph":[{"@type":"WebPage","@id":"https:\/\/anteriores.premiosdelaindustria.es\/2019\/aenium\/","url":"https:\/\/anteriores.premiosdelaindustria.es\/2019\/aenium\/","name":"AENIUM ENGINEERING S.L - Premios ingenierosVA de la Industria 2019","isPartOf":{"@id":"https:\/\/anteriores.premiosdelaindustria.es\/2019\/#website"},"datePublished":"2019-10-29T21:47:23+00:00","dateModified":"2019-10-29T21:47:23+00:00","inLanguage":"es","potentialAction":[{"@type":"ReadAction","target":["https:\/\/anteriores.premiosdelaindustria.es\/2019\/aenium\/"]}]},{"@type":"WebSite","@id":"https:\/\/anteriores.premiosdelaindustria.es\/2019\/#website","url":"https:\/\/anteriores.premiosdelaindustria.es\/2019\/","name":"Premios ingenierosVA de la Industria 2019","description":"Reconocer la importancia de la ingenier\u00eda en el desarrollo de la sociedad y de la industria","potentialAction":[{"@type":"SearchAction","target":{"@type":"EntryPoint","urlTemplate":"https:\/\/anteriores.premiosdelaindustria.es\/2019\/?s={search_term_string}"},"query-input":"required name=search_term_string"}],"inLanguage":"es"}]}},"_links":{"self":[{"href":"https:\/\/anteriores.premiosdelaindustria.es\/2019\/wp-json\/wp\/v2\/pages\/1726"}],"collection":[{"href":"https:\/\/anteriores.premiosdelaindustria.es\/2019\/wp-json\/wp\/v2\/pages"}],"about":[{"href":"https:\/\/anteriores.premiosdelaindustria.es\/2019\/wp-json\/wp\/v2\/types\/page"}],"author":[{"embeddable":true,"href":"https:\/\/anteriores.premiosdelaindustria.es\/2019\/wp-json\/wp\/v2\/users\/1"}],"replies":[{"embeddable":true,"href":"https:\/\/anteriores.premiosdelaindustria.es\/2019\/wp-json\/wp\/v2\/comments?post=1726"}],"version-history":[{"count":0,"href":"https:\/\/anteriores.premiosdelaindustria.es\/2019\/wp-json\/wp\/v2\/pages\/1726\/revisions"}],"wp:attachment":[{"href":"https:\/\/anteriores.premiosdelaindustria.es\/2019\/wp-json\/wp\/v2\/media?parent=1726"}],"curies":[{"name":"wp","href":"https:\/\/api.w.org\/{rel}","templated":true}]}}