{"id":1279,"date":"2018-06-14T22:28:56","date_gmt":"2018-06-14T20:28:56","guid":{"rendered":"https:\/\/anteriores.premiosdelaindustria.es\/2018\/?page_id=1279"},"modified":"2018-06-19T12:18:39","modified_gmt":"2018-06-19T10:18:39","slug":"cristina-gonzalez","status":"publish","type":"page","link":"https:\/\/anteriores.premiosdelaindustria.es\/2018\/cristina-gonzalez\/","title":{"rendered":"Cristina Gonz\u00e1lez Mieres"},"content":{"rendered":"<section class=\"wpb-content-wrapper\"><p>[vc_row css_animation=\u00bb\u00bb row_type=\u00bbrow\u00bb use_row_as_full_screen_section=\u00bbno\u00bb type=\u00bbfull_width\u00bb angled_section=\u00bbno\u00bb text_align=\u00bbleft\u00bb background_image_as_pattern=\u00bbwithout_pattern\u00bb][vc_column][vc_column_text]<\/p>\n<h1>Cristina Gonz\u00e1lez Mieres<\/h1>\n<p>[\/vc_column_text][\/vc_column][\/vc_row][vc_row css_animation=\u00bb\u00bb row_type=\u00bbrow\u00bb use_row_as_full_screen_section=\u00bbno\u00bb type=\u00bbfull_width\u00bb angled_section=\u00bbno\u00bb text_align=\u00bbleft\u00bb background_image_as_pattern=\u00bbwithout_pattern\u00bb][vc_column width=\u00bb1\/2&#8243;][vc_column_text]<\/p>\n<h5><strong>Cristina Gonz\u00e1lez Mieres<\/strong><\/h5>\n<p><strong>Cristina Gonz\u00e1lez Mieres<\/strong> forma parte del equipo t\u00e9cnico de <strong>Aguambiente<\/strong>, S.L., Empresa que desde 1990 ha desarrollado su actividad en el campo de las aguas residuales industriales, ofreciendo servicios de depuraci\u00f3n, potabilizaci\u00f3n, tratamiento de aguas, proyectos, explotaci\u00f3n y mantenimiento de EDAR, ETAP, EDARI, gesti\u00f3n de residuos, an\u00e1lisis de laboratorio (Acreditado en Norma UNE -EN ISO 17025: 2005), compostaje, legislaci\u00f3n ambiental.<\/p>\n<p>&nbsp;<\/p>\n<p><a href=\"https:\/\/www.aguambiente.com\/\" target=\"_blank\" rel=\"noopener\">https:\/\/www.aguambiente.com\/<\/a><\/p>\n<p>&nbsp;<\/p>\n<p>[\/vc_column_text][\/vc_column][vc_column width=\u00bb1\/2&#8243;][vc_video link=\u00bbhttps:\/\/www.youtube.com\/watch?v=21UD4krfFN0&#8243;][\/vc_column][\/vc_row][vc_row css_animation=\u00bb\u00bb row_type=\u00bbrow\u00bb use_row_as_full_screen_section=\u00bbno\u00bb type=\u00bbfull_width\u00bb angled_section=\u00bbno\u00bb text_align=\u00bbleft\u00bb background_image_as_pattern=\u00bbwithout_pattern\u00bb][vc_column][vc_empty_space height=\u00bb64px\u00bb][\/vc_column][\/vc_row][vc_row css_animation=\u00bb\u00bb row_type=\u00bbrow\u00bb use_row_as_full_screen_section=\u00bbno\u00bb type=\u00bbfull_width\u00bb angled_section=\u00bbno\u00bb text_align=\u00bbleft\u00bb background_image_as_pattern=\u00bbwithout_pattern\u00bb][vc_column width=\u00bb1\/2&#8243;][vc_single_image image=\u00bb1280&#8243; img_size=\u00bblarge\u00bb alignment=\u00bbright\u00bb qode_css_animation=\u00bb\u00bb][\/vc_column][vc_column width=\u00bb1\/2&#8243;][vc_column_text]<strong>Cristina Gonz\u00e1lez Mieres<\/strong> es ingeniera t\u00e9cnica industrial y autora del premiado \u201c<em>Proyecto<\/em><em> para Estaci\u00f3n Depuradora de Aguas Residuales (EDAR) vertido de 500 m3\/d\u00eda &#8211; 2500 m3\/semana en Garray (Soria)<\/em>\u201d visado en ingenierosVA y cuyo promotor es Soria Natural S.A.<\/p>\n<p>&nbsp;<\/p>\n<p>La realizaci\u00f3n de este proyecto se justifica por la necesidad de poder dar un tratamiento adecuado a las aguas residuales procedentes de la industria de elaboraci\u00f3n de medicamentos, productos alimenticios y productos cosm\u00e9ticos propiedad de SORIA NATURAL S.A.<\/p>\n<p>&nbsp;<\/p>\n<p>Si la tecnolog\u00eda para la depuraci\u00f3n de aguas residuales industriales es muy dif\u00edcil por la inestabilidad de los procesos de producci\u00f3n, en el caso de las aguas residuales procedentes de este tipo de industrias es todav\u00eda m\u00e1s complicado, porque depende en gran parte de la variabilidad de los productos elaborados y su incidencia en las etapas posteriores de depuraci\u00f3n.<\/p>\n<p>Debido a este hecho, la disposici\u00f3n de un tratamiento de homogeneizaci\u00f3n suficiente de las aguas residuales generadas se considera importante, ya que en caso contrario se limita de forma notable la calidad de las aguas tratadas en el proceso de depuraci\u00f3n.<\/p>\n<p>&nbsp;<\/p>\n<p>Para este objetivo el proyecto propone una soluci\u00f3n basada en una l\u00ednea de tratamiento flexible para afrontar la necesaria adaptaci\u00f3n a calidades de agua muy diversas. La l\u00ednea propuesta consta de un pretratamiento con un gran volumen de homogeneizaci\u00f3n, una depuraci\u00f3n f\u00edsico-qu\u00edmica, una depuraci\u00f3n biol\u00f3gica y el correspondiente tratamiento de los lodos generados.[\/vc_column_text][\/vc_column][\/vc_row][vc_row css_animation=\u00bb\u00bb row_type=\u00bbrow\u00bb use_row_as_full_screen_section=\u00bbno\u00bb type=\u00bbfull_width\u00bb angled_section=\u00bbno\u00bb text_align=\u00bbleft\u00bb background_image_as_pattern=\u00bbwithout_pattern\u00bb][vc_column][vc_empty_space][\/vc_column][\/vc_row]<\/p>\n<\/section>","protected":false},"excerpt":{"rendered":"<p>[vc_row css_animation=\u00bb\u00bb row_type=\u00bbrow\u00bb use_row_as_full_screen_section=\u00bbno\u00bb type=\u00bbfull_width\u00bb angled_section=\u00bbno\u00bb text_align=\u00bbleft\u00bb background_image_as_pattern=\u00bbwithout_pattern\u00bb][vc_column][vc_column_text] Cristina Gonz\u00e1lez Mieres [\/vc_column_text][\/vc_column][\/vc_row][vc_row css_animation=\u00bb\u00bb row_type=\u00bbrow\u00bb use_row_as_full_screen_section=\u00bbno\u00bb type=\u00bbfull_width\u00bb angled_section=\u00bbno\u00bb text_align=\u00bbleft\u00bb background_image_as_pattern=\u00bbwithout_pattern\u00bb][vc_column width=\u00bb1\/2&#8243;][vc_column_text] Cristina Gonz\u00e1lez Mieres Cristina Gonz\u00e1lez Mieres forma parte del equipo t\u00e9cnico de Aguambiente, S.L., Empresa que desde 1990 ha desarrollado su actividad en el campo&#8230;<\/p>\n","protected":false},"author":3,"featured_media":0,"parent":0,"menu_order":0,"comment_status":"closed","ping_status":"closed","template":"","meta":{"footnotes":""},"yoast_head":"<!-- This site is optimized with the Yoast SEO plugin v20.6 - https:\/\/yoast.com\/wordpress\/plugins\/seo\/ -->\n<title>Cristina Gonz\u00e1lez Mieres - Premios ingenierosVA de la Industria 2018<\/title>\n<meta name=\"robots\" content=\"index, follow, max-snippet:-1, max-image-preview:large, max-video-preview:-1\" \/>\n<link rel=\"canonical\" href=\"https:\/\/anteriores.premiosdelaindustria.es\/2018\/cristina-gonzalez\/\" \/>\n<meta property=\"og:locale\" content=\"es_ES\" \/>\n<meta property=\"og:type\" content=\"article\" \/>\n<meta property=\"og:title\" content=\"Cristina Gonz\u00e1lez Mieres - Premios ingenierosVA de la Industria 2018\" \/>\n<meta property=\"og:description\" content=\"[vc_row css_animation=\u00bb\u00bb row_type=\u00bbrow\u00bb use_row_as_full_screen_section=\u00bbno\u00bb type=\u00bbfull_width\u00bb angled_section=\u00bbno\u00bb text_align=\u00bbleft\u00bb background_image_as_pattern=\u00bbwithout_pattern\u00bb][vc_column][vc_column_text] Cristina Gonz\u00e1lez Mieres [\/vc_column_text][\/vc_column][\/vc_row][vc_row css_animation=\u00bb\u00bb row_type=\u00bbrow\u00bb use_row_as_full_screen_section=\u00bbno\u00bb type=\u00bbfull_width\u00bb angled_section=\u00bbno\u00bb text_align=\u00bbleft\u00bb background_image_as_pattern=\u00bbwithout_pattern\u00bb][vc_column width=\u00bb1\/2&#8243;][vc_column_text] Cristina Gonz\u00e1lez Mieres Cristina Gonz\u00e1lez Mieres forma parte del equipo t\u00e9cnico de Aguambiente, S.L., Empresa que desde 1990 ha desarrollado su actividad en el campo...\" \/>\n<meta property=\"og:url\" content=\"https:\/\/anteriores.premiosdelaindustria.es\/2018\/cristina-gonzalez\/\" \/>\n<meta property=\"og:site_name\" content=\"Premios ingenierosVA de la Industria 2018\" \/>\n<meta property=\"article:modified_time\" content=\"2018-06-19T10:18:39+00:00\" \/>\n<meta name=\"twitter:card\" content=\"summary_large_image\" \/>\n<meta name=\"twitter:label1\" content=\"Tiempo de lectura\" \/>\n\t<meta name=\"twitter:data1\" content=\"3 minutos\" \/>\n<script type=\"application\/ld+json\" class=\"yoast-schema-graph\">{\"@context\":\"https:\/\/schema.org\",\"@graph\":[{\"@type\":\"WebPage\",\"@id\":\"https:\/\/anteriores.premiosdelaindustria.es\/2018\/cristina-gonzalez\/\",\"url\":\"https:\/\/anteriores.premiosdelaindustria.es\/2018\/cristina-gonzalez\/\",\"name\":\"Cristina Gonz\u00e1lez Mieres - Premios ingenierosVA de la Industria 2018\",\"isPartOf\":{\"@id\":\"https:\/\/anteriores.premiosdelaindustria.es\/2018\/#website\"},\"datePublished\":\"2018-06-14T20:28:56+00:00\",\"dateModified\":\"2018-06-19T10:18:39+00:00\",\"inLanguage\":\"es\",\"potentialAction\":[{\"@type\":\"ReadAction\",\"target\":[\"https:\/\/anteriores.premiosdelaindustria.es\/2018\/cristina-gonzalez\/\"]}]},{\"@type\":\"WebSite\",\"@id\":\"https:\/\/anteriores.premiosdelaindustria.es\/2018\/#website\",\"url\":\"https:\/\/anteriores.premiosdelaindustria.es\/2018\/\",\"name\":\"Premios ingenierosVA de la Industria 2018\",\"description\":\"Reconocer la importancia de la ingenier\u00eda en el desarrollo de la sociedad y de la industria\",\"potentialAction\":[{\"@type\":\"SearchAction\",\"target\":{\"@type\":\"EntryPoint\",\"urlTemplate\":\"https:\/\/anteriores.premiosdelaindustria.es\/2018\/?s={search_term_string}\"},\"query-input\":\"required name=search_term_string\"}],\"inLanguage\":\"es\"}]}<\/script>\n<!-- \/ Yoast SEO plugin. -->","yoast_head_json":{"title":"Cristina Gonz\u00e1lez Mieres - Premios ingenierosVA de la Industria 2018","robots":{"index":"index","follow":"follow","max-snippet":"max-snippet:-1","max-image-preview":"max-image-preview:large","max-video-preview":"max-video-preview:-1"},"canonical":"https:\/\/anteriores.premiosdelaindustria.es\/2018\/cristina-gonzalez\/","og_locale":"es_ES","og_type":"article","og_title":"Cristina Gonz\u00e1lez Mieres - Premios ingenierosVA de la Industria 2018","og_description":"[vc_row css_animation=\u00bb\u00bb row_type=\u00bbrow\u00bb use_row_as_full_screen_section=\u00bbno\u00bb type=\u00bbfull_width\u00bb angled_section=\u00bbno\u00bb text_align=\u00bbleft\u00bb background_image_as_pattern=\u00bbwithout_pattern\u00bb][vc_column][vc_column_text] Cristina Gonz\u00e1lez Mieres [\/vc_column_text][\/vc_column][\/vc_row][vc_row css_animation=\u00bb\u00bb row_type=\u00bbrow\u00bb use_row_as_full_screen_section=\u00bbno\u00bb type=\u00bbfull_width\u00bb angled_section=\u00bbno\u00bb text_align=\u00bbleft\u00bb background_image_as_pattern=\u00bbwithout_pattern\u00bb][vc_column width=\u00bb1\/2&#8243;][vc_column_text] Cristina Gonz\u00e1lez Mieres Cristina Gonz\u00e1lez Mieres forma parte del equipo t\u00e9cnico de Aguambiente, S.L., Empresa que desde 1990 ha desarrollado su actividad en el campo...","og_url":"https:\/\/anteriores.premiosdelaindustria.es\/2018\/cristina-gonzalez\/","og_site_name":"Premios ingenierosVA de la Industria 2018","article_modified_time":"2018-06-19T10:18:39+00:00","twitter_card":"summary_large_image","twitter_misc":{"Tiempo de lectura":"3 minutos"},"schema":{"@context":"https:\/\/schema.org","@graph":[{"@type":"WebPage","@id":"https:\/\/anteriores.premiosdelaindustria.es\/2018\/cristina-gonzalez\/","url":"https:\/\/anteriores.premiosdelaindustria.es\/2018\/cristina-gonzalez\/","name":"Cristina Gonz\u00e1lez Mieres - Premios ingenierosVA de la Industria 2018","isPartOf":{"@id":"https:\/\/anteriores.premiosdelaindustria.es\/2018\/#website"},"datePublished":"2018-06-14T20:28:56+00:00","dateModified":"2018-06-19T10:18:39+00:00","inLanguage":"es","potentialAction":[{"@type":"ReadAction","target":["https:\/\/anteriores.premiosdelaindustria.es\/2018\/cristina-gonzalez\/"]}]},{"@type":"WebSite","@id":"https:\/\/anteriores.premiosdelaindustria.es\/2018\/#website","url":"https:\/\/anteriores.premiosdelaindustria.es\/2018\/","name":"Premios ingenierosVA de la Industria 2018","description":"Reconocer la importancia de la ingenier\u00eda en el desarrollo de la sociedad y de la industria","potentialAction":[{"@type":"SearchAction","target":{"@type":"EntryPoint","urlTemplate":"https:\/\/anteriores.premiosdelaindustria.es\/2018\/?s={search_term_string}"},"query-input":"required name=search_term_string"}],"inLanguage":"es"}]}},"_links":{"self":[{"href":"https:\/\/anteriores.premiosdelaindustria.es\/2018\/wp-json\/wp\/v2\/pages\/1279"}],"collection":[{"href":"https:\/\/anteriores.premiosdelaindustria.es\/2018\/wp-json\/wp\/v2\/pages"}],"about":[{"href":"https:\/\/anteriores.premiosdelaindustria.es\/2018\/wp-json\/wp\/v2\/types\/page"}],"author":[{"embeddable":true,"href":"https:\/\/anteriores.premiosdelaindustria.es\/2018\/wp-json\/wp\/v2\/users\/3"}],"replies":[{"embeddable":true,"href":"https:\/\/anteriores.premiosdelaindustria.es\/2018\/wp-json\/wp\/v2\/comments?post=1279"}],"version-history":[{"count":5,"href":"https:\/\/anteriores.premiosdelaindustria.es\/2018\/wp-json\/wp\/v2\/pages\/1279\/revisions"}],"predecessor-version":[{"id":1448,"href":"https:\/\/anteriores.premiosdelaindustria.es\/2018\/wp-json\/wp\/v2\/pages\/1279\/revisions\/1448"}],"wp:attachment":[{"href":"https:\/\/anteriores.premiosdelaindustria.es\/2018\/wp-json\/wp\/v2\/media?parent=1279"}],"curies":[{"name":"wp","href":"https:\/\/api.w.org\/{rel}","templated":true}]}}