{"id":1264,"date":"2018-06-14T22:28:46","date_gmt":"2018-06-14T20:28:46","guid":{"rendered":"https:\/\/anteriores.premiosdelaindustria.es\/2018\/?page_id=1264"},"modified":"2018-06-20T12:42:19","modified_gmt":"2018-06-20T10:42:19","slug":"carlos-moro-gonzalez","status":"publish","type":"page","link":"https:\/\/anteriores.premiosdelaindustria.es\/2018\/carlos-moro-gonzalez\/","title":{"rendered":"Carlos Moro Gonz\u00e1lez"},"content":{"rendered":"<section class=\"wpb-content-wrapper\"><p>[vc_row css_animation=\u00bb\u00bb row_type=\u00bbrow\u00bb use_row_as_full_screen_section=\u00bbno\u00bb type=\u00bbfull_width\u00bb angled_section=\u00bbno\u00bb text_align=\u00bbleft\u00bb background_image_as_pattern=\u00bbwithout_pattern\u00bb][vc_column][vc_column_text]<\/p>\n<h1>Carlos Moro Gonz\u00e1lez<\/h1>\n<p>[\/vc_column_text][\/vc_column][\/vc_row][vc_row css_animation=\u00bb\u00bb row_type=\u00bbrow\u00bb use_row_as_full_screen_section=\u00bbno\u00bb type=\u00bbfull_width\u00bb angled_section=\u00bbno\u00bb text_align=\u00bbleft\u00bb background_image_as_pattern=\u00bbwithout_pattern\u00bb][vc_column width=\u00bb1\/2&#8243;][vc_column_text]<\/p>\n<h5>Carlos Moro Gonz\u00e1lez Colegiado de Honor Premios ingenierosVA<\/h5>\n<p>El Colegio de Ingenieros Valladolid ha designado como nuevo Colegiado de Honor a Carlos Moro Gonz\u00e1lez como reconocimiento a su carrera por su aportaci\u00f3n a la innovaci\u00f3n y desarrollo de Castilla y Le\u00f3n.[\/vc_column_text][\/vc_column][vc_column width=\u00bb1\/2&#8243;][vc_video link=\u00bbhttps:\/\/www.youtube.com\/watch?v=oEGi84jbIbs\u00bb][\/vc_column][\/vc_row][vc_row css_animation=\u00bb\u00bb row_type=\u00bbrow\u00bb use_row_as_full_screen_section=\u00bbno\u00bb type=\u00bbfull_width\u00bb angled_section=\u00bbno\u00bb text_align=\u00bbleft\u00bb background_image_as_pattern=\u00bbwithout_pattern\u00bb][vc_column][vc_empty_space height=\u00bb64px\u00bb][\/vc_column][\/vc_row][vc_row css_animation=\u00bb\u00bb row_type=\u00bbrow\u00bb use_row_as_full_screen_section=\u00bbno\u00bb type=\u00bbfull_width\u00bb angled_section=\u00bbno\u00bb text_align=\u00bbleft\u00bb background_image_as_pattern=\u00bbwithout_pattern\u00bb][vc_column width=\u00bb1\/2&#8243;][vc_single_image image=\u00bb1265&#8243; img_size=\u00bblarge\u00bb alignment=\u00bbright\u00bb qode_css_animation=\u00bb\u00bb][\/vc_column][vc_column width=\u00bb1\/2&#8243;][vc_column_text]Carlos Moro Gonz\u00e1lez, Ingeniero Agr\u00f3nomo, Diplomado en Econom\u00eda de la Empresa, Diplomado en Econom\u00eda de la Pyme, M\u00e1ster en Tecnolog\u00eda de la Informaci\u00f3n y de las Comunicaciones<\/p>\n<p>Es el Fundador y Presidente de Bodegas Familiares Matarromera y su pasi\u00f3n por el mundo del vino se tradujo en la creaci\u00f3n de Bodega Matarromera, ubicada en pleno coraz\u00f3n de la Ribera del Duero. Tras Matarromera, cre\u00f3 otras siete bodegas y la \u00fanica destiler\u00eda de toda la Ribera del Duero, Destiler\u00edas del Duero.<\/p>\n<p>Su impulso al enotur\u00edstico le ha permitido obtener m\u00faltiples reconocimientos, donde destaca la Medalla al M\u00e9rito Tur\u00edstico concedida por el Consejo de Ministros del Gobierno de Espa\u00f1a en diciembre de 2014.<\/p>\n<p>En los \u00faltimos a\u00f1os ha fundado la empresa Abrobiotec, dedicada a la biotecnolog\u00eda especialmente aplicada al sector alimentario y la empresa ESDOR COSM\u00c9TICOS dedicada a la investigaci\u00f3n, desarrollo y producci\u00f3n de cosm\u00e9ticos naturales y funcionales.<\/p>\n<p>Ha sido Presidente de Vitartis, Asociaci\u00f3n Empresarial de Biotecnolog\u00eda Alimentaria en Castilla y Le\u00f3n y forma parte de la Academia de Gastronom\u00eda de Valladolid, y de la Academia de Gastronom\u00eda de Castilla y Le\u00f3n, y es tambi\u00e9n miembro de la Cofrad\u00eda del Vino de la Ribera del Duero y del Consejo Social de la Universidad de Valladolid desde el a\u00f1o 2012.<\/p>\n<p>En 2016 fue distinguido con el Premio Nacional de Investigaci\u00f3n otorgado por el Ministerio de Econom\u00eda y Competitividad del Gobierno de Espa\u00f1a de manos del Rey Felipe VI y en 2017 form\u00f3 parte del Jurado de los Premios Nacionales de Innovaci\u00f3n 2017.[\/vc_column_text][\/vc_column][\/vc_row][vc_row css_animation=\u00bb\u00bb row_type=\u00bbrow\u00bb use_row_as_full_screen_section=\u00bbno\u00bb type=\u00bbfull_width\u00bb angled_section=\u00bbno\u00bb text_align=\u00bbleft\u00bb background_image_as_pattern=\u00bbwithout_pattern\u00bb][vc_column][vc_empty_space height=\u00bb64px\u00bb][\/vc_column][\/vc_row][vc_row css_animation=\u00bb\u00bb row_type=\u00bbrow\u00bb use_row_as_full_screen_section=\u00bbno\u00bb type=\u00bbfull_width\u00bb angled_section=\u00bbno\u00bb text_align=\u00bbleft\u00bb background_image_as_pattern=\u00bbwithout_pattern\u00bb][vc_column][vc_empty_space][\/vc_column][\/vc_row]<\/p>\n<\/section>","protected":false},"excerpt":{"rendered":"<p>[vc_row css_animation=\u00bb\u00bb row_type=\u00bbrow\u00bb use_row_as_full_screen_section=\u00bbno\u00bb type=\u00bbfull_width\u00bb angled_section=\u00bbno\u00bb text_align=\u00bbleft\u00bb background_image_as_pattern=\u00bbwithout_pattern\u00bb][vc_column][vc_column_text] Carlos Moro Gonz\u00e1lez [\/vc_column_text][\/vc_column][\/vc_row][vc_row css_animation=\u00bb\u00bb row_type=\u00bbrow\u00bb use_row_as_full_screen_section=\u00bbno\u00bb type=\u00bbfull_width\u00bb angled_section=\u00bbno\u00bb text_align=\u00bbleft\u00bb background_image_as_pattern=\u00bbwithout_pattern\u00bb][vc_column width=\u00bb1\/2&#8243;][vc_column_text] Carlos Moro Gonz\u00e1lez Colegiado de Honor Premios ingenierosVA El Colegio de Ingenieros Valladolid ha designado como nuevo Colegiado de Honor a Carlos Moro Gonz\u00e1lez como&#8230;<\/p>\n","protected":false},"author":3,"featured_media":0,"parent":0,"menu_order":0,"comment_status":"closed","ping_status":"closed","template":"","meta":{"footnotes":""},"yoast_head":"<!-- This site is optimized with the Yoast SEO plugin v20.6 - https:\/\/yoast.com\/wordpress\/plugins\/seo\/ -->\n<title>Carlos Moro Gonz\u00e1lez - Premios ingenierosVA de la Industria 2018<\/title>\n<meta name=\"robots\" content=\"index, follow, max-snippet:-1, max-image-preview:large, max-video-preview:-1\" \/>\n<link rel=\"canonical\" href=\"https:\/\/anteriores.premiosdelaindustria.es\/2018\/carlos-moro-gonzalez\/\" \/>\n<meta property=\"og:locale\" content=\"es_ES\" \/>\n<meta property=\"og:type\" content=\"article\" \/>\n<meta property=\"og:title\" content=\"Carlos Moro Gonz\u00e1lez - Premios ingenierosVA de la Industria 2018\" \/>\n<meta property=\"og:description\" content=\"[vc_row css_animation=\u00bb\u00bb row_type=\u00bbrow\u00bb use_row_as_full_screen_section=\u00bbno\u00bb type=\u00bbfull_width\u00bb angled_section=\u00bbno\u00bb text_align=\u00bbleft\u00bb background_image_as_pattern=\u00bbwithout_pattern\u00bb][vc_column][vc_column_text] Carlos Moro Gonz\u00e1lez [\/vc_column_text][\/vc_column][\/vc_row][vc_row css_animation=\u00bb\u00bb row_type=\u00bbrow\u00bb use_row_as_full_screen_section=\u00bbno\u00bb type=\u00bbfull_width\u00bb angled_section=\u00bbno\u00bb text_align=\u00bbleft\u00bb background_image_as_pattern=\u00bbwithout_pattern\u00bb][vc_column width=\u00bb1\/2&#8243;][vc_column_text] Carlos Moro Gonz\u00e1lez Colegiado de Honor Premios ingenierosVA El Colegio de Ingenieros Valladolid ha designado como nuevo Colegiado de Honor a Carlos Moro Gonz\u00e1lez como...\" \/>\n<meta property=\"og:url\" content=\"https:\/\/anteriores.premiosdelaindustria.es\/2018\/carlos-moro-gonzalez\/\" \/>\n<meta property=\"og:site_name\" content=\"Premios ingenierosVA de la Industria 2018\" \/>\n<meta property=\"article:modified_time\" content=\"2018-06-20T10:42:19+00:00\" \/>\n<meta name=\"twitter:card\" content=\"summary_large_image\" \/>\n<meta name=\"twitter:label1\" content=\"Tiempo de lectura\" \/>\n\t<meta name=\"twitter:data1\" content=\"3 minutos\" \/>\n<script type=\"application\/ld+json\" class=\"yoast-schema-graph\">{\"@context\":\"https:\/\/schema.org\",\"@graph\":[{\"@type\":\"WebPage\",\"@id\":\"https:\/\/anteriores.premiosdelaindustria.es\/2018\/carlos-moro-gonzalez\/\",\"url\":\"https:\/\/anteriores.premiosdelaindustria.es\/2018\/carlos-moro-gonzalez\/\",\"name\":\"Carlos Moro Gonz\u00e1lez - Premios ingenierosVA de la Industria 2018\",\"isPartOf\":{\"@id\":\"https:\/\/anteriores.premiosdelaindustria.es\/2018\/#website\"},\"datePublished\":\"2018-06-14T20:28:46+00:00\",\"dateModified\":\"2018-06-20T10:42:19+00:00\",\"inLanguage\":\"es\",\"potentialAction\":[{\"@type\":\"ReadAction\",\"target\":[\"https:\/\/anteriores.premiosdelaindustria.es\/2018\/carlos-moro-gonzalez\/\"]}]},{\"@type\":\"WebSite\",\"@id\":\"https:\/\/anteriores.premiosdelaindustria.es\/2018\/#website\",\"url\":\"https:\/\/anteriores.premiosdelaindustria.es\/2018\/\",\"name\":\"Premios ingenierosVA de la Industria 2018\",\"description\":\"Reconocer la importancia de la ingenier\u00eda en el desarrollo de la sociedad y de la industria\",\"potentialAction\":[{\"@type\":\"SearchAction\",\"target\":{\"@type\":\"EntryPoint\",\"urlTemplate\":\"https:\/\/anteriores.premiosdelaindustria.es\/2018\/?s={search_term_string}\"},\"query-input\":\"required name=search_term_string\"}],\"inLanguage\":\"es\"}]}<\/script>\n<!-- \/ Yoast SEO plugin. -->","yoast_head_json":{"title":"Carlos Moro Gonz\u00e1lez - Premios ingenierosVA de la Industria 2018","robots":{"index":"index","follow":"follow","max-snippet":"max-snippet:-1","max-image-preview":"max-image-preview:large","max-video-preview":"max-video-preview:-1"},"canonical":"https:\/\/anteriores.premiosdelaindustria.es\/2018\/carlos-moro-gonzalez\/","og_locale":"es_ES","og_type":"article","og_title":"Carlos Moro Gonz\u00e1lez - Premios ingenierosVA de la Industria 2018","og_description":"[vc_row css_animation=\u00bb\u00bb row_type=\u00bbrow\u00bb use_row_as_full_screen_section=\u00bbno\u00bb type=\u00bbfull_width\u00bb angled_section=\u00bbno\u00bb text_align=\u00bbleft\u00bb background_image_as_pattern=\u00bbwithout_pattern\u00bb][vc_column][vc_column_text] Carlos Moro Gonz\u00e1lez [\/vc_column_text][\/vc_column][\/vc_row][vc_row css_animation=\u00bb\u00bb row_type=\u00bbrow\u00bb use_row_as_full_screen_section=\u00bbno\u00bb type=\u00bbfull_width\u00bb angled_section=\u00bbno\u00bb text_align=\u00bbleft\u00bb background_image_as_pattern=\u00bbwithout_pattern\u00bb][vc_column width=\u00bb1\/2&#8243;][vc_column_text] Carlos Moro Gonz\u00e1lez Colegiado de Honor Premios ingenierosVA El Colegio de Ingenieros Valladolid ha designado como nuevo Colegiado de Honor a Carlos Moro Gonz\u00e1lez como...","og_url":"https:\/\/anteriores.premiosdelaindustria.es\/2018\/carlos-moro-gonzalez\/","og_site_name":"Premios ingenierosVA de la Industria 2018","article_modified_time":"2018-06-20T10:42:19+00:00","twitter_card":"summary_large_image","twitter_misc":{"Tiempo de lectura":"3 minutos"},"schema":{"@context":"https:\/\/schema.org","@graph":[{"@type":"WebPage","@id":"https:\/\/anteriores.premiosdelaindustria.es\/2018\/carlos-moro-gonzalez\/","url":"https:\/\/anteriores.premiosdelaindustria.es\/2018\/carlos-moro-gonzalez\/","name":"Carlos Moro Gonz\u00e1lez - Premios ingenierosVA de la Industria 2018","isPartOf":{"@id":"https:\/\/anteriores.premiosdelaindustria.es\/2018\/#website"},"datePublished":"2018-06-14T20:28:46+00:00","dateModified":"2018-06-20T10:42:19+00:00","inLanguage":"es","potentialAction":[{"@type":"ReadAction","target":["https:\/\/anteriores.premiosdelaindustria.es\/2018\/carlos-moro-gonzalez\/"]}]},{"@type":"WebSite","@id":"https:\/\/anteriores.premiosdelaindustria.es\/2018\/#website","url":"https:\/\/anteriores.premiosdelaindustria.es\/2018\/","name":"Premios ingenierosVA de la Industria 2018","description":"Reconocer la importancia de la ingenier\u00eda en el desarrollo de la sociedad y de la industria","potentialAction":[{"@type":"SearchAction","target":{"@type":"EntryPoint","urlTemplate":"https:\/\/anteriores.premiosdelaindustria.es\/2018\/?s={search_term_string}"},"query-input":"required name=search_term_string"}],"inLanguage":"es"}]}},"_links":{"self":[{"href":"https:\/\/anteriores.premiosdelaindustria.es\/2018\/wp-json\/wp\/v2\/pages\/1264"}],"collection":[{"href":"https:\/\/anteriores.premiosdelaindustria.es\/2018\/wp-json\/wp\/v2\/pages"}],"about":[{"href":"https:\/\/anteriores.premiosdelaindustria.es\/2018\/wp-json\/wp\/v2\/types\/page"}],"author":[{"embeddable":true,"href":"https:\/\/anteriores.premiosdelaindustria.es\/2018\/wp-json\/wp\/v2\/users\/3"}],"replies":[{"embeddable":true,"href":"https:\/\/anteriores.premiosdelaindustria.es\/2018\/wp-json\/wp\/v2\/comments?post=1264"}],"version-history":[{"count":10,"href":"https:\/\/anteriores.premiosdelaindustria.es\/2018\/wp-json\/wp\/v2\/pages\/1264\/revisions"}],"predecessor-version":[{"id":1488,"href":"https:\/\/anteriores.premiosdelaindustria.es\/2018\/wp-json\/wp\/v2\/pages\/1264\/revisions\/1488"}],"wp:attachment":[{"href":"https:\/\/anteriores.premiosdelaindustria.es\/2018\/wp-json\/wp\/v2\/media?parent=1264"}],"curies":[{"name":"wp","href":"https:\/\/api.w.org\/{rel}","templated":true}]}}