{"id":1250,"date":"2018-06-14T22:28:22","date_gmt":"2018-06-14T20:28:22","guid":{"rendered":"https:\/\/anteriores.premiosdelaindustria.es\/2018\/?page_id=1250"},"modified":"2019-08-19T18:34:53","modified_gmt":"2019-08-19T16:34:53","slug":"siro","status":"publish","type":"page","link":"https:\/\/anteriores.premiosdelaindustria.es\/2018\/siro\/","title":{"rendered":"Grupo Siro"},"content":{"rendered":"<section class=\"wpb-content-wrapper\"><p>[vc_row css_animation=\u00bb\u00bb row_type=\u00bbrow\u00bb use_row_as_full_screen_section=\u00bbno\u00bb type=\u00bbfull_width\u00bb angled_section=\u00bbno\u00bb text_align=\u00bbleft\u00bb background_image_as_pattern=\u00bbwithout_pattern\u00bb][vc_column][vc_column_text]<\/p>\n<h1>Grupo Siro<\/h1>\n<p>[\/vc_column_text][\/vc_column][\/vc_row][vc_row css_animation=\u00bb\u00bb row_type=\u00bbrow\u00bb use_row_as_full_screen_section=\u00bbno\u00bb type=\u00bbfull_width\u00bb angled_section=\u00bbno\u00bb text_align=\u00bbleft\u00bb background_image_as_pattern=\u00bbwithout_pattern\u00bb][vc_column width=\u00bb1\/2&#8243;][vc_column_text]<\/p>\n<h5>Grupo Siro<\/h5>\n<p>La compa\u00f1\u00eda, que en 2016 invirti\u00f3 m\u00e1s de 13 millones de euros en I+D+i y nuevas tecnolog\u00edas, ha sido distinguida con el premio Oro a la Innovaci\u00f3n en los SAP Quality Awards 2017.[\/vc_column_text][\/vc_column][vc_column width=\u00bb1\/2&#8243;][vc_video link=\u00bbhttps:\/\/www.youtube.com\/watch?v=YvbPSW_c4_k\u00bb][\/vc_column][\/vc_row][vc_row css_animation=\u00bb\u00bb row_type=\u00bbrow\u00bb use_row_as_full_screen_section=\u00bbno\u00bb type=\u00bbfull_width\u00bb angled_section=\u00bbno\u00bb text_align=\u00bbleft\u00bb background_image_as_pattern=\u00bbwithout_pattern\u00bb][vc_column][vc_empty_space height=\u00bb64px\u00bb][\/vc_column][\/vc_row][vc_row css_animation=\u00bb\u00bb row_type=\u00bbrow\u00bb use_row_as_full_screen_section=\u00bbno\u00bb type=\u00bbfull_width\u00bb angled_section=\u00bbno\u00bb text_align=\u00bbleft\u00bb background_image_as_pattern=\u00bbwithout_pattern\u00bb][vc_column width=\u00bb1\/2&#8243;][vc_single_image image=\u00bb1251&#8243; img_size=\u00bblarge\u00bb alignment=\u00bbright\u00bb qode_css_animation=\u00bb\u00bb][\/vc_column][vc_column width=\u00bb1\/2&#8243;][vc_column_text]Grupo Siro es un grupo empresarial dedicado a la industria alimentaria fundado en 1991 con la adquisici\u00f3n de Galletas Siro, primera empresa del grupo. La sociedad constituye uno de los mayores grupos industriales del pa\u00eds en el sector de la alimentaci\u00f3n con 15 factor\u00edas de producci\u00f3n, ocupando el sexto puesto entre las empresas m\u00e1s reputadas del sector.<\/p>\n<p>El centro de I+D+i desarrolla numerosas l\u00edneas de investigaci\u00f3n propias y en colaboraci\u00f3n con otras empresas e instituciones p\u00fablicas y sanitarias y el equipo de innovaci\u00f3n de la corporaci\u00f3n desarrolla unos 100 nuevos proyectos cada a\u00f1o.<\/p>\n<p>Grupo Siro ha innovado mediante su proyecto de F\u00e1bricas Sin Papeles un proyecto integral de transformaci\u00f3n digital en las f\u00e1bricas del Grupo que garantiza la gesti\u00f3n completa de la informaci\u00f3n de la f\u00e1brica en tiempo real (control de stocks, trazabilidad, variables de proceso y calidad), optimizando los flujos de material y permitiendo un control eficiente de la cadena de suministro, desde el origen hasta el cliente final.<\/p>\n<p>&nbsp;<\/p>\n<p>&nbsp;<\/p>\n<p><a href=\"https:\/\/www.cerealtosirofoods.com\/es\/\" target=\"_blank\" rel=\"noopener noreferrer\">https:\/\/www.cerealtosirofoods.com\/es\/<\/a><\/p>\n<p>[\/vc_column_text][\/vc_column][\/vc_row]<\/p>\n<\/section>","protected":false},"excerpt":{"rendered":"<p>[vc_row css_animation=\u00bb\u00bb row_type=\u00bbrow\u00bb use_row_as_full_screen_section=\u00bbno\u00bb type=\u00bbfull_width\u00bb angled_section=\u00bbno\u00bb text_align=\u00bbleft\u00bb background_image_as_pattern=\u00bbwithout_pattern\u00bb][vc_column][vc_column_text] Grupo Siro [\/vc_column_text][\/vc_column][\/vc_row][vc_row css_animation=\u00bb\u00bb row_type=\u00bbrow\u00bb use_row_as_full_screen_section=\u00bbno\u00bb type=\u00bbfull_width\u00bb angled_section=\u00bbno\u00bb text_align=\u00bbleft\u00bb background_image_as_pattern=\u00bbwithout_pattern\u00bb][vc_column width=\u00bb1\/2&#8243;][vc_column_text] Grupo Siro La compa\u00f1\u00eda, que en 2016 invirti\u00f3 m\u00e1s de 13 millones de euros en I+D+i y nuevas tecnolog\u00edas, ha sido distinguida con el premio Oro&#8230;<\/p>\n","protected":false},"author":3,"featured_media":0,"parent":0,"menu_order":0,"comment_status":"closed","ping_status":"closed","template":"","meta":{"footnotes":""},"yoast_head":"<!-- This site is optimized with the Yoast SEO plugin v20.6 - https:\/\/yoast.com\/wordpress\/plugins\/seo\/ -->\n<title>Grupo Siro - Premios ingenierosVA de la Industria 2018<\/title>\n<meta name=\"robots\" content=\"index, follow, max-snippet:-1, max-image-preview:large, max-video-preview:-1\" \/>\n<link rel=\"canonical\" href=\"https:\/\/anteriores.premiosdelaindustria.es\/2018\/siro\/\" \/>\n<meta property=\"og:locale\" content=\"es_ES\" \/>\n<meta property=\"og:type\" content=\"article\" \/>\n<meta property=\"og:title\" content=\"Grupo Siro - Premios ingenierosVA de la Industria 2018\" \/>\n<meta property=\"og:description\" content=\"[vc_row css_animation=\u00bb\u00bb row_type=\u00bbrow\u00bb use_row_as_full_screen_section=\u00bbno\u00bb type=\u00bbfull_width\u00bb angled_section=\u00bbno\u00bb text_align=\u00bbleft\u00bb background_image_as_pattern=\u00bbwithout_pattern\u00bb][vc_column][vc_column_text] Grupo Siro [\/vc_column_text][\/vc_column][\/vc_row][vc_row css_animation=\u00bb\u00bb row_type=\u00bbrow\u00bb use_row_as_full_screen_section=\u00bbno\u00bb type=\u00bbfull_width\u00bb angled_section=\u00bbno\u00bb text_align=\u00bbleft\u00bb background_image_as_pattern=\u00bbwithout_pattern\u00bb][vc_column width=\u00bb1\/2&#8243;][vc_column_text] Grupo Siro La compa\u00f1\u00eda, que en 2016 invirti\u00f3 m\u00e1s de 13 millones de euros en I+D+i y nuevas tecnolog\u00edas, ha sido distinguida con el premio Oro...\" \/>\n<meta property=\"og:url\" content=\"https:\/\/anteriores.premiosdelaindustria.es\/2018\/siro\/\" \/>\n<meta property=\"og:site_name\" content=\"Premios ingenierosVA de la Industria 2018\" \/>\n<meta property=\"article:modified_time\" content=\"2019-08-19T16:34:53+00:00\" \/>\n<meta name=\"twitter:card\" content=\"summary_large_image\" \/>\n<meta name=\"twitter:label1\" content=\"Tiempo de lectura\" \/>\n\t<meta name=\"twitter:data1\" content=\"2 minutos\" \/>\n<script type=\"application\/ld+json\" class=\"yoast-schema-graph\">{\"@context\":\"https:\/\/schema.org\",\"@graph\":[{\"@type\":\"WebPage\",\"@id\":\"https:\/\/anteriores.premiosdelaindustria.es\/2018\/siro\/\",\"url\":\"https:\/\/anteriores.premiosdelaindustria.es\/2018\/siro\/\",\"name\":\"Grupo Siro - Premios ingenierosVA de la Industria 2018\",\"isPartOf\":{\"@id\":\"https:\/\/anteriores.premiosdelaindustria.es\/2018\/#website\"},\"datePublished\":\"2018-06-14T20:28:22+00:00\",\"dateModified\":\"2019-08-19T16:34:53+00:00\",\"inLanguage\":\"es\",\"potentialAction\":[{\"@type\":\"ReadAction\",\"target\":[\"https:\/\/anteriores.premiosdelaindustria.es\/2018\/siro\/\"]}]},{\"@type\":\"WebSite\",\"@id\":\"https:\/\/anteriores.premiosdelaindustria.es\/2018\/#website\",\"url\":\"https:\/\/anteriores.premiosdelaindustria.es\/2018\/\",\"name\":\"Premios ingenierosVA de la Industria 2018\",\"description\":\"Reconocer la importancia de la ingenier\u00eda en el desarrollo de la sociedad y de la industria\",\"potentialAction\":[{\"@type\":\"SearchAction\",\"target\":{\"@type\":\"EntryPoint\",\"urlTemplate\":\"https:\/\/anteriores.premiosdelaindustria.es\/2018\/?s={search_term_string}\"},\"query-input\":\"required name=search_term_string\"}],\"inLanguage\":\"es\"}]}<\/script>\n<!-- \/ Yoast SEO plugin. -->","yoast_head_json":{"title":"Grupo Siro - Premios ingenierosVA de la Industria 2018","robots":{"index":"index","follow":"follow","max-snippet":"max-snippet:-1","max-image-preview":"max-image-preview:large","max-video-preview":"max-video-preview:-1"},"canonical":"https:\/\/anteriores.premiosdelaindustria.es\/2018\/siro\/","og_locale":"es_ES","og_type":"article","og_title":"Grupo Siro - Premios ingenierosVA de la Industria 2018","og_description":"[vc_row css_animation=\u00bb\u00bb row_type=\u00bbrow\u00bb use_row_as_full_screen_section=\u00bbno\u00bb type=\u00bbfull_width\u00bb angled_section=\u00bbno\u00bb text_align=\u00bbleft\u00bb background_image_as_pattern=\u00bbwithout_pattern\u00bb][vc_column][vc_column_text] Grupo Siro [\/vc_column_text][\/vc_column][\/vc_row][vc_row css_animation=\u00bb\u00bb row_type=\u00bbrow\u00bb use_row_as_full_screen_section=\u00bbno\u00bb type=\u00bbfull_width\u00bb angled_section=\u00bbno\u00bb text_align=\u00bbleft\u00bb background_image_as_pattern=\u00bbwithout_pattern\u00bb][vc_column width=\u00bb1\/2&#8243;][vc_column_text] Grupo Siro La compa\u00f1\u00eda, que en 2016 invirti\u00f3 m\u00e1s de 13 millones de euros en I+D+i y nuevas tecnolog\u00edas, ha sido distinguida con el premio Oro...","og_url":"https:\/\/anteriores.premiosdelaindustria.es\/2018\/siro\/","og_site_name":"Premios ingenierosVA de la Industria 2018","article_modified_time":"2019-08-19T16:34:53+00:00","twitter_card":"summary_large_image","twitter_misc":{"Tiempo de lectura":"2 minutos"},"schema":{"@context":"https:\/\/schema.org","@graph":[{"@type":"WebPage","@id":"https:\/\/anteriores.premiosdelaindustria.es\/2018\/siro\/","url":"https:\/\/anteriores.premiosdelaindustria.es\/2018\/siro\/","name":"Grupo Siro - Premios ingenierosVA de la Industria 2018","isPartOf":{"@id":"https:\/\/anteriores.premiosdelaindustria.es\/2018\/#website"},"datePublished":"2018-06-14T20:28:22+00:00","dateModified":"2019-08-19T16:34:53+00:00","inLanguage":"es","potentialAction":[{"@type":"ReadAction","target":["https:\/\/anteriores.premiosdelaindustria.es\/2018\/siro\/"]}]},{"@type":"WebSite","@id":"https:\/\/anteriores.premiosdelaindustria.es\/2018\/#website","url":"https:\/\/anteriores.premiosdelaindustria.es\/2018\/","name":"Premios ingenierosVA de la Industria 2018","description":"Reconocer la importancia de la ingenier\u00eda en el desarrollo de la sociedad y de la industria","potentialAction":[{"@type":"SearchAction","target":{"@type":"EntryPoint","urlTemplate":"https:\/\/anteriores.premiosdelaindustria.es\/2018\/?s={search_term_string}"},"query-input":"required name=search_term_string"}],"inLanguage":"es"}]}},"_links":{"self":[{"href":"https:\/\/anteriores.premiosdelaindustria.es\/2018\/wp-json\/wp\/v2\/pages\/1250"}],"collection":[{"href":"https:\/\/anteriores.premiosdelaindustria.es\/2018\/wp-json\/wp\/v2\/pages"}],"about":[{"href":"https:\/\/anteriores.premiosdelaindustria.es\/2018\/wp-json\/wp\/v2\/types\/page"}],"author":[{"embeddable":true,"href":"https:\/\/anteriores.premiosdelaindustria.es\/2018\/wp-json\/wp\/v2\/users\/3"}],"replies":[{"embeddable":true,"href":"https:\/\/anteriores.premiosdelaindustria.es\/2018\/wp-json\/wp\/v2\/comments?post=1250"}],"version-history":[{"count":4,"href":"https:\/\/anteriores.premiosdelaindustria.es\/2018\/wp-json\/wp\/v2\/pages\/1250\/revisions"}],"predecessor-version":[{"id":1517,"href":"https:\/\/anteriores.premiosdelaindustria.es\/2018\/wp-json\/wp\/v2\/pages\/1250\/revisions\/1517"}],"wp:attachment":[{"href":"https:\/\/anteriores.premiosdelaindustria.es\/2018\/wp-json\/wp\/v2\/media?parent=1250"}],"curies":[{"name":"wp","href":"https:\/\/api.w.org\/{rel}","templated":true}]}}