{"id":1247,"date":"2018-06-14T22:31:32","date_gmt":"2018-06-14T20:31:32","guid":{"rendered":"https:\/\/anteriores.premiosdelaindustria.es\/2018\/?page_id=1247"},"modified":"2018-06-14T22:31:32","modified_gmt":"2018-06-14T20:31:32","slug":"sothis","status":"publish","type":"page","link":"https:\/\/anteriores.premiosdelaindustria.es\/2018\/sothis\/","title":{"rendered":"Sothis"},"content":{"rendered":"<section class=\"wpb-content-wrapper\"><p>[vc_row css_animation=\u00bb\u00bb row_type=\u00bbrow\u00bb use_row_as_full_screen_section=\u00bbno\u00bb type=\u00bbfull_width\u00bb angled_section=\u00bbno\u00bb text_align=\u00bbleft\u00bb background_image_as_pattern=\u00bbwithout_pattern\u00bb][vc_column][vc_column_text]<\/p>\n<h1>Sothis<\/h1>\n<p>[\/vc_column_text][\/vc_column][\/vc_row][vc_row css_animation=\u00bb\u00bb row_type=\u00bbrow\u00bb use_row_as_full_screen_section=\u00bbno\u00bb type=\u00bbfull_width\u00bb angled_section=\u00bbno\u00bb text_align=\u00bbleft\u00bb background_image_as_pattern=\u00bbwithout_pattern\u00bb][vc_column width=\u00bb1\/2&#8243;][vc_single_image image=\u00bb1248&#8243; img_size=\u00bblarge\u00bb alignment=\u00bbright\u00bb qode_css_animation=\u00bb\u00bb][\/vc_column][vc_column width=\u00bb1\/2&#8243;][vc_column_text]Sothis nace en 2008 para liderar un cambio en la forma de ofrecer servicios relacionados con las tecnolog\u00edas de la informaci\u00f3n.<\/p>\n<p>Especializados en los sectores agroalimentario, farmac\u00e9utico, qu\u00edmico, construcci\u00f3n, distribuci\u00f3n, y autom\u00f3vil gracias a su profundo conocimiento de los sistemas de informaci\u00f3n industriales, los sistemas de informaci\u00f3n generalistas y las aplicaciones de negocio.<\/p>\n<p>L\u00edderes en transformaci\u00f3n digital de procesos industriales desarrollan proyectos para automatizar, digitalizar y comunicar todos los elementos de planta de forma est\u00e1ndar.<\/p>\n<p>&nbsp;<\/p>\n<p><a href=\"https:\/\/www.gruposothis.com\/\" target=\"_blank\" rel=\"noopener\">https:\/\/www.gruposothis.com\/<\/a><\/p>\n<p>&nbsp;<\/p>\n<p>[\/vc_column_text][\/vc_column][\/vc_row][vc_row css_animation=\u00bb\u00bb row_type=\u00bbrow\u00bb use_row_as_full_screen_section=\u00bbno\u00bb type=\u00bbfull_width\u00bb angled_section=\u00bbno\u00bb text_align=\u00bbleft\u00bb background_image_as_pattern=\u00bbwithout_pattern\u00bb][vc_column][vc_empty_space height=\u00bb64px\u00bb][\/vc_column][\/vc_row][vc_row css_animation=\u00bb\u00bb row_type=\u00bbrow\u00bb use_row_as_full_screen_section=\u00bbno\u00bb type=\u00bbfull_width\u00bb angled_section=\u00bbno\u00bb text_align=\u00bbleft\u00bb background_image_as_pattern=\u00bbwithout_pattern\u00bb][vc_column width=\u00bb1\/2&#8243;][vc_column_text]<\/p>\n<h5>Sothis<\/h5>\n<p>Su experiencia confirma la alta productividad de las empresas que apuestas por los sistemas de informaci\u00f3n en planta, traduci\u00e9ndose directamente en aumento de la producci\u00f3n y liderando la creaci\u00f3n de empleo.[\/vc_column_text][\/vc_column][vc_column width=\u00bb1\/2&#8243;][vc_video link=\u00bbhttps:\/\/www.youtube.com\u00bb][\/vc_column][\/vc_row]<\/p>\n<\/section>","protected":false},"excerpt":{"rendered":"<p>[vc_row css_animation=\u00bb\u00bb row_type=\u00bbrow\u00bb use_row_as_full_screen_section=\u00bbno\u00bb type=\u00bbfull_width\u00bb angled_section=\u00bbno\u00bb text_align=\u00bbleft\u00bb background_image_as_pattern=\u00bbwithout_pattern\u00bb][vc_column][vc_column_text] Sothis [\/vc_column_text][\/vc_column][\/vc_row][vc_row css_animation=\u00bb\u00bb row_type=\u00bbrow\u00bb use_row_as_full_screen_section=\u00bbno\u00bb type=\u00bbfull_width\u00bb angled_section=\u00bbno\u00bb text_align=\u00bbleft\u00bb background_image_as_pattern=\u00bbwithout_pattern\u00bb][vc_column width=\u00bb1\/2&#8243;][vc_single_image image=\u00bb1248&#8243; img_size=\u00bblarge\u00bb alignment=\u00bbright\u00bb qode_css_animation=\u00bb\u00bb][\/vc_column][vc_column width=\u00bb1\/2&#8243;][vc_column_text]Sothis nace en 2008 para liderar un cambio en la forma de ofrecer servicios relacionados con las tecnolog\u00edas de la informaci\u00f3n. Especializados en&#8230;<\/p>\n","protected":false},"author":3,"featured_media":0,"parent":0,"menu_order":0,"comment_status":"closed","ping_status":"closed","template":"","meta":{"footnotes":""},"yoast_head":"<!-- This site is optimized with the Yoast SEO plugin v20.6 - https:\/\/yoast.com\/wordpress\/plugins\/seo\/ -->\n<title>Sothis - Premios ingenierosVA de la Industria 2018<\/title>\n<meta name=\"robots\" content=\"index, follow, max-snippet:-1, max-image-preview:large, max-video-preview:-1\" \/>\n<link rel=\"canonical\" href=\"https:\/\/anteriores.premiosdelaindustria.es\/2018\/sothis\/\" \/>\n<meta property=\"og:locale\" content=\"es_ES\" \/>\n<meta property=\"og:type\" content=\"article\" \/>\n<meta property=\"og:title\" content=\"Sothis - Premios ingenierosVA de la Industria 2018\" \/>\n<meta property=\"og:description\" content=\"[vc_row css_animation=\u00bb\u00bb row_type=\u00bbrow\u00bb use_row_as_full_screen_section=\u00bbno\u00bb type=\u00bbfull_width\u00bb angled_section=\u00bbno\u00bb text_align=\u00bbleft\u00bb background_image_as_pattern=\u00bbwithout_pattern\u00bb][vc_column][vc_column_text] Sothis [\/vc_column_text][\/vc_column][\/vc_row][vc_row css_animation=\u00bb\u00bb row_type=\u00bbrow\u00bb use_row_as_full_screen_section=\u00bbno\u00bb type=\u00bbfull_width\u00bb angled_section=\u00bbno\u00bb text_align=\u00bbleft\u00bb background_image_as_pattern=\u00bbwithout_pattern\u00bb][vc_column width=\u00bb1\/2&#8243;][vc_single_image image=\u00bb1248&#8243; img_size=\u00bblarge\u00bb alignment=\u00bbright\u00bb qode_css_animation=\u00bb\u00bb][\/vc_column][vc_column width=\u00bb1\/2&#8243;][vc_column_text]Sothis nace en 2008 para liderar un cambio en la forma de ofrecer servicios relacionados con las tecnolog\u00edas de la informaci\u00f3n. Especializados en...\" \/>\n<meta property=\"og:url\" content=\"https:\/\/anteriores.premiosdelaindustria.es\/2018\/sothis\/\" \/>\n<meta property=\"og:site_name\" content=\"Premios ingenierosVA de la Industria 2018\" \/>\n<meta name=\"twitter:card\" content=\"summary_large_image\" \/>\n<meta name=\"twitter:label1\" content=\"Tiempo de lectura\" \/>\n\t<meta name=\"twitter:data1\" content=\"2 minutos\" \/>\n<script type=\"application\/ld+json\" class=\"yoast-schema-graph\">{\"@context\":\"https:\/\/schema.org\",\"@graph\":[{\"@type\":\"WebPage\",\"@id\":\"https:\/\/anteriores.premiosdelaindustria.es\/2018\/sothis\/\",\"url\":\"https:\/\/anteriores.premiosdelaindustria.es\/2018\/sothis\/\",\"name\":\"Sothis - Premios ingenierosVA de la Industria 2018\",\"isPartOf\":{\"@id\":\"https:\/\/anteriores.premiosdelaindustria.es\/2018\/#website\"},\"datePublished\":\"2018-06-14T20:31:32+00:00\",\"dateModified\":\"2018-06-14T20:31:32+00:00\",\"inLanguage\":\"es\",\"potentialAction\":[{\"@type\":\"ReadAction\",\"target\":[\"https:\/\/anteriores.premiosdelaindustria.es\/2018\/sothis\/\"]}]},{\"@type\":\"WebSite\",\"@id\":\"https:\/\/anteriores.premiosdelaindustria.es\/2018\/#website\",\"url\":\"https:\/\/anteriores.premiosdelaindustria.es\/2018\/\",\"name\":\"Premios ingenierosVA de la Industria 2018\",\"description\":\"Reconocer la importancia de la ingenier\u00eda en el desarrollo de la sociedad y de la industria\",\"potentialAction\":[{\"@type\":\"SearchAction\",\"target\":{\"@type\":\"EntryPoint\",\"urlTemplate\":\"https:\/\/anteriores.premiosdelaindustria.es\/2018\/?s={search_term_string}\"},\"query-input\":\"required name=search_term_string\"}],\"inLanguage\":\"es\"}]}<\/script>\n<!-- \/ Yoast SEO plugin. -->","yoast_head_json":{"title":"Sothis - Premios ingenierosVA de la Industria 2018","robots":{"index":"index","follow":"follow","max-snippet":"max-snippet:-1","max-image-preview":"max-image-preview:large","max-video-preview":"max-video-preview:-1"},"canonical":"https:\/\/anteriores.premiosdelaindustria.es\/2018\/sothis\/","og_locale":"es_ES","og_type":"article","og_title":"Sothis - Premios ingenierosVA de la Industria 2018","og_description":"[vc_row css_animation=\u00bb\u00bb row_type=\u00bbrow\u00bb use_row_as_full_screen_section=\u00bbno\u00bb type=\u00bbfull_width\u00bb angled_section=\u00bbno\u00bb text_align=\u00bbleft\u00bb background_image_as_pattern=\u00bbwithout_pattern\u00bb][vc_column][vc_column_text] Sothis [\/vc_column_text][\/vc_column][\/vc_row][vc_row css_animation=\u00bb\u00bb row_type=\u00bbrow\u00bb use_row_as_full_screen_section=\u00bbno\u00bb type=\u00bbfull_width\u00bb angled_section=\u00bbno\u00bb text_align=\u00bbleft\u00bb background_image_as_pattern=\u00bbwithout_pattern\u00bb][vc_column width=\u00bb1\/2&#8243;][vc_single_image image=\u00bb1248&#8243; img_size=\u00bblarge\u00bb alignment=\u00bbright\u00bb qode_css_animation=\u00bb\u00bb][\/vc_column][vc_column width=\u00bb1\/2&#8243;][vc_column_text]Sothis nace en 2008 para liderar un cambio en la forma de ofrecer servicios relacionados con las tecnolog\u00edas de la informaci\u00f3n. Especializados en...","og_url":"https:\/\/anteriores.premiosdelaindustria.es\/2018\/sothis\/","og_site_name":"Premios ingenierosVA de la Industria 2018","twitter_card":"summary_large_image","twitter_misc":{"Tiempo de lectura":"2 minutos"},"schema":{"@context":"https:\/\/schema.org","@graph":[{"@type":"WebPage","@id":"https:\/\/anteriores.premiosdelaindustria.es\/2018\/sothis\/","url":"https:\/\/anteriores.premiosdelaindustria.es\/2018\/sothis\/","name":"Sothis - Premios ingenierosVA de la Industria 2018","isPartOf":{"@id":"https:\/\/anteriores.premiosdelaindustria.es\/2018\/#website"},"datePublished":"2018-06-14T20:31:32+00:00","dateModified":"2018-06-14T20:31:32+00:00","inLanguage":"es","potentialAction":[{"@type":"ReadAction","target":["https:\/\/anteriores.premiosdelaindustria.es\/2018\/sothis\/"]}]},{"@type":"WebSite","@id":"https:\/\/anteriores.premiosdelaindustria.es\/2018\/#website","url":"https:\/\/anteriores.premiosdelaindustria.es\/2018\/","name":"Premios ingenierosVA de la Industria 2018","description":"Reconocer la importancia de la ingenier\u00eda en el desarrollo de la sociedad y de la industria","potentialAction":[{"@type":"SearchAction","target":{"@type":"EntryPoint","urlTemplate":"https:\/\/anteriores.premiosdelaindustria.es\/2018\/?s={search_term_string}"},"query-input":"required name=search_term_string"}],"inLanguage":"es"}]}},"_links":{"self":[{"href":"https:\/\/anteriores.premiosdelaindustria.es\/2018\/wp-json\/wp\/v2\/pages\/1247"}],"collection":[{"href":"https:\/\/anteriores.premiosdelaindustria.es\/2018\/wp-json\/wp\/v2\/pages"}],"about":[{"href":"https:\/\/anteriores.premiosdelaindustria.es\/2018\/wp-json\/wp\/v2\/types\/page"}],"author":[{"embeddable":true,"href":"https:\/\/anteriores.premiosdelaindustria.es\/2018\/wp-json\/wp\/v2\/users\/3"}],"replies":[{"embeddable":true,"href":"https:\/\/anteriores.premiosdelaindustria.es\/2018\/wp-json\/wp\/v2\/comments?post=1247"}],"version-history":[{"count":1,"href":"https:\/\/anteriores.premiosdelaindustria.es\/2018\/wp-json\/wp\/v2\/pages\/1247\/revisions"}],"predecessor-version":[{"id":1249,"href":"https:\/\/anteriores.premiosdelaindustria.es\/2018\/wp-json\/wp\/v2\/pages\/1247\/revisions\/1249"}],"wp:attachment":[{"href":"https:\/\/anteriores.premiosdelaindustria.es\/2018\/wp-json\/wp\/v2\/media?parent=1247"}],"curies":[{"name":"wp","href":"https:\/\/api.w.org\/{rel}","templated":true}]}}