{"id":1244,"date":"2018-06-14T22:31:06","date_gmt":"2018-06-14T20:31:06","guid":{"rendered":"https:\/\/anteriores.premiosdelaindustria.es\/2018\/?page_id=1244"},"modified":"2018-06-14T22:31:06","modified_gmt":"2018-06-14T20:31:06","slug":"iveco-espana","status":"publish","type":"page","link":"https:\/\/anteriores.premiosdelaindustria.es\/2018\/iveco-espana\/","title":{"rendered":"Iveco Espa\u00f1a"},"content":{"rendered":"<section class=\"wpb-content-wrapper\"><p>[vc_row css_animation=\u00bb\u00bb row_type=\u00bbrow\u00bb use_row_as_full_screen_section=\u00bbno\u00bb type=\u00bbfull_width\u00bb angled_section=\u00bbno\u00bb text_align=\u00bbleft\u00bb background_image_as_pattern=\u00bbwithout_pattern\u00bb][vc_column][vc_column_text]<\/p>\n<h1>Iveco Espa\u00f1a<\/h1>\n<p>[\/vc_column_text][\/vc_column][\/vc_row][vc_row css_animation=\u00bb\u00bb row_type=\u00bbrow\u00bb use_row_as_full_screen_section=\u00bbno\u00bb type=\u00bbfull_width\u00bb angled_section=\u00bbno\u00bb text_align=\u00bbleft\u00bb background_image_as_pattern=\u00bbwithout_pattern\u00bb][vc_column width=\u00bb1\/2&#8243;][vc_single_image image=\u00bb1245&#8243; img_size=\u00bblarge\u00bb alignment=\u00bbright\u00bb qode_css_animation=\u00bb\u00bb][\/vc_column][vc_column width=\u00bb1\/2&#8243;][vc_column_text]Iveco es una empresa l\u00edder a nivel internacional en el desarrollo, la producci\u00f3n, la venta y la asistencia vinculada a una amplia gama de veh\u00edculos industriales, ligeros, medios y pesados que cuenta en Espa\u00f1a con dos plantas de producci\u00f3n (Madrid y Valladolid),<\/p>\n<p>La Planta de Iveco en Valladolid apuesta por el progreso hacia una industria 4.0 a trav\u00e9s de la implantaci\u00f3n de t\u00e9cnicas innovadoras, tales como la robotizaci\u00f3n o la realidad virtual, Internet of Things y Big Data para la gesti\u00f3n del Mantenimiento, Aplicaci\u00f3n de visi\u00f3n artificial, Geo-localizaci\u00f3n log\u00edstica y uso masivo AGVs, Exo-esqueleto para mayor ergonom\u00eda y productividad, etc.<\/p>\n<p>&nbsp;<\/p>\n<p><a href=\"https:\/\/www.iveco.com\/spain\/Pages\/Home-Page.aspx\" target=\"_blank\" rel=\"noopener\">https:\/\/www.iveco.com<\/a><\/p>\n<p>&nbsp;<\/p>\n<p>[\/vc_column_text][\/vc_column][\/vc_row][vc_row css_animation=\u00bb\u00bb row_type=\u00bbrow\u00bb use_row_as_full_screen_section=\u00bbno\u00bb type=\u00bbfull_width\u00bb angled_section=\u00bbno\u00bb text_align=\u00bbleft\u00bb background_image_as_pattern=\u00bbwithout_pattern\u00bb][vc_column][vc_empty_space height=\u00bb64px\u00bb][\/vc_column][\/vc_row][vc_row css_animation=\u00bb\u00bb row_type=\u00bbrow\u00bb use_row_as_full_screen_section=\u00bbno\u00bb type=\u00bbfull_width\u00bb angled_section=\u00bbno\u00bb text_align=\u00bbleft\u00bb background_image_as_pattern=\u00bbwithout_pattern\u00bb][vc_column width=\u00bb1\/2&#8243;][vc_column_text]<\/p>\n<h5>Iveco Espa\u00f1a<\/h5>\n<p>La transformaci\u00f3n de la planta de IVECO en Valladolid la han situado como referente de todo el grupo CNHi (64 Plantas en todo el mundo) y ha recibido numerosos premios y reconocimientos por su innovaci\u00f3n y sostenibilidad.[\/vc_column_text][\/vc_column][vc_column width=\u00bb1\/2&#8243;][vc_video link=\u00bbhttps:\/\/www.youtube.com\u00bb][\/vc_column][\/vc_row]<\/p>\n<\/section>","protected":false},"excerpt":{"rendered":"<p>[vc_row css_animation=\u00bb\u00bb row_type=\u00bbrow\u00bb use_row_as_full_screen_section=\u00bbno\u00bb type=\u00bbfull_width\u00bb angled_section=\u00bbno\u00bb text_align=\u00bbleft\u00bb background_image_as_pattern=\u00bbwithout_pattern\u00bb][vc_column][vc_column_text] Iveco Espa\u00f1a [\/vc_column_text][\/vc_column][\/vc_row][vc_row css_animation=\u00bb\u00bb row_type=\u00bbrow\u00bb use_row_as_full_screen_section=\u00bbno\u00bb type=\u00bbfull_width\u00bb angled_section=\u00bbno\u00bb text_align=\u00bbleft\u00bb background_image_as_pattern=\u00bbwithout_pattern\u00bb][vc_column width=\u00bb1\/2&#8243;][vc_single_image image=\u00bb1245&#8243; img_size=\u00bblarge\u00bb alignment=\u00bbright\u00bb qode_css_animation=\u00bb\u00bb][\/vc_column][vc_column width=\u00bb1\/2&#8243;][vc_column_text]Iveco es una empresa l\u00edder a nivel internacional en el desarrollo, la producci\u00f3n, la venta y la asistencia vinculada a una amplia&#8230;<\/p>\n","protected":false},"author":3,"featured_media":0,"parent":0,"menu_order":0,"comment_status":"closed","ping_status":"closed","template":"","meta":{"footnotes":""},"yoast_head":"<!-- This site is optimized with the Yoast SEO plugin v20.6 - https:\/\/yoast.com\/wordpress\/plugins\/seo\/ -->\n<title>Iveco Espa\u00f1a - Premios ingenierosVA de la Industria 2018<\/title>\n<meta name=\"robots\" content=\"index, follow, max-snippet:-1, max-image-preview:large, max-video-preview:-1\" \/>\n<link rel=\"canonical\" href=\"https:\/\/anteriores.premiosdelaindustria.es\/2018\/iveco-espana\/\" \/>\n<meta property=\"og:locale\" content=\"es_ES\" \/>\n<meta property=\"og:type\" content=\"article\" \/>\n<meta property=\"og:title\" content=\"Iveco Espa\u00f1a - Premios ingenierosVA de la Industria 2018\" \/>\n<meta property=\"og:description\" content=\"[vc_row css_animation=\u00bb\u00bb row_type=\u00bbrow\u00bb use_row_as_full_screen_section=\u00bbno\u00bb type=\u00bbfull_width\u00bb angled_section=\u00bbno\u00bb text_align=\u00bbleft\u00bb background_image_as_pattern=\u00bbwithout_pattern\u00bb][vc_column][vc_column_text] Iveco Espa\u00f1a [\/vc_column_text][\/vc_column][\/vc_row][vc_row css_animation=\u00bb\u00bb row_type=\u00bbrow\u00bb use_row_as_full_screen_section=\u00bbno\u00bb type=\u00bbfull_width\u00bb angled_section=\u00bbno\u00bb text_align=\u00bbleft\u00bb background_image_as_pattern=\u00bbwithout_pattern\u00bb][vc_column width=\u00bb1\/2&#8243;][vc_single_image image=\u00bb1245&#8243; img_size=\u00bblarge\u00bb alignment=\u00bbright\u00bb qode_css_animation=\u00bb\u00bb][\/vc_column][vc_column width=\u00bb1\/2&#8243;][vc_column_text]Iveco es una empresa l\u00edder a nivel internacional en el desarrollo, la producci\u00f3n, la venta y la asistencia vinculada a una amplia...\" \/>\n<meta property=\"og:url\" content=\"https:\/\/anteriores.premiosdelaindustria.es\/2018\/iveco-espana\/\" \/>\n<meta property=\"og:site_name\" content=\"Premios ingenierosVA de la Industria 2018\" \/>\n<meta name=\"twitter:card\" content=\"summary_large_image\" \/>\n<meta name=\"twitter:label1\" content=\"Tiempo de lectura\" \/>\n\t<meta name=\"twitter:data1\" content=\"2 minutos\" \/>\n<script type=\"application\/ld+json\" class=\"yoast-schema-graph\">{\"@context\":\"https:\/\/schema.org\",\"@graph\":[{\"@type\":\"WebPage\",\"@id\":\"https:\/\/anteriores.premiosdelaindustria.es\/2018\/iveco-espana\/\",\"url\":\"https:\/\/anteriores.premiosdelaindustria.es\/2018\/iveco-espana\/\",\"name\":\"Iveco Espa\u00f1a - Premios ingenierosVA de la Industria 2018\",\"isPartOf\":{\"@id\":\"https:\/\/anteriores.premiosdelaindustria.es\/2018\/#website\"},\"datePublished\":\"2018-06-14T20:31:06+00:00\",\"dateModified\":\"2018-06-14T20:31:06+00:00\",\"inLanguage\":\"es\",\"potentialAction\":[{\"@type\":\"ReadAction\",\"target\":[\"https:\/\/anteriores.premiosdelaindustria.es\/2018\/iveco-espana\/\"]}]},{\"@type\":\"WebSite\",\"@id\":\"https:\/\/anteriores.premiosdelaindustria.es\/2018\/#website\",\"url\":\"https:\/\/anteriores.premiosdelaindustria.es\/2018\/\",\"name\":\"Premios ingenierosVA de la Industria 2018\",\"description\":\"Reconocer la importancia de la ingenier\u00eda en el desarrollo de la sociedad y de la industria\",\"potentialAction\":[{\"@type\":\"SearchAction\",\"target\":{\"@type\":\"EntryPoint\",\"urlTemplate\":\"https:\/\/anteriores.premiosdelaindustria.es\/2018\/?s={search_term_string}\"},\"query-input\":\"required name=search_term_string\"}],\"inLanguage\":\"es\"}]}<\/script>\n<!-- \/ Yoast SEO plugin. -->","yoast_head_json":{"title":"Iveco Espa\u00f1a - Premios ingenierosVA de la Industria 2018","robots":{"index":"index","follow":"follow","max-snippet":"max-snippet:-1","max-image-preview":"max-image-preview:large","max-video-preview":"max-video-preview:-1"},"canonical":"https:\/\/anteriores.premiosdelaindustria.es\/2018\/iveco-espana\/","og_locale":"es_ES","og_type":"article","og_title":"Iveco Espa\u00f1a - Premios ingenierosVA de la Industria 2018","og_description":"[vc_row css_animation=\u00bb\u00bb row_type=\u00bbrow\u00bb use_row_as_full_screen_section=\u00bbno\u00bb type=\u00bbfull_width\u00bb angled_section=\u00bbno\u00bb text_align=\u00bbleft\u00bb background_image_as_pattern=\u00bbwithout_pattern\u00bb][vc_column][vc_column_text] Iveco Espa\u00f1a [\/vc_column_text][\/vc_column][\/vc_row][vc_row css_animation=\u00bb\u00bb row_type=\u00bbrow\u00bb use_row_as_full_screen_section=\u00bbno\u00bb type=\u00bbfull_width\u00bb angled_section=\u00bbno\u00bb text_align=\u00bbleft\u00bb background_image_as_pattern=\u00bbwithout_pattern\u00bb][vc_column width=\u00bb1\/2&#8243;][vc_single_image image=\u00bb1245&#8243; img_size=\u00bblarge\u00bb alignment=\u00bbright\u00bb qode_css_animation=\u00bb\u00bb][\/vc_column][vc_column width=\u00bb1\/2&#8243;][vc_column_text]Iveco es una empresa l\u00edder a nivel internacional en el desarrollo, la producci\u00f3n, la venta y la asistencia vinculada a una amplia...","og_url":"https:\/\/anteriores.premiosdelaindustria.es\/2018\/iveco-espana\/","og_site_name":"Premios ingenierosVA de la Industria 2018","twitter_card":"summary_large_image","twitter_misc":{"Tiempo de lectura":"2 minutos"},"schema":{"@context":"https:\/\/schema.org","@graph":[{"@type":"WebPage","@id":"https:\/\/anteriores.premiosdelaindustria.es\/2018\/iveco-espana\/","url":"https:\/\/anteriores.premiosdelaindustria.es\/2018\/iveco-espana\/","name":"Iveco Espa\u00f1a - Premios ingenierosVA de la Industria 2018","isPartOf":{"@id":"https:\/\/anteriores.premiosdelaindustria.es\/2018\/#website"},"datePublished":"2018-06-14T20:31:06+00:00","dateModified":"2018-06-14T20:31:06+00:00","inLanguage":"es","potentialAction":[{"@type":"ReadAction","target":["https:\/\/anteriores.premiosdelaindustria.es\/2018\/iveco-espana\/"]}]},{"@type":"WebSite","@id":"https:\/\/anteriores.premiosdelaindustria.es\/2018\/#website","url":"https:\/\/anteriores.premiosdelaindustria.es\/2018\/","name":"Premios ingenierosVA de la Industria 2018","description":"Reconocer la importancia de la ingenier\u00eda en el desarrollo de la sociedad y de la industria","potentialAction":[{"@type":"SearchAction","target":{"@type":"EntryPoint","urlTemplate":"https:\/\/anteriores.premiosdelaindustria.es\/2018\/?s={search_term_string}"},"query-input":"required name=search_term_string"}],"inLanguage":"es"}]}},"_links":{"self":[{"href":"https:\/\/anteriores.premiosdelaindustria.es\/2018\/wp-json\/wp\/v2\/pages\/1244"}],"collection":[{"href":"https:\/\/anteriores.premiosdelaindustria.es\/2018\/wp-json\/wp\/v2\/pages"}],"about":[{"href":"https:\/\/anteriores.premiosdelaindustria.es\/2018\/wp-json\/wp\/v2\/types\/page"}],"author":[{"embeddable":true,"href":"https:\/\/anteriores.premiosdelaindustria.es\/2018\/wp-json\/wp\/v2\/users\/3"}],"replies":[{"embeddable":true,"href":"https:\/\/anteriores.premiosdelaindustria.es\/2018\/wp-json\/wp\/v2\/comments?post=1244"}],"version-history":[{"count":1,"href":"https:\/\/anteriores.premiosdelaindustria.es\/2018\/wp-json\/wp\/v2\/pages\/1244\/revisions"}],"predecessor-version":[{"id":1246,"href":"https:\/\/anteriores.premiosdelaindustria.es\/2018\/wp-json\/wp\/v2\/pages\/1244\/revisions\/1246"}],"wp:attachment":[{"href":"https:\/\/anteriores.premiosdelaindustria.es\/2018\/wp-json\/wp\/v2\/media?parent=1244"}],"curies":[{"name":"wp","href":"https:\/\/api.w.org\/{rel}","templated":true}]}}