{"id":1224,"date":"2018-06-14T22:30:19","date_gmt":"2018-06-14T20:30:19","guid":{"rendered":"https:\/\/anteriores.premiosdelaindustria.es\/2018\/?page_id=1224"},"modified":"2018-06-14T22:30:19","modified_gmt":"2018-06-14T20:30:19","slug":"findus","status":"publish","type":"page","link":"https:\/\/anteriores.premiosdelaindustria.es\/2018\/findus\/","title":{"rendered":"Findus"},"content":{"rendered":"<section class=\"wpb-content-wrapper\"><p>[vc_row css_animation=\u00bb\u00bb row_type=\u00bbrow\u00bb use_row_as_full_screen_section=\u00bbno\u00bb type=\u00bbfull_width\u00bb angled_section=\u00bbno\u00bb text_align=\u00bbleft\u00bb background_image_as_pattern=\u00bbwithout_pattern\u00bb][vc_column][vc_column_text]<\/p>\n<h1>Findus<\/h1>\n<p>[\/vc_column_text][\/vc_column][\/vc_row][vc_row css_animation=\u00bb\u00bb row_type=\u00bbrow\u00bb use_row_as_full_screen_section=\u00bbno\u00bb type=\u00bbfull_width\u00bb angled_section=\u00bbno\u00bb text_align=\u00bbleft\u00bb background_image_as_pattern=\u00bbwithout_pattern\u00bb][vc_column width=\u00bb1\/2&#8243;][vc_single_image image=\u00bb1225&#8243; img_size=\u00bblarge\u00bb alignment=\u00bbright\u00bb qode_css_animation=\u00bb\u00bb][\/vc_column][vc_column width=\u00bb1\/2&#8243;][vc_column_text]Findus es una marca pionera y l\u00edder en alimentos congelados que desde 2015 forma parte de Nomad Foods Europe, la mayor empresa de alimentos congelados de Europa con una facturaci\u00f3n de 2 mil millones de euros y un equipo de 4.300 personas, presencia en 17 pa\u00edses y 10 f\u00e1bricas. Actualmente, son l\u00edderes en Reino Unido, Francia, Suecia, Alemania, Italia, Austria, B\u00e9lgica, Portugal y Espa\u00f1a.<br \/>\nFindus Espa\u00f1a cuenta con un equipo de 260 profesionales que opera desde dos sedes: en Pamplona y su f\u00e1brica de Valladolid.<\/p>\n<p>Findus Espa\u00f1a S.L.U. F\u00e1brica de Valladolid colabora con las Universidades de Valladolid, Salamanca, Le\u00f3n, Miguel de Cervantes, etc., para la acogida de becarios\/as, tanto para pr\u00e1cticas curriculares como extracurriculares.<\/p>\n<p>&nbsp;<\/p>\n<p><a href=\"https:\/\/www.findus.es\/\" target=\"_blank\" rel=\"noopener\">https:\/\/www.findus.es\/<\/a><\/p>\n<p>[\/vc_column_text][\/vc_column][\/vc_row][vc_row css_animation=\u00bb\u00bb row_type=\u00bbrow\u00bb use_row_as_full_screen_section=\u00bbno\u00bb type=\u00bbfull_width\u00bb angled_section=\u00bbno\u00bb text_align=\u00bbleft\u00bb background_image_as_pattern=\u00bbwithout_pattern\u00bb][vc_column][vc_empty_space height=\u00bb64px\u00bb][\/vc_column][\/vc_row][vc_row css_animation=\u00bb\u00bb row_type=\u00bbrow\u00bb use_row_as_full_screen_section=\u00bbno\u00bb type=\u00bbfull_width\u00bb angled_section=\u00bbno\u00bb text_align=\u00bbleft\u00bb background_image_as_pattern=\u00bbwithout_pattern\u00bb][vc_column width=\u00bb1\/2&#8243;][vc_column_text]<\/p>\n<h5>Findus<\/h5>\n<p>Findus aporta las mejores soluciones a las necesidades de sus consumidores ofreciendo una amplia gama de productos de alta calidad. Innovar les permite crear valor en la categor\u00eda de congelados.[\/vc_column_text][\/vc_column][vc_column width=\u00bb1\/2&#8243;][vc_video link=\u00bbhttps:\/\/www.youtube.com\u00bb][\/vc_column][\/vc_row]<\/p>\n<\/section>","protected":false},"excerpt":{"rendered":"<p>[vc_row css_animation=\u00bb\u00bb row_type=\u00bbrow\u00bb use_row_as_full_screen_section=\u00bbno\u00bb type=\u00bbfull_width\u00bb angled_section=\u00bbno\u00bb text_align=\u00bbleft\u00bb background_image_as_pattern=\u00bbwithout_pattern\u00bb][vc_column][vc_column_text] Findus [\/vc_column_text][\/vc_column][\/vc_row][vc_row css_animation=\u00bb\u00bb row_type=\u00bbrow\u00bb use_row_as_full_screen_section=\u00bbno\u00bb type=\u00bbfull_width\u00bb angled_section=\u00bbno\u00bb text_align=\u00bbleft\u00bb background_image_as_pattern=\u00bbwithout_pattern\u00bb][vc_column width=\u00bb1\/2&#8243;][vc_single_image image=\u00bb1225&#8243; img_size=\u00bblarge\u00bb alignment=\u00bbright\u00bb qode_css_animation=\u00bb\u00bb][\/vc_column][vc_column width=\u00bb1\/2&#8243;][vc_column_text]Findus es una marca pionera y l\u00edder en alimentos congelados que desde 2015 forma parte de Nomad Foods Europe, la mayor empresa de&#8230;<\/p>\n","protected":false},"author":3,"featured_media":0,"parent":0,"menu_order":0,"comment_status":"closed","ping_status":"closed","template":"","meta":{"footnotes":""},"yoast_head":"<!-- This site is optimized with the Yoast SEO plugin v20.6 - https:\/\/yoast.com\/wordpress\/plugins\/seo\/ -->\n<title>Findus - Premios ingenierosVA de la Industria 2018<\/title>\n<meta name=\"robots\" content=\"index, follow, max-snippet:-1, max-image-preview:large, max-video-preview:-1\" \/>\n<link rel=\"canonical\" href=\"https:\/\/anteriores.premiosdelaindustria.es\/2018\/findus\/\" \/>\n<meta property=\"og:locale\" content=\"es_ES\" \/>\n<meta property=\"og:type\" content=\"article\" \/>\n<meta property=\"og:title\" content=\"Findus - Premios ingenierosVA de la Industria 2018\" \/>\n<meta property=\"og:description\" content=\"[vc_row css_animation=\u00bb\u00bb row_type=\u00bbrow\u00bb use_row_as_full_screen_section=\u00bbno\u00bb type=\u00bbfull_width\u00bb angled_section=\u00bbno\u00bb text_align=\u00bbleft\u00bb background_image_as_pattern=\u00bbwithout_pattern\u00bb][vc_column][vc_column_text] Findus [\/vc_column_text][\/vc_column][\/vc_row][vc_row css_animation=\u00bb\u00bb row_type=\u00bbrow\u00bb use_row_as_full_screen_section=\u00bbno\u00bb type=\u00bbfull_width\u00bb angled_section=\u00bbno\u00bb text_align=\u00bbleft\u00bb background_image_as_pattern=\u00bbwithout_pattern\u00bb][vc_column width=\u00bb1\/2&#8243;][vc_single_image image=\u00bb1225&#8243; img_size=\u00bblarge\u00bb alignment=\u00bbright\u00bb qode_css_animation=\u00bb\u00bb][\/vc_column][vc_column width=\u00bb1\/2&#8243;][vc_column_text]Findus es una marca pionera y l\u00edder en alimentos congelados que desde 2015 forma parte de Nomad Foods Europe, la mayor empresa de...\" \/>\n<meta property=\"og:url\" content=\"https:\/\/anteriores.premiosdelaindustria.es\/2018\/findus\/\" \/>\n<meta property=\"og:site_name\" content=\"Premios ingenierosVA de la Industria 2018\" \/>\n<meta name=\"twitter:card\" content=\"summary_large_image\" \/>\n<meta name=\"twitter:label1\" content=\"Tiempo de lectura\" \/>\n\t<meta name=\"twitter:data1\" content=\"2 minutos\" \/>\n<script type=\"application\/ld+json\" class=\"yoast-schema-graph\">{\"@context\":\"https:\/\/schema.org\",\"@graph\":[{\"@type\":\"WebPage\",\"@id\":\"https:\/\/anteriores.premiosdelaindustria.es\/2018\/findus\/\",\"url\":\"https:\/\/anteriores.premiosdelaindustria.es\/2018\/findus\/\",\"name\":\"Findus - Premios ingenierosVA de la Industria 2018\",\"isPartOf\":{\"@id\":\"https:\/\/anteriores.premiosdelaindustria.es\/2018\/#website\"},\"datePublished\":\"2018-06-14T20:30:19+00:00\",\"dateModified\":\"2018-06-14T20:30:19+00:00\",\"inLanguage\":\"es\",\"potentialAction\":[{\"@type\":\"ReadAction\",\"target\":[\"https:\/\/anteriores.premiosdelaindustria.es\/2018\/findus\/\"]}]},{\"@type\":\"WebSite\",\"@id\":\"https:\/\/anteriores.premiosdelaindustria.es\/2018\/#website\",\"url\":\"https:\/\/anteriores.premiosdelaindustria.es\/2018\/\",\"name\":\"Premios ingenierosVA de la Industria 2018\",\"description\":\"Reconocer la importancia de la ingenier\u00eda en el desarrollo de la sociedad y de la industria\",\"potentialAction\":[{\"@type\":\"SearchAction\",\"target\":{\"@type\":\"EntryPoint\",\"urlTemplate\":\"https:\/\/anteriores.premiosdelaindustria.es\/2018\/?s={search_term_string}\"},\"query-input\":\"required name=search_term_string\"}],\"inLanguage\":\"es\"}]}<\/script>\n<!-- \/ Yoast SEO plugin. -->","yoast_head_json":{"title":"Findus - Premios ingenierosVA de la Industria 2018","robots":{"index":"index","follow":"follow","max-snippet":"max-snippet:-1","max-image-preview":"max-image-preview:large","max-video-preview":"max-video-preview:-1"},"canonical":"https:\/\/anteriores.premiosdelaindustria.es\/2018\/findus\/","og_locale":"es_ES","og_type":"article","og_title":"Findus - Premios ingenierosVA de la Industria 2018","og_description":"[vc_row css_animation=\u00bb\u00bb row_type=\u00bbrow\u00bb use_row_as_full_screen_section=\u00bbno\u00bb type=\u00bbfull_width\u00bb angled_section=\u00bbno\u00bb text_align=\u00bbleft\u00bb background_image_as_pattern=\u00bbwithout_pattern\u00bb][vc_column][vc_column_text] Findus [\/vc_column_text][\/vc_column][\/vc_row][vc_row css_animation=\u00bb\u00bb row_type=\u00bbrow\u00bb use_row_as_full_screen_section=\u00bbno\u00bb type=\u00bbfull_width\u00bb angled_section=\u00bbno\u00bb text_align=\u00bbleft\u00bb background_image_as_pattern=\u00bbwithout_pattern\u00bb][vc_column width=\u00bb1\/2&#8243;][vc_single_image image=\u00bb1225&#8243; img_size=\u00bblarge\u00bb alignment=\u00bbright\u00bb qode_css_animation=\u00bb\u00bb][\/vc_column][vc_column width=\u00bb1\/2&#8243;][vc_column_text]Findus es una marca pionera y l\u00edder en alimentos congelados que desde 2015 forma parte de Nomad Foods Europe, la mayor empresa de...","og_url":"https:\/\/anteriores.premiosdelaindustria.es\/2018\/findus\/","og_site_name":"Premios ingenierosVA de la Industria 2018","twitter_card":"summary_large_image","twitter_misc":{"Tiempo de lectura":"2 minutos"},"schema":{"@context":"https:\/\/schema.org","@graph":[{"@type":"WebPage","@id":"https:\/\/anteriores.premiosdelaindustria.es\/2018\/findus\/","url":"https:\/\/anteriores.premiosdelaindustria.es\/2018\/findus\/","name":"Findus - Premios ingenierosVA de la Industria 2018","isPartOf":{"@id":"https:\/\/anteriores.premiosdelaindustria.es\/2018\/#website"},"datePublished":"2018-06-14T20:30:19+00:00","dateModified":"2018-06-14T20:30:19+00:00","inLanguage":"es","potentialAction":[{"@type":"ReadAction","target":["https:\/\/anteriores.premiosdelaindustria.es\/2018\/findus\/"]}]},{"@type":"WebSite","@id":"https:\/\/anteriores.premiosdelaindustria.es\/2018\/#website","url":"https:\/\/anteriores.premiosdelaindustria.es\/2018\/","name":"Premios ingenierosVA de la Industria 2018","description":"Reconocer la importancia de la ingenier\u00eda en el desarrollo de la sociedad y de la industria","potentialAction":[{"@type":"SearchAction","target":{"@type":"EntryPoint","urlTemplate":"https:\/\/anteriores.premiosdelaindustria.es\/2018\/?s={search_term_string}"},"query-input":"required name=search_term_string"}],"inLanguage":"es"}]}},"_links":{"self":[{"href":"https:\/\/anteriores.premiosdelaindustria.es\/2018\/wp-json\/wp\/v2\/pages\/1224"}],"collection":[{"href":"https:\/\/anteriores.premiosdelaindustria.es\/2018\/wp-json\/wp\/v2\/pages"}],"about":[{"href":"https:\/\/anteriores.premiosdelaindustria.es\/2018\/wp-json\/wp\/v2\/types\/page"}],"author":[{"embeddable":true,"href":"https:\/\/anteriores.premiosdelaindustria.es\/2018\/wp-json\/wp\/v2\/users\/3"}],"replies":[{"embeddable":true,"href":"https:\/\/anteriores.premiosdelaindustria.es\/2018\/wp-json\/wp\/v2\/comments?post=1224"}],"version-history":[{"count":3,"href":"https:\/\/anteriores.premiosdelaindustria.es\/2018\/wp-json\/wp\/v2\/pages\/1224\/revisions"}],"predecessor-version":[{"id":1230,"href":"https:\/\/anteriores.premiosdelaindustria.es\/2018\/wp-json\/wp\/v2\/pages\/1224\/revisions\/1230"}],"wp:attachment":[{"href":"https:\/\/anteriores.premiosdelaindustria.es\/2018\/wp-json\/wp\/v2\/media?parent=1224"}],"curies":[{"name":"wp","href":"https:\/\/api.w.org\/{rel}","templated":true}]}}