{"id":741,"date":"2017-06-15T23:51:09","date_gmt":"2017-06-15T21:51:09","guid":{"rendered":"http:\/\/www.premiosdelaindustria.es\/2017\/?page_id=741"},"modified":"2017-06-15T23:51:09","modified_gmt":"2017-06-15T21:51:09","slug":"veolia","status":"publish","type":"page","link":"https:\/\/anteriores.premiosdelaindustria.es\/2017\/veolia\/","title":{"rendered":"Veolia"},"content":{"rendered":"<section class=\"wpb-content-wrapper\"><p>[vc_row css_animation=\u00bb\u00bb row_type=\u00bbrow\u00bb use_row_as_full_screen_section=\u00bbno\u00bb type=\u00bbfull_width\u00bb angled_section=\u00bbno\u00bb text_align=\u00bbleft\u00bb background_image_as_pattern=\u00bbwithout_pattern\u00bb][vc_column][vc_column_text]<\/p>\n<h1>Veolia<\/h1>\n<p>[\/vc_column_text][\/vc_column][\/vc_row][vc_row css_animation=\u00bb\u00bb row_type=\u00bbrow\u00bb use_row_as_full_screen_section=\u00bbno\u00bb type=\u00bbfull_width\u00bb angled_section=\u00bbno\u00bb text_align=\u00bbleft\u00bb background_image_as_pattern=\u00bbwithout_pattern\u00bb][vc_column width=\u00bb1\/2&#8243;][vc_single_image image=\u00bb742&#8243; img_size=\u00bblarge\u00bb alignment=\u00bbright\u00bb qode_css_animation=\u00bb\u00bb][\/vc_column][vc_column width=\u00bb1\/2&#8243;][vc_column_text]<strong>Veolia Espa\u00f1a<\/strong> es una empresa de servicios de gesti\u00f3n energ\u00e9tica y medio ambiente, dedicada fundamentalmente al mantenimiento, operaci\u00f3n y adecuaci\u00f3n de edificios, instalaciones y complejos de diferente naturaleza, con el fin de mejorar su rendimiento, eficiencia, seguridad y confort a menor coste. Con su negocio principal, la \u00abgesti\u00f3n inteligente de la energ\u00eda\u00bb y la \u201coptimizaci\u00f3n de los recursos\u201d, \u00a0se ha ganado una posici\u00f3n de l\u00edder en los sectores de la gesti\u00f3n y ahorros energ\u00e9ticos as\u00ed como de control de emisiones de CO2.<\/p>\n<p>Su filosof\u00eda de actuaci\u00f3n est\u00e1 basada en la optimizaci\u00f3n del coste de funcionamiento de los edificios, instalaciones y complejos a trav\u00e9s de la integraci\u00f3n de los servicios en edificios, utilidades industriales, redes urbanas de calor y fr\u00edo e instalaciones, con el fin de satisfacer las necesidades de sus clientes, compartiendo los ahorros energ\u00e9ticos y dando soluciones duraderas con garant\u00eda total de resultados.<\/p>\n<p>&nbsp;<\/p>\n<p><a href=\"https:\/\/www.veolia.es\/es\">https:\/\/www.veolia.es\/es<\/a><\/p>\n<p>[\/vc_column_text][\/vc_column][\/vc_row][vc_row css_animation=\u00bb\u00bb row_type=\u00bbrow\u00bb use_row_as_full_screen_section=\u00bbno\u00bb type=\u00bbfull_width\u00bb angled_section=\u00bbno\u00bb text_align=\u00bbleft\u00bb background_image_as_pattern=\u00bbwithout_pattern\u00bb][vc_column][vc_empty_space height=\u00bb64px\u00bb][\/vc_column][\/vc_row]<\/p>\n<\/section>","protected":false},"excerpt":{"rendered":"<p>[vc_row css_animation=\u00bb\u00bb row_type=\u00bbrow\u00bb use_row_as_full_screen_section=\u00bbno\u00bb type=\u00bbfull_width\u00bb angled_section=\u00bbno\u00bb text_align=\u00bbleft\u00bb background_image_as_pattern=\u00bbwithout_pattern\u00bb][vc_column][vc_column_text] Veolia [\/vc_column_text][\/vc_column][\/vc_row][vc_row css_animation=\u00bb\u00bb row_type=\u00bbrow\u00bb use_row_as_full_screen_section=\u00bbno\u00bb type=\u00bbfull_width\u00bb angled_section=\u00bbno\u00bb text_align=\u00bbleft\u00bb background_image_as_pattern=\u00bbwithout_pattern\u00bb][vc_column width=\u00bb1\/2&#8243;][vc_single_image image=\u00bb742&#8243; img_size=\u00bblarge\u00bb alignment=\u00bbright\u00bb qode_css_animation=\u00bb\u00bb][\/vc_column][vc_column width=\u00bb1\/2&#8243;][vc_column_text]Veolia Espa\u00f1a es una empresa de servicios de gesti\u00f3n energ\u00e9tica y medio ambiente, dedicada fundamentalmente al mantenimiento, operaci\u00f3n y adecuaci\u00f3n de edificios, instalaciones&#8230;<\/p>\n","protected":false},"author":3,"featured_media":0,"parent":0,"menu_order":0,"comment_status":"closed","ping_status":"closed","template":"","meta":{"footnotes":""},"yoast_head":"<!-- This site is optimized with the Yoast SEO plugin v20.6 - https:\/\/yoast.com\/wordpress\/plugins\/seo\/ -->\n<title>Veolia - Premios 2017<\/title>\n<meta name=\"robots\" content=\"index, follow, max-snippet:-1, max-image-preview:large, max-video-preview:-1\" \/>\n<link rel=\"canonical\" href=\"https:\/\/anteriores.premiosdelaindustria.es\/2017\/veolia\/\" \/>\n<meta property=\"og:locale\" content=\"es_ES\" \/>\n<meta property=\"og:type\" content=\"article\" \/>\n<meta property=\"og:title\" content=\"Veolia - Premios 2017\" \/>\n<meta property=\"og:description\" content=\"[vc_row css_animation=\u00bb\u00bb row_type=\u00bbrow\u00bb use_row_as_full_screen_section=\u00bbno\u00bb type=\u00bbfull_width\u00bb angled_section=\u00bbno\u00bb text_align=\u00bbleft\u00bb background_image_as_pattern=\u00bbwithout_pattern\u00bb][vc_column][vc_column_text] Veolia [\/vc_column_text][\/vc_column][\/vc_row][vc_row css_animation=\u00bb\u00bb row_type=\u00bbrow\u00bb use_row_as_full_screen_section=\u00bbno\u00bb type=\u00bbfull_width\u00bb angled_section=\u00bbno\u00bb text_align=\u00bbleft\u00bb background_image_as_pattern=\u00bbwithout_pattern\u00bb][vc_column width=\u00bb1\/2&#8243;][vc_single_image image=\u00bb742&#8243; img_size=\u00bblarge\u00bb alignment=\u00bbright\u00bb qode_css_animation=\u00bb\u00bb][\/vc_column][vc_column width=\u00bb1\/2&#8243;][vc_column_text]Veolia Espa\u00f1a es una empresa de servicios de gesti\u00f3n energ\u00e9tica y medio ambiente, dedicada fundamentalmente al mantenimiento, operaci\u00f3n y adecuaci\u00f3n de edificios, instalaciones...\" \/>\n<meta property=\"og:url\" content=\"https:\/\/anteriores.premiosdelaindustria.es\/2017\/veolia\/\" \/>\n<meta property=\"og:site_name\" content=\"Premios 2017\" \/>\n<meta name=\"twitter:card\" content=\"summary_large_image\" \/>\n<meta name=\"twitter:label1\" content=\"Tiempo de lectura\" \/>\n\t<meta name=\"twitter:data1\" content=\"2 minutos\" \/>\n<script type=\"application\/ld+json\" class=\"yoast-schema-graph\">{\"@context\":\"https:\/\/schema.org\",\"@graph\":[{\"@type\":\"WebPage\",\"@id\":\"https:\/\/anteriores.premiosdelaindustria.es\/2017\/veolia\/\",\"url\":\"https:\/\/anteriores.premiosdelaindustria.es\/2017\/veolia\/\",\"name\":\"Veolia - Premios 2017\",\"isPartOf\":{\"@id\":\"https:\/\/anteriores.premiosdelaindustria.es\/2017\/#website\"},\"datePublished\":\"2017-06-15T21:51:09+00:00\",\"dateModified\":\"2017-06-15T21:51:09+00:00\",\"inLanguage\":\"es\",\"potentialAction\":[{\"@type\":\"ReadAction\",\"target\":[\"https:\/\/anteriores.premiosdelaindustria.es\/2017\/veolia\/\"]}]},{\"@type\":\"WebSite\",\"@id\":\"https:\/\/anteriores.premiosdelaindustria.es\/2017\/#website\",\"url\":\"https:\/\/anteriores.premiosdelaindustria.es\/2017\/\",\"name\":\"Premios 2017\",\"description\":\"Reconocer la importancia de la ingenier\u00eda en el desarrollo de la sociedad y de la industria\",\"potentialAction\":[{\"@type\":\"SearchAction\",\"target\":{\"@type\":\"EntryPoint\",\"urlTemplate\":\"https:\/\/anteriores.premiosdelaindustria.es\/2017\/?s={search_term_string}\"},\"query-input\":\"required name=search_term_string\"}],\"inLanguage\":\"es\"}]}<\/script>\n<!-- \/ Yoast SEO plugin. -->","yoast_head_json":{"title":"Veolia - Premios 2017","robots":{"index":"index","follow":"follow","max-snippet":"max-snippet:-1","max-image-preview":"max-image-preview:large","max-video-preview":"max-video-preview:-1"},"canonical":"https:\/\/anteriores.premiosdelaindustria.es\/2017\/veolia\/","og_locale":"es_ES","og_type":"article","og_title":"Veolia - Premios 2017","og_description":"[vc_row css_animation=\u00bb\u00bb row_type=\u00bbrow\u00bb use_row_as_full_screen_section=\u00bbno\u00bb type=\u00bbfull_width\u00bb angled_section=\u00bbno\u00bb text_align=\u00bbleft\u00bb background_image_as_pattern=\u00bbwithout_pattern\u00bb][vc_column][vc_column_text] Veolia [\/vc_column_text][\/vc_column][\/vc_row][vc_row css_animation=\u00bb\u00bb row_type=\u00bbrow\u00bb use_row_as_full_screen_section=\u00bbno\u00bb type=\u00bbfull_width\u00bb angled_section=\u00bbno\u00bb text_align=\u00bbleft\u00bb background_image_as_pattern=\u00bbwithout_pattern\u00bb][vc_column width=\u00bb1\/2&#8243;][vc_single_image image=\u00bb742&#8243; img_size=\u00bblarge\u00bb alignment=\u00bbright\u00bb qode_css_animation=\u00bb\u00bb][\/vc_column][vc_column width=\u00bb1\/2&#8243;][vc_column_text]Veolia Espa\u00f1a es una empresa de servicios de gesti\u00f3n energ\u00e9tica y medio ambiente, dedicada fundamentalmente al mantenimiento, operaci\u00f3n y adecuaci\u00f3n de edificios, instalaciones...","og_url":"https:\/\/anteriores.premiosdelaindustria.es\/2017\/veolia\/","og_site_name":"Premios 2017","twitter_card":"summary_large_image","twitter_misc":{"Tiempo de lectura":"2 minutos"},"schema":{"@context":"https:\/\/schema.org","@graph":[{"@type":"WebPage","@id":"https:\/\/anteriores.premiosdelaindustria.es\/2017\/veolia\/","url":"https:\/\/anteriores.premiosdelaindustria.es\/2017\/veolia\/","name":"Veolia - Premios 2017","isPartOf":{"@id":"https:\/\/anteriores.premiosdelaindustria.es\/2017\/#website"},"datePublished":"2017-06-15T21:51:09+00:00","dateModified":"2017-06-15T21:51:09+00:00","inLanguage":"es","potentialAction":[{"@type":"ReadAction","target":["https:\/\/anteriores.premiosdelaindustria.es\/2017\/veolia\/"]}]},{"@type":"WebSite","@id":"https:\/\/anteriores.premiosdelaindustria.es\/2017\/#website","url":"https:\/\/anteriores.premiosdelaindustria.es\/2017\/","name":"Premios 2017","description":"Reconocer la importancia de la ingenier\u00eda en el desarrollo de la sociedad y de la industria","potentialAction":[{"@type":"SearchAction","target":{"@type":"EntryPoint","urlTemplate":"https:\/\/anteriores.premiosdelaindustria.es\/2017\/?s={search_term_string}"},"query-input":"required name=search_term_string"}],"inLanguage":"es"}]}},"_links":{"self":[{"href":"https:\/\/anteriores.premiosdelaindustria.es\/2017\/wp-json\/wp\/v2\/pages\/741"}],"collection":[{"href":"https:\/\/anteriores.premiosdelaindustria.es\/2017\/wp-json\/wp\/v2\/pages"}],"about":[{"href":"https:\/\/anteriores.premiosdelaindustria.es\/2017\/wp-json\/wp\/v2\/types\/page"}],"author":[{"embeddable":true,"href":"https:\/\/anteriores.premiosdelaindustria.es\/2017\/wp-json\/wp\/v2\/users\/3"}],"replies":[{"embeddable":true,"href":"https:\/\/anteriores.premiosdelaindustria.es\/2017\/wp-json\/wp\/v2\/comments?post=741"}],"version-history":[{"count":1,"href":"https:\/\/anteriores.premiosdelaindustria.es\/2017\/wp-json\/wp\/v2\/pages\/741\/revisions"}],"predecessor-version":[{"id":743,"href":"https:\/\/anteriores.premiosdelaindustria.es\/2017\/wp-json\/wp\/v2\/pages\/741\/revisions\/743"}],"wp:attachment":[{"href":"https:\/\/anteriores.premiosdelaindustria.es\/2017\/wp-json\/wp\/v2\/media?parent=741"}],"curies":[{"name":"wp","href":"https:\/\/api.w.org\/{rel}","templated":true}]}}