{"id":738,"date":"2017-06-15T23:46:25","date_gmt":"2017-06-15T21:46:25","guid":{"rendered":"http:\/\/www.premiosdelaindustria.es\/2017\/?page_id=738"},"modified":"2017-06-15T23:46:25","modified_gmt":"2017-06-15T21:46:25","slug":"queserias-entrepinares","status":"publish","type":"page","link":"https:\/\/anteriores.premiosdelaindustria.es\/2017\/queserias-entrepinares\/","title":{"rendered":"Queser\u00edas Entrepinares"},"content":{"rendered":"<section class=\"wpb-content-wrapper\"><p>[vc_row css_animation=\u00bb\u00bb row_type=\u00bbrow\u00bb use_row_as_full_screen_section=\u00bbno\u00bb type=\u00bbfull_width\u00bb angled_section=\u00bbno\u00bb text_align=\u00bbleft\u00bb background_image_as_pattern=\u00bbwithout_pattern\u00bb][vc_column][vc_column_text]<\/p>\n<h1>Queser\u00edas Entrepinares<\/h1>\n<p>[\/vc_column_text][\/vc_column][\/vc_row][vc_row css_animation=\u00bb\u00bb row_type=\u00bbrow\u00bb use_row_as_full_screen_section=\u00bbno\u00bb type=\u00bbfull_width\u00bb angled_section=\u00bbno\u00bb text_align=\u00bbleft\u00bb background_image_as_pattern=\u00bbwithout_pattern\u00bb][vc_column width=\u00bb1\/2&#8243;][vc_single_image image=\u00bb736&#8243; img_size=\u00bblarge\u00bb alignment=\u00bbright\u00bb qode_css_animation=\u00bb\u00bb][\/vc_column][vc_column width=\u00bb1\/2&#8243;][vc_column_text]<strong>Queser\u00edas Entrepinares<\/strong> es una empresa familiar del sector agroalimentario, que centra su actividad empresarial en la fabricaci\u00f3n de quesos de distintas clases y curaciones, y derivados l\u00e1cteos. Ha sabido mantener desde sus inicios la tradici\u00f3n artesanal quesera y aunarla con las \u00faltimas innovaciones tecnol\u00f3gicas. Esto le ha permitido ser una de las primeras empresas homologadas por la U.E. en el sector l\u00e1cteo.<\/p>\n<p>Actualmente la empresa posee un centro log\u00edstico y tres centros de producci\u00f3n. Uno en <strong>Valladolid<\/strong>, con una capacidad de producci\u00f3n de m\u00e1s de 100 toneladas de queso al d\u00eda, otro en el municipio madrile\u00f1o de Fuenlabrada, con una capacidad de fabricaci\u00f3n de m\u00e1s de 40 toneladas de queso al d\u00eda, y uno m\u00e1s en Vilalba (Lugo), con una capacidad similar a la de Fuenlabrada, donde se elaboran referencias como quesos tradicionales, quesos europeos, fundidos y queso crema untables.<\/p>\n<p>&nbsp;<\/p>\n<p><a href=\"https:\/\/www.entrepinares.es\/\">https:\/\/www.entrepinares.es\/<\/a>[\/vc_column_text][\/vc_column][\/vc_row][vc_row css_animation=\u00bb\u00bb row_type=\u00bbrow\u00bb use_row_as_full_screen_section=\u00bbno\u00bb type=\u00bbfull_width\u00bb angled_section=\u00bbno\u00bb text_align=\u00bbleft\u00bb background_image_as_pattern=\u00bbwithout_pattern\u00bb][vc_column][vc_empty_space height=\u00bb64px\u00bb][\/vc_column][\/vc_row]<\/p>\n<\/section>","protected":false},"excerpt":{"rendered":"<p>[vc_row css_animation=\u00bb\u00bb row_type=\u00bbrow\u00bb use_row_as_full_screen_section=\u00bbno\u00bb type=\u00bbfull_width\u00bb angled_section=\u00bbno\u00bb text_align=\u00bbleft\u00bb background_image_as_pattern=\u00bbwithout_pattern\u00bb][vc_column][vc_column_text] Queser\u00edas Entrepinares [\/vc_column_text][\/vc_column][\/vc_row][vc_row css_animation=\u00bb\u00bb row_type=\u00bbrow\u00bb use_row_as_full_screen_section=\u00bbno\u00bb type=\u00bbfull_width\u00bb angled_section=\u00bbno\u00bb text_align=\u00bbleft\u00bb background_image_as_pattern=\u00bbwithout_pattern\u00bb][vc_column width=\u00bb1\/2&#8243;][vc_single_image image=\u00bb736&#8243; img_size=\u00bblarge\u00bb alignment=\u00bbright\u00bb qode_css_animation=\u00bb\u00bb][\/vc_column][vc_column width=\u00bb1\/2&#8243;][vc_column_text]Queser\u00edas Entrepinares es una empresa familiar del sector agroalimentario, que centra su actividad empresarial en la fabricaci\u00f3n de quesos de distintas clases&#8230;<\/p>\n","protected":false},"author":3,"featured_media":0,"parent":0,"menu_order":0,"comment_status":"closed","ping_status":"closed","template":"","meta":{"footnotes":""},"yoast_head":"<!-- This site is optimized with the Yoast SEO plugin v20.6 - https:\/\/yoast.com\/wordpress\/plugins\/seo\/ -->\n<title>Queser\u00edas Entrepinares - Premios 2017<\/title>\n<meta name=\"robots\" content=\"index, follow, max-snippet:-1, max-image-preview:large, max-video-preview:-1\" \/>\n<link rel=\"canonical\" href=\"https:\/\/anteriores.premiosdelaindustria.es\/2017\/queserias-entrepinares\/\" \/>\n<meta property=\"og:locale\" content=\"es_ES\" \/>\n<meta property=\"og:type\" content=\"article\" \/>\n<meta property=\"og:title\" content=\"Queser\u00edas Entrepinares - Premios 2017\" \/>\n<meta property=\"og:description\" content=\"[vc_row css_animation=\u00bb\u00bb row_type=\u00bbrow\u00bb use_row_as_full_screen_section=\u00bbno\u00bb type=\u00bbfull_width\u00bb angled_section=\u00bbno\u00bb text_align=\u00bbleft\u00bb background_image_as_pattern=\u00bbwithout_pattern\u00bb][vc_column][vc_column_text] Queser\u00edas Entrepinares [\/vc_column_text][\/vc_column][\/vc_row][vc_row css_animation=\u00bb\u00bb row_type=\u00bbrow\u00bb use_row_as_full_screen_section=\u00bbno\u00bb type=\u00bbfull_width\u00bb angled_section=\u00bbno\u00bb text_align=\u00bbleft\u00bb background_image_as_pattern=\u00bbwithout_pattern\u00bb][vc_column width=\u00bb1\/2&#8243;][vc_single_image image=\u00bb736&#8243; img_size=\u00bblarge\u00bb alignment=\u00bbright\u00bb qode_css_animation=\u00bb\u00bb][\/vc_column][vc_column width=\u00bb1\/2&#8243;][vc_column_text]Queser\u00edas Entrepinares es una empresa familiar del sector agroalimentario, que centra su actividad empresarial en la fabricaci\u00f3n de quesos de distintas clases...\" \/>\n<meta property=\"og:url\" content=\"https:\/\/anteriores.premiosdelaindustria.es\/2017\/queserias-entrepinares\/\" \/>\n<meta property=\"og:site_name\" content=\"Premios 2017\" \/>\n<meta name=\"twitter:card\" content=\"summary_large_image\" \/>\n<meta name=\"twitter:label1\" content=\"Tiempo de lectura\" \/>\n\t<meta name=\"twitter:data1\" content=\"2 minutos\" \/>\n<script type=\"application\/ld+json\" class=\"yoast-schema-graph\">{\"@context\":\"https:\/\/schema.org\",\"@graph\":[{\"@type\":\"WebPage\",\"@id\":\"https:\/\/anteriores.premiosdelaindustria.es\/2017\/queserias-entrepinares\/\",\"url\":\"https:\/\/anteriores.premiosdelaindustria.es\/2017\/queserias-entrepinares\/\",\"name\":\"Queser\u00edas Entrepinares - Premios 2017\",\"isPartOf\":{\"@id\":\"https:\/\/anteriores.premiosdelaindustria.es\/2017\/#website\"},\"datePublished\":\"2017-06-15T21:46:25+00:00\",\"dateModified\":\"2017-06-15T21:46:25+00:00\",\"inLanguage\":\"es\",\"potentialAction\":[{\"@type\":\"ReadAction\",\"target\":[\"https:\/\/anteriores.premiosdelaindustria.es\/2017\/queserias-entrepinares\/\"]}]},{\"@type\":\"WebSite\",\"@id\":\"https:\/\/anteriores.premiosdelaindustria.es\/2017\/#website\",\"url\":\"https:\/\/anteriores.premiosdelaindustria.es\/2017\/\",\"name\":\"Premios 2017\",\"description\":\"Reconocer la importancia de la ingenier\u00eda en el desarrollo de la sociedad y de la industria\",\"potentialAction\":[{\"@type\":\"SearchAction\",\"target\":{\"@type\":\"EntryPoint\",\"urlTemplate\":\"https:\/\/anteriores.premiosdelaindustria.es\/2017\/?s={search_term_string}\"},\"query-input\":\"required name=search_term_string\"}],\"inLanguage\":\"es\"}]}<\/script>\n<!-- \/ Yoast SEO plugin. -->","yoast_head_json":{"title":"Queser\u00edas Entrepinares - Premios 2017","robots":{"index":"index","follow":"follow","max-snippet":"max-snippet:-1","max-image-preview":"max-image-preview:large","max-video-preview":"max-video-preview:-1"},"canonical":"https:\/\/anteriores.premiosdelaindustria.es\/2017\/queserias-entrepinares\/","og_locale":"es_ES","og_type":"article","og_title":"Queser\u00edas Entrepinares - Premios 2017","og_description":"[vc_row css_animation=\u00bb\u00bb row_type=\u00bbrow\u00bb use_row_as_full_screen_section=\u00bbno\u00bb type=\u00bbfull_width\u00bb angled_section=\u00bbno\u00bb text_align=\u00bbleft\u00bb background_image_as_pattern=\u00bbwithout_pattern\u00bb][vc_column][vc_column_text] Queser\u00edas Entrepinares [\/vc_column_text][\/vc_column][\/vc_row][vc_row css_animation=\u00bb\u00bb row_type=\u00bbrow\u00bb use_row_as_full_screen_section=\u00bbno\u00bb type=\u00bbfull_width\u00bb angled_section=\u00bbno\u00bb text_align=\u00bbleft\u00bb background_image_as_pattern=\u00bbwithout_pattern\u00bb][vc_column width=\u00bb1\/2&#8243;][vc_single_image image=\u00bb736&#8243; img_size=\u00bblarge\u00bb alignment=\u00bbright\u00bb qode_css_animation=\u00bb\u00bb][\/vc_column][vc_column width=\u00bb1\/2&#8243;][vc_column_text]Queser\u00edas Entrepinares es una empresa familiar del sector agroalimentario, que centra su actividad empresarial en la fabricaci\u00f3n de quesos de distintas clases...","og_url":"https:\/\/anteriores.premiosdelaindustria.es\/2017\/queserias-entrepinares\/","og_site_name":"Premios 2017","twitter_card":"summary_large_image","twitter_misc":{"Tiempo de lectura":"2 minutos"},"schema":{"@context":"https:\/\/schema.org","@graph":[{"@type":"WebPage","@id":"https:\/\/anteriores.premiosdelaindustria.es\/2017\/queserias-entrepinares\/","url":"https:\/\/anteriores.premiosdelaindustria.es\/2017\/queserias-entrepinares\/","name":"Queser\u00edas Entrepinares - Premios 2017","isPartOf":{"@id":"https:\/\/anteriores.premiosdelaindustria.es\/2017\/#website"},"datePublished":"2017-06-15T21:46:25+00:00","dateModified":"2017-06-15T21:46:25+00:00","inLanguage":"es","potentialAction":[{"@type":"ReadAction","target":["https:\/\/anteriores.premiosdelaindustria.es\/2017\/queserias-entrepinares\/"]}]},{"@type":"WebSite","@id":"https:\/\/anteriores.premiosdelaindustria.es\/2017\/#website","url":"https:\/\/anteriores.premiosdelaindustria.es\/2017\/","name":"Premios 2017","description":"Reconocer la importancia de la ingenier\u00eda en el desarrollo de la sociedad y de la industria","potentialAction":[{"@type":"SearchAction","target":{"@type":"EntryPoint","urlTemplate":"https:\/\/anteriores.premiosdelaindustria.es\/2017\/?s={search_term_string}"},"query-input":"required name=search_term_string"}],"inLanguage":"es"}]}},"_links":{"self":[{"href":"https:\/\/anteriores.premiosdelaindustria.es\/2017\/wp-json\/wp\/v2\/pages\/738"}],"collection":[{"href":"https:\/\/anteriores.premiosdelaindustria.es\/2017\/wp-json\/wp\/v2\/pages"}],"about":[{"href":"https:\/\/anteriores.premiosdelaindustria.es\/2017\/wp-json\/wp\/v2\/types\/page"}],"author":[{"embeddable":true,"href":"https:\/\/anteriores.premiosdelaindustria.es\/2017\/wp-json\/wp\/v2\/users\/3"}],"replies":[{"embeddable":true,"href":"https:\/\/anteriores.premiosdelaindustria.es\/2017\/wp-json\/wp\/v2\/comments?post=738"}],"version-history":[{"count":1,"href":"https:\/\/anteriores.premiosdelaindustria.es\/2017\/wp-json\/wp\/v2\/pages\/738\/revisions"}],"predecessor-version":[{"id":773,"href":"https:\/\/anteriores.premiosdelaindustria.es\/2017\/wp-json\/wp\/v2\/pages\/738\/revisions\/773"}],"wp:attachment":[{"href":"https:\/\/anteriores.premiosdelaindustria.es\/2017\/wp-json\/wp\/v2\/media?parent=738"}],"curies":[{"name":"wp","href":"https:\/\/api.w.org\/{rel}","templated":true}]}}