{"id":725,"date":"2017-06-15T23:44:03","date_gmt":"2017-06-15T21:44:03","guid":{"rendered":"http:\/\/www.premiosdelaindustria.es\/2017\/?page_id=725"},"modified":"2017-06-23T13:01:28","modified_gmt":"2017-06-23T11:01:28","slug":"gerardo-gutierrez-fuentes","status":"publish","type":"page","link":"https:\/\/anteriores.premiosdelaindustria.es\/2017\/gerardo-gutierrez-fuentes\/","title":{"rendered":"Gerardo Guti\u00e9rrez Fuentes"},"content":{"rendered":"<section class=\"wpb-content-wrapper\"><p>[vc_row css_animation=\u00bb\u00bb row_type=\u00bbrow\u00bb use_row_as_full_screen_section=\u00bbno\u00bb type=\u00bbfull_width\u00bb angled_section=\u00bbno\u00bb text_align=\u00bbleft\u00bb background_image_as_pattern=\u00bbwithout_pattern\u00bb][vc_column][vc_column_text]<\/p>\n<h1>Gerardo Guti\u00e9rrez Fuentes<\/h1>\n<p>[\/vc_column_text][\/vc_column][\/vc_row][vc_row css_animation=\u00bb\u00bb row_type=\u00bbrow\u00bb use_row_as_full_screen_section=\u00bbno\u00bb type=\u00bbfull_width\u00bb angled_section=\u00bbno\u00bb text_align=\u00bbleft\u00bb background_image_as_pattern=\u00bbwithout_pattern\u00bb][vc_column width=\u00bb1\/2&#8243;][vc_single_image image=\u00bb726&#8243; img_size=\u00bblarge\u00bb alignment=\u00bbright\u00bb qode_css_animation=\u00bb\u00bb][\/vc_column][vc_column width=\u00bb1\/2&#8243;][vc_column_text]<strong>Gerardo Guti\u00e9rrez Fuentes<\/strong> es licenciado en Ciencias Qu\u00edmicas por la Universidad Complutense de Madrid y M\u00e1ster en Direcci\u00f3n de Producci\u00f3n, Operaciones y Tecnolog\u00eda, despu\u00e9s de una exitosa carrera por cuenta ajena el esp\u00edritu emprendedor le llev\u00f3 en el a\u00f1o 1991 a comenzar su propio proyecto empresarial, materializado en Gadea Grupo Farmac\u00e9utico, S.L., empresa radicada en el Parque Tecnol\u00f3gico de Boecillo<strong>.<\/strong><\/p>\n<p>&nbsp;<\/p>\n<p>En reconocimiento a una brillante trayectoria en el mundo de la Industria y la Ingenier\u00eda de Castilla y Le\u00f3n tras fundar <strong>Grupo Gadea<\/strong>, ocupar el cargo de Presidente de la Empresa Familiar de Castilla y Le\u00f3n y ostentar el cargo de <strong>Presidente del Consejo Social de la Universidad de Valladolid<\/strong>, el Colegio de Graduados en Ingenier\u00eda de la rama industrial e Ingenieros T\u00e9cnicos Industriales de Valladolid le nombra Colegiado de Honor.[\/vc_column_text][\/vc_column][\/vc_row][vc_row css_animation=\u00bb\u00bb row_type=\u00bbrow\u00bb use_row_as_full_screen_section=\u00bbno\u00bb type=\u00bbfull_width\u00bb angled_section=\u00bbno\u00bb text_align=\u00bbleft\u00bb background_image_as_pattern=\u00bbwithout_pattern\u00bb][vc_column][vc_empty_space height=\u00bb64px\u00bb][\/vc_column][\/vc_row][vc_row css_animation=\u00bb\u00bb row_type=\u00bbrow\u00bb use_row_as_full_screen_section=\u00bbno\u00bb type=\u00bbfull_width\u00bb angled_section=\u00bbno\u00bb text_align=\u00bbleft\u00bb background_image_as_pattern=\u00bbwithout_pattern\u00bb][vc_column width=\u00bb1\/2&#8243;][vc_video link=\u00bbhttps:\/\/www.youtube.com\/watch?v=1FhlYk0gWEo\u00bb][\/vc_column][vc_column width=\u00bb1\/2&#8243;][vc_column_text]<\/p>\n<h5>Gerardo Guti\u00e9rrez Colegiado de Honor Premios ingenierosVA<\/h5>\n<p>Con apenas 15 a\u00f1os, el padre de Gerardo viaj\u00f3 a M\u00e9xico para ganarse la vida, y lo hizo con lo puesto. A miles de kil\u00f3metros de su hogar labr\u00f3 su vida a base de lo que hoy llamamos emprender. Ideas, esfuerzo y coraz\u00f3n. \u00a0Gerardo naci\u00f3 all\u00ed y comprendi\u00f3 a la perfecci\u00f3n los valores que familia le inculc\u00f3. Aprendi\u00f3 que una empresa es un ente vivo, que evoluciona y qu\u00e9, sobre todo, tiene mucho coraz\u00f3n.[\/vc_column_text][\/vc_column][\/vc_row][vc_row css_animation=\u00bb\u00bb row_type=\u00bbrow\u00bb use_row_as_full_screen_section=\u00bbno\u00bb type=\u00bbfull_width\u00bb angled_section=\u00bbno\u00bb text_align=\u00bbleft\u00bb background_image_as_pattern=\u00bbwithout_pattern\u00bb][vc_column][vc_empty_space height=\u00bb64px\u00bb][\/vc_column][\/vc_row][vc_row css_animation=\u00bb\u00bb row_type=\u00bbrow\u00bb use_row_as_full_screen_section=\u00bbno\u00bb type=\u00bbfull_width\u00bb angled_section=\u00bbno\u00bb text_align=\u00bbleft\u00bb background_image_as_pattern=\u00bbwithout_pattern\u00bb][vc_column width=\u00bb1\/2&#8243;][vc_column_text]<\/p>\n<h5>Gerardo Guti\u00e9rrez Colegiado de Honor Premios ingenierosVA<\/h5>\n<p>Gerardo Guti\u00e9rrez Fuentes es licenciado en Ciencias Qu\u00edmicas por la Universidad Complutense de Madrid y M\u00e1ster en Direcci\u00f3n de Producci\u00f3n, Operaciones y Tecnolog\u00eda, despu\u00e9s de una exitosa carrera por cuenta ajena el esp\u00edritu emprendedor le llev\u00f3 en el a\u00f1o 1991 a comenzar su propio proyecto empresarial, materializado en Gadea Grupo Farmac\u00e9utico, S.L., empresa radicada en el Parque Tecnol\u00f3gico de Boecillo.[\/vc_column_text][\/vc_column][vc_column width=\u00bb1\/2&#8243;][vc_video link=\u00bbhttps:\/\/www.youtube.com\/watch?v=dqr2zFWOLfE\u00bb align=\u00bbright\u00bb][\/vc_column][\/vc_row]<\/p>\n<\/section>","protected":false},"excerpt":{"rendered":"<p>[vc_row css_animation=\u00bb\u00bb row_type=\u00bbrow\u00bb use_row_as_full_screen_section=\u00bbno\u00bb type=\u00bbfull_width\u00bb angled_section=\u00bbno\u00bb text_align=\u00bbleft\u00bb background_image_as_pattern=\u00bbwithout_pattern\u00bb][vc_column][vc_column_text] Gerardo Guti\u00e9rrez Fuentes [\/vc_column_text][\/vc_column][\/vc_row][vc_row css_animation=\u00bb\u00bb row_type=\u00bbrow\u00bb use_row_as_full_screen_section=\u00bbno\u00bb type=\u00bbfull_width\u00bb angled_section=\u00bbno\u00bb text_align=\u00bbleft\u00bb background_image_as_pattern=\u00bbwithout_pattern\u00bb][vc_column width=\u00bb1\/2&#8243;][vc_single_image image=\u00bb726&#8243; img_size=\u00bblarge\u00bb alignment=\u00bbright\u00bb qode_css_animation=\u00bb\u00bb][\/vc_column][vc_column width=\u00bb1\/2&#8243;][vc_column_text]Gerardo Guti\u00e9rrez Fuentes es licenciado en Ciencias Qu\u00edmicas por la Universidad Complutense de Madrid y M\u00e1ster en Direcci\u00f3n de Producci\u00f3n, Operaciones&#8230;<\/p>\n","protected":false},"author":3,"featured_media":0,"parent":0,"menu_order":0,"comment_status":"closed","ping_status":"closed","template":"","meta":{"footnotes":""},"yoast_head":"<!-- This site is optimized with the Yoast SEO plugin v20.6 - https:\/\/yoast.com\/wordpress\/plugins\/seo\/ -->\n<title>Gerardo Guti\u00e9rrez Fuentes - Premios 2017<\/title>\n<meta name=\"robots\" content=\"index, follow, max-snippet:-1, max-image-preview:large, max-video-preview:-1\" \/>\n<link rel=\"canonical\" href=\"https:\/\/anteriores.premiosdelaindustria.es\/2017\/gerardo-gutierrez-fuentes\/\" \/>\n<meta property=\"og:locale\" content=\"es_ES\" \/>\n<meta property=\"og:type\" content=\"article\" \/>\n<meta property=\"og:title\" content=\"Gerardo Guti\u00e9rrez Fuentes - Premios 2017\" \/>\n<meta property=\"og:description\" content=\"[vc_row css_animation=\u00bb\u00bb row_type=\u00bbrow\u00bb use_row_as_full_screen_section=\u00bbno\u00bb type=\u00bbfull_width\u00bb angled_section=\u00bbno\u00bb text_align=\u00bbleft\u00bb background_image_as_pattern=\u00bbwithout_pattern\u00bb][vc_column][vc_column_text] Gerardo Guti\u00e9rrez Fuentes [\/vc_column_text][\/vc_column][\/vc_row][vc_row css_animation=\u00bb\u00bb row_type=\u00bbrow\u00bb use_row_as_full_screen_section=\u00bbno\u00bb type=\u00bbfull_width\u00bb angled_section=\u00bbno\u00bb text_align=\u00bbleft\u00bb background_image_as_pattern=\u00bbwithout_pattern\u00bb][vc_column width=\u00bb1\/2&#8243;][vc_single_image image=\u00bb726&#8243; img_size=\u00bblarge\u00bb alignment=\u00bbright\u00bb qode_css_animation=\u00bb\u00bb][\/vc_column][vc_column width=\u00bb1\/2&#8243;][vc_column_text]Gerardo Guti\u00e9rrez Fuentes es licenciado en Ciencias Qu\u00edmicas por la Universidad Complutense de Madrid y M\u00e1ster en Direcci\u00f3n de Producci\u00f3n, Operaciones...\" \/>\n<meta property=\"og:url\" content=\"https:\/\/anteriores.premiosdelaindustria.es\/2017\/gerardo-gutierrez-fuentes\/\" \/>\n<meta property=\"og:site_name\" content=\"Premios 2017\" \/>\n<meta property=\"article:modified_time\" content=\"2017-06-23T11:01:28+00:00\" \/>\n<meta name=\"twitter:card\" content=\"summary_large_image\" \/>\n<meta name=\"twitter:label1\" content=\"Tiempo de lectura\" \/>\n\t<meta name=\"twitter:data1\" content=\"3 minutos\" \/>\n<script type=\"application\/ld+json\" class=\"yoast-schema-graph\">{\"@context\":\"https:\/\/schema.org\",\"@graph\":[{\"@type\":\"WebPage\",\"@id\":\"https:\/\/anteriores.premiosdelaindustria.es\/2017\/gerardo-gutierrez-fuentes\/\",\"url\":\"https:\/\/anteriores.premiosdelaindustria.es\/2017\/gerardo-gutierrez-fuentes\/\",\"name\":\"Gerardo Guti\u00e9rrez Fuentes - Premios 2017\",\"isPartOf\":{\"@id\":\"https:\/\/anteriores.premiosdelaindustria.es\/2017\/#website\"},\"datePublished\":\"2017-06-15T21:44:03+00:00\",\"dateModified\":\"2017-06-23T11:01:28+00:00\",\"inLanguage\":\"es\",\"potentialAction\":[{\"@type\":\"ReadAction\",\"target\":[\"https:\/\/anteriores.premiosdelaindustria.es\/2017\/gerardo-gutierrez-fuentes\/\"]}]},{\"@type\":\"WebSite\",\"@id\":\"https:\/\/anteriores.premiosdelaindustria.es\/2017\/#website\",\"url\":\"https:\/\/anteriores.premiosdelaindustria.es\/2017\/\",\"name\":\"Premios 2017\",\"description\":\"Reconocer la importancia de la ingenier\u00eda en el desarrollo de la sociedad y de la industria\",\"potentialAction\":[{\"@type\":\"SearchAction\",\"target\":{\"@type\":\"EntryPoint\",\"urlTemplate\":\"https:\/\/anteriores.premiosdelaindustria.es\/2017\/?s={search_term_string}\"},\"query-input\":\"required name=search_term_string\"}],\"inLanguage\":\"es\"}]}<\/script>\n<!-- \/ Yoast SEO plugin. -->","yoast_head_json":{"title":"Gerardo Guti\u00e9rrez Fuentes - Premios 2017","robots":{"index":"index","follow":"follow","max-snippet":"max-snippet:-1","max-image-preview":"max-image-preview:large","max-video-preview":"max-video-preview:-1"},"canonical":"https:\/\/anteriores.premiosdelaindustria.es\/2017\/gerardo-gutierrez-fuentes\/","og_locale":"es_ES","og_type":"article","og_title":"Gerardo Guti\u00e9rrez Fuentes - Premios 2017","og_description":"[vc_row css_animation=\u00bb\u00bb row_type=\u00bbrow\u00bb use_row_as_full_screen_section=\u00bbno\u00bb type=\u00bbfull_width\u00bb angled_section=\u00bbno\u00bb text_align=\u00bbleft\u00bb background_image_as_pattern=\u00bbwithout_pattern\u00bb][vc_column][vc_column_text] Gerardo Guti\u00e9rrez Fuentes [\/vc_column_text][\/vc_column][\/vc_row][vc_row css_animation=\u00bb\u00bb row_type=\u00bbrow\u00bb use_row_as_full_screen_section=\u00bbno\u00bb type=\u00bbfull_width\u00bb angled_section=\u00bbno\u00bb text_align=\u00bbleft\u00bb background_image_as_pattern=\u00bbwithout_pattern\u00bb][vc_column width=\u00bb1\/2&#8243;][vc_single_image image=\u00bb726&#8243; img_size=\u00bblarge\u00bb alignment=\u00bbright\u00bb qode_css_animation=\u00bb\u00bb][\/vc_column][vc_column width=\u00bb1\/2&#8243;][vc_column_text]Gerardo Guti\u00e9rrez Fuentes es licenciado en Ciencias Qu\u00edmicas por la Universidad Complutense de Madrid y M\u00e1ster en Direcci\u00f3n de Producci\u00f3n, Operaciones...","og_url":"https:\/\/anteriores.premiosdelaindustria.es\/2017\/gerardo-gutierrez-fuentes\/","og_site_name":"Premios 2017","article_modified_time":"2017-06-23T11:01:28+00:00","twitter_card":"summary_large_image","twitter_misc":{"Tiempo de lectura":"3 minutos"},"schema":{"@context":"https:\/\/schema.org","@graph":[{"@type":"WebPage","@id":"https:\/\/anteriores.premiosdelaindustria.es\/2017\/gerardo-gutierrez-fuentes\/","url":"https:\/\/anteriores.premiosdelaindustria.es\/2017\/gerardo-gutierrez-fuentes\/","name":"Gerardo Guti\u00e9rrez Fuentes - Premios 2017","isPartOf":{"@id":"https:\/\/anteriores.premiosdelaindustria.es\/2017\/#website"},"datePublished":"2017-06-15T21:44:03+00:00","dateModified":"2017-06-23T11:01:28+00:00","inLanguage":"es","potentialAction":[{"@type":"ReadAction","target":["https:\/\/anteriores.premiosdelaindustria.es\/2017\/gerardo-gutierrez-fuentes\/"]}]},{"@type":"WebSite","@id":"https:\/\/anteriores.premiosdelaindustria.es\/2017\/#website","url":"https:\/\/anteriores.premiosdelaindustria.es\/2017\/","name":"Premios 2017","description":"Reconocer la importancia de la ingenier\u00eda en el desarrollo de la sociedad y de la industria","potentialAction":[{"@type":"SearchAction","target":{"@type":"EntryPoint","urlTemplate":"https:\/\/anteriores.premiosdelaindustria.es\/2017\/?s={search_term_string}"},"query-input":"required name=search_term_string"}],"inLanguage":"es"}]}},"_links":{"self":[{"href":"https:\/\/anteriores.premiosdelaindustria.es\/2017\/wp-json\/wp\/v2\/pages\/725"}],"collection":[{"href":"https:\/\/anteriores.premiosdelaindustria.es\/2017\/wp-json\/wp\/v2\/pages"}],"about":[{"href":"https:\/\/anteriores.premiosdelaindustria.es\/2017\/wp-json\/wp\/v2\/types\/page"}],"author":[{"embeddable":true,"href":"https:\/\/anteriores.premiosdelaindustria.es\/2017\/wp-json\/wp\/v2\/users\/3"}],"replies":[{"embeddable":true,"href":"https:\/\/anteriores.premiosdelaindustria.es\/2017\/wp-json\/wp\/v2\/comments?post=725"}],"version-history":[{"count":10,"href":"https:\/\/anteriores.premiosdelaindustria.es\/2017\/wp-json\/wp\/v2\/pages\/725\/revisions"}],"predecessor-version":[{"id":989,"href":"https:\/\/anteriores.premiosdelaindustria.es\/2017\/wp-json\/wp\/v2\/pages\/725\/revisions\/989"}],"wp:attachment":[{"href":"https:\/\/anteriores.premiosdelaindustria.es\/2017\/wp-json\/wp\/v2\/media?parent=725"}],"curies":[{"name":"wp","href":"https:\/\/api.w.org\/{rel}","templated":true}]}}