{"id":722,"date":"2017-06-15T23:44:48","date_gmt":"2017-06-15T21:44:48","guid":{"rendered":"http:\/\/www.premiosdelaindustria.es\/2017\/?page_id=722"},"modified":"2017-06-23T13:06:37","modified_gmt":"2017-06-23T11:06:37","slug":"luis-moreton-garcia","status":"publish","type":"page","link":"https:\/\/anteriores.premiosdelaindustria.es\/2017\/luis-moreton-garcia\/","title":{"rendered":"Luis Moret\u00f3n Garc\u00eda"},"content":{"rendered":"<section class=\"wpb-content-wrapper\"><p>[vc_row css_animation=\u00bb\u00bb row_type=\u00bbrow\u00bb use_row_as_full_screen_section=\u00bbno\u00bb type=\u00bbfull_width\u00bb angled_section=\u00bbno\u00bb text_align=\u00bbleft\u00bb background_image_as_pattern=\u00bbwithout_pattern\u00bb][vc_column][vc_column_text]<\/p>\n<h1>Luis Moret\u00f3n Garc\u00eda<\/h1>\n<p>[\/vc_column_text][\/vc_column][\/vc_row][vc_row css_animation=\u00bb\u00bb row_type=\u00bbrow\u00bb use_row_as_full_screen_section=\u00bbno\u00bb type=\u00bbfull_width\u00bb angled_section=\u00bbno\u00bb text_align=\u00bbleft\u00bb background_image_as_pattern=\u00bbwithout_pattern\u00bb][vc_column width=\u00bb1\/2&#8243;][vc_single_image image=\u00bb723&#8243; img_size=\u00bblarge\u00bb alignment=\u00bbright\u00bb qode_css_animation=\u00bb\u00bb][\/vc_column][vc_column width=\u00bb1\/2&#8243;][vc_column_text]<strong>Luis Moret\u00f3n Garc\u00eda<\/strong> es ingenieros t\u00e9cnico industrial y autor del premiado \u00ab<em>Proyecto de instalaci\u00f3n de central t\u00e9rmica de biomasa para edificios de uso p\u00fablico destinados a colegio, residencia de ancianos y guarder\u00eda en Olmedo, Valladolid<\/em>\u00bb visado en ingenierosVA y cuyo promotor es la Sociedad P\u00fablica de Infraestructuras y Medio Ambiente de Castilla y Le\u00f3n (SOMACYL).<\/p>\n<p>Su proyecto aporta una soluci\u00f3n innovadora y eficiente para la resoluci\u00f3n de un problema con una exposici\u00f3n notable en cuanto al formato y la exposici\u00f3n del proyecto.<\/p>\n<p>[\/vc_column_text][\/vc_column][\/vc_row][vc_row css_animation=\u00bb\u00bb row_type=\u00bbrow\u00bb use_row_as_full_screen_section=\u00bbno\u00bb type=\u00bbfull_width\u00bb angled_section=\u00bbno\u00bb text_align=\u00bbleft\u00bb background_image_as_pattern=\u00bbwithout_pattern\u00bb][vc_column][vc_empty_space height=\u00bb64px\u00bb][\/vc_column][\/vc_row][vc_row css_animation=\u00bb\u00bb row_type=\u00bbrow\u00bb use_row_as_full_screen_section=\u00bbno\u00bb type=\u00bbfull_width\u00bb angled_section=\u00bbno\u00bb text_align=\u00bbleft\u00bb background_image_as_pattern=\u00bbwithout_pattern\u00bb][vc_column width=\u00bb1\/2&#8243;][vc_column_text]<\/p>\n<h5><strong>Luis Moret\u00f3n Garc\u00eda<\/strong><\/h5>\n<p>Luis Moret\u00f3n Garc\u00eda realiza proyectos t\u00e9cnicos desde 1992 compagin\u00e1ndolo con otras actividades profesionales en el \u00e1mbito de la construcci\u00f3n y las instalaciones industriales. En Julio de 2005 comienza a dedicarse exclusivamente a su empresa de ingenier\u00eda. En Agosto de 2007 crea COINGES S.L, con el fin de ofrecer al cliente una estructura empresarial m\u00e1s adecuada a sus necesidades y las exigencias del mercado. En Mayo de 2009 crea COINGES MANTENIMIENTO, para dar un servicio integral a las instalaciones de sus clientes.<\/p>\n<p>&nbsp;<\/p>\n<p><a href=\"https:\/\/coinges.com\">https:\/\/coinges.com<\/a>[\/vc_column_text][\/vc_column][vc_column width=\u00bb1\/2&#8243;][vc_video link=\u00bbhttps:\/\/www.youtube.com\/watch?v=I3AOO5m6dak\u00bb][\/vc_column][\/vc_row]<\/p>\n<\/section>","protected":false},"excerpt":{"rendered":"<p>[vc_row css_animation=\u00bb\u00bb row_type=\u00bbrow\u00bb use_row_as_full_screen_section=\u00bbno\u00bb type=\u00bbfull_width\u00bb angled_section=\u00bbno\u00bb text_align=\u00bbleft\u00bb background_image_as_pattern=\u00bbwithout_pattern\u00bb][vc_column][vc_column_text] Luis Moret\u00f3n Garc\u00eda [\/vc_column_text][\/vc_column][\/vc_row][vc_row css_animation=\u00bb\u00bb row_type=\u00bbrow\u00bb use_row_as_full_screen_section=\u00bbno\u00bb type=\u00bbfull_width\u00bb angled_section=\u00bbno\u00bb text_align=\u00bbleft\u00bb background_image_as_pattern=\u00bbwithout_pattern\u00bb][vc_column width=\u00bb1\/2&#8243;][vc_single_image image=\u00bb723&#8243; img_size=\u00bblarge\u00bb alignment=\u00bbright\u00bb qode_css_animation=\u00bb\u00bb][\/vc_column][vc_column width=\u00bb1\/2&#8243;][vc_column_text]Luis Moret\u00f3n Garc\u00eda es ingenieros t\u00e9cnico industrial y autor del premiado \u00abProyecto de instalaci\u00f3n de central t\u00e9rmica de biomasa para edificios&#8230;<\/p>\n","protected":false},"author":3,"featured_media":0,"parent":0,"menu_order":0,"comment_status":"closed","ping_status":"closed","template":"","meta":{"footnotes":""},"yoast_head":"<!-- This site is optimized with the Yoast SEO plugin v20.6 - https:\/\/yoast.com\/wordpress\/plugins\/seo\/ -->\n<title>Luis Moret\u00f3n Garc\u00eda - Premios 2017<\/title>\n<meta name=\"robots\" content=\"index, follow, max-snippet:-1, max-image-preview:large, max-video-preview:-1\" \/>\n<link rel=\"canonical\" href=\"https:\/\/anteriores.premiosdelaindustria.es\/2017\/luis-moreton-garcia\/\" \/>\n<meta property=\"og:locale\" content=\"es_ES\" \/>\n<meta property=\"og:type\" content=\"article\" \/>\n<meta property=\"og:title\" content=\"Luis Moret\u00f3n Garc\u00eda - Premios 2017\" \/>\n<meta property=\"og:description\" content=\"[vc_row css_animation=\u00bb\u00bb row_type=\u00bbrow\u00bb use_row_as_full_screen_section=\u00bbno\u00bb type=\u00bbfull_width\u00bb angled_section=\u00bbno\u00bb text_align=\u00bbleft\u00bb background_image_as_pattern=\u00bbwithout_pattern\u00bb][vc_column][vc_column_text] Luis Moret\u00f3n Garc\u00eda [\/vc_column_text][\/vc_column][\/vc_row][vc_row css_animation=\u00bb\u00bb row_type=\u00bbrow\u00bb use_row_as_full_screen_section=\u00bbno\u00bb type=\u00bbfull_width\u00bb angled_section=\u00bbno\u00bb text_align=\u00bbleft\u00bb background_image_as_pattern=\u00bbwithout_pattern\u00bb][vc_column width=\u00bb1\/2&#8243;][vc_single_image image=\u00bb723&#8243; img_size=\u00bblarge\u00bb alignment=\u00bbright\u00bb qode_css_animation=\u00bb\u00bb][\/vc_column][vc_column width=\u00bb1\/2&#8243;][vc_column_text]Luis Moret\u00f3n Garc\u00eda es ingenieros t\u00e9cnico industrial y autor del premiado \u00abProyecto de instalaci\u00f3n de central t\u00e9rmica de biomasa para edificios...\" \/>\n<meta property=\"og:url\" content=\"https:\/\/anteriores.premiosdelaindustria.es\/2017\/luis-moreton-garcia\/\" \/>\n<meta property=\"og:site_name\" content=\"Premios 2017\" \/>\n<meta property=\"article:modified_time\" content=\"2017-06-23T11:06:37+00:00\" \/>\n<meta name=\"twitter:card\" content=\"summary_large_image\" \/>\n<meta name=\"twitter:label1\" content=\"Tiempo de lectura\" \/>\n\t<meta name=\"twitter:data1\" content=\"2 minutos\" \/>\n<script type=\"application\/ld+json\" class=\"yoast-schema-graph\">{\"@context\":\"https:\/\/schema.org\",\"@graph\":[{\"@type\":\"WebPage\",\"@id\":\"https:\/\/anteriores.premiosdelaindustria.es\/2017\/luis-moreton-garcia\/\",\"url\":\"https:\/\/anteriores.premiosdelaindustria.es\/2017\/luis-moreton-garcia\/\",\"name\":\"Luis Moret\u00f3n Garc\u00eda - Premios 2017\",\"isPartOf\":{\"@id\":\"https:\/\/anteriores.premiosdelaindustria.es\/2017\/#website\"},\"datePublished\":\"2017-06-15T21:44:48+00:00\",\"dateModified\":\"2017-06-23T11:06:37+00:00\",\"inLanguage\":\"es\",\"potentialAction\":[{\"@type\":\"ReadAction\",\"target\":[\"https:\/\/anteriores.premiosdelaindustria.es\/2017\/luis-moreton-garcia\/\"]}]},{\"@type\":\"WebSite\",\"@id\":\"https:\/\/anteriores.premiosdelaindustria.es\/2017\/#website\",\"url\":\"https:\/\/anteriores.premiosdelaindustria.es\/2017\/\",\"name\":\"Premios 2017\",\"description\":\"Reconocer la importancia de la ingenier\u00eda en el desarrollo de la sociedad y de la industria\",\"potentialAction\":[{\"@type\":\"SearchAction\",\"target\":{\"@type\":\"EntryPoint\",\"urlTemplate\":\"https:\/\/anteriores.premiosdelaindustria.es\/2017\/?s={search_term_string}\"},\"query-input\":\"required name=search_term_string\"}],\"inLanguage\":\"es\"}]}<\/script>\n<!-- \/ Yoast SEO plugin. -->","yoast_head_json":{"title":"Luis Moret\u00f3n Garc\u00eda - Premios 2017","robots":{"index":"index","follow":"follow","max-snippet":"max-snippet:-1","max-image-preview":"max-image-preview:large","max-video-preview":"max-video-preview:-1"},"canonical":"https:\/\/anteriores.premiosdelaindustria.es\/2017\/luis-moreton-garcia\/","og_locale":"es_ES","og_type":"article","og_title":"Luis Moret\u00f3n Garc\u00eda - Premios 2017","og_description":"[vc_row css_animation=\u00bb\u00bb row_type=\u00bbrow\u00bb use_row_as_full_screen_section=\u00bbno\u00bb type=\u00bbfull_width\u00bb angled_section=\u00bbno\u00bb text_align=\u00bbleft\u00bb background_image_as_pattern=\u00bbwithout_pattern\u00bb][vc_column][vc_column_text] Luis Moret\u00f3n Garc\u00eda [\/vc_column_text][\/vc_column][\/vc_row][vc_row css_animation=\u00bb\u00bb row_type=\u00bbrow\u00bb use_row_as_full_screen_section=\u00bbno\u00bb type=\u00bbfull_width\u00bb angled_section=\u00bbno\u00bb text_align=\u00bbleft\u00bb background_image_as_pattern=\u00bbwithout_pattern\u00bb][vc_column width=\u00bb1\/2&#8243;][vc_single_image image=\u00bb723&#8243; img_size=\u00bblarge\u00bb alignment=\u00bbright\u00bb qode_css_animation=\u00bb\u00bb][\/vc_column][vc_column width=\u00bb1\/2&#8243;][vc_column_text]Luis Moret\u00f3n Garc\u00eda es ingenieros t\u00e9cnico industrial y autor del premiado \u00abProyecto de instalaci\u00f3n de central t\u00e9rmica de biomasa para edificios...","og_url":"https:\/\/anteriores.premiosdelaindustria.es\/2017\/luis-moreton-garcia\/","og_site_name":"Premios 2017","article_modified_time":"2017-06-23T11:06:37+00:00","twitter_card":"summary_large_image","twitter_misc":{"Tiempo de lectura":"2 minutos"},"schema":{"@context":"https:\/\/schema.org","@graph":[{"@type":"WebPage","@id":"https:\/\/anteriores.premiosdelaindustria.es\/2017\/luis-moreton-garcia\/","url":"https:\/\/anteriores.premiosdelaindustria.es\/2017\/luis-moreton-garcia\/","name":"Luis Moret\u00f3n Garc\u00eda - Premios 2017","isPartOf":{"@id":"https:\/\/anteriores.premiosdelaindustria.es\/2017\/#website"},"datePublished":"2017-06-15T21:44:48+00:00","dateModified":"2017-06-23T11:06:37+00:00","inLanguage":"es","potentialAction":[{"@type":"ReadAction","target":["https:\/\/anteriores.premiosdelaindustria.es\/2017\/luis-moreton-garcia\/"]}]},{"@type":"WebSite","@id":"https:\/\/anteriores.premiosdelaindustria.es\/2017\/#website","url":"https:\/\/anteriores.premiosdelaindustria.es\/2017\/","name":"Premios 2017","description":"Reconocer la importancia de la ingenier\u00eda en el desarrollo de la sociedad y de la industria","potentialAction":[{"@type":"SearchAction","target":{"@type":"EntryPoint","urlTemplate":"https:\/\/anteriores.premiosdelaindustria.es\/2017\/?s={search_term_string}"},"query-input":"required name=search_term_string"}],"inLanguage":"es"}]}},"_links":{"self":[{"href":"https:\/\/anteriores.premiosdelaindustria.es\/2017\/wp-json\/wp\/v2\/pages\/722"}],"collection":[{"href":"https:\/\/anteriores.premiosdelaindustria.es\/2017\/wp-json\/wp\/v2\/pages"}],"about":[{"href":"https:\/\/anteriores.premiosdelaindustria.es\/2017\/wp-json\/wp\/v2\/types\/page"}],"author":[{"embeddable":true,"href":"https:\/\/anteriores.premiosdelaindustria.es\/2017\/wp-json\/wp\/v2\/users\/3"}],"replies":[{"embeddable":true,"href":"https:\/\/anteriores.premiosdelaindustria.es\/2017\/wp-json\/wp\/v2\/comments?post=722"}],"version-history":[{"count":4,"href":"https:\/\/anteriores.premiosdelaindustria.es\/2017\/wp-json\/wp\/v2\/pages\/722\/revisions"}],"predecessor-version":[{"id":991,"href":"https:\/\/anteriores.premiosdelaindustria.es\/2017\/wp-json\/wp\/v2\/pages\/722\/revisions\/991"}],"wp:attachment":[{"href":"https:\/\/anteriores.premiosdelaindustria.es\/2017\/wp-json\/wp\/v2\/media?parent=722"}],"curies":[{"name":"wp","href":"https:\/\/api.w.org\/{rel}","templated":true}]}}