{"id":718,"date":"2017-06-15T23:44:24","date_gmt":"2017-06-15T21:44:24","guid":{"rendered":"http:\/\/www.premiosdelaindustria.es\/2017\/?page_id=718"},"modified":"2017-06-15T23:44:24","modified_gmt":"2017-06-15T21:44:24","slug":"ibermaq-bienes-de-equipo","status":"publish","type":"page","link":"https:\/\/anteriores.premiosdelaindustria.es\/2017\/ibermaq-bienes-de-equipo\/","title":{"rendered":"Ibermaq Bienes de Equipo"},"content":{"rendered":"<section class=\"wpb-content-wrapper\"><p>[vc_row css_animation=\u00bb\u00bb row_type=\u00bbrow\u00bb use_row_as_full_screen_section=\u00bbno\u00bb type=\u00bbfull_width\u00bb angled_section=\u00bbno\u00bb text_align=\u00bbleft\u00bb background_image_as_pattern=\u00bbwithout_pattern\u00bb][vc_column][vc_column_text]<\/p>\n<h1><b>Ibermaq Bienes de Equipo<\/b><\/h1>\n<p>[\/vc_column_text][\/vc_column][\/vc_row][vc_row css_animation=\u00bb\u00bb row_type=\u00bbrow\u00bb use_row_as_full_screen_section=\u00bbno\u00bb type=\u00bbfull_width\u00bb angled_section=\u00bbno\u00bb text_align=\u00bbleft\u00bb background_image_as_pattern=\u00bbwithout_pattern\u00bb][vc_column width=\u00bb1\/2&#8243;][vc_single_image image=\u00bb739&#8243; img_size=\u00bblarge\u00bb alignment=\u00bbright\u00bb qode_css_animation=\u00bb\u00bb][\/vc_column][vc_column width=\u00bb1\/2&#8243;][vc_column_text]<b>Ibermaq Bienes de Equipo es<\/b> una empresa dedicada al dise\u00f1o, fabricaci\u00f3n y montaje de m\u00e1quinas especiales y de bienes de equipo, as\u00ed como a la automatizaci\u00f3n de procesos destinados al sector industrial.<\/p>\n<p>Ofrece m\u00e1quinas a medida en instalaciones de montaje, instalaciones de soldadura, automatizaci\u00f3n industriales, o maquinas especiales respondiendo a las necesidades m\u00e1s espec\u00edficas de sus clientes para optimizar sus procedimientos de producci\u00f3n.<\/p>\n<p>Conciben, fabrican e integran m\u00e1quinas y sistemas automatizados destinados a reducir los tiempos de producci\u00f3n y de manipulaci\u00f3n. Contribuyena mejorar la calidad del producto fabricado por sus clientes, proporcion\u00e1ndoles as\u00ed un valor a\u00f1adido notable.<\/p>\n<p>&nbsp;<\/p>\n<p><a href=\"https:\/\/www.ibermaq-bienesdeequipo.com\/\">https:\/\/www.ibermaq-bienesdeequipo.com\/<\/a>[\/vc_column_text][\/vc_column][\/vc_row][vc_row css_animation=\u00bb\u00bb row_type=\u00bbrow\u00bb use_row_as_full_screen_section=\u00bbno\u00bb type=\u00bbfull_width\u00bb angled_section=\u00bbno\u00bb text_align=\u00bbleft\u00bb background_image_as_pattern=\u00bbwithout_pattern\u00bb][vc_column][vc_empty_space height=\u00bb64px\u00bb][\/vc_column][\/vc_row]<\/p>\n<\/section>","protected":false},"excerpt":{"rendered":"<p>[vc_row css_animation=\u00bb\u00bb row_type=\u00bbrow\u00bb use_row_as_full_screen_section=\u00bbno\u00bb type=\u00bbfull_width\u00bb angled_section=\u00bbno\u00bb text_align=\u00bbleft\u00bb background_image_as_pattern=\u00bbwithout_pattern\u00bb][vc_column][vc_column_text] Ibermaq Bienes de Equipo [\/vc_column_text][\/vc_column][\/vc_row][vc_row css_animation=\u00bb\u00bb row_type=\u00bbrow\u00bb use_row_as_full_screen_section=\u00bbno\u00bb type=\u00bbfull_width\u00bb angled_section=\u00bbno\u00bb text_align=\u00bbleft\u00bb background_image_as_pattern=\u00bbwithout_pattern\u00bb][vc_column width=\u00bb1\/2&#8243;][vc_single_image image=\u00bb739&#8243; img_size=\u00bblarge\u00bb alignment=\u00bbright\u00bb qode_css_animation=\u00bb\u00bb][\/vc_column][vc_column width=\u00bb1\/2&#8243;][vc_column_text]Ibermaq Bienes de Equipo es una empresa dedicada al dise\u00f1o, fabricaci\u00f3n y montaje de m\u00e1quinas especiales y de bienes de&#8230;<\/p>\n","protected":false},"author":3,"featured_media":0,"parent":0,"menu_order":0,"comment_status":"closed","ping_status":"closed","template":"","meta":{"footnotes":""},"yoast_head":"<!-- This site is optimized with the Yoast SEO plugin v20.6 - https:\/\/yoast.com\/wordpress\/plugins\/seo\/ -->\n<title>Ibermaq Bienes de Equipo - Premios 2017<\/title>\n<meta name=\"robots\" content=\"index, follow, max-snippet:-1, max-image-preview:large, max-video-preview:-1\" \/>\n<link rel=\"canonical\" href=\"https:\/\/anteriores.premiosdelaindustria.es\/2017\/ibermaq-bienes-de-equipo\/\" \/>\n<meta property=\"og:locale\" content=\"es_ES\" \/>\n<meta property=\"og:type\" content=\"article\" \/>\n<meta property=\"og:title\" content=\"Ibermaq Bienes de Equipo - Premios 2017\" \/>\n<meta property=\"og:description\" content=\"[vc_row css_animation=\u00bb\u00bb row_type=\u00bbrow\u00bb use_row_as_full_screen_section=\u00bbno\u00bb type=\u00bbfull_width\u00bb angled_section=\u00bbno\u00bb text_align=\u00bbleft\u00bb background_image_as_pattern=\u00bbwithout_pattern\u00bb][vc_column][vc_column_text] Ibermaq Bienes de Equipo [\/vc_column_text][\/vc_column][\/vc_row][vc_row css_animation=\u00bb\u00bb row_type=\u00bbrow\u00bb use_row_as_full_screen_section=\u00bbno\u00bb type=\u00bbfull_width\u00bb angled_section=\u00bbno\u00bb text_align=\u00bbleft\u00bb background_image_as_pattern=\u00bbwithout_pattern\u00bb][vc_column width=\u00bb1\/2&#8243;][vc_single_image image=\u00bb739&#8243; img_size=\u00bblarge\u00bb alignment=\u00bbright\u00bb qode_css_animation=\u00bb\u00bb][\/vc_column][vc_column width=\u00bb1\/2&#8243;][vc_column_text]Ibermaq Bienes de Equipo es una empresa dedicada al dise\u00f1o, fabricaci\u00f3n y montaje de m\u00e1quinas especiales y de bienes de...\" \/>\n<meta property=\"og:url\" content=\"https:\/\/anteriores.premiosdelaindustria.es\/2017\/ibermaq-bienes-de-equipo\/\" \/>\n<meta property=\"og:site_name\" content=\"Premios 2017\" \/>\n<meta name=\"twitter:card\" content=\"summary_large_image\" \/>\n<meta name=\"twitter:label1\" content=\"Tiempo de lectura\" \/>\n\t<meta name=\"twitter:data1\" content=\"1 minuto\" \/>\n<script type=\"application\/ld+json\" class=\"yoast-schema-graph\">{\"@context\":\"https:\/\/schema.org\",\"@graph\":[{\"@type\":\"WebPage\",\"@id\":\"https:\/\/anteriores.premiosdelaindustria.es\/2017\/ibermaq-bienes-de-equipo\/\",\"url\":\"https:\/\/anteriores.premiosdelaindustria.es\/2017\/ibermaq-bienes-de-equipo\/\",\"name\":\"Ibermaq Bienes de Equipo - Premios 2017\",\"isPartOf\":{\"@id\":\"https:\/\/anteriores.premiosdelaindustria.es\/2017\/#website\"},\"datePublished\":\"2017-06-15T21:44:24+00:00\",\"dateModified\":\"2017-06-15T21:44:24+00:00\",\"inLanguage\":\"es\",\"potentialAction\":[{\"@type\":\"ReadAction\",\"target\":[\"https:\/\/anteriores.premiosdelaindustria.es\/2017\/ibermaq-bienes-de-equipo\/\"]}]},{\"@type\":\"WebSite\",\"@id\":\"https:\/\/anteriores.premiosdelaindustria.es\/2017\/#website\",\"url\":\"https:\/\/anteriores.premiosdelaindustria.es\/2017\/\",\"name\":\"Premios 2017\",\"description\":\"Reconocer la importancia de la ingenier\u00eda en el desarrollo de la sociedad y de la industria\",\"potentialAction\":[{\"@type\":\"SearchAction\",\"target\":{\"@type\":\"EntryPoint\",\"urlTemplate\":\"https:\/\/anteriores.premiosdelaindustria.es\/2017\/?s={search_term_string}\"},\"query-input\":\"required name=search_term_string\"}],\"inLanguage\":\"es\"}]}<\/script>\n<!-- \/ Yoast SEO plugin. -->","yoast_head_json":{"title":"Ibermaq Bienes de Equipo - Premios 2017","robots":{"index":"index","follow":"follow","max-snippet":"max-snippet:-1","max-image-preview":"max-image-preview:large","max-video-preview":"max-video-preview:-1"},"canonical":"https:\/\/anteriores.premiosdelaindustria.es\/2017\/ibermaq-bienes-de-equipo\/","og_locale":"es_ES","og_type":"article","og_title":"Ibermaq Bienes de Equipo - Premios 2017","og_description":"[vc_row css_animation=\u00bb\u00bb row_type=\u00bbrow\u00bb use_row_as_full_screen_section=\u00bbno\u00bb type=\u00bbfull_width\u00bb angled_section=\u00bbno\u00bb text_align=\u00bbleft\u00bb background_image_as_pattern=\u00bbwithout_pattern\u00bb][vc_column][vc_column_text] Ibermaq Bienes de Equipo [\/vc_column_text][\/vc_column][\/vc_row][vc_row css_animation=\u00bb\u00bb row_type=\u00bbrow\u00bb use_row_as_full_screen_section=\u00bbno\u00bb type=\u00bbfull_width\u00bb angled_section=\u00bbno\u00bb text_align=\u00bbleft\u00bb background_image_as_pattern=\u00bbwithout_pattern\u00bb][vc_column width=\u00bb1\/2&#8243;][vc_single_image image=\u00bb739&#8243; img_size=\u00bblarge\u00bb alignment=\u00bbright\u00bb qode_css_animation=\u00bb\u00bb][\/vc_column][vc_column width=\u00bb1\/2&#8243;][vc_column_text]Ibermaq Bienes de Equipo es una empresa dedicada al dise\u00f1o, fabricaci\u00f3n y montaje de m\u00e1quinas especiales y de bienes de...","og_url":"https:\/\/anteriores.premiosdelaindustria.es\/2017\/ibermaq-bienes-de-equipo\/","og_site_name":"Premios 2017","twitter_card":"summary_large_image","twitter_misc":{"Tiempo de lectura":"1 minuto"},"schema":{"@context":"https:\/\/schema.org","@graph":[{"@type":"WebPage","@id":"https:\/\/anteriores.premiosdelaindustria.es\/2017\/ibermaq-bienes-de-equipo\/","url":"https:\/\/anteriores.premiosdelaindustria.es\/2017\/ibermaq-bienes-de-equipo\/","name":"Ibermaq Bienes de Equipo - Premios 2017","isPartOf":{"@id":"https:\/\/anteriores.premiosdelaindustria.es\/2017\/#website"},"datePublished":"2017-06-15T21:44:24+00:00","dateModified":"2017-06-15T21:44:24+00:00","inLanguage":"es","potentialAction":[{"@type":"ReadAction","target":["https:\/\/anteriores.premiosdelaindustria.es\/2017\/ibermaq-bienes-de-equipo\/"]}]},{"@type":"WebSite","@id":"https:\/\/anteriores.premiosdelaindustria.es\/2017\/#website","url":"https:\/\/anteriores.premiosdelaindustria.es\/2017\/","name":"Premios 2017","description":"Reconocer la importancia de la ingenier\u00eda en el desarrollo de la sociedad y de la industria","potentialAction":[{"@type":"SearchAction","target":{"@type":"EntryPoint","urlTemplate":"https:\/\/anteriores.premiosdelaindustria.es\/2017\/?s={search_term_string}"},"query-input":"required name=search_term_string"}],"inLanguage":"es"}]}},"_links":{"self":[{"href":"https:\/\/anteriores.premiosdelaindustria.es\/2017\/wp-json\/wp\/v2\/pages\/718"}],"collection":[{"href":"https:\/\/anteriores.premiosdelaindustria.es\/2017\/wp-json\/wp\/v2\/pages"}],"about":[{"href":"https:\/\/anteriores.premiosdelaindustria.es\/2017\/wp-json\/wp\/v2\/types\/page"}],"author":[{"embeddable":true,"href":"https:\/\/anteriores.premiosdelaindustria.es\/2017\/wp-json\/wp\/v2\/users\/3"}],"replies":[{"embeddable":true,"href":"https:\/\/anteriores.premiosdelaindustria.es\/2017\/wp-json\/wp\/v2\/comments?post=718"}],"version-history":[{"count":5,"href":"https:\/\/anteriores.premiosdelaindustria.es\/2017\/wp-json\/wp\/v2\/pages\/718\/revisions"}],"predecessor-version":[{"id":740,"href":"https:\/\/anteriores.premiosdelaindustria.es\/2017\/wp-json\/wp\/v2\/pages\/718\/revisions\/740"}],"wp:attachment":[{"href":"https:\/\/anteriores.premiosdelaindustria.es\/2017\/wp-json\/wp\/v2\/media?parent=718"}],"curies":[{"name":"wp","href":"https:\/\/api.w.org\/{rel}","templated":true}]}}